{"id":289,"date":"2024-11-29T15:25:49","date_gmt":"2024-11-29T14:25:49","guid":{"rendered":"https:\/\/manzanilladelapaz.gob.mx\/v3\/?page_id=289"},"modified":"2025-01-29T16:10:20","modified_gmt":"2025-01-29T15:10:20","slug":"fraccion-i","status":"publish","type":"page","link":"https:\/\/manzanilladelapaz.gob.mx\/v3\/index.php\/fraccion-i\/","title":{"rendered":"Art\u00edculo 8 Fracci\u00f3n I"},"content":{"rendered":"\n<pre class=\"wp-block-preformatted interlineado-personalizado\" style=\"text-transform:uppercase\"><strong>Fracci\u00f3n I    La necesaria para el ejercicio del derecho a la informaci\u00f3n p\u00fablica, que comprende:<\/strong><br><br><img decoding=\"async\" width=\"28px\" src=\"https:\/\/manzanilladelapaz.gob.mx\/v3\/wp-content\/uploads\/2024\/11\/file-and-folder4.png\"> <a href=\"https:\/\/manzanilladelapaz.gob.mx\/v3\/index.php\/articulo-8-fraccion-i-a\/\">a)     La Ley General, la presente Ley y su Reglamento;<\/a><br><br><img decoding=\"async\" width=\"28px\" src=\"https:\/\/manzanilladelapaz.gob.mx\/v3\/wp-content\/uploads\/2024\/11\/file-and-folder4.png\"> <a href=\"https:\/\/manzanilladelapaz.gob.mx\/v3\/index.php\/articulo-8-fraccion-i-b\/\" data-type=\"page\" data-id=\"543\">b)     El reglamento interno para el manejo de la informaci\u00f3n p\u00fablica del sujeto obligado;<\/a><br><br><img decoding=\"async\" width=\"28px\" src=\"https:\/\/manzanilladelapaz.gob.mx\/v3\/wp-content\/uploads\/2024\/11\/file-and-folder4.png\"> <a href=\"https:\/\/manzanilladelapaz.gob.mx\/v3\/index.php\/articulo-8-fraccion-i-c\/\" data-type=\"page\" data-id=\"547\">c)     Los lineamientos estatales de clasificaci\u00f3n de informaci\u00f3n p\u00fablica, emitidos por el Instituto;<\/a><br><br><img decoding=\"async\" width=\"28px\" src=\"https:\/\/manzanilladelapaz.gob.mx\/v3\/wp-content\/uploads\/2024\/11\/file-and-folder4.png\"> <a href=\"https:\/\/manzanilladelapaz.gob.mx\/v3\/index.php\/articulo-8-fraccion-i-d\/\" data-type=\"page\" data-id=\"551\">d)     Los lineamientos estatales de publicaci\u00f3n y actualizaci\u00f3n de informaci\u00f3n fundamental, emitidos por el Instituto;<\/a><br><br><img decoding=\"async\" width=\"28px\" src=\"https:\/\/manzanilladelapaz.gob.mx\/v3\/wp-content\/uploads\/2024\/11\/file-and-folder4.png\"> <a href=\"https:\/\/manzanilladelapaz.gob.mx\/v3\/index.php\/articulo-8-fraccion-i-e\/\" data-type=\"page\" data-id=\"555\">e)     Los lineamientos estatales de protecci\u00f3n de informaci\u00f3n confidencial y reservada, emitidos por el Instituto;<\/a><br><br><img decoding=\"async\" width=\"28px\" src=\"https:\/\/manzanilladelapaz.gob.mx\/v3\/wp-content\/uploads\/2024\/11\/file-and-folder4.png\"> <a href=\"https:\/\/manzanilladelapaz.gob.mx\/v3\/index.php\/articulo-8-fraccion-i-f\/\" data-type=\"page\" data-id=\"558\">f)     Los lineamientos generales que emita el Sistema Nacional;<\/a><br><br><img decoding=\"async\" width=\"28px\" src=\"https:\/\/manzanilladelapaz.gob.mx\/v3\/wp-content\/uploads\/2024\/11\/file-and-folder4.png\"> <a href=\"https:\/\/manzanilladelapaz.gob.mx\/v3\/index.php\/articulo-8-fraccion-i-g\/\" data-type=\"page\" data-id=\"561\">g)     Las actas y resoluciones del Comit\u00e9 de Transparencia;<\/a><br>  <br><img decoding=\"async\" width=\"28px\" src=\"https:\/\/manzanilladelapaz.gob.mx\/v3\/wp-content\/uploads\/2024\/11\/file-and-folder4.png\"> <a href=\"https:\/\/manzanilladelapaz.gob.mx\/v3\/index.php\/articulo-8-fraccion-i-h\/\" data-type=\"page\" data-id=\"566\">h)     Direcci\u00f3n electr\u00f3nica donde podr\u00e1n recibirse las solicitudes de acceso a la informaci\u00f3n;<\/a><br><br><img decoding=\"async\" width=\"28px\" src=\"https:\/\/manzanilladelapaz.gob.mx\/v3\/wp-content\/uploads\/2024\/11\/file-and-folder4.png\"> <a href=\"https:\/\/manzanilladelapaz.gob.mx\/Transparencia\/Articulo8\/Fraccion_I\/i\/DIRECTORIO_H_AYUNTAMIENTO_DE_LA_MANZANILLA_DE_LA_PAZ_2024-2027.pdf\">i)     La denominaci\u00f3n, domicilio, tel\u00e9fonos, faxes, direcci\u00f3n electr\u00f3nica y correo electr\u00f3nico oficiales del sujeto obligado;<\/a><br><br><img decoding=\"async\" width=\"28px\" src=\"https:\/\/manzanilladelapaz.gob.mx\/v3\/wp-content\/uploads\/2024\/11\/file-and-folder4.png\"> <a href=\"https:\/\/manzanilladelapaz.gob.mx\/v3\/index.php\/articulo-8-fraccion-i-j\/\">j)     El directorio de todos los servidores p\u00fablicos del sujeto obligado, a partir del nivel de jefe de departamento o su equivalente;<\/a><br><br><img decoding=\"async\" width=\"28px\" src=\"https:\/\/manzanilladelapaz.gob.mx\/v3\/wp-content\/uploads\/2024\/11\/file-and-folder4.png\"> <a href=\"https:\/\/manzanilladelapaz.gob.mx\/v3\/index.php\/articulo-8-fraccion-i-k\/\">k)     El nombre del encargado y de los integrantes, tel\u00e9fono, fax y correo electr\u00f3nico del Comit\u00e9 de Transparencia;<\/a><br><br><img decoding=\"async\" width=\"28px\" src=\"https:\/\/manzanilladelapaz.gob.mx\/v3\/wp-content\/uploads\/2024\/11\/file-and-folder4.png\"> <a href=\"https:\/\/manzanilladelapaz.gob.mx\/v3\/index.php\/articulo-8-fraccion-i-l\/\">l)     El nombre del encargado, tel\u00e9fono, fax y correo electr\u00f3nico de la Unidad;<\/a><br><br><img decoding=\"async\" width=\"28px\" src=\"https:\/\/manzanilladelapaz.gob.mx\/v3\/wp-content\/uploads\/2024\/11\/file-and-folder4.png\"> <a href=\"https:\/\/manzanilladelapaz.gob.mx\/v3\/index.php\/articulo-8-fraccion-i-m\/\" data-type=\"page\" data-id=\"584\">m)     El manual y formato de solicitud de informaci\u00f3n p\u00fablica;<\/a><br><br><img decoding=\"async\" width=\"28px\" src=\"https:\/\/manzanilladelapaz.gob.mx\/v3\/wp-content\/uploads\/2024\/11\/file-and-folder4.png\"> <a href=\"https:\/\/manzanilladelapaz.gob.mx\/v3\/index.php\/articulo-8-fraccion-i-n\/\" data-type=\"page\" data-id=\"588\">n)     \u00cdndice de los expedientes clasificados como reservados, por \u00e1rea responsable de la informaci\u00f3n y tema; y;<\/a><br><br><img decoding=\"async\" width=\"28px\" src=\"https:\/\/manzanilladelapaz.gob.mx\/v3\/wp-content\/uploads\/2024\/11\/file-and-folder4.png\"> <a href=\"https:\/\/manzanilladelapaz.gob.mx\/v3\/index.php\/articulo-8-fraccion-i-n-2\/\" data-type=\"page\" data-id=\"592\">\u00f1)     La estad\u00edstica de las solicitudes de informaci\u00f3n p\u00fablica atendidas, precisando las procedentes, parcialmente procedentes e improcedentes; as\u00ed como la estad\u00edstica de visitas a su sistema de consulta electr\u00f3nica.<\/a><\/pre>\n","protected":false},"excerpt":{"rendered":"<p>Fracci\u00f3n I La necesaria para el ejercicio del derecho a la informaci\u00f3n p\u00fablica, que comprende: a) La Ley General, la presente Ley y su Reglamento; b) El reglamento interno para &#8230;<\/p>\n","protected":false},"author":1,"featured_media":0,"parent":0,"menu_order":0,"comment_status":"closed","ping_status":"closed","template":"","meta":{"footnotes":""},"class_list":["post-289","page","type-page","status-publish","hentry"],"_links":{"self":[{"href":"https:\/\/manzanilladelapaz.gob.mx\/v3\/index.php\/wp-json\/wp\/v2\/pages\/289","targetHints":{"allow":["GET"]}}],"collection":[{"href":"https:\/\/manzanilladelapaz.gob.mx\/v3\/index.php\/wp-json\/wp\/v2\/pages"}],"about":[{"href":"https:\/\/manzanilladelapaz.gob.mx\/v3\/index.php\/wp-json\/wp\/v2\/types\/page"}],"author":[{"embeddable":true,"href":"https:\/\/manzanilladelapaz.gob.mx\/v3\/index.php\/wp-json\/wp\/v2\/users\/1"}],"replies":[{"embeddable":true,"href":"https:\/\/manzanilladelapaz.gob.mx\/v3\/index.php\/wp-json\/wp\/v2\/comments?post=289"}],"version-history":[{"count":25,"href":"https:\/\/manzanilladelapaz.gob.mx\/v3\/index.php\/wp-json\/wp\/v2\/pages\/289\/revisions"}],"predecessor-version":[{"id":1348,"href":"https:\/\/manzanilladelapaz.gob.mx\/v3\/index.php\/wp-json\/wp\/v2\/pages\/289\/revisions\/1348"}],"wp:attachment":[{"href":"https:\/\/manzanilladelapaz.gob.mx\/v3\/index.php\/wp-json\/wp\/v2\/media?parent=289"}],"curies":[{"name":"wp","href":"https:\/\/api.w.org\/{rel}","templated":true}]}}