{"id":292,"date":"2024-11-29T15:28:31","date_gmt":"2024-11-29T14:28:31","guid":{"rendered":"https:\/\/manzanilladelapaz.gob.mx\/v3\/?page_id=292"},"modified":"2024-12-01T02:35:54","modified_gmt":"2024-12-01T01:35:54","slug":"fraccion-ii","status":"publish","type":"page","link":"https:\/\/manzanilladelapaz.gob.mx\/v3\/index.php\/fraccion-ii\/","title":{"rendered":"Art\u00edculo 8 Fracci\u00f3n II"},"content":{"rendered":"\n<pre class=\"wp-block-preformatted interlineado-personalizado\" style=\"text-transform:uppercase\"><strong>Fracci\u00f3n II    La informaci\u00f3n sobre el marco jur\u00eddico aplicable al y por el sujeto obligado, que comprende:<\/strong><br><br><img decoding=\"async\" width=\"28px\" src=\"https:\/\/manzanilladelapaz.gob.mx\/v3\/wp-content\/uploads\/2024\/11\/file-and-folder4.png\"> <a href=\"https:\/\/manzanilladelapaz.gob.mx\/v3\/index.php\/articulo-8-fraccion-ii-a\/\" data-type=\"page\" data-id=\"596\">a)     Las disposiciones de las Constituciones Pol\u00edticas Federal y Estatal;<\/a><br><br><img decoding=\"async\" width=\"28px\" src=\"https:\/\/manzanilladelapaz.gob.mx\/v3\/wp-content\/uploads\/2024\/11\/file-and-folder4.png\"> <a href=\"https:\/\/manzanilladelapaz.gob.mx\/v3\/index.php\/articulo-8-fraccion-ii-b\/\" data-type=\"page\" data-id=\"602\">b)     Los tratados y convenciones internacionales suscritas por M\u00e9xico;<\/a><br><br><img decoding=\"async\" width=\"28px\" src=\"https:\/\/manzanilladelapaz.gob.mx\/v3\/wp-content\/uploads\/2024\/11\/file-and-folder4.png\"> <a href=\"https:\/\/manzanilladelapaz.gob.mx\/v3\/index.php\/articulo-8-fraccion-ii-c\/\" data-type=\"page\" data-id=\"605\">c)     Las leyes federales y estatales;<\/a><br><br><img decoding=\"async\" width=\"28px\" src=\"https:\/\/manzanilladelapaz.gob.mx\/v3\/wp-content\/uploads\/2024\/11\/file-and-folder4.png\"> <a href=\"https:\/\/manzanilladelapaz.gob.mx\/v3\/index.php\/articulo-8-fraccion-ii-d\/\" data-type=\"page\" data-id=\"608\">d)     Los reglamentos federales, estatales y municipales, y<\/a><br><br><img decoding=\"async\" width=\"28px\" src=\"https:\/\/manzanilladelapaz.gob.mx\/v3\/wp-content\/uploads\/2024\/11\/file-and-folder4.png\"> <a href=\"https:\/\/manzanilladelapaz.gob.mx\/v3\/index.php\/articulo-8-fraccion-ii-e\/\" data-type=\"page\" data-id=\"611\">e)     Los decretos, acuerdos, criterios, pol\u00edticas, reglas de operaci\u00f3n y dem\u00e1s normas jur\u00eddicas generales.<\/a><\/pre>\n","protected":false},"excerpt":{"rendered":"<p>Fracci\u00f3n II La informaci\u00f3n sobre el marco jur\u00eddico aplicable al y por el sujeto obligado, que comprende: a) Las disposiciones de las Constituciones Pol\u00edticas Federal y Estatal; b) Los tratados &#8230;<\/p>\n","protected":false},"author":1,"featured_media":0,"parent":0,"menu_order":0,"comment_status":"closed","ping_status":"closed","template":"","meta":{"footnotes":""},"class_list":["post-292","page","type-page","status-publish","hentry"],"_links":{"self":[{"href":"https:\/\/manzanilladelapaz.gob.mx\/v3\/index.php\/wp-json\/wp\/v2\/pages\/292","targetHints":{"allow":["GET"]}}],"collection":[{"href":"https:\/\/manzanilladelapaz.gob.mx\/v3\/index.php\/wp-json\/wp\/v2\/pages"}],"about":[{"href":"https:\/\/manzanilladelapaz.gob.mx\/v3\/index.php\/wp-json\/wp\/v2\/types\/page"}],"author":[{"embeddable":true,"href":"https:\/\/manzanilladelapaz.gob.mx\/v3\/index.php\/wp-json\/wp\/v2\/users\/1"}],"replies":[{"embeddable":true,"href":"https:\/\/manzanilladelapaz.gob.mx\/v3\/index.php\/wp-json\/wp\/v2\/comments?post=292"}],"version-history":[{"count":13,"href":"https:\/\/manzanilladelapaz.gob.mx\/v3\/index.php\/wp-json\/wp\/v2\/pages\/292\/revisions"}],"predecessor-version":[{"id":614,"href":"https:\/\/manzanilladelapaz.gob.mx\/v3\/index.php\/wp-json\/wp\/v2\/pages\/292\/revisions\/614"}],"wp:attachment":[{"href":"https:\/\/manzanilladelapaz.gob.mx\/v3\/index.php\/wp-json\/wp\/v2\/media?parent=292"}],"curies":[{"name":"wp","href":"https:\/\/api.w.org\/{rel}","templated":true}]}}