{"id":294,"date":"2024-11-29T15:29:32","date_gmt":"2024-11-29T14:29:32","guid":{"rendered":"https:\/\/manzanilladelapaz.gob.mx\/v3\/?page_id=294"},"modified":"2024-12-01T04:48:14","modified_gmt":"2024-12-01T03:48:14","slug":"fraccion-iii","status":"publish","type":"page","link":"https:\/\/manzanilladelapaz.gob.mx\/v3\/index.php\/fraccion-iii\/","title":{"rendered":"Art\u00edculo 8 Fracci\u00f3n III"},"content":{"rendered":"\n<pre class=\"wp-block-preformatted interlineado-personalizado\" style=\"text-transform:uppercase\"><strong>Fracci\u00f3n III    La informaci\u00f3n sobre la planeaci\u00f3n del desarrollo, aplicable al y por el sujeto obligado, que comprende:<\/strong><br><br><img decoding=\"async\" width=\"28px\" src=\"https:\/\/manzanilladelapaz.gob.mx\/v3\/wp-content\/uploads\/2024\/11\/file-and-folder4.png\"> <a href=\"https:\/\/manzanilladelapaz.gob.mx\/v3\/index.php\/articulo-8-fraccion-iii-a\/\" data-type=\"page\" data-id=\"615\">a)     Los apartados del Plan Nacional de Desarrollo que sirve de marco general a la planeaci\u00f3n de las \u00e1reas relativas a las funciones del sujeto obligado;<\/a><br><br><img decoding=\"async\" width=\"28px\" src=\"https:\/\/manzanilladelapaz.gob.mx\/v3\/wp-content\/uploads\/2024\/11\/file-and-folder4.png\"> <a href=\"https:\/\/manzanilladelapaz.gob.mx\/v3\/index.php\/articulo-8-fraccion-iii-b\/\" data-type=\"page\" data-id=\"618\">b)     Los apartados de los programas federales;<\/a><br><br><img decoding=\"async\" width=\"28px\" src=\"https:\/\/manzanilladelapaz.gob.mx\/v3\/wp-content\/uploads\/2024\/11\/file-and-folder4.png\"> <a href=\"https:\/\/manzanilladelapaz.gob.mx\/v3\/index.php\/articulo-8-fraccion-iii-c\/\" data-type=\"page\" data-id=\"621\">c)     Los apartados del Plan Estatal de Desarrollo;<\/a><br><br><img decoding=\"async\" width=\"28px\" src=\"https:\/\/manzanilladelapaz.gob.mx\/v3\/wp-content\/uploads\/2024\/11\/file-and-folder4.png\"> <a href=\"https:\/\/manzanilladelapaz.gob.mx\/v3\/index.php\/articulo-8-fraccion-iii-d\/\" data-type=\"page\" data-id=\"624\">d)     Los programas estatales;<\/a><br><br><img decoding=\"async\" width=\"28px\" src=\"https:\/\/manzanilladelapaz.gob.mx\/v3\/wp-content\/uploads\/2024\/11\/file-and-folder4.png\"> <a href=\"https:\/\/manzanilladelapaz.gob.mx\/v3\/index.php\/articulo-8-fraccion-iii-e\/\" data-type=\"page\" data-id=\"630\">e)     Los programas regionales;<\/a><br><br><img decoding=\"async\" width=\"28px\" src=\"https:\/\/manzanilladelapaz.gob.mx\/v3\/wp-content\/uploads\/2024\/11\/file-and-folder4.png\"> <a href=\"https:\/\/manzanilladelapaz.gob.mx\/v3\/index.php\/articulo-8-fraccion-iii-f\/\" data-type=\"page\" data-id=\"634\">f)     Las evaluaciones y encuestas que hagan los sujetos obligados a programas financiados con recursos p\u00fablicos; y<\/a><br><br><img decoding=\"async\" width=\"28px\" src=\"https:\/\/manzanilladelapaz.gob.mx\/v3\/wp-content\/uploads\/2024\/11\/file-and-folder4.png\"> <a href=\"https:\/\/manzanilladelapaz.gob.mx\/v3\/index.php\/articulo-8-fraccion-iii-g\/\" data-type=\"page\" data-id=\"638\">g)     Los dem\u00e1s instrumentos de planeaci\u00f3n no comprendidos en los incisos anteriores;<\/a><\/pre>\n","protected":false},"excerpt":{"rendered":"<p>Fracci\u00f3n III La informaci\u00f3n sobre la planeaci\u00f3n del desarrollo, aplicable al y por el sujeto obligado, que comprende: a) Los apartados del Plan Nacional de Desarrollo que sirve de marco &#8230;<\/p>\n","protected":false},"author":1,"featured_media":0,"parent":0,"menu_order":0,"comment_status":"closed","ping_status":"closed","template":"","meta":{"footnotes":""},"class_list":["post-294","page","type-page","status-publish","hentry"],"_links":{"self":[{"href":"https:\/\/manzanilladelapaz.gob.mx\/v3\/index.php\/wp-json\/wp\/v2\/pages\/294","targetHints":{"allow":["GET"]}}],"collection":[{"href":"https:\/\/manzanilladelapaz.gob.mx\/v3\/index.php\/wp-json\/wp\/v2\/pages"}],"about":[{"href":"https:\/\/manzanilladelapaz.gob.mx\/v3\/index.php\/wp-json\/wp\/v2\/types\/page"}],"author":[{"embeddable":true,"href":"https:\/\/manzanilladelapaz.gob.mx\/v3\/index.php\/wp-json\/wp\/v2\/users\/1"}],"replies":[{"embeddable":true,"href":"https:\/\/manzanilladelapaz.gob.mx\/v3\/index.php\/wp-json\/wp\/v2\/comments?post=294"}],"version-history":[{"count":14,"href":"https:\/\/manzanilladelapaz.gob.mx\/v3\/index.php\/wp-json\/wp\/v2\/pages\/294\/revisions"}],"predecessor-version":[{"id":640,"href":"https:\/\/manzanilladelapaz.gob.mx\/v3\/index.php\/wp-json\/wp\/v2\/pages\/294\/revisions\/640"}],"wp:attachment":[{"href":"https:\/\/manzanilladelapaz.gob.mx\/v3\/index.php\/wp-json\/wp\/v2\/media?parent=294"}],"curies":[{"name":"wp","href":"https:\/\/api.w.org\/{rel}","templated":true}]}}