{"id":298,"date":"2024-11-29T15:30:33","date_gmt":"2024-11-29T14:30:33","guid":{"rendered":"https:\/\/manzanilladelapaz.gob.mx\/v3\/?page_id=298"},"modified":"2024-12-01T21:38:08","modified_gmt":"2024-12-01T20:38:08","slug":"fraccion-iv","status":"publish","type":"page","link":"https:\/\/manzanilladelapaz.gob.mx\/v3\/index.php\/fraccion-iv\/","title":{"rendered":"Art\u00edculo 8 Fracci\u00f3n IV"},"content":{"rendered":"\n<pre class=\"wp-block-preformatted interlineado-personalizado\" style=\"text-transform:uppercase\"><strong>Fracci\u00f3n IV    La informaci\u00f3n sobre la planeaci\u00f3n estrat\u00e9gica gubernamental aplicable al y por el sujeto obligado, que comprende:<\/strong><br><br><img decoding=\"async\" width=\"28px\" src=\"https:\/\/manzanilladelapaz.gob.mx\/v3\/wp-content\/uploads\/2024\/11\/file-and-folder4.png\"> <a href=\"https:\/\/manzanilladelapaz.gob.mx\/v3\/index.php\/articulo-8-fraccion-iv-a\/\" data-type=\"page\" data-id=\"641\">a)     El Plan General Institucional del poder, organismo o municipio correspondiente, con las modificaciones de cuando menos los \u00faltimos tres a\u00f1os;<\/a><br><br><img decoding=\"async\" width=\"28px\" src=\"https:\/\/manzanilladelapaz.gob.mx\/v3\/wp-content\/uploads\/2024\/11\/file-and-folder4.png\"> <a href=\"https:\/\/manzanilladelapaz.gob.mx\/v3\/index.php\/articulo-8-fraccion-iv-b\/\" data-type=\"page\" data-id=\"651\">b)     Los programas operativos anuales, de cuando menos los \u00faltimos tres a\u00f1os;<\/a><br><br><img decoding=\"async\" width=\"28px\" src=\"https:\/\/manzanilladelapaz.gob.mx\/v3\/wp-content\/uploads\/2024\/11\/file-and-folder4.png\"> <a href=\"https:\/\/manzanilladelapaz.gob.mx\/v3\/index.php\/articulo-8-fraccion-iv-c\/\" data-type=\"page\" data-id=\"671\">c)     Los manuales de organizaci\u00f3n;<\/a><br><br><img decoding=\"async\" width=\"28px\" src=\"https:\/\/manzanilladelapaz.gob.mx\/v3\/wp-content\/uploads\/2024\/11\/file-and-folder4.png\"> <a href=\"https:\/\/manzanilladelapaz.gob.mx\/v3\/index.php\/articulo-8-fraccion-iv-d\/\" data-type=\"page\" data-id=\"674\">d)     Los manuales de operaci\u00f3n;<\/a><br><br><img decoding=\"async\" width=\"28px\" src=\"https:\/\/manzanilladelapaz.gob.mx\/v3\/wp-content\/uploads\/2024\/11\/file-and-folder4.png\"> <a href=\"https:\/\/manzanilladelapaz.gob.mx\/v3\/index.php\/articulo-8-fraccion-iv-e\/\" data-type=\"page\" data-id=\"677\">e)     Los manuales de procedimientos;<\/a><br><br><img decoding=\"async\" width=\"28px\" src=\"https:\/\/manzanilladelapaz.gob.mx\/v3\/wp-content\/uploads\/2024\/11\/file-and-folder4.png\"> <a href=\"https:\/\/manzanilladelapaz.gob.mx\/v3\/index.php\/articulo-8-fraccion-iv-f\/\" data-type=\"page\" data-id=\"680\">f)     Los manuales de servicios;<\/a><br><br><img decoding=\"async\" width=\"28px\" src=\"https:\/\/manzanilladelapaz.gob.mx\/v3\/wp-content\/uploads\/2024\/11\/file-and-folder4.png\"> <a href=\"https:\/\/manzanilladelapaz.gob.mx\/v3\/index.php\/articulo-8-fraccion-iv-g\/\" data-type=\"page\" data-id=\"683\">g)     Los protocolos;<\/a><br><br><img decoding=\"async\" width=\"28px\" src=\"https:\/\/manzanilladelapaz.gob.mx\/v3\/wp-content\/uploads\/2024\/11\/file-and-folder4.png\"> <a href=\"https:\/\/manzanilladelapaz.gob.mx\/v3\/index.php\/articulo-8-fraccion-iv-h\/\" data-type=\"page\" data-id=\"686\">h)     Los indicadores que permitan rendir cuenta de sus objetivos y resultados; y<\/a><br><br><img decoding=\"async\" width=\"28px\" src=\"https:\/\/manzanilladelapaz.gob.mx\/v3\/wp-content\/uploads\/2024\/11\/file-and-folder4.png\"> <a href=\"https:\/\/manzanilladelapaz.gob.mx\/v3\/index.php\/articulo-8-fraccion-iv-i\/\" data-type=\"page\" data-id=\"689\">i)     Los dem\u00e1s instrumentos normativos internos aplicables.<\/a><\/pre>\n","protected":false},"excerpt":{"rendered":"<p>Fracci\u00f3n IV La informaci\u00f3n sobre la planeaci\u00f3n estrat\u00e9gica gubernamental aplicable al y por el sujeto obligado, que comprende: a) El Plan General Institucional del poder, organismo o municipio correspondiente, con &#8230;<\/p>\n","protected":false},"author":1,"featured_media":0,"parent":0,"menu_order":0,"comment_status":"closed","ping_status":"closed","template":"","meta":{"footnotes":""},"class_list":["post-298","page","type-page","status-publish","hentry"],"_links":{"self":[{"href":"https:\/\/manzanilladelapaz.gob.mx\/v3\/index.php\/wp-json\/wp\/v2\/pages\/298","targetHints":{"allow":["GET"]}}],"collection":[{"href":"https:\/\/manzanilladelapaz.gob.mx\/v3\/index.php\/wp-json\/wp\/v2\/pages"}],"about":[{"href":"https:\/\/manzanilladelapaz.gob.mx\/v3\/index.php\/wp-json\/wp\/v2\/types\/page"}],"author":[{"embeddable":true,"href":"https:\/\/manzanilladelapaz.gob.mx\/v3\/index.php\/wp-json\/wp\/v2\/users\/1"}],"replies":[{"embeddable":true,"href":"https:\/\/manzanilladelapaz.gob.mx\/v3\/index.php\/wp-json\/wp\/v2\/comments?post=298"}],"version-history":[{"count":15,"href":"https:\/\/manzanilladelapaz.gob.mx\/v3\/index.php\/wp-json\/wp\/v2\/pages\/298\/revisions"}],"predecessor-version":[{"id":691,"href":"https:\/\/manzanilladelapaz.gob.mx\/v3\/index.php\/wp-json\/wp\/v2\/pages\/298\/revisions\/691"}],"wp:attachment":[{"href":"https:\/\/manzanilladelapaz.gob.mx\/v3\/index.php\/wp-json\/wp\/v2\/media?parent=298"}],"curies":[{"name":"wp","href":"https:\/\/api.w.org\/{rel}","templated":true}]}}