{"id":300,"date":"2024-11-29T15:31:36","date_gmt":"2024-11-29T14:31:36","guid":{"rendered":"https:\/\/manzanilladelapaz.gob.mx\/v3\/?page_id=300"},"modified":"2024-12-05T16:16:10","modified_gmt":"2024-12-05T15:16:10","slug":"fraccion-v","status":"publish","type":"page","link":"https:\/\/manzanilladelapaz.gob.mx\/v3\/index.php\/fraccion-v\/","title":{"rendered":"Art\u00edculo 8 Fracci\u00f3n V"},"content":{"rendered":"\n<pre class=\"wp-block-preformatted interlineado-personalizado\" style=\"text-transform:uppercase\"><strong>Fracci\u00f3n V    La informaci\u00f3n financiera, patrimonial y administrativa, que comprende:<\/strong><br><br><img decoding=\"async\" width=\"28px\" src=\"https:\/\/manzanilladelapaz.gob.mx\/v3\/wp-content\/uploads\/2024\/11\/file-and-folder4.png\"> <a href=\"https:\/\/manzanilladelapaz.gob.mx\/v3\/index.php\/articulo-8-fraccion-v-a\/\" data-type=\"page\" data-id=\"692\">a)     Las partidas del Presupuesto de Egresos de la Federaci\u00f3n y del Presupuesto de Egresos del Estado, as\u00ed como los conceptos del clasificador por objeto del gasto, aplicables al y por el sujeto obligado, de cuando menos los \u00faltimos tres a\u00f1os;<\/a><br><br><img decoding=\"async\" width=\"28px\" src=\"https:\/\/manzanilladelapaz.gob.mx\/v3\/wp-content\/uploads\/2024\/11\/file-and-folder4.png\"> <a href=\"https:\/\/manzanilladelapaz.gob.mx\/v3\/index.php\/articulo-8-fraccion-v-b\/\" data-type=\"page\" data-id=\"695\">b)     Los ingresos extraordinarios recibidos por cualquier concepto, se\u00f1alando el origen de los recursos, el nombre de los responsables de recibirlos, administrarlos y ejercerlos, as\u00ed como el proyecto o programa donde ser\u00e1n aplicados;<\/a><br><br><img decoding=\"async\" width=\"28px\" src=\"https:\/\/manzanilladelapaz.gob.mx\/v3\/wp-content\/uploads\/2024\/11\/file-and-folder4.png\"> <a href=\"https:\/\/manzanilladelapaz.gob.mx\/v3\/index.php\/articulo-8-fraccion-v-c\/\" data-type=\"page\" data-id=\"698\">c)     El presupuesto de egresos anual y, en su caso, el clasificador por objeto del gasto del sujeto obligado, de cuando menos los \u00faltimos tres a\u00f1os;<\/a><br><br><img decoding=\"async\" width=\"28px\" src=\"https:\/\/manzanilladelapaz.gob.mx\/v3\/wp-content\/uploads\/2024\/11\/file-and-folder4.png\"> <a href=\"https:\/\/manzanilladelapaz.gob.mx\/v3\/index.php\/articulo-8-fraccion-v-d\/\" data-type=\"page\" data-id=\"714\">d)     Las convocatorias a concursos para ocupar cargos p\u00fablicos y los resultados de los mismos;<\/a><br><br><img decoding=\"async\" width=\"28px\" src=\"https:\/\/manzanilladelapaz.gob.mx\/v3\/wp-content\/uploads\/2024\/11\/file-and-folder4.png\"> <a href=\"https:\/\/manzanilladelapaz.gob.mx\/v3\/index.php\/articulo-8-fraccion-v-e\/\" data-type=\"page\" data-id=\"717\">e)     El organigrama del sujeto obligado, con las modificaciones de cuando menos los \u00faltimos tres a\u00f1os, as\u00ed como la plantilla del personal que incluya el n\u00famero total de plazas del personal de base, del personal de confianza y las vacantes;<\/a><br><br><img decoding=\"async\" width=\"28px\" src=\"https:\/\/manzanilladelapaz.gob.mx\/v3\/wp-content\/uploads\/2024\/11\/file-and-folder4.png\"> <a href=\"https:\/\/manzanilladelapaz.gob.mx\/v3\/index.php\/articulo-8-fraccion-v-f\/\" data-type=\"page\" data-id=\"720\">f)     Las remuneraciones mensuales por puesto, incluidas todas las prestaciones, est\u00edmulos o compensaciones;<\/a><br><br><img decoding=\"async\" width=\"28px\" src=\"https:\/\/manzanilladelapaz.gob.mx\/v3\/wp-content\/uploads\/2024\/11\/file-and-folder4.png\"> <a href=\"https:\/\/manzanilladelapaz.gob.mx\/v3\/index.php\/articulo-8-fraccion-v-g\/\" data-type=\"page\" data-id=\"724\">g)     Las n\u00f3minas completas del sujeto obligado en las que se incluya las gratificaciones, primas, comisiones, dietas y est\u00edmulos, de cuando menos los \u00faltimos tres a\u00f1os, y en su caso, con sistema de b\u00fasqueda;<\/a><br><br><img decoding=\"async\" width=\"28px\" src=\"https:\/\/manzanilladelapaz.gob.mx\/v3\/wp-content\/uploads\/2024\/11\/file-and-folder4.png\"> <a href=\"https:\/\/manzanilladelapaz.gob.mx\/v3\/index.php\/articulo-8-fraccion-v-h\/\" data-type=\"page\" data-id=\"730\">h)     El listado de jubilados y pensionados y el monto que reciben;<\/a><br><br><img decoding=\"async\" width=\"28px\" src=\"https:\/\/manzanilladelapaz.gob.mx\/v3\/wp-content\/uploads\/2024\/11\/file-and-folder4.png\"> <a href=\"https:\/\/manzanilladelapaz.gob.mx\/v3\/index.php\/articulo-8-fraccion-v-i\/\" data-type=\"page\" data-id=\"733\">i)     Los estados financieros mensuales, de cuando menos los \u00faltimos tres a\u00f1os;<\/a><br><br><img decoding=\"async\" width=\"28px\" src=\"https:\/\/manzanilladelapaz.gob.mx\/v3\/wp-content\/uploads\/2024\/11\/file-and-folder4.png\"> <a href=\"https:\/\/manzanilladelapaz.gob.mx\/v3\/index.php\/articulo-8-fraccion-v-j\/\" data-type=\"page\" data-id=\"736\">j)     Los gastos de comunicaci\u00f3n social, que se\u00f1ale cuando menos la fecha, monto y partida de la erogaci\u00f3n, responsable directo de la autorizaci\u00f3n, medio de comunicaci\u00f3n contratado, servicio contratado, justificaci\u00f3n y relaci\u00f3n con alguna funci\u00f3n o servicio p\u00fablicos;<\/a><br><br><img decoding=\"async\" width=\"28px\" src=\"https:\/\/manzanilladelapaz.gob.mx\/v3\/wp-content\/uploads\/2024\/11\/file-and-folder4.png\"> <a href=\"https:\/\/manzanilladelapaz.gob.mx\/v3\/index.php\/articulo-8-fraccion-v-k\/\" data-type=\"page\" data-id=\"739\">k)     El contrato de prestaci\u00f3n de servicios o por honorarios, y el gasto realizado por concepto de pago de asesor\u00edas, que se\u00f1ale nombre de la empresa, instituci\u00f3n o individuos, el concepto de cada una de las asesor\u00edas, as\u00ed como el trabajo realizado;<\/a><br><br><img decoding=\"async\" width=\"28px\" src=\"https:\/\/manzanilladelapaz.gob.mx\/v3\/wp-content\/uploads\/2024\/11\/file-and-folder4.png\"> <a href=\"https:\/\/manzanilladelapaz.gob.mx\/v3\/index.php\/articulo-8-fraccion-v-l\/\" data-type=\"page\" data-id=\"742\">l)     Los subsidios, en especie o en numerario, recibidos por el sujeto obligado, as\u00ed como los otorgados por el sujeto obligado, en los que se se\u00f1ale lo siguiente;<\/a><br><br><img decoding=\"async\" width=\"28px\" src=\"https:\/\/manzanilladelapaz.gob.mx\/v3\/wp-content\/uploads\/2024\/11\/file-and-folder4.png\"> <a href=\"https:\/\/manzanilladelapaz.gob.mx\/v3\/index.php\/articulo-8-fraccion-v-m\/\" data-type=\"page\" data-id=\"745\">m)     El listado de personas f\u00edsicas o jur\u00eddicas a quienes se les asigne o permita usar recursos p\u00fablicos o realicen actos de autoridad, as\u00ed como los informes que dichas personas les entreguen sobre el uso y destino de dichos recursos;<\/a><br><br><img decoding=\"async\" width=\"28px\" src=\"https:\/\/manzanilladelapaz.gob.mx\/v3\/wp-content\/uploads\/2024\/11\/file-and-folder4.png\"> <a href=\"https:\/\/manzanilladelapaz.gob.mx\/v3\/index.php\/articulo-8-fraccion-v-n\/\" data-type=\"page\" data-id=\"748\">n)     Las cuentas p\u00fablicas, las auditor\u00edas internas y externas, as\u00ed como los dem\u00e1s informes de gesti\u00f3n financiera del sujeto obligado, de cuando menos los \u00faltimos tres a\u00f1os;<\/a><br><br><img decoding=\"async\" width=\"28px\" src=\"https:\/\/manzanilladelapaz.gob.mx\/v3\/wp-content\/uploads\/2024\/11\/file-and-folder4.png\"> <a href=\"https:\/\/manzanilladelapaz.gob.mx\/v3\/index.php\/articulo-8-fraccion-v-n-2\/\" data-type=\"page\" data-id=\"751\">\u00f1)     Los padrones de proveedores o contratistas, de cuando menos los \u00faltimos tres a\u00f1os;<\/a><br><br><img decoding=\"async\" width=\"28px\" src=\"https:\/\/manzanilladelapaz.gob.mx\/v3\/wp-content\/uploads\/2024\/11\/file-and-folder4.png\"> <a href=\"https:\/\/manzanilladelapaz.gob.mx\/v3\/index.php\/articulo-8-fraccion-v-o\/\" data-type=\"page\" data-id=\"754\">o)     La informaci\u00f3n sobre adjudicaciones directas en materia de adquisiciones, obra p\u00fablica, proyectos de inversi\u00f3n y prestaci\u00f3n de servicios, de cuando menos los \u00faltimos tres a\u00f1os, que deber\u00e1 contener, por los menos, lo siguiente;<\/a><br><br><img decoding=\"async\" width=\"28px\" src=\"https:\/\/manzanilladelapaz.gob.mx\/v3\/wp-content\/uploads\/2024\/11\/file-and-folder4.png\"> <a href=\"https:\/\/manzanilladelapaz.gob.mx\/v3\/index.php\/articulo-8-fraccion-v-p\/\" data-type=\"page\" data-id=\"757\">p)     La informaci\u00f3n sobre concursos por invitaci\u00f3n y licitaciones p\u00fablicas en materia de adquisiciones, obra p\u00fablica, proyectos de inversi\u00f3n y prestaci\u00f3n de servicios, de cuando menos los \u00faltimos tres a\u00f1os, por los menos, lo siguiente;<\/a><br><br><img decoding=\"async\" width=\"28px\" src=\"https:\/\/manzanilladelapaz.gob.mx\/v3\/wp-content\/uploads\/2024\/11\/file-and-folder4.png\"> <a href=\"https:\/\/manzanilladelapaz.gob.mx\/v3\/index.php\/articulo-8-fraccion-v-q\/\" data-type=\"page\" data-id=\"760\">q)     El nombre, denominaci\u00f3n o raz\u00f3n social y clave del Registro Federal de Contribuyentes de quienes se les hubiera cancelado o condonado alg\u00fan cr\u00e9dito fiscal, los montos respectivos, as\u00ed como la informaci\u00f3n estad\u00edstica sobre las exenciones previstas en las disposiciones fiscales;<\/a><br><br><img decoding=\"async\" width=\"28px\" src=\"https:\/\/manzanilladelapaz.gob.mx\/v3\/wp-content\/uploads\/2024\/11\/file-and-folder4.png\"> <a href=\"https:\/\/manzanilladelapaz.gob.mx\/v3\/index.php\/articulo-8-fraccion-v-r\/\" data-type=\"page\" data-id=\"763\">r)     Los inventarios de bienes muebles e inmuebles del sujeto obligado, de cuando menos los \u00faltimos tres a\u00f1os, donde se se\u00f1ale cuando menos la descripci\u00f3n, el valor, el r\u00e9gimen jur\u00eddico, y el uso o afectaci\u00f3n del bien;<\/a><br><br><img decoding=\"async\" width=\"28px\" src=\"https:\/\/manzanilladelapaz.gob.mx\/v3\/wp-content\/uploads\/2024\/11\/file-and-folder4.png\"> <a href=\"https:\/\/manzanilladelapaz.gob.mx\/v3\/index.php\/articulo-8-fraccion-v-s\/\" data-type=\"page\" data-id=\"767\">s)     Los gastos de representaci\u00f3n, vi\u00e1ticos y viajes oficiales, su costo, itinerario, agenda y resultados;<\/a><br><br><img decoding=\"async\" width=\"28px\" src=\"https:\/\/manzanilladelapaz.gob.mx\/v3\/wp-content\/uploads\/2024\/11\/file-and-folder4.png\"> <a href=\"https:\/\/manzanilladelapaz.gob.mx\/v3\/index.php\/articulo-8-fraccion-v-t\/\" data-type=\"page\" data-id=\"770\">t)     Las concesiones, licencias, permisos o autorizaciones otorgadas de los \u00faltimos tres a\u00f1os;<\/a><br><br><img decoding=\"async\" width=\"28px\" src=\"https:\/\/manzanilladelapaz.gob.mx\/v3\/wp-content\/uploads\/2024\/11\/file-and-folder4.png\"> <a href=\"https:\/\/manzanilladelapaz.gob.mx\/v3\/index.php\/articulo-8-fraccion-v-u\/\" data-type=\"page\" data-id=\"773\">u)     Los decretos y expedientes relativos a las expropiaciones que realicen por utilidad p\u00fablica;<\/a><br><br><img decoding=\"async\" width=\"28px\" src=\"https:\/\/manzanilladelapaz.gob.mx\/v3\/wp-content\/uploads\/2024\/11\/file-and-folder4.png\"> <a href=\"https:\/\/manzanilladelapaz.gob.mx\/v3\/index.php\/articulo-8-fraccion-v-v\/\" data-type=\"page\" data-id=\"776\">v)     Las p\u00f3lizas de los cheques expedidos, con identificaci\u00f3n del n\u00famero de cheque o transferencia, monto y nombre del beneficiario, indicando el motivo de la erogaci\u00f3n, en el que de manera detallada y completa se indique para qu\u00e9 se erog\u00f3 el recurso p\u00fablico, o en su caso la descripci\u00f3n que aparezca en la factura correspondiente; siempre y cuando con ello se aporten los elementos cualitativos y cuantitativos de la finalidad del cheque o transferencia;<\/a><br><br><img decoding=\"async\" width=\"28px\" src=\"https:\/\/manzanilladelapaz.gob.mx\/v3\/wp-content\/uploads\/2024\/11\/file-and-folder4.png\"> <a href=\"https:\/\/manzanilladelapaz.gob.mx\/v3\/index.php\/articulo-8-fraccion-v-w\/\" data-type=\"page\" data-id=\"779\">w)     El estado de la deuda p\u00fablica del sujeto obligado, donde se se\u00f1ale cuando menos responsable de la autorizaci\u00f3n, fecha de contrataci\u00f3n, monto del cr\u00e9dito, tasa de inter\u00e9s, monto total amortizable, plazo de vencimiento, instituci\u00f3n crediticia, objeto de aplicaci\u00f3n y avance de aplicaci\u00f3n de cada deuda contratada;<\/a><br><br><img decoding=\"async\" width=\"28px\" src=\"https:\/\/manzanilladelapaz.gob.mx\/v3\/wp-content\/uploads\/2024\/11\/file-and-folder4.png\"> <a href=\"https:\/\/manzanilladelapaz.gob.mx\/v3\/index.php\/articulo-8-fraccion-v-x\/\" data-type=\"page\" data-id=\"782\">x)     Los estados de cuenta bancarios que expiden las instituciones financieras, n\u00famero de cuentas bancarias, estados financieros, cuentas de fideicomisos e inversiones, de cuando menos los \u00faltimos seis meses;<\/a><br><br><img decoding=\"async\" width=\"28px\" src=\"https:\/\/manzanilladelapaz.gob.mx\/v3\/wp-content\/uploads\/2024\/11\/file-and-folder4.png\"> <a href=\"https:\/\/manzanilladelapaz.gob.mx\/v3\/index.php\/articulo-8-fraccion-v-y\/\" data-type=\"page\" data-id=\"785\">y)     La informaci\u00f3n en versi\u00f3n p\u00fablica de las declaraciones patrimoniales de los servidores p\u00fablicos que as\u00ed lo determinen, en los sistemas habilitados para ello, de acuerdo a la normatividad aplicable; y<\/a><br><br><img decoding=\"async\" width=\"28px\" src=\"https:\/\/manzanilladelapaz.gob.mx\/v3\/wp-content\/uploads\/2024\/11\/file-and-folder4.png\"> <a href=\"https:\/\/manzanilladelapaz.gob.mx\/v3\/index.php\/articulo-8-fraccion-v-z\/\" data-type=\"page\" data-id=\"788\">z)     El registro de los procedimientos de responsabilidad administrativa, con indicaci\u00f3n del n\u00famero de expediente, fecha de ingreso, nombre del denunciante, nombre y cargo del denunciado, causa del procedimiento, estado procesal y, en su caso, la sanci\u00f3n impuesta;<\/a><\/pre>\n","protected":false},"excerpt":{"rendered":"<p>Fracci\u00f3n V La informaci\u00f3n financiera, patrimonial y administrativa, que comprende: a) Las partidas del Presupuesto de Egresos de la Federaci\u00f3n y del Presupuesto de Egresos del Estado, as\u00ed como los &#8230;<\/p>\n","protected":false},"author":1,"featured_media":0,"parent":0,"menu_order":0,"comment_status":"closed","ping_status":"closed","template":"","meta":{"footnotes":""},"class_list":["post-300","page","type-page","status-publish","hentry"],"_links":{"self":[{"href":"https:\/\/manzanilladelapaz.gob.mx\/v3\/index.php\/wp-json\/wp\/v2\/pages\/300","targetHints":{"allow":["GET"]}}],"collection":[{"href":"https:\/\/manzanilladelapaz.gob.mx\/v3\/index.php\/wp-json\/wp\/v2\/pages"}],"about":[{"href":"https:\/\/manzanilladelapaz.gob.mx\/v3\/index.php\/wp-json\/wp\/v2\/types\/page"}],"author":[{"embeddable":true,"href":"https:\/\/manzanilladelapaz.gob.mx\/v3\/index.php\/wp-json\/wp\/v2\/users\/1"}],"replies":[{"embeddable":true,"href":"https:\/\/manzanilladelapaz.gob.mx\/v3\/index.php\/wp-json\/wp\/v2\/comments?post=300"}],"version-history":[{"count":35,"href":"https:\/\/manzanilladelapaz.gob.mx\/v3\/index.php\/wp-json\/wp\/v2\/pages\/300\/revisions"}],"predecessor-version":[{"id":791,"href":"https:\/\/manzanilladelapaz.gob.mx\/v3\/index.php\/wp-json\/wp\/v2\/pages\/300\/revisions\/791"}],"wp:attachment":[{"href":"https:\/\/manzanilladelapaz.gob.mx\/v3\/index.php\/wp-json\/wp\/v2\/media?parent=300"}],"curies":[{"name":"wp","href":"https:\/\/api.w.org\/{rel}","templated":true}]}}