{"id":303,"date":"2024-11-29T15:32:19","date_gmt":"2024-11-29T14:32:19","guid":{"rendered":"https:\/\/manzanilladelapaz.gob.mx\/v3\/?page_id=303"},"modified":"2025-01-05T19:10:50","modified_gmt":"2025-01-05T18:10:50","slug":"fraccion-vi","status":"publish","type":"page","link":"https:\/\/manzanilladelapaz.gob.mx\/v3\/index.php\/fraccion-vi\/","title":{"rendered":"Art\u00edculo 8 Fracci\u00f3n VI"},"content":{"rendered":"\n<pre class=\"wp-block-preformatted interlineado-personalizado\" style=\"text-transform:uppercase\"><strong>Fracci\u00f3n VI    La informaci\u00f3n sobre la gesti\u00f3n p\u00fablica, que comprende:<\/strong><br><br><img decoding=\"async\" width=\"28px\" src=\"https:\/\/manzanilladelapaz.gob.mx\/v3\/wp-content\/uploads\/2024\/11\/file-and-folder4.png\"> <a href=\"https:\/\/manzanilladelapaz.gob.mx\/v3\/index.php\/articulo-8-fraccion-vi-a\/\" data-type=\"page\" data-id=\"792\">a)     Las funciones p\u00fablicas que realiza el sujeto obligado, donde se se\u00f1ale cuando menos el fundamento legal, la descripci\u00f3n de la funci\u00f3n p\u00fablica, as\u00ed como los recursos materiales, humanos y financieros asignados para la realizaci\u00f3n de la funci\u00f3n p\u00fablica;<\/a><br><br><img decoding=\"async\" width=\"28px\" src=\"https:\/\/manzanilladelapaz.gob.mx\/v3\/wp-content\/uploads\/2024\/11\/file-and-folder4.png\"> <a href=\"https:\/\/manzanilladelapaz.gob.mx\/v3\/index.php\/articulo-8-fraccion-vi-b\/\" data-type=\"page\" data-id=\"801\">b)     Los servicios p\u00fablicos que presta el sujeto obligado, donde se se\u00f1ale cuando menos la descripci\u00f3n y cobertura del servicio p\u00fablico; los recursos materiales, humanos y financieros asignados para la prestaci\u00f3n del servicio p\u00fablico, y el n\u00famero y tipo de beneficiarios directos e indirectos del servicio p\u00fablico;<\/a><br><br><img decoding=\"async\" width=\"28px\" src=\"https:\/\/manzanilladelapaz.gob.mx\/v3\/wp-content\/uploads\/2024\/11\/file-and-folder4.png\"> <a href=\"https:\/\/manzanilladelapaz.gob.mx\/v3\/index.php\/articulo-8-fraccion-vi-c\/\" data-type=\"page\" data-id=\"805\">c)     Las obras p\u00fablicas que realiza el sujeto obligado, de cuando menos los \u00faltimos tres a\u00f1os, donde se se\u00f1ale cuando menos la descripci\u00f3n y ubicaci\u00f3n de la obra; el ejecutor y supervisor de la obra; el costo inicial y final; la superficie construida por metros cuadrados; costo por metro cuadrado; su relaci\u00f3n con los instrumentos de planeaci\u00f3n del desarrollo, y el n\u00famero y tipo de beneficiarios directos e indirectos de la obra;<\/a><br><br><img decoding=\"async\" width=\"28px\" src=\"https:\/\/manzanilladelapaz.gob.mx\/v3\/wp-content\/uploads\/2024\/11\/file-and-folder4.png\"> <a href=\"https:\/\/manzanilladelapaz.gob.mx\/v3\/index.php\/articulo-8-fraccion-vi-d\/\" data-type=\"page\" data-id=\"808\">d)     Los programas sociales que aplica el sujeto obligado, de cuando menos los \u00faltimos tres a\u00f1os, donde se se\u00f1ale cuando menos los objetivos, metas, presupuesto y reglas de operaci\u00f3n del programa; los requisitos, tr\u00e1mites y formatos para ser beneficiario; la entidad p\u00fablica ejecutora, el responsable directo, n\u00famero de personal que lo aplica y el costo de operaci\u00f3n del programa; el padr\u00f3n de beneficiarios del programa, y la medici\u00f3n de avances de la ejecuci\u00f3n del gasto, y el cumplimiento de metas y objetivos del programa, incluida la metodolog\u00eda empleada;<\/a><br><br><img decoding=\"async\" width=\"28px\" src=\"https:\/\/manzanilladelapaz.gob.mx\/v3\/wp-content\/uploads\/2024\/11\/file-and-folder4.png\"> <a href=\"https:\/\/manzanilladelapaz.gob.mx\/v3\/index.php\/articulo-8-fraccion-vi-e\/\" data-type=\"page\" data-id=\"811\">e)     Las pol\u00edticas p\u00fablicas que elabora y aplica el sujeto obligado, de cuando menos los \u00faltimos tres a\u00f1os;<\/a><br><br><img decoding=\"async\" width=\"28px\" src=\"https:\/\/manzanilladelapaz.gob.mx\/v3\/wp-content\/uploads\/2024\/11\/file-and-folder4.png\"> <a href=\"https:\/\/manzanilladelapaz.gob.mx\/v3\/index.php\/articulo-8-fraccion-vi-f\/\" data-type=\"page\" data-id=\"814\">f)     Los convenios, contratos y dem\u00e1s instrumentos jur\u00eddicos suscritos por el sujeto obligado, de cuando menos los \u00faltimos tres a\u00f1os;<\/a><br><br><img decoding=\"async\" width=\"28px\" src=\"https:\/\/manzanilladelapaz.gob.mx\/v3\/wp-content\/uploads\/2024\/11\/file-and-folder4.png\"> <a href=\"https:\/\/manzanilladelapaz.gob.mx\/v3\/index.php\/articulo-8-fraccion-vi-g\/\" data-type=\"page\" data-id=\"817\">g)     Las concesiones, licencias, permisos, autorizaciones y dem\u00e1s actos administrativos otorgados por el sujeto obligado, de cuando menos los \u00faltimos tres a\u00f1os, en el que se incluyan los requisitos para acceder a ellos y, en su caso, los formatos correspondientes;<\/a><br><br><img decoding=\"async\" width=\"28px\" src=\"https:\/\/manzanilladelapaz.gob.mx\/v3\/wp-content\/uploads\/2024\/11\/file-and-folder4.png\"> <a href=\"https:\/\/manzanilladelapaz.gob.mx\/v3\/index.php\/articulo-8-fraccion-vi-h\/\" data-type=\"page\" data-id=\"820\">h)     La agenda diaria de actividades del sujeto obligado, de cuando menos el \u00faltimo mes;<\/a><br><br><img decoding=\"async\" width=\"28px\" src=\"https:\/\/manzanilladelapaz.gob.mx\/v3\/wp-content\/uploads\/2024\/11\/file-and-folder4.png\"> <a href=\"https:\/\/manzanilladelapaz.gob.mx\/v3\/index.php\/sesiones-de-cabildo-2024-2027\/\">i)     El lugar, d\u00eda y hora de las todas las reuniones o sesiones de sus \u00f3rganos colegiados, junto con el orden del d\u00eda y una relaci\u00f3n detallada de los asuntos a tratar, as\u00ed como la indicaci\u00f3n del lugar y forma en que se puedan consultar los documentos p\u00fablicos relativos, con cuando menos veinticuatro horas anteriores a la celebraci\u00f3n de dicha reuni\u00f3n o sesi\u00f3n;<\/a><br><br><img decoding=\"async\" width=\"28px\" src=\"https:\/\/manzanilladelapaz.gob.mx\/v3\/wp-content\/uploads\/2024\/11\/file-and-folder4.png\"> <a href=\"https:\/\/manzanilladelapaz.gob.mx\/v3\/index.php\/sesiones-de-cabildo-2024-2027\/\">j)     Las versiones estenogr\u00e1ficas, as\u00ed como las actas o minutas de las reuniones o sesiones de sus \u00f3rganos colegiados;<\/a><br><br><img decoding=\"async\" width=\"28px\" src=\"https:\/\/manzanilladelapaz.gob.mx\/v3\/wp-content\/uploads\/2024\/11\/file-and-folder4.png\"> <a href=\"https:\/\/manzanilladelapaz.gob.mx\/v3\/index.php\/articulo-8-fraccion-vi-k\/\" data-type=\"page\" data-id=\"825\">k)     La integraci\u00f3n, la regulaci\u00f3n b\u00e1sica y las actas de las reuniones de los consejos ciudadanos reconocidos oficialmente por el sujeto obligado con el prop\u00f3sito de que la ciudadan\u00eda participe o vigile la actividad de sus \u00f3rganos y dependencias;<\/a><br><br><img decoding=\"async\" width=\"28px\" src=\"https:\/\/manzanilladelapaz.gob.mx\/v3\/wp-content\/uploads\/2024\/11\/file-and-folder4.png\"> <a href=\"https:\/\/manzanilladelapaz.gob.mx\/v3\/index.php\/articulo-8-fraccion-vi-l\/\" data-type=\"page\" data-id=\"828\">l)     Los informes trimestrales y anuales de actividades del sujeto obligado, de cuando menos los \u00faltimos tres a\u00f1os;<\/a><br><br><img decoding=\"async\" width=\"28px\" src=\"https:\/\/manzanilladelapaz.gob.mx\/v3\/wp-content\/uploads\/2024\/11\/file-and-folder4.png\"> <a href=\"https:\/\/manzanilladelapaz.gob.mx\/v3\/index.php\/articulo-8-fraccion-vi-m\/\" data-type=\"page\" data-id=\"831\">m)     Las recomendaciones emitidas por los \u00f3rganos p\u00fablicos del Estado mexicano u organismos internacionales garantes de los derechos humanos, as\u00ed como las acciones que han llevado a cabo para su atenci\u00f3n; y<\/a><br><br><img decoding=\"async\" width=\"28px\" src=\"https:\/\/manzanilladelapaz.gob.mx\/v3\/wp-content\/uploads\/2024\/11\/file-and-folder4.png\"> <a href=\"https:\/\/manzanilladelapaz.gob.mx\/v3\/index.php\/articulo-8-fraccion-vi-n\/\" data-type=\"page\" data-id=\"834\">n)     Las estad\u00edsticas que generen en cumplimiento de sus facultades, competencias o funciones con la mayor desagregaci\u00f3n posible;<\/a><\/pre>\n","protected":false},"excerpt":{"rendered":"<p>Fracci\u00f3n VI La informaci\u00f3n sobre la gesti\u00f3n p\u00fablica, que comprende: a) Las funciones p\u00fablicas que realiza el sujeto obligado, donde se se\u00f1ale cuando menos el fundamento legal, la descripci\u00f3n de &#8230;<\/p>\n","protected":false},"author":1,"featured_media":0,"parent":0,"menu_order":0,"comment_status":"closed","ping_status":"closed","template":"","meta":{"footnotes":""},"class_list":["post-303","page","type-page","status-publish","hentry"],"_links":{"self":[{"href":"https:\/\/manzanilladelapaz.gob.mx\/v3\/index.php\/wp-json\/wp\/v2\/pages\/303","targetHints":{"allow":["GET"]}}],"collection":[{"href":"https:\/\/manzanilladelapaz.gob.mx\/v3\/index.php\/wp-json\/wp\/v2\/pages"}],"about":[{"href":"https:\/\/manzanilladelapaz.gob.mx\/v3\/index.php\/wp-json\/wp\/v2\/types\/page"}],"author":[{"embeddable":true,"href":"https:\/\/manzanilladelapaz.gob.mx\/v3\/index.php\/wp-json\/wp\/v2\/users\/1"}],"replies":[{"embeddable":true,"href":"https:\/\/manzanilladelapaz.gob.mx\/v3\/index.php\/wp-json\/wp\/v2\/comments?post=303"}],"version-history":[{"count":21,"href":"https:\/\/manzanilladelapaz.gob.mx\/v3\/index.php\/wp-json\/wp\/v2\/pages\/303\/revisions"}],"predecessor-version":[{"id":840,"href":"https:\/\/manzanilladelapaz.gob.mx\/v3\/index.php\/wp-json\/wp\/v2\/pages\/303\/revisions\/840"}],"wp:attachment":[{"href":"https:\/\/manzanilladelapaz.gob.mx\/v3\/index.php\/wp-json\/wp\/v2\/media?parent=303"}],"curies":[{"name":"wp","href":"https:\/\/api.w.org\/{rel}","templated":true}]}}