{"id":307,"date":"2024-11-29T15:34:06","date_gmt":"2024-11-29T14:34:06","guid":{"rendered":"https:\/\/manzanilladelapaz.gob.mx\/v3\/?page_id=307"},"modified":"2025-01-09T16:14:39","modified_gmt":"2025-01-09T15:14:39","slug":"fraccion-viii","status":"publish","type":"page","link":"https:\/\/manzanilladelapaz.gob.mx\/v3\/index.php\/fraccion-viii\/","title":{"rendered":"Art\u00edculo 8 Fracci\u00f3n VIII"},"content":{"rendered":"\n<p><!-- <strong><font color=\"red\">Se est\u00e1 actualizando el sitio Web con esta nueva interfaz, la informaci\u00f3n que a\u00fan no aparece aqu\u00ed, puede ser consultada en la versi\u00f3n anterior del sitio en:<\/font>&nbsp;<a href=\"https:\/\/manzanilladelapaz.gob.mx\/v2\/transparencia\/articulo8.html\">https:\/\/manzanilladelapaz.gob.mx\/v2\/transparencia\/articulo8.html<\/a><\/strong> --> <\/p>\n\n\n\n<pre class=\"wp-block-preformatted interlineado-personalizado\"><strong>Fracci\u00f3n VIII    Los mecanismos e instrumentos de participaci\u00f3n ciudadana que puedan acceder o ejercer ante el sujeto obligado;<\/strong><br><br>\n\n<p style=\"text-align: justify;\"><span style=\"font-size: 14px;\">La iniciativa ciudadana es el mecanismo de corresponsabilidad ciudadana mediante el cual se ejerce la facultad que tienen los habitantes del Municipio de presentar, ante el Ayuntamiento, proyectos de ordenamientos municipales, reforma, adici\u00f3n o derogaci\u00f3n a los mismos.&nbsp;<\/span><\/p>\n<p style=\"text-align: justify;\"><span style=\"font-size: 14px;\">La colaboraci\u00f3n popular es el mecanismo de participaci\u00f3n ciudadana de corresponsabilidad mediante el cual, los habitantes del Municipio podr\u00e1n tomar parte activamente para la ejecuci\u00f3n de una obra, el rescate de espacios p\u00fablicos, la generaci\u00f3n o rehabilitaci\u00f3n de infraestructura para la prestaci\u00f3n de un servicio p\u00fablico municipal o el apoyo a grupos vulnerables de las comunidades, aportando para su realizaci\u00f3n los recursos econ\u00f3micos, inmuebles, materiales o trabajo personal.&nbsp;<\/span><\/p>\n<p style=\"text-align: justify;\"><span style=\"font-size: 14px;\">Personalmente: Acudir a Presidencia \u00e1rea Secretaria General.&nbsp;\n<br \/>V\u00eda telef\u00f3nica: 372 435 01 01&nbsp;\n<br \/>P\u00e1gina web: ingresando al apartado de CONTACTO en <a href=\"\/contacto\">https:\/\/manzanilladelapaz.gob.mx\/<\/a><\/span><\/p>\n<ul>\n<img decoding=\"async\" width=\"28px\" src=\"https:\/\/manzanilladelapaz.gob.mx\/v3\/wp-content\/uploads\/2024\/11\/file-and-folder3.png\"> <a href=\"https:\/\/transparencia.info.jalisco.gob.mx\/sites\/default\/files\/\/acta%20int%20coplademun%202018-2021_1.pdf\" target=\"_blank\">Acta int coplademun 2018-2021<\/a>\n<br><img decoding=\"async\" width=\"28px\" src=\"https:\/\/manzanilladelapaz.gob.mx\/v3\/wp-content\/uploads\/2024\/11\/file-and-folder3.png\"> <a href=\"https:\/\/transparencia.info.jalisco.gob.mx\/sites\/default\/files\/\/ACTA%20INTEGRACION%20COPLADEMUN%202015-2018_LA_MANZANILLA%20%281%29.pdf\" target=\"_blank\">ACTA INTEGRACION COPLADEMUN 2015-2018_LA_MANZANILLA<\/a>\n<br><img decoding=\"async\" width=\"28px\" src=\"https:\/\/manzanilladelapaz.gob.mx\/v3\/wp-content\/uploads\/2024\/11\/file-and-folder3.png\"> <a href=\"https:\/\/transparencia.info.jalisco.gob.mx\/sites\/default\/files\/\/REGLAMENTO%20DE%20PARTICIPACI%C3%93N%20CIUDADANA_1.pdf\" target=\"_blank\">REGLAMENTO DE PARTICIPACI\u00d3N CIUDADANA<\/a>\n<br><img decoding=\"async\" width=\"28px\" src=\"https:\/\/manzanilladelapaz.gob.mx\/v3\/wp-content\/uploads\/2024\/11\/file-and-folder3.png\"> <a href=\"https:\/\/transparencia.info.jalisco.gob.mx\/sites\/default\/files\/\/01_Presentacion_Coplademun_0.pdf\" target=\"_blank\">Comit\u00e9 de Planeaci\u00f3n para el Desarrollo Municipal en el Desarrollo Local (COPLADEMUN)<\/a>\n<br><img decoding=\"async\" width=\"28px\" src=\"https:\/\/manzanilladelapaz.gob.mx\/v3\/wp-content\/uploads\/2024\/11\/file-and-folder3.png\"> <a href=\"https:\/\/transparencia.info.jalisco.gob.mx\/sites\/default\/files\/\/LEY%20DE%20PARTICIPACION%20CIUDADANA%20ESTATAL_0.pdf\" target=\"_blank\">Ley de participaci\u00f3n ciudadana del Estado de Jalisco<\/a>\n<\/ul>\n<p><span style=\"line-height: normal;\"><\/span><\/p>\n<p> <\/p>\n<p><br><\/p>\n\n<\/pre>\n","protected":false},"excerpt":{"rendered":"<p>Fracci\u00f3n VIII Los mecanismos e instrumentos de participaci\u00f3n ciudadana que puedan acceder o ejercer ante el sujeto obligado; La iniciativa ciudadana es el mecanismo de corresponsabilidad ciudadana mediante el cual &#8230;<\/p>\n","protected":false},"author":1,"featured_media":0,"parent":0,"menu_order":0,"comment_status":"closed","ping_status":"closed","template":"","meta":{"footnotes":""},"class_list":["post-307","page","type-page","status-publish","hentry"],"_links":{"self":[{"href":"https:\/\/manzanilladelapaz.gob.mx\/v3\/index.php\/wp-json\/wp\/v2\/pages\/307","targetHints":{"allow":["GET"]}}],"collection":[{"href":"https:\/\/manzanilladelapaz.gob.mx\/v3\/index.php\/wp-json\/wp\/v2\/pages"}],"about":[{"href":"https:\/\/manzanilladelapaz.gob.mx\/v3\/index.php\/wp-json\/wp\/v2\/types\/page"}],"author":[{"embeddable":true,"href":"https:\/\/manzanilladelapaz.gob.mx\/v3\/index.php\/wp-json\/wp\/v2\/users\/1"}],"replies":[{"embeddable":true,"href":"https:\/\/manzanilladelapaz.gob.mx\/v3\/index.php\/wp-json\/wp\/v2\/comments?post=307"}],"version-history":[{"count":10,"href":"https:\/\/manzanilladelapaz.gob.mx\/v3\/index.php\/wp-json\/wp\/v2\/pages\/307\/revisions"}],"predecessor-version":[{"id":921,"href":"https:\/\/manzanilladelapaz.gob.mx\/v3\/index.php\/wp-json\/wp\/v2\/pages\/307\/revisions\/921"}],"wp:attachment":[{"href":"https:\/\/manzanilladelapaz.gob.mx\/v3\/index.php\/wp-json\/wp\/v2\/media?parent=307"}],"curies":[{"name":"wp","href":"https:\/\/api.w.org\/{rel}","templated":true}]}}