{"id":309,"date":"2024-11-29T15:34:44","date_gmt":"2024-11-29T14:34:44","guid":{"rendered":"https:\/\/manzanilladelapaz.gob.mx\/v3\/?page_id=309"},"modified":"2025-01-09T16:20:20","modified_gmt":"2025-01-09T15:20:20","slug":"fraccion-ix","status":"publish","type":"page","link":"https:\/\/manzanilladelapaz.gob.mx\/v3\/index.php\/fraccion-ix\/","title":{"rendered":"Art\u00edculo 8 Fracci\u00f3n IX"},"content":{"rendered":"\n<p><!-- <strong><font color=\"red\">Se est\u00e1 actualizando el sitio Web con esta nueva interfaz, la informaci\u00f3n que a\u00fan no aparece aqu\u00ed, puede ser consultada en la versi\u00f3n anterior del sitio en:<\/font>&nbsp;<a href=\"https:\/\/manzanilladelapaz.gob.mx\/v2\/transparencia\/articulo8.html\">https:\/\/manzanilladelapaz.gob.mx\/v2\/transparencia\/articulo8.html<\/a><\/strong> --> <\/p>\n\n\n\n<pre class=\"wp-block-preformatted interlineado-personalizado\" style=\"text-transform:uppercase\"><strong>Fracci\u00f3n IX    La informaci\u00f3n p\u00fablica ordinaria, proactiva o focalizada que considere el sujeto obligado, por s\u00ed o a propuesta del Instituto;<\/strong>\n<!--<p><span style=\"font-weight: bold; font-size: 16px;\">2022<\/span><\/p>-->\n<ul>\n<img decoding=\"async\" width=\"28px\" src=\"https:\/\/manzanilladelapaz.gob.mx\/v3\/wp-content\/uploads\/2024\/11\/file-and-folder3.png\"> <a href=\"https:\/\/manzanilladelapaz.gob.mx\/Transparencia\/Articulo8\/Fraccion_IX\/AVISO_DE_PRIVACIDAD_CORTO.pdf\" target=\"_blank\">AVISO DE PRIVACIDAD CORTO<\/a>\n<br><img decoding=\"async\" width=\"28px\" src=\"https:\/\/manzanilladelapaz.gob.mx\/v3\/wp-content\/uploads\/2024\/11\/file-and-folder3.png\"> <a href=\"https:\/\/manzanilladelapaz.gob.mx\/Transparencia\/Articulo8\/Fraccion_IX\/AVISO_DE_PRIVACIDAD_INTEGRAL.pdf\" target=\"_blank\">AVISO DE PRIVACIDAD INTEGRAL<\/a>\n<br><img decoding=\"async\" width=\"28px\" src=\"https:\/\/manzanilladelapaz.gob.mx\/v3\/wp-content\/uploads\/2024\/11\/file-and-folder3.png\"> <a href=\"https:\/\/manzanilladelapaz.gob.mx\/Transparencia\/Articulo8\/Fraccion_IX\/AVISO_DE_PRIVACIDAD.pdf\" target=\"_blank\">AVISO DE PRIVACIDAD<\/a>\n<br><img decoding=\"async\" width=\"28px\" src=\"https:\/\/manzanilladelapaz.gob.mx\/v3\/wp-content\/uploads\/2024\/11\/file-and-folder3.png\"> <a href=\"https:\/\/transparencia.info.jalisco.gob.mx\/sites\/default\/files\/\/Cat%C3%A1logo%20Localidades.pdf\" target=\"_blank\">Ficha SEDESOL La Manzanilla de la Paz (Poblaci\u00f3n, localidades, Marginacion, Indicadores sociales)<\/a>\n<br><img decoding=\"async\" width=\"28px\" src=\"https:\/\/manzanilladelapaz.gob.mx\/v3\/wp-content\/uploads\/2024\/11\/file-and-folder3.png\"> <a href=\"https:\/\/transparencia.info.jalisco.gob.mx\/sites\/default\/files\/\/LaManzanilladelaPazIIEG2016.pdf\" target=\"_blank\">Ficha IIEG 2016 La Manzanilla de la Paz<\/a>\n<br><img decoding=\"async\" width=\"28px\" src=\"https:\/\/manzanilladelapaz.gob.mx\/v3\/wp-content\/uploads\/2024\/11\/file-and-folder3.png\"> <a href=\"https:\/\/transparencia.info.jalisco.gob.mx\/sites\/default\/files\/\/conevalLAMANZANILLA.pdf\" target=\"_blank\">Evaluaci\u00f3n CONEVAL 2015 La Manzanilla de la Paz<\/a>\n<br><img decoding=\"async\" width=\"28px\" src=\"https:\/\/manzanilladelapaz.gob.mx\/v3\/wp-content\/uploads\/2024\/11\/file-and-folder3.png\"> <a href=\"https:\/\/transparencia.info.jalisco.gob.mx\/sites\/default\/files\/\/manzanilla%20de%20la%20paz%20CONAGUA.pdf\" target=\"_blank\">Diagnostico 2015 CONAGUA La Manzanilla de la Paz<\/a>\n<\/ul>\n<p><br><\/p>\n\n<\/pre>\n","protected":false},"excerpt":{"rendered":"<p>Fracci\u00f3n IX La informaci\u00f3n p\u00fablica ordinaria, proactiva o focalizada que considere el sujeto obligado, por s\u00ed o a propuesta del Instituto; AVISO DE PRIVACIDAD CORTO AVISO DE PRIVACIDAD INTEGRAL AVISO &#8230;<\/p>\n","protected":false},"author":1,"featured_media":0,"parent":0,"menu_order":0,"comment_status":"closed","ping_status":"closed","template":"","meta":{"footnotes":""},"class_list":["post-309","page","type-page","status-publish","hentry"],"_links":{"self":[{"href":"https:\/\/manzanilladelapaz.gob.mx\/v3\/index.php\/wp-json\/wp\/v2\/pages\/309","targetHints":{"allow":["GET"]}}],"collection":[{"href":"https:\/\/manzanilladelapaz.gob.mx\/v3\/index.php\/wp-json\/wp\/v2\/pages"}],"about":[{"href":"https:\/\/manzanilladelapaz.gob.mx\/v3\/index.php\/wp-json\/wp\/v2\/types\/page"}],"author":[{"embeddable":true,"href":"https:\/\/manzanilladelapaz.gob.mx\/v3\/index.php\/wp-json\/wp\/v2\/users\/1"}],"replies":[{"embeddable":true,"href":"https:\/\/manzanilladelapaz.gob.mx\/v3\/index.php\/wp-json\/wp\/v2\/comments?post=309"}],"version-history":[{"count":8,"href":"https:\/\/manzanilladelapaz.gob.mx\/v3\/index.php\/wp-json\/wp\/v2\/pages\/309\/revisions"}],"predecessor-version":[{"id":925,"href":"https:\/\/manzanilladelapaz.gob.mx\/v3\/index.php\/wp-json\/wp\/v2\/pages\/309\/revisions\/925"}],"wp:attachment":[{"href":"https:\/\/manzanilladelapaz.gob.mx\/v3\/index.php\/wp-json\/wp\/v2\/media?parent=309"}],"curies":[{"name":"wp","href":"https:\/\/api.w.org\/{rel}","templated":true}]}}