{"id":311,"date":"2024-11-29T15:35:21","date_gmt":"2024-11-29T14:35:21","guid":{"rendered":"https:\/\/manzanilladelapaz.gob.mx\/v3\/?page_id=311"},"modified":"2025-01-09T17:06:10","modified_gmt":"2025-01-09T16:06:10","slug":"fraccion-x","status":"publish","type":"page","link":"https:\/\/manzanilladelapaz.gob.mx\/v3\/index.php\/fraccion-x\/","title":{"rendered":"Art\u00edculo 8 Fracci\u00f3n X"},"content":{"rendered":"\n<p><!-- <strong><font color=\"red\">Se est\u00e1 actualizando el sitio Web con esta nueva interfaz, la informaci\u00f3n que a\u00fan no aparece aqu\u00ed, puede ser consultada en la versi\u00f3n anterior del sitio en:<\/font>&nbsp;<a href=\"https:\/\/manzanilladelapaz.gob.mx\/v2\/transparencia\/articulo8.html\">https:\/\/manzanilladelapaz.gob.mx\/v2\/transparencia\/articulo8.html<\/a><\/strong> --><\/p>\n\n\n\n<pre class=\"wp-block-preformatted interlineado-personalizado\" style=\"text-transform:uppercase\"><strong>Fracci\u00f3n X    Las condiciones generales de trabajo, contratos o convenios que regulen las relaciones laborales del personal de base o de confianza, as\u00ed como los recursos p\u00fablicos econ\u00f3micos, en especie o donativos, que sean entregados a los sindicatos y ejerzan como recursos p\u00fablicos;<\/strong><br><br><br><p style=\"text-align: justify;\"><span style=\"font-size: 14px;\">Las relaciones laborales se regulan por las disposiciones contenidas en la Ley para los Servidores P\u00fablicos del Estado de Jalisco y sus Municipios y del Reglamento Interno del H. Ayuntamiento de La Manzanilla de la Paz.<\/span><\/p><br><ul><img decoding=\"async\" width=\"28px\" src=\"https:\/\/manzanilladelapaz.gob.mx\/v3\/wp-content\/uploads\/2024\/11\/file-and-folder3.png\"> <a href=\"https:\/\/manzanilladelapaz.gob.mx\/Transparencia\/Articulo8\/Fraccion_X\/Reglamento_condiciones_generales_de_trabajo_2021-2024.pdf\" target=\"_blank\">Reglamento condiciones generales de trabajo 2021-2024<\/a><br><br><img decoding=\"async\" width=\"28px\" src=\"https:\/\/manzanilladelapaz.gob.mx\/v3\/wp-content\/uploads\/2024\/11\/file-and-folder3.png\"> <a href=\"https:\/\/www.jalisco.gob.mx\/sites\/default\/files\/ley-servidores-jalisco.pdf\" target=\"_blank\">Ley para los Servidores P\u00fablicos del Estado de Jalisco y sus Municipios<\/a><br><br><img decoding=\"async\" width=\"28px\" src=\"https:\/\/manzanilladelapaz.gob.mx\/v3\/wp-content\/uploads\/2024\/11\/file-and-folder3.png\"> <a href=\"https:\/\/transparencia.info.jalisco.gob.mx\/sites\/default\/files\/\/Reglamento%20Interno%202018%20-%202021_4.pdf\" target=\"_blank\">Reglamento Interno 2018 - 2021<\/a><br><br><\/ul><br><p><span style=\"line-height: normal;\"><\/span><\/p><br><p> <\/p><br><p><br><\/p><br><br><\/pre>\n","protected":false},"excerpt":{"rendered":"<p>Fracci\u00f3n X Las condiciones generales de trabajo, contratos o convenios que regulen las relaciones laborales del personal de base o de confianza, as\u00ed como los recursos p\u00fablicos econ\u00f3micos, en especie &#8230;<\/p>\n","protected":false},"author":1,"featured_media":0,"parent":0,"menu_order":0,"comment_status":"closed","ping_status":"closed","template":"","meta":{"footnotes":""},"class_list":["post-311","page","type-page","status-publish","hentry"],"_links":{"self":[{"href":"https:\/\/manzanilladelapaz.gob.mx\/v3\/index.php\/wp-json\/wp\/v2\/pages\/311","targetHints":{"allow":["GET"]}}],"collection":[{"href":"https:\/\/manzanilladelapaz.gob.mx\/v3\/index.php\/wp-json\/wp\/v2\/pages"}],"about":[{"href":"https:\/\/manzanilladelapaz.gob.mx\/v3\/index.php\/wp-json\/wp\/v2\/types\/page"}],"author":[{"embeddable":true,"href":"https:\/\/manzanilladelapaz.gob.mx\/v3\/index.php\/wp-json\/wp\/v2\/users\/1"}],"replies":[{"embeddable":true,"href":"https:\/\/manzanilladelapaz.gob.mx\/v3\/index.php\/wp-json\/wp\/v2\/comments?post=311"}],"version-history":[{"count":12,"href":"https:\/\/manzanilladelapaz.gob.mx\/v3\/index.php\/wp-json\/wp\/v2\/pages\/311\/revisions"}],"predecessor-version":[{"id":943,"href":"https:\/\/manzanilladelapaz.gob.mx\/v3\/index.php\/wp-json\/wp\/v2\/pages\/311\/revisions\/943"}],"wp:attachment":[{"href":"https:\/\/manzanilladelapaz.gob.mx\/v3\/index.php\/wp-json\/wp\/v2\/media?parent=311"}],"curies":[{"name":"wp","href":"https:\/\/api.w.org\/{rel}","templated":true}]}}