{"id":313,"date":"2024-11-29T15:36:30","date_gmt":"2024-11-29T14:36:30","guid":{"rendered":"https:\/\/manzanilladelapaz.gob.mx\/v3\/?page_id=313"},"modified":"2025-01-09T17:01:52","modified_gmt":"2025-01-09T16:01:52","slug":"fraccion-xi","status":"publish","type":"page","link":"https:\/\/manzanilladelapaz.gob.mx\/v3\/index.php\/fraccion-xi\/","title":{"rendered":"Art\u00edculo 8 Fracci\u00f3n XI"},"content":{"rendered":"\n<p><!-- <strong><font color=\"red\">Se est\u00e1 actualizando el sitio Web con esta nueva interfaz, la informaci\u00f3n que a\u00fan no aparece aqu\u00ed, puede ser consultada en la versi\u00f3n anterior del sitio en:<\/font>&nbsp;<a href=\"https:\/\/manzanilladelapaz.gob.mx\/v2\/transparencia\/articulo8.html\">https:\/\/manzanilladelapaz.gob.mx\/v2\/transparencia\/articulo8.html<\/a><\/strong>--> <\/p>\n\n\n\n<pre class=\"wp-block-preformatted interlineado-personalizado\" style=\"text-transform:uppercase\"><strong>Fracci\u00f3n XI    Los estudios financiados con recursos p\u00fablicos;<\/strong><br><br>\n\n<p style=\"text-align: justify;\"><span style=\"font-size: 14px;\">BAJO PROTESTA DE DECIR VERDAD, NOTIFICO QUE EN LA ADMINISTRACI\u00d3N 2021-2024 NO SE HAN REALIZADO ESTUDIOS FINANCIADOS CON RECURSDOS PUBLICOS.&nbsp;<\/span><\/p>\n<p style=\"text-align: justify;\"><span style=\"font-size: 14px;\">L.C.P. DIEGO ARMANDO ESPINOZA BERNAL&nbsp;\n<br \/>ENCARGADO DE LA HACIENDA PUBLICA MUNICIPAL<\/span><\/p><br \/><br \/>\n<p style=\"text-align: justify;\"><span style=\"font-size: 14px;\">BAJO PROTESTA DE DECIR LA VERDAD, NOTIFICO QUE EN LA ADMINISTRACI\u00d3NB 2015-2018 Y 2018-2021 NO SE HAN REALIZADO ESTUDIOS FINANCIADOS CON RECURSDOS PUBLICOS.&nbsp;<\/span><\/p>\n<p style=\"text-align: justify;\"><span style=\"font-size: 14px;\">LIC. EVERARDO DIAZ&nbsp;\n<br \/>TESORERIA MUNICIPAL&nbsp;<\/span><\/p>\n<p style=\"text-align: justify;\"><span style=\"font-size: 14px;\"><br><\/span><\/p>\n<p> <\/p>\n<p><span style=\"line-height: normal;\"><\/span><\/p>\n<p> <\/p>\n<\/pre>\n","protected":false},"excerpt":{"rendered":"<p>Fracci\u00f3n XI Los estudios financiados con recursos p\u00fablicos; BAJO PROTESTA DE DECIR VERDAD, NOTIFICO QUE EN LA ADMINISTRACI\u00d3N 2021-2024 NO SE HAN REALIZADO ESTUDIOS FINANCIADOS CON RECURSDOS PUBLICOS.&nbsp; L.C.P. DIEGO &#8230;<\/p>\n","protected":false},"author":1,"featured_media":0,"parent":0,"menu_order":0,"comment_status":"closed","ping_status":"closed","template":"","meta":{"footnotes":""},"class_list":["post-313","page","type-page","status-publish","hentry"],"_links":{"self":[{"href":"https:\/\/manzanilladelapaz.gob.mx\/v3\/index.php\/wp-json\/wp\/v2\/pages\/313","targetHints":{"allow":["GET"]}}],"collection":[{"href":"https:\/\/manzanilladelapaz.gob.mx\/v3\/index.php\/wp-json\/wp\/v2\/pages"}],"about":[{"href":"https:\/\/manzanilladelapaz.gob.mx\/v3\/index.php\/wp-json\/wp\/v2\/types\/page"}],"author":[{"embeddable":true,"href":"https:\/\/manzanilladelapaz.gob.mx\/v3\/index.php\/wp-json\/wp\/v2\/users\/1"}],"replies":[{"embeddable":true,"href":"https:\/\/manzanilladelapaz.gob.mx\/v3\/index.php\/wp-json\/wp\/v2\/comments?post=313"}],"version-history":[{"count":12,"href":"https:\/\/manzanilladelapaz.gob.mx\/v3\/index.php\/wp-json\/wp\/v2\/pages\/313\/revisions"}],"predecessor-version":[{"id":942,"href":"https:\/\/manzanilladelapaz.gob.mx\/v3\/index.php\/wp-json\/wp\/v2\/pages\/313\/revisions\/942"}],"wp:attachment":[{"href":"https:\/\/manzanilladelapaz.gob.mx\/v3\/index.php\/wp-json\/wp\/v2\/media?parent=313"}],"curies":[{"name":"wp","href":"https:\/\/api.w.org\/{rel}","templated":true}]}}