{"id":315,"date":"2024-11-29T15:37:14","date_gmt":"2024-11-29T14:37:14","guid":{"rendered":"https:\/\/manzanilladelapaz.gob.mx\/v3\/?page_id=315"},"modified":"2025-01-09T18:20:28","modified_gmt":"2025-01-09T17:20:28","slug":"fraccion-xii","status":"publish","type":"page","link":"https:\/\/manzanilladelapaz.gob.mx\/v3\/index.php\/fraccion-xii\/","title":{"rendered":"Art\u00edculo 8 Fracci\u00f3n XII"},"content":{"rendered":"\n<p><!-- <strong><font color=\"red\">Se est\u00e1 actualizando el sitio Web con esta nueva interfaz, la informaci\u00f3n que a\u00fan no aparece aqu\u00ed, puede ser consultada en la versi\u00f3n anterior del sitio en:<\/font>&nbsp;<a href=\"https:\/\/manzanilladelapaz.gob.mx\/v2\/transparencia\/articulo8.html\">https:\/\/manzanilladelapaz.gob.mx\/v2\/transparencia\/articulo8.html<\/a><\/strong>--> <\/p>\n\n\n\n<pre class=\"wp-block-preformatted interlineado-personalizado\" style=\"text-transform:uppercase\"><strong>Fracci\u00f3n XII    Los ingresos recibidos por cualquier concepto se\u00f1alando el nombre de los responsables de recibirlos, administrarlos y ejercerlos, as\u00ed como su destino, indicando el destino de cada uno de ellos;<\/strong>\n\n<!--<p><span style=\"font-weight: bold; font-size: 16px;\">2022<\/span><\/p>-->\n<ul>\n<img decoding=\"async\" width=\"28px\" src=\"https:\/\/manzanilladelapaz.gob.mx\/v3\/wp-content\/uploads\/2024\/11\/file-and-folder3.png\"> <a href=\"https:\/\/manzanilladelapaz.gob.mx\/Transparencia\/Articulo8\/Fraccion_XII\/Encargado_de_recibir_administrar_y_ejercer_los_ingresos_2024.xlsx\" target=\"_blank\">Encargado de recibir, administrar y ejercer los ingresos 2024<\/a>\n<br><img decoding=\"async\" width=\"28px\" src=\"https:\/\/manzanilladelapaz.gob.mx\/v3\/wp-content\/uploads\/2024\/11\/file-and-folder3.png\"> <a href=\"https:\/\/manzanilladelapaz.gob.mx\/Transparencia\/Articulo8\/Fraccion_XII\/INGRESOS_RECIBIDOS_2024.xlsx\" target=\"_blank\">INGRESOS RECIBIDOS 2024<\/a>\n<br><img decoding=\"async\" width=\"28px\" src=\"https:\/\/manzanilladelapaz.gob.mx\/v3\/wp-content\/uploads\/2024\/11\/file-and-folder3.png\"> <a href=\"https:\/\/manzanilladelapaz.gob.mx\/Transparencia\/Articulo8\/Fraccion_XII\/Encargado_de_recibir_administrar_y_ejercer_los_ingresos_2023_0.xlsx\" target=\"_blank\">Encargado de recibir, administrar y ejercer los ingresos 2023<\/a>\n<br><img decoding=\"async\" width=\"28px\" src=\"https:\/\/manzanilladelapaz.gob.mx\/v3\/wp-content\/uploads\/2024\/11\/file-and-folder3.png\"> <a href=\"https:\/\/manzanilladelapaz.gob.mx\/Transparencia\/Articulo8\/Fraccion_XII\/INGRESOS_RECIBIDOS_2023.xlsx\" target=\"_blank\">INGRESOS RECIBIDOS 2023<\/a>\n<br><img decoding=\"async\" width=\"28px\" src=\"https:\/\/manzanilladelapaz.gob.mx\/v3\/wp-content\/uploads\/2024\/11\/file-and-folder3.png\"> <a href=\"https:\/\/manzanilladelapaz.gob.mx\/Transparencia\/Articulo8\/Fraccion_XII\/Encargado_de_recibir_administrar_y_ejercer_los_ingresos_2022_0.xlsx\" target=\"_blank\">Encargado de recibir, administrar y ejercer los ingresos 2022<\/a>\n<br><img decoding=\"async\" width=\"28px\" src=\"https:\/\/manzanilladelapaz.gob.mx\/v3\/wp-content\/uploads\/2024\/11\/file-and-folder3.png\"> <a href=\"https:\/\/manzanilladelapaz.gob.mx\/Transparencia\/Articulo8\/Fraccion_XII\/INGRESOS_RECIBIDOS_2022.pdf\" target=\"_blank\">INGRESOS RECIBIDOS 2022<\/a>\n<br><img decoding=\"async\" width=\"28px\" src=\"https:\/\/manzanilladelapaz.gob.mx\/v3\/wp-content\/uploads\/2024\/11\/file-and-folder3.png\"> <a href=\"https:\/\/transparencia.info.jalisco.gob.mx\/sites\/default\/files\/\/Encargado%20de%20recibir%2C%20administrar%20y%20ejercer%20los%20ingresos%202021_0.xlsx\" target=\"_blank\">Encargado de recibir, administrar y ejercer los ingresos 2021<\/a>\n<br><img decoding=\"async\" width=\"28px\" src=\"https:\/\/manzanilladelapaz.gob.mx\/v3\/wp-content\/uploads\/2024\/11\/file-and-folder3.png\"> <a href=\"https:\/\/transparencia.info.jalisco.gob.mx\/sites\/default\/files\/\/Encargado%20de%20recibir%2C%20administrar%20y%20ejercer%20los%20ingresos%202021.xlsx\" target=\"_blank\">Encargado de recibir, administrar y ejercer los ingresos 2021<\/a>\n<br><img decoding=\"async\" width=\"28px\" src=\"https:\/\/manzanilladelapaz.gob.mx\/v3\/wp-content\/uploads\/2024\/11\/file-and-folder3.png\"> <a href=\"https:\/\/transparencia.info.jalisco.gob.mx\/sites\/default\/files\/\/INGRESOS%20RECIBIDOS%202021_0.pdf\" target=\"_blank\">INGRESOS RECIBIDOS 2021<\/a>\n<br><img decoding=\"async\" width=\"28px\" src=\"https:\/\/manzanilladelapaz.gob.mx\/v3\/wp-content\/uploads\/2024\/11\/file-and-folder3.png\"> <a href=\"https:\/\/transparencia.info.jalisco.gob.mx\/sites\/default\/files\/\/INGRESOS%20RECIBIDOS%202021.pdf\" target=\"_blank\">INGRESOS RECIBIDOS 2021<\/a>\n<br><img decoding=\"async\" width=\"28px\" src=\"https:\/\/manzanilladelapaz.gob.mx\/v3\/wp-content\/uploads\/2024\/11\/file-and-folder3.png\"> <a href=\"https:\/\/transparencia.info.jalisco.gob.mx\/sites\/default\/files\/\/INGRESOS%202020.pdf\" target=\"_blank\">INGRESOS 2020<\/a>\n<br><img decoding=\"async\" width=\"28px\" src=\"https:\/\/manzanilladelapaz.gob.mx\/v3\/wp-content\/uploads\/2024\/11\/file-and-folder3.png\"> <a href=\"https:\/\/transparencia.info.jalisco.gob.mx\/sites\/default\/files\/\/INGRESOS%20ENERO-MAYO2020.pdf\" target=\"_blank\">INGRESOS ENERO-MAYO 2020<\/a>\n<br><img decoding=\"async\" width=\"28px\" src=\"https:\/\/manzanilladelapaz.gob.mx\/v3\/wp-content\/uploads\/2024\/11\/file-and-folder3.png\"> <a href=\"https:\/\/transparencia.info.jalisco.gob.mx\/sites\/default\/files\/\/INGRESOS%20ENERO-DICIEMBRE%202019.pdf\" target=\"_blank\">INGRESOS ENERO-DICIEMBRE 2019<\/a>\n<br><img decoding=\"async\" width=\"28px\" src=\"https:\/\/manzanilladelapaz.gob.mx\/v3\/wp-content\/uploads\/2024\/11\/file-and-folder3.png\"> <a href=\"https:\/\/transparencia.info.jalisco.gob.mx\/sites\/default\/files\/\/INGRESOS%20ENERO-DICIEMBRE%202018.pdf\" target=\"_blank\">INGRESOS ENERO-DICIEMBRE 2018<\/a>\n<\/ul>\n<p><br><\/p>\n\n<\/pre>\n","protected":false},"excerpt":{"rendered":"<p>Fracci\u00f3n XII Los ingresos recibidos por cualquier concepto se\u00f1alando el nombre de los responsables de recibirlos, administrarlos y ejercerlos, as\u00ed como su destino, indicando el destino de cada uno de &#8230;<\/p>\n","protected":false},"author":1,"featured_media":0,"parent":0,"menu_order":0,"comment_status":"closed","ping_status":"closed","template":"","meta":{"footnotes":""},"class_list":["post-315","page","type-page","status-publish","hentry"],"_links":{"self":[{"href":"https:\/\/manzanilladelapaz.gob.mx\/v3\/index.php\/wp-json\/wp\/v2\/pages\/315","targetHints":{"allow":["GET"]}}],"collection":[{"href":"https:\/\/manzanilladelapaz.gob.mx\/v3\/index.php\/wp-json\/wp\/v2\/pages"}],"about":[{"href":"https:\/\/manzanilladelapaz.gob.mx\/v3\/index.php\/wp-json\/wp\/v2\/types\/page"}],"author":[{"embeddable":true,"href":"https:\/\/manzanilladelapaz.gob.mx\/v3\/index.php\/wp-json\/wp\/v2\/users\/1"}],"replies":[{"embeddable":true,"href":"https:\/\/manzanilladelapaz.gob.mx\/v3\/index.php\/wp-json\/wp\/v2\/comments?post=315"}],"version-history":[{"count":9,"href":"https:\/\/manzanilladelapaz.gob.mx\/v3\/index.php\/wp-json\/wp\/v2\/pages\/315\/revisions"}],"predecessor-version":[{"id":948,"href":"https:\/\/manzanilladelapaz.gob.mx\/v3\/index.php\/wp-json\/wp\/v2\/pages\/315\/revisions\/948"}],"wp:attachment":[{"href":"https:\/\/manzanilladelapaz.gob.mx\/v3\/index.php\/wp-json\/wp\/v2\/media?parent=315"}],"curies":[{"name":"wp","href":"https:\/\/api.w.org\/{rel}","templated":true}]}}