{"id":543,"date":"2024-11-30T04:52:02","date_gmt":"2024-11-30T03:52:02","guid":{"rendered":"https:\/\/manzanilladelapaz.gob.mx\/v3\/?page_id=543"},"modified":"2024-11-30T04:52:03","modified_gmt":"2024-11-30T03:52:03","slug":"articulo-8-fraccion-i-b","status":"publish","type":"page","link":"https:\/\/manzanilladelapaz.gob.mx\/v3\/index.php\/articulo-8-fraccion-i-b\/","title":{"rendered":"Art\u00edculo 8 \/ Fracci\u00f3n I \/ b)"},"content":{"rendered":"\n<pre class=\"wp-block-preformatted interlineado-personalizado\" style=\"text-transform:uppercase\"><strong>b)     El reglamento interno para el manejo de la informaci\u00f3n p\u00fablica del sujeto obligado;<\/strong><br><ul><br><img decoding=\"async\" width=\"28px\" src=\"https:\/\/manzanilladelapaz.gob.mx\/v3\/wp-content\/uploads\/2024\/11\/file-and-folder3.png\"> <a href=\"https:\/\/transparencia.info.jalisco.gob.mx\/transparencia\/informacion-fundamental\/13086\" target=\"_blank\">Ponemos a su disposici\u00f3n la informaci\u00f3n concerniente a este inciso de esta dependencia<\/a><br><br><img decoding=\"async\" width=\"28px\" src=\"https:\/\/manzanilladelapaz.gob.mx\/v3\/wp-content\/uploads\/2024\/11\/file-and-folder3.png\"> <a href=\"https:\/\/manzanilladelapaz.gob.mx\/Transparencia\/Articulo8\/Fraccion_I\/b\/GACETA_002.pdf\" target=\"_blank\">REGLAMENTO DE TRANSPARENCIA Y ACCESO A LA INFORMACI\u00d3N P\u00daBLICA DEL MUNICIPIO DE LA MANZANILLA DE PAZ, JALISCO<\/a><br><br><\/ul><br><\/pre>\n","protected":false},"excerpt":{"rendered":"<p>b) El reglamento interno para el manejo de la informaci\u00f3n p\u00fablica del sujeto obligado; Ponemos a su disposici\u00f3n la informaci\u00f3n concerniente a este inciso de esta dependencia REGLAMENTO DE TRANSPARENCIA &#8230;<\/p>\n","protected":false},"author":1,"featured_media":0,"parent":0,"menu_order":0,"comment_status":"closed","ping_status":"closed","template":"","meta":{"footnotes":""},"class_list":["post-543","page","type-page","status-publish","hentry"],"_links":{"self":[{"href":"https:\/\/manzanilladelapaz.gob.mx\/v3\/index.php\/wp-json\/wp\/v2\/pages\/543","targetHints":{"allow":["GET"]}}],"collection":[{"href":"https:\/\/manzanilladelapaz.gob.mx\/v3\/index.php\/wp-json\/wp\/v2\/pages"}],"about":[{"href":"https:\/\/manzanilladelapaz.gob.mx\/v3\/index.php\/wp-json\/wp\/v2\/types\/page"}],"author":[{"embeddable":true,"href":"https:\/\/manzanilladelapaz.gob.mx\/v3\/index.php\/wp-json\/wp\/v2\/users\/1"}],"replies":[{"embeddable":true,"href":"https:\/\/manzanilladelapaz.gob.mx\/v3\/index.php\/wp-json\/wp\/v2\/comments?post=543"}],"version-history":[{"count":2,"href":"https:\/\/manzanilladelapaz.gob.mx\/v3\/index.php\/wp-json\/wp\/v2\/pages\/543\/revisions"}],"predecessor-version":[{"id":548,"href":"https:\/\/manzanilladelapaz.gob.mx\/v3\/index.php\/wp-json\/wp\/v2\/pages\/543\/revisions\/548"}],"wp:attachment":[{"href":"https:\/\/manzanilladelapaz.gob.mx\/v3\/index.php\/wp-json\/wp\/v2\/media?parent=543"}],"curies":[{"name":"wp","href":"https:\/\/api.w.org\/{rel}","templated":true}]}}