{"id":547,"date":"2024-11-30T04:56:48","date_gmt":"2024-11-30T03:56:48","guid":{"rendered":"https:\/\/manzanilladelapaz.gob.mx\/v3\/?page_id=547"},"modified":"2024-11-30T04:56:49","modified_gmt":"2024-11-30T03:56:49","slug":"articulo-8-fraccion-i-c","status":"publish","type":"page","link":"https:\/\/manzanilladelapaz.gob.mx\/v3\/index.php\/articulo-8-fraccion-i-c\/","title":{"rendered":"Art\u00edculo 8 \/ Fracci\u00f3n I \/ c)"},"content":{"rendered":"\n<pre class=\"wp-block-preformatted interlineado-personalizado\" style=\"text-transform:uppercase\"><strong>c)     Los lineamientos estatales de clasificaci\u00f3n de informaci\u00f3n p\u00fablica, emitidos por el Instituto;<\/strong><br><ul><br><img decoding=\"async\" width=\"28px\" src=\"https:\/\/manzanilladelapaz.gob.mx\/v3\/wp-content\/uploads\/2024\/11\/file-and-folder3.png\"> <a href=\"https:\/\/transparencia.info.jalisco.gob.mx\/transparencia\/informacion-fundamental\/13087\" target=\"_blank\">Ponemos a su disposici\u00f3n la informaci\u00f3n concerniente a este inciso de esta dependencia<\/a><br><br><img decoding=\"async\" width=\"28px\" src=\"https:\/\/manzanilladelapaz.gob.mx\/v3\/wp-content\/uploads\/2024\/11\/file-and-folder3.png\"> <a href=\"https:\/\/manzanilladelapaz.gob.mx\/Transparencia\/Articulo8\/Fraccion_I\/c\/Lineamientos_Estatales_de_la_clasificacion_de_informacion_publica.pdf\" target=\"_blank\">Lineamientos Estatales de la clasificaci\u00f3n de informaci\u00f3n p\u00fablica<\/a><br>                            <\/ul><br><br><\/pre>\n","protected":false},"excerpt":{"rendered":"<p>c) Los lineamientos estatales de clasificaci\u00f3n de informaci\u00f3n p\u00fablica, emitidos por el Instituto; Ponemos a su disposici\u00f3n la informaci\u00f3n concerniente a este inciso de esta dependencia Lineamientos Estatales de la &#8230;<\/p>\n","protected":false},"author":1,"featured_media":0,"parent":0,"menu_order":0,"comment_status":"closed","ping_status":"closed","template":"","meta":{"footnotes":""},"class_list":["post-547","page","type-page","status-publish","hentry"],"_links":{"self":[{"href":"https:\/\/manzanilladelapaz.gob.mx\/v3\/index.php\/wp-json\/wp\/v2\/pages\/547","targetHints":{"allow":["GET"]}}],"collection":[{"href":"https:\/\/manzanilladelapaz.gob.mx\/v3\/index.php\/wp-json\/wp\/v2\/pages"}],"about":[{"href":"https:\/\/manzanilladelapaz.gob.mx\/v3\/index.php\/wp-json\/wp\/v2\/types\/page"}],"author":[{"embeddable":true,"href":"https:\/\/manzanilladelapaz.gob.mx\/v3\/index.php\/wp-json\/wp\/v2\/users\/1"}],"replies":[{"embeddable":true,"href":"https:\/\/manzanilladelapaz.gob.mx\/v3\/index.php\/wp-json\/wp\/v2\/comments?post=547"}],"version-history":[{"count":1,"href":"https:\/\/manzanilladelapaz.gob.mx\/v3\/index.php\/wp-json\/wp\/v2\/pages\/547\/revisions"}],"predecessor-version":[{"id":549,"href":"https:\/\/manzanilladelapaz.gob.mx\/v3\/index.php\/wp-json\/wp\/v2\/pages\/547\/revisions\/549"}],"wp:attachment":[{"href":"https:\/\/manzanilladelapaz.gob.mx\/v3\/index.php\/wp-json\/wp\/v2\/media?parent=547"}],"curies":[{"name":"wp","href":"https:\/\/api.w.org\/{rel}","templated":true}]}}