{"id":555,"date":"2024-11-30T06:01:18","date_gmt":"2024-11-30T05:01:18","guid":{"rendered":"https:\/\/manzanilladelapaz.gob.mx\/v3\/?page_id=555"},"modified":"2024-11-30T06:01:19","modified_gmt":"2024-11-30T05:01:19","slug":"articulo-8-fraccion-i-e","status":"publish","type":"page","link":"https:\/\/manzanilladelapaz.gob.mx\/v3\/index.php\/articulo-8-fraccion-i-e\/","title":{"rendered":"Art\u00edculo 8 \/ Fracci\u00f3n I \/ e)"},"content":{"rendered":"\n<pre class=\"wp-block-preformatted interlineado-personalizado\" style=\"text-transform:uppercase\"><strong>e)     Los lineamientos estatales de protecci\u00f3n de informaci\u00f3n confidencial y reservada, emitidos por el Instituto;<\/strong><br><ul><br><img decoding=\"async\" width=\"28px\" src=\"https:\/\/manzanilladelapaz.gob.mx\/v3\/wp-content\/uploads\/2024\/11\/file-and-folder3.png\"> <a href=\"https:\/\/transparencia.info.jalisco.gob.mx\/transparencia\/informacion-fundamental\/13091\" target=\"_blank\">Ponemos a su disposici\u00f3n la informaci\u00f3n concerniente a este inciso de esta dependencia<\/a><br><br><img decoding=\"async\" width=\"28px\" src=\"https:\/\/manzanilladelapaz.gob.mx\/v3\/wp-content\/uploads\/2024\/11\/file-and-folder3.png\"> <a href=\"https:\/\/manzanilladelapaz.gob.mx\/Transparencia\/Articulo8\/Fraccion_I\/e\/Lineamientos_estatales_de_proteccion_de_informacion_confidencial_y_reservada.pdf\" target=\"_blank\">Lineamientos estatales de protecci\u00f3n de informaci\u00f3n confidencial y reservada.<\/a><br><\/ul><br><br><br><\/pre>\n","protected":false},"excerpt":{"rendered":"<p>e) Los lineamientos estatales de protecci\u00f3n de informaci\u00f3n confidencial y reservada, emitidos por el Instituto; Ponemos a su disposici\u00f3n la informaci\u00f3n concerniente a este inciso de esta dependencia Lineamientos estatales &#8230;<\/p>\n","protected":false},"author":1,"featured_media":0,"parent":0,"menu_order":0,"comment_status":"closed","ping_status":"closed","template":"","meta":{"footnotes":""},"class_list":["post-555","page","type-page","status-publish","hentry"],"_links":{"self":[{"href":"https:\/\/manzanilladelapaz.gob.mx\/v3\/index.php\/wp-json\/wp\/v2\/pages\/555","targetHints":{"allow":["GET"]}}],"collection":[{"href":"https:\/\/manzanilladelapaz.gob.mx\/v3\/index.php\/wp-json\/wp\/v2\/pages"}],"about":[{"href":"https:\/\/manzanilladelapaz.gob.mx\/v3\/index.php\/wp-json\/wp\/v2\/types\/page"}],"author":[{"embeddable":true,"href":"https:\/\/manzanilladelapaz.gob.mx\/v3\/index.php\/wp-json\/wp\/v2\/users\/1"}],"replies":[{"embeddable":true,"href":"https:\/\/manzanilladelapaz.gob.mx\/v3\/index.php\/wp-json\/wp\/v2\/comments?post=555"}],"version-history":[{"count":1,"href":"https:\/\/manzanilladelapaz.gob.mx\/v3\/index.php\/wp-json\/wp\/v2\/pages\/555\/revisions"}],"predecessor-version":[{"id":556,"href":"https:\/\/manzanilladelapaz.gob.mx\/v3\/index.php\/wp-json\/wp\/v2\/pages\/555\/revisions\/556"}],"wp:attachment":[{"href":"https:\/\/manzanilladelapaz.gob.mx\/v3\/index.php\/wp-json\/wp\/v2\/media?parent=555"}],"curies":[{"name":"wp","href":"https:\/\/api.w.org\/{rel}","templated":true}]}}