{"id":561,"date":"2024-11-30T06:17:48","date_gmt":"2024-11-30T05:17:48","guid":{"rendered":"https:\/\/manzanilladelapaz.gob.mx\/v3\/?page_id=561"},"modified":"2025-04-04T01:32:55","modified_gmt":"2025-04-03T23:32:55","slug":"articulo-8-fraccion-i-g","status":"publish","type":"page","link":"https:\/\/manzanilladelapaz.gob.mx\/v3\/index.php\/articulo-8-fraccion-i-g\/","title":{"rendered":"Art\u00edculo 8 \/ Fracci\u00f3n I \/ g)"},"content":{"rendered":"\n<pre class=\"wp-block-preformatted interlineado-personalizado\" style=\"text-transform:uppercase\"><strong>g)    Las actas y resoluciones del Comit\u00e9 de Transparencia;<\/strong><br>\n<ul>\n<img decoding=\"async\" width=\"28px\" src=\"https:\/\/manzanilladelapaz.gob.mx\/v3\/wp-content\/uploads\/2024\/11\/file-and-folder4.png\"> <strong>2024-2027<\/strong>\n<ul>\n<img decoding=\"async\" width=\"28px\" src=\"https:\/\/manzanilladelapaz.gob.mx\/v3\/wp-content\/uploads\/2024\/11\/file-and-folder3.png\"> <a href=\"https:\/\/manzanilladelapaz.gob.mx\/Transparencia\/Articulo8\/Fraccion_I\/g\/2024-2027\/SEGUNDA_SESION_ORDINARIA_DEL_COMITE_DE_TRANSPARENCIA_comprimido.pdf\" target=\"_blank\">SEGUNDA SESI\u00d3N ORDINARIA DEL COMIT\u00c9 DE TRANSPARENCIA<\/a><br>\n<img decoding=\"async\" width=\"28px\" src=\"https:\/\/manzanilladelapaz.gob.mx\/v3\/wp-content\/uploads\/2024\/11\/file-and-folder3.png\"> <a href=\"https:\/\/manzanilladelapaz.gob.mx\/Transparencia\/Articulo8\/Fraccion_I\/g\/2024-2027\/PRIMERA_SESION_ORDINARIA_DEL_COMITE_DE_TRANSPARENCIA_comprimido.pdf\" target=\"_blank\">PRIMERA SESI\u00d3N ORDINARIA DEL COMIT\u00c9 DE TRANSPARENCIA<\/a><br>\n<img decoding=\"async\" width=\"28px\" src=\"https:\/\/manzanilladelapaz.gob.mx\/v3\/wp-content\/uploads\/2024\/11\/file-and-folder3.png\"> <a href=\"https:\/\/manzanilladelapaz.gob.mx\/Transparencia\/Articulo8\/Fraccion_I\/g\/2024-2027\/ACUERDO_DE_CONFORMACION_DEL_COMITE_DE_TRANSPARENCIA_2024-2027_comprimido.pdf\" target=\"_blank\">ACUERDO DE CONFORMACI\u00d3N DEL COMIT\u00c9 DE TRANSPARENCIA 2024-2027<\/a>\n<\/ul><\/ul>\n<ul>\n<img decoding=\"async\" width=\"28px\" src=\"https:\/\/manzanilladelapaz.gob.mx\/v3\/wp-content\/uploads\/2024\/11\/file-and-folder4.png\"> <strong>2021-2024<\/strong>\n<ul>\n<img decoding=\"async\" width=\"28px\" src=\"https:\/\/manzanilladelapaz.gob.mx\/v3\/wp-content\/uploads\/2024\/11\/file-and-folder3.png\"> <a href=\"https:\/\/manzanilladelapaz.gob.mx\/Transparencia\/Articulo8\/Fraccion_I\/g\/ACTA_DE_INSTALACION_COMITE_DE_TRANSPARENCIA_02.pdf\" target=\"_blank\">ACTA_DE_INSTALACION_COMITE_DE_TRANSPARENCIA_02<\/a><br>\n<img decoding=\"async\" width=\"28px\" src=\"https:\/\/manzanilladelapaz.gob.mx\/v3\/wp-content\/uploads\/2024\/11\/file-and-folder3.png\"> <a href=\"https:\/\/manzanilladelapaz.gob.mx\/Transparencia\/Articulo8\/Fraccion_I\/g\/ACTA_DE_TRANSPARENCIA_No_001.pdf\" target=\"_blank\">ACTA_DE_TRANSPARENCIA_No_001<\/a><br>\n<img decoding=\"async\" width=\"28px\" src=\"https:\/\/manzanilladelapaz.gob.mx\/v3\/wp-content\/uploads\/2024\/11\/file-and-folder3.png\"> <a href=\"https:\/\/manzanilladelapaz.gob.mx\/Transparencia\/Articulo8\/Fraccion_I\/g\/ACTA_DE_TRANSPARENCIA_No_002.pdf\" target=\"_blank\">ACTA_DE_TRANSPARENCIA_No_002<\/a><br>\n<img decoding=\"async\" width=\"28px\" src=\"https:\/\/manzanilladelapaz.gob.mx\/v3\/wp-content\/uploads\/2024\/11\/file-and-folder3.png\"> <a href=\"https:\/\/manzanilladelapaz.gob.mx\/Transparencia\/Articulo8\/Fraccion_I\/g\/ACTA_DE_TRANSPARENCIA_No_003.pdf\" target=\"_blank\">ACTA_DE_TRANSPARENCIA_No_003<\/a><br>\n<img decoding=\"async\" width=\"28px\" src=\"https:\/\/manzanilladelapaz.gob.mx\/v3\/wp-content\/uploads\/2024\/11\/file-and-folder3.png\"> <a href=\"https:\/\/manzanilladelapaz.gob.mx\/Transparencia\/Articulo8\/Fraccion_I\/g\/ACTA_DE_TRANSPARENCIA_No_004.pdf\" target=\"_blank\">ACTA_DE_TRANSPARENCIA_No_004<\/a><br>\n<img decoding=\"async\" width=\"28px\" src=\"https:\/\/manzanilladelapaz.gob.mx\/v3\/wp-content\/uploads\/2024\/11\/file-and-folder3.png\"> <a href=\"https:\/\/manzanilladelapaz.gob.mx\/Transparencia\/Articulo8\/Fraccion_I\/g\/ACTA_CIRCUNSTANCIADA_DE_HECHOS_01.pdf\" target=\"_blank\">ACTA_CIRCUNSTANCIADA_DE_HECHOS_01<\/a><br>\n<img decoding=\"async\" width=\"28px\" src=\"https:\/\/manzanilladelapaz.gob.mx\/v3\/wp-content\/uploads\/2024\/11\/file-and-folder3.png\"> <a href=\"https:\/\/manzanilladelapaz.gob.mx\/Transparencia\/Articulo8\/Fraccion_I\/g\/ACTA_CIRCUNSTANCIADA_DE_HECHOS_02.pdf\" target=\"_blank\">ACTA_CIRCUNSTANCIADA_DE_HECHOS_02<\/a><br>\n<img decoding=\"async\" width=\"28px\" src=\"https:\/\/manzanilladelapaz.gob.mx\/v3\/wp-content\/uploads\/2024\/11\/file-and-folder3.png\"> <a href=\"https:\/\/manzanilladelapaz.gob.mx\/Transparencia\/Articulo8\/Fraccion_I\/g\/ACUERDO_DE_CONFORMACION_DEL_COMITE_DE_TRANSPARENCIA.pdf\" target=\"_blank\">ACUERDO DE CONFORMACI\u00d3N DEL COMITE DE TRANSPARENCIA<\/a><br>\n<img decoding=\"async\" width=\"28px\" src=\"https:\/\/manzanilladelapaz.gob.mx\/v3\/wp-content\/uploads\/2024\/11\/file-and-folder3.png\"> <a href=\"https:\/\/manzanilladelapaz.gob.mx\/Transparencia\/Articulo8\/Fraccion_I\/g\/SESION_DE_INSTALACION_DEL_COMITE_DE_TRANSPARENCIA.pdf\" target=\"_blank\">SESION DE INSTALACI\u00d3N DEL COMITE DE TRANSPARENCIA<\/a>\n<\/ul><\/ul>\n<ul>\n<img decoding=\"async\" width=\"28px\" src=\"https:\/\/manzanilladelapaz.gob.mx\/v3\/wp-content\/uploads\/2024\/11\/file-and-folder4.png\"> <strong>2018-2021<\/strong>\n<ul>\n<img decoding=\"async\" width=\"28px\" src=\"https:\/\/manzanilladelapaz.gob.mx\/v3\/wp-content\/uploads\/2024\/11\/file-and-folder3.png\"> <a href=\"https:\/\/transparencia.info.jalisco.gob.mx\/sites\/default\/files\/\/ACTA%20DE%20CONFORMACION%20COMITE%20LA%20MANZANILLA%202018%20-%202021.pdf\" target=\"_blank\">ACTA DE CONFORMACION COMITE LA MANZANILLA 2018 - 2021<\/a><br>\n<img decoding=\"async\" width=\"28px\" src=\"https:\/\/manzanilladelapaz.gob.mx\/v3\/wp-content\/uploads\/2024\/11\/file-and-folder3.png\"> <a href=\"https:\/\/transparencia.info.jalisco.gob.mx\/sites\/default\/files\/\/PRIMER%20SESION%20DEL%20COMITE%20TRANSPARENCIA%202018%20-%202021.pdf\" target=\"_blank\">PRIMER SESION DEL COMITE TRANSPARENCIA 2018 - 2021<\/a><br>\n<img decoding=\"async\" width=\"28px\" src=\"https:\/\/manzanilladelapaz.gob.mx\/v3\/wp-content\/uploads\/2024\/11\/file-and-folder3.png\"> <a href=\"https:\/\/transparencia.info.jalisco.gob.mx\/sites\/default\/files\/\/SEGUNDA%20SESION%20COMITE%20TRANSPARENCIA%202018%20-%202021.pdf\" target=\"_blank\">SEGUNDA SESION COMITE TRANSPARENCIA 2018 - 2021<\/a><br>\n<img decoding=\"async\" width=\"28px\" src=\"https:\/\/manzanilladelapaz.gob.mx\/v3\/wp-content\/uploads\/2024\/11\/file-and-folder3.png\"> <a href=\"https:\/\/transparencia.info.jalisco.gob.mx\/sites\/default\/files\/\/TERCERA%20SESION%20COMITE%20TRANSPARENCIA%202018%20-%202021.pdf\" target=\"_blank\">TERCERA SESION COMITE TRANSPARENCIA 2018 - 2021<\/a><br>\n<img decoding=\"async\" width=\"28px\" src=\"https:\/\/manzanilladelapaz.gob.mx\/v3\/wp-content\/uploads\/2024\/11\/file-and-folder3.png\"> <a href=\"https:\/\/transparencia.info.jalisco.gob.mx\/sites\/default\/files\/\/CUARTA%20SESION%20COMITE%20TRANSPARENCIA%202018%20-%202021.pdf\" target=\"_blank\">CUARTA SESION COMITE TRANSPARENCIA 2018 - 2021<\/a><br>\n<img decoding=\"async\" width=\"28px\" src=\"https:\/\/manzanilladelapaz.gob.mx\/v3\/wp-content\/uploads\/2024\/11\/file-and-folder3.png\"> <a href=\"https:\/\/transparencia.info.jalisco.gob.mx\/sites\/default\/files\/\/QUINTA%20SESION%20COMITE%20TRANSPARENCIA%202018%20-%202021.pdf\" target=\"_blank\">QUINTA SESION COMITE TRANSPARENCIA 2018 - 2021<\/a><br>\n<img decoding=\"async\" width=\"28px\" src=\"https:\/\/manzanilladelapaz.gob.mx\/v3\/wp-content\/uploads\/2024\/11\/file-and-folder3.png\"> <a href=\"https:\/\/transparencia.info.jalisco.gob.mx\/sites\/default\/files\/\/SEXTA%20SESION%20COMITE%20TRANSPARENCIA%202018%20-%202021.pdf\" target=\"_blank\">SEXTA SESION COMITE TRANSPARENCIA 2018 - 2021<\/a><br>\n<img decoding=\"async\" width=\"28px\" src=\"https:\/\/manzanilladelapaz.gob.mx\/v3\/wp-content\/uploads\/2024\/11\/file-and-folder3.png\"> <a href=\"https:\/\/transparencia.info.jalisco.gob.mx\/sites\/default\/files\/\/SEPTIMA%20SESION%20COMITE%20TRANSPARENCIA%202018%20-%202021.pdf\" target=\"_blank\">SEPTIMA SESION COMITE TRANSPARENCIA 2018 - 2021<\/a><br>\n<img decoding=\"async\" width=\"28px\" src=\"https:\/\/manzanilladelapaz.gob.mx\/v3\/wp-content\/uploads\/2024\/11\/file-and-folder3.png\"> <a href=\"https:\/\/transparencia.info.jalisco.gob.mx\/sites\/default\/files\/\/OCTAVA%20SESION%20COMITE%20TRANSPARENCIA%202018%20-%202021.pdf\" target=\"_blank\">OCTAVA SESION COMITE TRANSPARENCIA 2018 - 2021<\/a><br>\n<img decoding=\"async\" width=\"28px\" src=\"https:\/\/manzanilladelapaz.gob.mx\/v3\/wp-content\/uploads\/2024\/11\/file-and-folder3.png\"> <a href=\"https:\/\/transparencia.info.jalisco.gob.mx\/sites\/default\/files\/\/NOVENA%20SESION%20COMITE%20DE%20TRANSPARENCIA%202018-2021.pdf\" target=\"_blank\">NOVENA SESION COMITE DE TRANSPARENCIA 2018-2021<\/a>\n<\/ul><\/ul>\n<ul>\n<img decoding=\"async\" width=\"28px\" src=\"https:\/\/manzanilladelapaz.gob.mx\/v3\/wp-content\/uploads\/2024\/11\/file-and-folder4.png\"> <strong>2015-2018<\/strong>\n<ul>\n<img decoding=\"async\" width=\"28px\" src=\"https:\/\/manzanilladelapaz.gob.mx\/v3\/wp-content\/uploads\/2024\/11\/file-and-folder3.png\"> <a href=\"https:\/\/transparencia.info.jalisco.gob.mx\/sites\/default\/files\/\/COMIT%c3%89%20DE%20CLASIFICACI%c3%93N%20DE%20INFORMACI%c3%93N%20P%c3%9aBLICA%20DEL%20H.%20AYUNTAMIENTO%20DE%20LA%20MANZANILLA%20DE%20LA%20PAZ.pdf\" target=\"_blank\">COMIT\u00c9 DE CLASIFICACI\u00d3N DE INFORMACI\u00d3N P\u00daBLICA DEL H. AYUNTAMIENTO DE LA MANZANILLA DE LA PAZ<\/a><br>\n<img decoding=\"async\" width=\"28px\" src=\"https:\/\/manzanilladelapaz.gob.mx\/v3\/wp-content\/uploads\/2024\/11\/file-and-folder3.png\"> <a href=\"https:\/\/transparencia.info.jalisco.gob.mx\/sites\/default\/files\/\/ACTA%20DEL%20COMIT%c3%89%20DE%20INFORMACI%c3%93N%20P%c3%9aBLICA%20DEL%20HONORABLE%20AYUNTAMIENTO%20DE%20LA%20MANZANILLA%20DE%20LA%20PAZ,%20MUNICIPIO%20DEL%20ESTADO%20DE%20JALISCO%20DE%20FECHA%2029-06-2016.pdf\" target=\"_blank\">ACTA DEL COMIT\u00c9 DE INFORMACI\u00d3N P\u00daBLICA DEL HONORABLE AYUNTAMIENTO DE LA MANZANILLA DE LA PAZ, MUNICIPIO DEL ESTADO DE JALISCO DE FECHA 29-06-2016<\/a><br>\n<img decoding=\"async\" width=\"28px\" src=\"https:\/\/manzanilladelapaz.gob.mx\/v3\/wp-content\/uploads\/2024\/11\/file-and-folder3.png\"> <a href=\"https:\/\/transparencia.info.jalisco.gob.mx\/sites\/default\/files\/\/CONFORMACION%20COMIT%c3%89%202015%20-%202018.pdf\" target=\"_blank\">CONFORMACION COMIT\u00c9 2015 - 2018<\/a><br>\n<img decoding=\"async\" width=\"28px\" src=\"https:\/\/manzanilladelapaz.gob.mx\/v3\/wp-content\/uploads\/2024\/11\/file-and-folder3.png\"> <a href=\"https:\/\/transparencia.info.jalisco.gob.mx\/sites\/default\/files\/\/SESION%20INSTALACION%202015%20-%202018.pdf\" target=\"_blank\">SESION INSTALACION 2015 - 2018<\/a><br>\n<img decoding=\"async\" width=\"28px\" src=\"https:\/\/manzanilladelapaz.gob.mx\/v3\/wp-content\/uploads\/2024\/11\/file-and-folder3.png\"> <a href=\"https:\/\/transparencia.info.jalisco.gob.mx\/sites\/default\/files\/\/PRIMER%20SESION%20COMITE%202015%20-%202018%20(2).pdf\" target=\"_blank\">PRIMER SESION COMITE 2015 - 2018 (2)<\/a><br>\n<img decoding=\"async\" width=\"28px\" src=\"https:\/\/manzanilladelapaz.gob.mx\/v3\/wp-content\/uploads\/2024\/11\/file-and-folder3.png\"> <a href=\"https:\/\/transparencia.info.jalisco.gob.mx\/sites\/default\/files\/\/SEGUNDA%20SESION%20COMITE%202015%20-%202018.pdf\" target=\"_blank\">SEGUNDA SESION COMITE 2015 - 2018<\/a><br>\n<img decoding=\"async\" width=\"28px\" src=\"https:\/\/manzanilladelapaz.gob.mx\/v3\/wp-content\/uploads\/2024\/11\/file-and-folder3.png\"> <a href=\"https:\/\/transparencia.info.jalisco.gob.mx\/sites\/default\/files\/\/TERCER%20SESION%20COMITE%202015%20-%202018.pdf\" target=\"_blank\">TERCER SESION COMITE 2015 - 2018<\/a><br>\n<img decoding=\"async\" width=\"28px\" src=\"https:\/\/manzanilladelapaz.gob.mx\/v3\/wp-content\/uploads\/2024\/11\/file-and-folder3.png\"> <a href=\"https:\/\/transparencia.info.jalisco.gob.mx\/sites\/default\/files\/\/CUARTA%20SESI%c3%93N%20COMITE%202015%20-%202018.pdf\" target=\"_blank\">CUARTA SESI\u00d3N COMITE 2015 - 2018<\/a>\n<\/ul><\/ul>\n<br><br><br><\/pre>\n","protected":false},"excerpt":{"rendered":"<p>g) Las actas y resoluciones del Comit\u00e9 de Transparencia; 2024-2027 SEGUNDA SESI\u00d3N ORDINARIA DEL COMIT\u00c9 DE TRANSPARENCIA PRIMERA SESI\u00d3N ORDINARIA DEL COMIT\u00c9 DE TRANSPARENCIA ACUERDO DE CONFORMACI\u00d3N DEL COMIT\u00c9 DE &#8230;<\/p>\n","protected":false},"author":1,"featured_media":0,"parent":0,"menu_order":0,"comment_status":"closed","ping_status":"closed","template":"","meta":{"footnotes":""},"class_list":["post-561","page","type-page","status-publish","hentry"],"_links":{"self":[{"href":"https:\/\/manzanilladelapaz.gob.mx\/v3\/index.php\/wp-json\/wp\/v2\/pages\/561","targetHints":{"allow":["GET"]}}],"collection":[{"href":"https:\/\/manzanilladelapaz.gob.mx\/v3\/index.php\/wp-json\/wp\/v2\/pages"}],"about":[{"href":"https:\/\/manzanilladelapaz.gob.mx\/v3\/index.php\/wp-json\/wp\/v2\/types\/page"}],"author":[{"embeddable":true,"href":"https:\/\/manzanilladelapaz.gob.mx\/v3\/index.php\/wp-json\/wp\/v2\/users\/1"}],"replies":[{"embeddable":true,"href":"https:\/\/manzanilladelapaz.gob.mx\/v3\/index.php\/wp-json\/wp\/v2\/comments?post=561"}],"version-history":[{"count":19,"href":"https:\/\/manzanilladelapaz.gob.mx\/v3\/index.php\/wp-json\/wp\/v2\/pages\/561\/revisions"}],"predecessor-version":[{"id":1587,"href":"https:\/\/manzanilladelapaz.gob.mx\/v3\/index.php\/wp-json\/wp\/v2\/pages\/561\/revisions\/1587"}],"wp:attachment":[{"href":"https:\/\/manzanilladelapaz.gob.mx\/v3\/index.php\/wp-json\/wp\/v2\/media?parent=561"}],"curies":[{"name":"wp","href":"https:\/\/api.w.org\/{rel}","templated":true}]}}