{"id":577,"date":"2024-11-30T22:06:11","date_gmt":"2024-11-30T21:06:11","guid":{"rendered":"https:\/\/manzanilladelapaz.gob.mx\/v3\/?page_id=577"},"modified":"2025-01-23T16:24:00","modified_gmt":"2025-01-23T15:24:00","slug":"articulo-8-fraccion-i-k","status":"publish","type":"page","link":"https:\/\/manzanilladelapaz.gob.mx\/v3\/index.php\/articulo-8-fraccion-i-k\/","title":{"rendered":"Art\u00edculo 8 \/ Fracci\u00f3n I \/ k)"},"content":{"rendered":"\n<pre class=\"wp-block-preformatted interlineado-personalizado\" style=\"text-transform:uppercase\"><strong>k)     El nombre del encargado y de los integrantes, tel\u00e9fono, fax y correo electr\u00f3nico del Comit\u00e9 de Transparencia;<\/strong><br><br><ul>DIRECTORA DE LA UNIDAD DE TRANSPARENCIA<br>L.N.I SHANTAL ASYADETH S\u00c1NCHEZ GRANADA\n<img decoding=\"async\" src=\"https:\/\/manzanilladelapaz.gob.mx\/v3\/wp-content\/uploads\/2025\/01\/icono_phone-removebg-preview.png\" width=\"32px\" \/>TEL. (372) 435-0101\n<img decoding=\"async\" src=\"https:\/\/manzanilladelapaz.gob.mx\/v3\/wp-content\/uploads\/2025\/01\/icono_email-removebg-preview.png\" width=\"32px\" \/>u.transparencia@manzanilladelapaz.gob.mx<br>\n<br><br>PRESIDENTE MUNICIPAL<br>C. H\u00c9CTOR GONZALO D\u00cdAZ D\u00cdAZ\n<img decoding=\"async\" src=\"https:\/\/manzanilladelapaz.gob.mx\/v3\/wp-content\/uploads\/2025\/01\/icono_phone-removebg-preview.png\" width=\"32px\" \/>TEL. (372) 435-0101\n<img decoding=\"async\" src=\"https:\/\/manzanilladelapaz.gob.mx\/v3\/wp-content\/uploads\/2025\/01\/icono_email-removebg-preview.png\" width=\"32px\" \/>presidencia@manzanilladelapaz.gob.mx<br>\n<br><br>S\u00cdNDICA<br>LIC. SAHARAY VILLANUEVA AGUILAR\n<img decoding=\"async\" src=\"https:\/\/manzanilladelapaz.gob.mx\/v3\/wp-content\/uploads\/2025\/01\/icono_phone-removebg-preview.png\" width=\"32px\" \/>TEL. (372) 435-0101\n<img decoding=\"async\" src=\"https:\/\/manzanilladelapaz.gob.mx\/v3\/wp-content\/uploads\/2025\/01\/icono_email-removebg-preview.png\" width=\"32px\" \/>sindicatura@manzanilladelapaz.gob.mx<br><\/ul><br><\/pre>\n","protected":false},"excerpt":{"rendered":"<p>k) El nombre del encargado y de los integrantes, tel\u00e9fono, fax y correo electr\u00f3nico del Comit\u00e9 de Transparencia;DIRECTORA DE LA UNIDAD DE TRANSPARENCIAL.N.I SHANTAL ASYADETH S\u00c1NCHEZ GRANADA TEL. (372) 435-0101 &#8230;<\/p>\n","protected":false},"author":1,"featured_media":0,"parent":0,"menu_order":0,"comment_status":"closed","ping_status":"closed","template":"","meta":{"footnotes":""},"class_list":["post-577","page","type-page","status-publish","hentry"],"_links":{"self":[{"href":"https:\/\/manzanilladelapaz.gob.mx\/v3\/index.php\/wp-json\/wp\/v2\/pages\/577","targetHints":{"allow":["GET"]}}],"collection":[{"href":"https:\/\/manzanilladelapaz.gob.mx\/v3\/index.php\/wp-json\/wp\/v2\/pages"}],"about":[{"href":"https:\/\/manzanilladelapaz.gob.mx\/v3\/index.php\/wp-json\/wp\/v2\/types\/page"}],"author":[{"embeddable":true,"href":"https:\/\/manzanilladelapaz.gob.mx\/v3\/index.php\/wp-json\/wp\/v2\/users\/1"}],"replies":[{"embeddable":true,"href":"https:\/\/manzanilladelapaz.gob.mx\/v3\/index.php\/wp-json\/wp\/v2\/comments?post=577"}],"version-history":[{"count":7,"href":"https:\/\/manzanilladelapaz.gob.mx\/v3\/index.php\/wp-json\/wp\/v2\/pages\/577\/revisions"}],"predecessor-version":[{"id":1324,"href":"https:\/\/manzanilladelapaz.gob.mx\/v3\/index.php\/wp-json\/wp\/v2\/pages\/577\/revisions\/1324"}],"wp:attachment":[{"href":"https:\/\/manzanilladelapaz.gob.mx\/v3\/index.php\/wp-json\/wp\/v2\/media?parent=577"}],"curies":[{"name":"wp","href":"https:\/\/api.w.org\/{rel}","templated":true}]}}