{"id":581,"date":"2024-11-30T22:31:59","date_gmt":"2024-11-30T21:31:59","guid":{"rendered":"https:\/\/manzanilladelapaz.gob.mx\/v3\/?page_id=581"},"modified":"2025-01-23T16:22:06","modified_gmt":"2025-01-23T15:22:06","slug":"articulo-8-fraccion-i-l","status":"publish","type":"page","link":"https:\/\/manzanilladelapaz.gob.mx\/v3\/index.php\/articulo-8-fraccion-i-l\/","title":{"rendered":"Art\u00edculo 8 \/ Fracci\u00f3n I \/ l)"},"content":{"rendered":"\n<pre class=\"wp-block-preformatted interlineado-personalizado\" style=\"text-transform:uppercase\"><strong>l)      El nombre del encargado, tel\u00e9fono, fax y correo electr\u00f3nico de la Unidad;<\/strong>\n<ul>\n<!--\n<br>TITULAR DE LA UNIDAD DE TRANSPARENCIA<br>LIC. ILEANA MARCELA OROZCO GARC\u00cdA<br>TEL. (372) 435-0101<br>u.transparencia@manzanilladelapaz.gob.mx<br> -->\nDIRECTORA DE LA UNIDAD DE TRANSPARENCIA<br>L.N.I SHANTAL ASYADETH S\u00c1NCHEZ GRANADA\n<img decoding=\"async\" src=\"https:\/\/manzanilladelapaz.gob.mx\/v3\/wp-content\/uploads\/2025\/01\/icono_phone-removebg-preview.png\" width=\"32px\" \/>TEL. (372) 435-0101\n<img decoding=\"async\" src=\"https:\/\/manzanilladelapaz.gob.mx\/v3\/wp-content\/uploads\/2025\/01\/icono_email-removebg-preview.png\" width=\"32px\" \/>u.transparencia@manzanilladelapaz.gob.mx<br>\n<\/ul><br><\/pre>\n","protected":false},"excerpt":{"rendered":"<p>l) El nombre del encargado, tel\u00e9fono, fax y correo electr\u00f3nico de la Unidad; DIRECTORA DE LA UNIDAD DE TRANSPARENCIAL.N.I SHANTAL ASYADETH S\u00c1NCHEZ GRANADA TEL. (372) 435-0101 u.transparencia@manzanilladelapaz.gob.mx<\/p>\n","protected":false},"author":1,"featured_media":0,"parent":0,"menu_order":0,"comment_status":"closed","ping_status":"closed","template":"","meta":{"footnotes":""},"class_list":["post-581","page","type-page","status-publish","hentry"],"_links":{"self":[{"href":"https:\/\/manzanilladelapaz.gob.mx\/v3\/index.php\/wp-json\/wp\/v2\/pages\/581","targetHints":{"allow":["GET"]}}],"collection":[{"href":"https:\/\/manzanilladelapaz.gob.mx\/v3\/index.php\/wp-json\/wp\/v2\/pages"}],"about":[{"href":"https:\/\/manzanilladelapaz.gob.mx\/v3\/index.php\/wp-json\/wp\/v2\/types\/page"}],"author":[{"embeddable":true,"href":"https:\/\/manzanilladelapaz.gob.mx\/v3\/index.php\/wp-json\/wp\/v2\/users\/1"}],"replies":[{"embeddable":true,"href":"https:\/\/manzanilladelapaz.gob.mx\/v3\/index.php\/wp-json\/wp\/v2\/comments?post=581"}],"version-history":[{"count":11,"href":"https:\/\/manzanilladelapaz.gob.mx\/v3\/index.php\/wp-json\/wp\/v2\/pages\/581\/revisions"}],"predecessor-version":[{"id":1322,"href":"https:\/\/manzanilladelapaz.gob.mx\/v3\/index.php\/wp-json\/wp\/v2\/pages\/581\/revisions\/1322"}],"wp:attachment":[{"href":"https:\/\/manzanilladelapaz.gob.mx\/v3\/index.php\/wp-json\/wp\/v2\/media?parent=581"}],"curies":[{"name":"wp","href":"https:\/\/api.w.org\/{rel}","templated":true}]}}