{"id":584,"date":"2024-11-30T22:40:04","date_gmt":"2024-11-30T21:40:04","guid":{"rendered":"https:\/\/manzanilladelapaz.gob.mx\/v3\/?page_id=584"},"modified":"2024-11-30T22:41:31","modified_gmt":"2024-11-30T21:41:31","slug":"articulo-8-fraccion-i-m","status":"publish","type":"page","link":"https:\/\/manzanilladelapaz.gob.mx\/v3\/index.php\/articulo-8-fraccion-i-m\/","title":{"rendered":"Art\u00edculo 8 \/ Fracci\u00f3n I \/ m)"},"content":{"rendered":"\n<pre class=\"wp-block-preformatted interlineado-personalizado\" style=\"text-transform:uppercase\"><strong>m)     El manual y formato de solicitud de informaci\u00f3n p\u00fablica;<\/strong><br><ul><br><img decoding=\"async\" width=\"28px\" src=\"https:\/\/manzanilladelapaz.gob.mx\/v3\/wp-content\/uploads\/2024\/11\/file-and-folder3.png\"> <a href=\"http:\/\/www.jalisco.gob.mx\/transparencia\/realiza-solicitud\" target=\"_blank\">PROCEDIMIENTO DE SOLICITUD DE INFORMACI\u00d3N<\/a><br><br><img decoding=\"async\" width=\"28px\" src=\"https:\/\/manzanilladelapaz.gob.mx\/v3\/wp-content\/uploads\/2024\/11\/file-and-folder3.png\"> <a href=\"https:\/\/manzanilladelapaz.gob.mx\/Transparencia\/Articulo8\/Fraccion_I\/m\/Guia_General_de_Acceso_a_la_Informacion_Publica.pdf\" target=\"_blank\">Gu\u00eda General de Acceso a la Informaci\u00f3n P\u00fablica<\/a><br><br><img decoding=\"async\" width=\"28px\" src=\"https:\/\/manzanilladelapaz.gob.mx\/v3\/wp-content\/uploads\/2024\/11\/file-and-folder3.png\"> <a href=\"https:\/\/manzanilladelapaz.gob.mx\/Transparencia\/Articulo8\/Fraccion_I\/m\/Formato_de_solicitud_de_Informacion_Publica.pdf\" target=\"_blank\">Formato de solicitud de Informaci\u00f3n P\u00fablica<\/a><br><\/ul><br><br><br><\/pre>\n","protected":false},"excerpt":{"rendered":"<p>m) El manual y formato de solicitud de informaci\u00f3n p\u00fablica; PROCEDIMIENTO DE SOLICITUD DE INFORMACI\u00d3N Gu\u00eda General de Acceso a la Informaci\u00f3n P\u00fablica Formato de solicitud de Informaci\u00f3n P\u00fablica<\/p>\n","protected":false},"author":1,"featured_media":0,"parent":0,"menu_order":0,"comment_status":"closed","ping_status":"closed","template":"","meta":{"footnotes":""},"class_list":["post-584","page","type-page","status-publish","hentry"],"_links":{"self":[{"href":"https:\/\/manzanilladelapaz.gob.mx\/v3\/index.php\/wp-json\/wp\/v2\/pages\/584","targetHints":{"allow":["GET"]}}],"collection":[{"href":"https:\/\/manzanilladelapaz.gob.mx\/v3\/index.php\/wp-json\/wp\/v2\/pages"}],"about":[{"href":"https:\/\/manzanilladelapaz.gob.mx\/v3\/index.php\/wp-json\/wp\/v2\/types\/page"}],"author":[{"embeddable":true,"href":"https:\/\/manzanilladelapaz.gob.mx\/v3\/index.php\/wp-json\/wp\/v2\/users\/1"}],"replies":[{"embeddable":true,"href":"https:\/\/manzanilladelapaz.gob.mx\/v3\/index.php\/wp-json\/wp\/v2\/comments?post=584"}],"version-history":[{"count":1,"href":"https:\/\/manzanilladelapaz.gob.mx\/v3\/index.php\/wp-json\/wp\/v2\/pages\/584\/revisions"}],"predecessor-version":[{"id":585,"href":"https:\/\/manzanilladelapaz.gob.mx\/v3\/index.php\/wp-json\/wp\/v2\/pages\/584\/revisions\/585"}],"wp:attachment":[{"href":"https:\/\/manzanilladelapaz.gob.mx\/v3\/index.php\/wp-json\/wp\/v2\/media?parent=584"}],"curies":[{"name":"wp","href":"https:\/\/api.w.org\/{rel}","templated":true}]}}