{"id":592,"date":"2024-11-30T22:59:02","date_gmt":"2024-11-30T21:59:02","guid":{"rendered":"https:\/\/manzanilladelapaz.gob.mx\/v3\/?page_id=592"},"modified":"2025-04-07T21:16:50","modified_gmt":"2025-04-07T19:16:50","slug":"articulo-8-fraccion-i-n-2","status":"publish","type":"page","link":"https:\/\/manzanilladelapaz.gob.mx\/v3\/index.php\/articulo-8-fraccion-i-n-2\/","title":{"rendered":"Art\u00edculo 8 \/ Fracci\u00f3n I \/ \u00f1)"},"content":{"rendered":"\n<pre class=\"wp-block-preformatted interlineado-personalizado\" style=\"text-transform:uppercase\"><strong>\u00f1)    La estad\u00edstica de las solicitudes de informaci\u00f3n p\u00fablica atendidas, precisando las procedentes, parcialmente procedentes e improcedentes; as\u00ed como la estad\u00edstica de visitas a su sistema de consulta electr\u00f3nica.<\/strong><br>\n\n<ul><br><p>\n<img decoding=\"async\" width=\"28px\" style=\"font-size: 16px; font-weight: bold; font-style: inherit; font-variant-ligatures: inherit; font-variant-caps: inherit;\" src=\"https:\/\/manzanilladelapaz.gob.mx\/v3\/wp-content\/uploads\/2024\/11\/file-and-folder4.png\"><span style=\"font-size: 16px; font-weight: bold; font-style: inherit; font-variant-ligatures: inherit; font-variant-caps: inherit;\"> 2025<\/span><\/p>\n<ul><img decoding=\"async\" width=\"28px\" src=\"https:\/\/manzanilladelapaz.gob.mx\/v3\/wp-content\/uploads\/2024\/11\/file-and-folder3.png\"> <a href=\"https:\/\/manzanilladelapaz.gob.mx\/Transparencia\/ESTADISTICAS\/SIRES\/2025\/SIRES_ENERO_I25-0549.pdf\" target=\"_blank\">ENERO SIRES 2025<\/a><br \/>\n<img decoding=\"async\" width=\"28px\" src=\"https:\/\/manzanilladelapaz.gob.mx\/v3\/wp-content\/uploads\/2024\/11\/file-and-folder3.png\"> <a href=\"https:\/\/manzanilladelapaz.gob.mx\/Transparencia\/ESTADISTICAS\/SIRES\/2025\/SIRES_FEBRERO_I25-0550.pdf\" target=\"_blank\">FEBRERO SIRES 2025<\/a><br \/>\n<img decoding=\"async\" width=\"28px\" src=\"https:\/\/manzanilladelapaz.gob.mx\/v3\/wp-content\/uploads\/2024\/11\/file-and-folder3.png\"> <a href=\"https:\/\/manzanilladelapaz.gob.mx\/Transparencia\/ESTADISTICAS\/SIRES\/2025\/SIRES_MARZO_I25-0551.pdf\" target=\"_blank\">MARZO SIRES 2025<\/a><br \/>\n<br><\/ul>\n\n<img decoding=\"async\" width=\"28px\" style=\"font-size: 16px; font-weight: bold; font-style: inherit; font-variant-ligatures: inherit; font-variant-caps: inherit;\" src=\"https:\/\/manzanilladelapaz.gob.mx\/v3\/wp-content\/uploads\/2024\/11\/file-and-folder4.png\"><span style=\"font-size: 16px; font-weight: bold; font-style: inherit; font-variant-ligatures: inherit; font-variant-caps: inherit;\"> 2024<\/span><\/p>\n<ul><img decoding=\"async\" width=\"28px\" src=\"https:\/\/manzanilladelapaz.gob.mx\/v3\/wp-content\/uploads\/2024\/11\/file-and-folder3.png\"> <span style=\"line-height: normal;\"><a href=\"https:\/\/manzanilladelapaz.gob.mx\/Transparencia\/ESTADISTICAS\/SIRES\/2024\/ENERO_2024.pdf\" target=\"_blank\">ENERO SIRES 2024<\/a><br>\n<img decoding=\"async\" width=\"28px\" src=\"https:\/\/manzanilladelapaz.gob.mx\/v3\/wp-content\/uploads\/2024\/11\/file-and-folder3.png\"> <a href=\"https:\/\/manzanilladelapaz.gob.mx\/Transparencia\/ESTADISTICAS\/SIRES\/2024\/FEBRERO_2024.pdf\" target=\"_blank\">FEBRERO SIRES 2024<\/a><br>\n<img decoding=\"async\" width=\"28px\" src=\"https:\/\/manzanilladelapaz.gob.mx\/v3\/wp-content\/uploads\/2024\/11\/file-and-folder3.png\"> <a href=\"https:\/\/manzanilladelapaz.gob.mx\/Transparencia\/ESTADISTICAS\/SIRES\/2024\/MARZO_2024.pdf\" target=\"_blank\">MARZO SIRES 2024<\/a><br>\n<img decoding=\"async\" width=\"28px\" src=\"https:\/\/manzanilladelapaz.gob.mx\/v3\/wp-content\/uploads\/2024\/11\/file-and-folder3.png\"> <a href=\"https:\/\/manzanilladelapaz.gob.mx\/Transparencia\/ESTADISTICAS\/SIRES\/2024\/ABRIL_2024.pdf\" target=\"_blank\">ABRIL SIRES 2024<\/a><br>\n<img decoding=\"async\" width=\"28px\" src=\"https:\/\/manzanilladelapaz.gob.mx\/v3\/wp-content\/uploads\/2024\/11\/file-and-folder3.png\"> <a href=\"https:\/\/manzanilladelapaz.gob.mx\/Transparencia\/ESTADISTICAS\/SIRES\/2024\/MAYO_2024.pdf\" target=\"_blank\">MAYO SIRES 2024<\/a><br>\n<img decoding=\"async\" width=\"28px\" src=\"https:\/\/manzanilladelapaz.gob.mx\/v3\/wp-content\/uploads\/2024\/11\/file-and-folder3.png\"> <a href=\"https:\/\/manzanilladelapaz.gob.mx\/Transparencia\/ESTADISTICAS\/SIRES\/2024\/JUNIO_2024.pdf\" target=\"_blank\">JUNIO SIRES 2024<\/a><br>\n<img decoding=\"async\" width=\"28px\" src=\"https:\/\/manzanilladelapaz.gob.mx\/v3\/wp-content\/uploads\/2024\/11\/file-and-folder3.png\"> <a href=\"https:\/\/manzanilladelapaz.gob.mx\/Transparencia\/ESTADISTICAS\/SIRES\/2024\/SIRES_OCTUBRE_I24-3605.pdf\" target=\"_blank\">OCTUBRE SIRES 2024<\/a><br>\n<img decoding=\"async\" width=\"28px\" src=\"https:\/\/manzanilladelapaz.gob.mx\/v3\/wp-content\/uploads\/2024\/11\/file-and-folder3.png\"> <a href=\"https:\/\/manzanilladelapaz.gob.mx\/Transparencia\/ESTADISTICAS\/SIRES\/2024\/SIRES_NOVIEMBRE_I24-3607.pdf\" target=\"_blank\">NOVIEMBRE SIRES 2024<\/a><br>\n<img decoding=\"async\" width=\"28px\" src=\"https:\/\/manzanilladelapaz.gob.mx\/v3\/wp-content\/uploads\/2024\/11\/file-and-folder3.png\"> <a href=\"https:\/\/manzanilladelapaz.gob.mx\/Transparencia\/ESTADISTICAS\/SIRES\/2024\/SIRES_DICIEMBRE_I24-3606.pdf\" target=\"_blank\">DICIEMBRE SIRES 2024<\/a><br>\n<br><\/ul><\/ul>\n<p><span style=\"font-weight: bold; font-size: 16px;\">2023<\/span><\/p><ul><li><a href=\"https:\/\/manzanilladelapaz.gob.mx\/Transparencia\/ESTADISTICAS\/SIRES\/2023\/ENERO_2023.pdf\" target=\"_blank\">ENERO SIRES 2023<\/a><\/li><li><a href=\"https:\/\/manzanilladelapaz.gob.mx\/Transparencia\/ESTADISTICAS\/SIRES\/2023\/MARZO_2023.pdf\" target=\"_blank\">MARZO SIRES 2023<\/a><\/li><li><a href=\"https:\/\/manzanilladelapaz.gob.mx\/Transparencia\/ESTADISTICAS\/SIRES\/2023\/ABRIL_2023.pdf\" target=\"_blank\">ABRIL SIRES 2023<\/a><\/li><li><a href=\"https:\/\/manzanilladelapaz.gob.mx\/Transparencia\/ESTADISTICAS\/SIRES\/2023\/MAYO_2023.pdf\" target=\"_blank\">MAYO SIRES 2023<\/a><\/li><li><a href=\"https:\/\/manzanilladelapaz.gob.mx\/Transparencia\/ESTADISTICAS\/SIRES\/2023\/JUNIO_2023.pdf\" target=\"_blank\">JUNIO SIRES 2023<\/a><\/li><li><a href=\"https:\/\/manzanilladelapaz.gob.mx\/Transparencia\/ESTADISTICAS\/SIRES\/2023\/JULIO_2023.pdf\" target=\"_blank\">JULIO SIRES 2023<\/a><\/li><li><a href=\"https:\/\/manzanilladelapaz.gob.mx\/Transparencia\/ESTADISTICAS\/SIRES\/2023\/AGOSTO_2023.pdf\" target=\"_blank\">AGOSTO SIRES 2023<\/a><\/li><li><a href=\"https:\/\/manzanilladelapaz.gob.mx\/Transparencia\/ESTADISTICAS\/SIRES\/2023\/SEPTIEMBRE_2023.pdf\" target=\"_blank\">SEPTIEMBRE SIRES 2023<\/a><\/li><li><a href=\"https:\/\/manzanilladelapaz.gob.mx\/Transparencia\/ESTADISTICAS\/SIRES\/2023\/OCTUBRE_2023.pdf\" target=\"_blank\">OCTUBRE SIRES 2023<\/a><\/li><li><a href=\"https:\/\/manzanilladelapaz.gob.mx\/Transparencia\/ESTADISTICAS\/SIRES\/2023\/NOVIEMBRE_2023.pdf\" target=\"_blank\">NOVIEMBRE SIRES 2023<\/a><\/li><\/ul><br><p><span style=\"line-height: normal;\"><\/span><\/p><p><span style=\"font-weight: bold; font-size: 16px;\">2022<\/span><\/p><ul><li><a href=\"https:\/\/manzanilladelapaz.gob.mx\/Transparencia\/ESTADISTICAS\/SIRES\/2022\/ENERO_SIRES_2022.pdf\" target=\"_blank\">ENERO SIRES 2022<\/a><\/li><li><a href=\"https:\/\/manzanilladelapaz.gob.mx\/Transparencia\/ESTADISTICAS\/SIRES\/2022\/FEBRERO_SIRES_2022.pdf\" target=\"_blank\">FEBRERO SIRES 2022<\/a><\/li><li><a href=\"https:\/\/manzanilladelapaz.gob.mx\/Transparencia\/ESTADISTICAS\/SIRES\/2022\/MARZO_SIRES_2022.pdf\" target=\"_blank\">MARZO SIRES 2022<\/a><\/li><li><a href=\"https:\/\/manzanilladelapaz.gob.mx\/Transparencia\/ESTADISTICAS\/SIRES\/2022\/ABRIL_SIRES_2022.pdf\" target=\"_blank\">ABRIL SIRES 2022<\/a><\/li><li><a href=\"https:\/\/manzanilladelapaz.gob.mx\/Transparencia\/ESTADISTICAS\/SIRES\/2022\/MAYO_SIRES_2022.pdf\" target=\"_blank\">MAYO SIRES 2022<\/a><\/li><li><a href=\"https:\/\/manzanilladelapaz.gob.mx\/Transparencia\/ESTADISTICAS\/SIRES\/2022\/JUNIO_SIRES_2022.pdf\" target=\"_blank\">JUNIO SIRES 2022<\/a><\/li><li><a href=\"https:\/\/manzanilladelapaz.gob.mx\/Transparencia\/ESTADISTICAS\/SIRES\/2022\/JULIO_2022.pdf\" target=\"_blank\">JULIO SIRES 2022<\/a><\/li><li><a href=\"https:\/\/manzanilladelapaz.gob.mx\/Transparencia\/ESTADISTICAS\/SIRES\/2022\/AGOSTO_2022.pdf\" target=\"_blank\">AGOSTO SIRES 2022<\/a><\/li><li><a href=\"https:\/\/manzanilladelapaz.gob.mx\/Transparencia\/ESTADISTICAS\/SIRES\/2022\/SEPTIEMBRE_2022.pdf\" target=\"_blank\">SEPTIEMBRE SIRES 2022<\/a><\/li><li><a href=\"https:\/\/manzanilladelapaz.gob.mx\/Transparencia\/ESTADISTICAS\/SIRES\/2022\/OCTUBRE_2022.pdf\" target=\"_blank\">OCTUBRE SIRES 2022<\/a><\/li><li><a href=\"https:\/\/manzanilladelapaz.gob.mx\/Transparencia\/ESTADISTICAS\/SIRES\/2022\/NOVIEMBRE_2022.pdf\" target=\"_blank\">NOVIEMBRE SIRES 2022<\/a><\/li><li><a href=\"https:\/\/manzanilladelapaz.gob.mx\/Transparencia\/ESTADISTICAS\/SIRES\/2022\/DICIEMBRE_2022.pdf\" target=\"_blank\">DICIEMBRE SIRES 2022<\/a><\/li><\/ul><br><p><span style=\"line-height: normal;\"><\/span><\/p><p><span style=\"font-weight: bold; font-size: 16px;\">2021<\/span><\/p><ul><li><a href=\"https:\/\/manzanilladelapaz.gob.mx\/Transparencia\/ESTADISTICAS\/SIRES\/2021\/OCTUBRE_2021.pdf\" target=\"_blank\">OCTUBRE SIRES 2021<\/a><\/li><li><a href=\"https:\/\/manzanilladelapaz.gob.mx\/Transparencia\/ESTADISTICAS\/SIRES\/2021\/NOVIEMBRE_2021.pdf\" target=\"_blank\">NOVIEMBRE SIRES 2021<\/a><\/li><li><a href=\"https:\/\/manzanilladelapaz.gob.mx\/Transparencia\/ESTADISTICAS\/SIRES\/2021\/DICIEMBRE_2021.pdf\" target=\"_blank\">DICIEMBRE SIRES 2021<\/a><\/li><\/ul><ul><br><li>Le invitamos a utilizar el SIRES (Sistema de Consulta y Captura en L\u00ednea) en el que \u00e9ste Sujeto Obligado, le reporta al ITEI de forma mensual, sobre las solicitudes de informaci\u00f3n atendidas.<\/li><br><li>La ruta para localizar la informaci\u00f3n es: En el siguiente link, se puede realizar la consulta hist\u00f3rica a trav\u00e9s del Sistema en l\u00ednea SIRES, en donde deber\u00e1 elegir de la fila superior el \"Periodo de Consulta\", posteriormente tendr\u00e1 que elegir el \u201cIntervalo de tiempo respecto al que desea realizar la consulta\u201d, despu\u00e9s, de la opci\u00f3n \"Grupo de Sujetos Obligados\", posteriormente municipios. Finalmente presione el bot\u00f3n \u201cBuscar\u201d. Para observar la informaci\u00f3n referente a este Sujeto Obligado, se tiene que buscar como La Manzanilla de la Paz.<\/li><br><li><a href=\"http:\/\/www.itei.org.mx\/reportes\/index.php#ancla_resultados\" target=\"_blank\">SIRES<\/a>.<\/li><\/ul><br><\/pre>\n","protected":false},"excerpt":{"rendered":"<p>\u00f1) La estad\u00edstica de las solicitudes de informaci\u00f3n p\u00fablica atendidas, precisando las procedentes, parcialmente procedentes e improcedentes; as\u00ed como la estad\u00edstica de visitas a su sistema de consulta electr\u00f3nica. 2025 &#8230;<\/p>\n","protected":false},"author":1,"featured_media":0,"parent":0,"menu_order":0,"comment_status":"closed","ping_status":"closed","template":"","meta":{"footnotes":""},"class_list":["post-592","page","type-page","status-publish","hentry"],"_links":{"self":[{"href":"https:\/\/manzanilladelapaz.gob.mx\/v3\/index.php\/wp-json\/wp\/v2\/pages\/592","targetHints":{"allow":["GET"]}}],"collection":[{"href":"https:\/\/manzanilladelapaz.gob.mx\/v3\/index.php\/wp-json\/wp\/v2\/pages"}],"about":[{"href":"https:\/\/manzanilladelapaz.gob.mx\/v3\/index.php\/wp-json\/wp\/v2\/types\/page"}],"author":[{"embeddable":true,"href":"https:\/\/manzanilladelapaz.gob.mx\/v3\/index.php\/wp-json\/wp\/v2\/users\/1"}],"replies":[{"embeddable":true,"href":"https:\/\/manzanilladelapaz.gob.mx\/v3\/index.php\/wp-json\/wp\/v2\/comments?post=592"}],"version-history":[{"count":17,"href":"https:\/\/manzanilladelapaz.gob.mx\/v3\/index.php\/wp-json\/wp\/v2\/pages\/592\/revisions"}],"predecessor-version":[{"id":1610,"href":"https:\/\/manzanilladelapaz.gob.mx\/v3\/index.php\/wp-json\/wp\/v2\/pages\/592\/revisions\/1610"}],"wp:attachment":[{"href":"https:\/\/manzanilladelapaz.gob.mx\/v3\/index.php\/wp-json\/wp\/v2\/media?parent=592"}],"curies":[{"name":"wp","href":"https:\/\/api.w.org\/{rel}","templated":true}]}}