{"id":596,"date":"2024-11-30T23:40:50","date_gmt":"2024-11-30T22:40:50","guid":{"rendered":"https:\/\/manzanilladelapaz.gob.mx\/v3\/?page_id=596"},"modified":"2024-11-30T23:42:17","modified_gmt":"2024-11-30T22:42:17","slug":"articulo-8-fraccion-ii-a","status":"publish","type":"page","link":"https:\/\/manzanilladelapaz.gob.mx\/v3\/index.php\/articulo-8-fraccion-ii-a\/","title":{"rendered":"Art\u00edculo 8 \/ Fracci\u00f3n II \/ a)"},"content":{"rendered":"\n<pre class=\"wp-block-preformatted interlineado-personalizado\" style=\"text-transform:uppercase\"><strong>a)      Las disposiciones de las Constituciones Pol\u00edticas Federal y Estatal;<\/strong><br><ul><br><img decoding=\"async\" width=\"28px\" src=\"https:\/\/manzanilladelapaz.gob.mx\/v3\/wp-content\/uploads\/2024\/11\/file-and-folder3.png\"> <a href=\"http:\/\/www.diputados.gob.mx\/LeyesBiblio\/pdf_mov\/Constitucion_Politica.pdf\" target=\"_blank\">CONSTITUCION POLITICA FEDERAL (2021).<\/a><br><br><img decoding=\"async\" width=\"28px\" src=\"https:\/\/manzanilladelapaz.gob.mx\/v3\/wp-content\/uploads\/2024\/11\/file-and-folder3.png\"> <a href=\"https:\/\/www.scjn.gob.mx\/sites\/default\/files\/justicia_constitucional_local\/documento\/2020-07\/10_B.pdf\" target=\"_blank\">CONSTITUCION POLITICA DEL ESTADO DE JALISCO (2020).<\/a><br><br><img decoding=\"async\" width=\"28px\" src=\"https:\/\/manzanilladelapaz.gob.mx\/v3\/wp-content\/uploads\/2024\/11\/file-and-folder3.png\"> <a href=\"https:\/\/transparencia.info.jalisco.gob.mx\/sites\/default\/files\/\/Constituci%c3%b3n-Pol%c3%adtica-de-los-Estados-Unidos-Mexicanos..doc\" target=\"_blank\">Constituci\u00f3n-Pol\u00edtica-de-los-Estados-Unidos-Mexicanos.<\/a><br><br><img decoding=\"async\" width=\"28px\" src=\"https:\/\/manzanilladelapaz.gob.mx\/v3\/wp-content\/uploads\/2024\/11\/file-and-folder3.png\"> <a href=\"https:\/\/transparencia.info.jalisco.gob.mx\/sites\/default\/files\/\/Constituci%c3%b3n-Pol%c3%adtica-del-Estado-de-Jalisco..doc\" target=\"_blank\">Constituci\u00f3n-Pol\u00edtica-del-Estado-de-Jalisco.<\/a><br><\/ul><br><br><br><\/pre>\n","protected":false},"excerpt":{"rendered":"<p>a) Las disposiciones de las Constituciones Pol\u00edticas Federal y Estatal; CONSTITUCION POLITICA FEDERAL (2021). CONSTITUCION POLITICA DEL ESTADO DE JALISCO (2020). Constituci\u00f3n-Pol\u00edtica-de-los-Estados-Unidos-Mexicanos. Constituci\u00f3n-Pol\u00edtica-del-Estado-de-Jalisco.<\/p>\n","protected":false},"author":1,"featured_media":0,"parent":0,"menu_order":0,"comment_status":"closed","ping_status":"closed","template":"","meta":{"footnotes":""},"class_list":["post-596","page","type-page","status-publish","hentry"],"_links":{"self":[{"href":"https:\/\/manzanilladelapaz.gob.mx\/v3\/index.php\/wp-json\/wp\/v2\/pages\/596","targetHints":{"allow":["GET"]}}],"collection":[{"href":"https:\/\/manzanilladelapaz.gob.mx\/v3\/index.php\/wp-json\/wp\/v2\/pages"}],"about":[{"href":"https:\/\/manzanilladelapaz.gob.mx\/v3\/index.php\/wp-json\/wp\/v2\/types\/page"}],"author":[{"embeddable":true,"href":"https:\/\/manzanilladelapaz.gob.mx\/v3\/index.php\/wp-json\/wp\/v2\/users\/1"}],"replies":[{"embeddable":true,"href":"https:\/\/manzanilladelapaz.gob.mx\/v3\/index.php\/wp-json\/wp\/v2\/comments?post=596"}],"version-history":[{"count":3,"href":"https:\/\/manzanilladelapaz.gob.mx\/v3\/index.php\/wp-json\/wp\/v2\/pages\/596\/revisions"}],"predecessor-version":[{"id":601,"href":"https:\/\/manzanilladelapaz.gob.mx\/v3\/index.php\/wp-json\/wp\/v2\/pages\/596\/revisions\/601"}],"wp:attachment":[{"href":"https:\/\/manzanilladelapaz.gob.mx\/v3\/index.php\/wp-json\/wp\/v2\/media?parent=596"}],"curies":[{"name":"wp","href":"https:\/\/api.w.org\/{rel}","templated":true}]}}