{"id":605,"date":"2024-12-01T02:14:55","date_gmt":"2024-12-01T01:14:55","guid":{"rendered":"https:\/\/manzanilladelapaz.gob.mx\/v3\/?page_id=605"},"modified":"2024-12-01T02:14:55","modified_gmt":"2024-12-01T01:14:55","slug":"articulo-8-fraccion-ii-c","status":"publish","type":"page","link":"https:\/\/manzanilladelapaz.gob.mx\/v3\/index.php\/articulo-8-fraccion-ii-c\/","title":{"rendered":"Art\u00edculo 8 \/ Fracci\u00f3n II \/ c)"},"content":{"rendered":"\n<pre class=\"wp-block-preformatted interlineado-personalizado\" style=\"text-transform:uppercase\"><strong>c)      Las leyes federales y estatales;<\/strong><br><ul><br><img decoding=\"async\" width=\"28px\" src=\"https:\/\/manzanilladelapaz.gob.mx\/v3\/wp-content\/uploads\/2024\/11\/file-and-folder3.png\"> <a href=\"https:\/\/manzanilladelapaz.gob.mx\/Transparencia\/Articulo8\/Fraccion_II\/c\/LEY_DE_INGRESOS_LA_MANZANILLA_DE_LA_PAZ_2024_compressed.pdf\" target=\"_blank\">LEY DE INGRESOS 2024<\/a><br><br><img decoding=\"async\" width=\"28px\" src=\"https:\/\/manzanilladelapaz.gob.mx\/v3\/wp-content\/uploads\/2024\/11\/file-and-folder3.png\"> <a href=\"https:\/\/manzanilladelapaz.gob.mx\/Transparencia\/Articulo8\/Fraccion_II\/c\/LEY_DE_INGRESOS_LA_MANZANILLA_DE_LA_PAZ_2023.pdf\" target=\"_blank\">LEY DE INGRESOS 2023<\/a><br><br><img decoding=\"async\" width=\"28px\" src=\"https:\/\/manzanilladelapaz.gob.mx\/v3\/wp-content\/uploads\/2024\/11\/file-and-folder3.png\"> <a href=\"https:\/\/manzanilladelapaz.gob.mx\/Transparencia\/Articulo8\/Fraccion_II\/c\/LEY_DE_INGRESOS_2022.pdf\" target=\"_blank\">LEY DE INGRESOS 2022<\/a><br><br><img decoding=\"async\" width=\"28px\" src=\"https:\/\/manzanilladelapaz.gob.mx\/v3\/wp-content\/uploads\/2024\/11\/file-and-folder3.png\"> <a href=\"https:\/\/transparencia.info.jalisco.gob.mx\/sites\/default\/files\/\/Ley%20de%20ingresos%20%20La%20Manzanilla%20de%20la%20Paz%202019.pdf\" target=\"_blank\">Ley de ingresos La Manzanilla de la Paz 2019<\/a><br><br><img decoding=\"async\" width=\"28px\" src=\"https:\/\/manzanilladelapaz.gob.mx\/v3\/wp-content\/uploads\/2024\/11\/file-and-folder3.png\"> <a href=\"http:\/\/congresoweb.congresojal.gob.mx\/BibliotecaVirtual\/LeyesEstatales.cfm\" target=\"_blank\">LEGISLACI\u00d3N ESTATAL<\/a><br><br><img decoding=\"async\" width=\"28px\" src=\"https:\/\/manzanilladelapaz.gob.mx\/v3\/wp-content\/uploads\/2024\/11\/file-and-folder3.png\"> <a href=\"http:\/\/www.diputados.gob.mx\/LeyesBiblio\/index.htm\" target=\"_blank\">LEGISLACI\u00d3N FEDERAL<\/a><br><br><img decoding=\"async\" width=\"28px\" src=\"https:\/\/manzanilladelapaz.gob.mx\/v3\/wp-content\/uploads\/2024\/11\/file-and-folder3.png\"> <a href=\"https:\/\/transparencia.info.jalisco.gob.mx\/sites\/default\/files\/Ley%20de%20Transparencia%20y%20Acceso%20a%20la%20Informaci%c3%b3n%20P%c3%bablica%20del%20Estado%20de%20Jalisco%20y%20sus%20Municipios_15.pdf\" target=\"_blank\">LEY DE TRANSPARENCIA Y ACCESO A LA INFORMACI\u00d3N P\u00daBLICA DEL ESTADO DE JALISCO Y SUS MUNICIPIOS<\/a><br><br><img decoding=\"async\" width=\"28px\" src=\"https:\/\/manzanilladelapaz.gob.mx\/v3\/wp-content\/uploads\/2024\/11\/file-and-folder3.png\"> <a href=\"https:\/\/transparencia.info.jalisco.gob.mx\/sites\/default\/files\/\/Reglamento-de-la-Ley-de-Transparencia-y-Acceso-a-la-Informaci%c3%b3n-para-el-Estado-de-Jalisco-y-sus-Municipios1.pdf\" target=\"_blank\">Reglamento-de-la-Ley-de-Transparencia-y-Acceso-a-la-Informaci\u00f3n-para-el-Estado-de-Jalisco-y-sus-Municipios1<\/a><br><br><img decoding=\"async\" width=\"28px\" src=\"https:\/\/manzanilladelapaz.gob.mx\/v3\/wp-content\/uploads\/2024\/11\/file-and-folder3.png\"> <a href=\"https:\/\/transparencia.info.jalisco.gob.mx\/sites\/default\/files\/\/Ley%20de%20Ingresos%20La%20Manzanilla%20de%20la%20Paz,%20Jalisco..doc\" target=\"_blank\">Ley de Ingresos La Manzanilla de la Paz, Jalisco<\/a>.<br><br><img decoding=\"async\" width=\"28px\" src=\"https:\/\/manzanilladelapaz.gob.mx\/v3\/wp-content\/uploads\/2024\/11\/file-and-folder3.png\"> <a href=\"https:\/\/transparencia.info.jalisco.gob.mx\/sites\/default\/files\/\/Ley%20de%20Hacienda%20Municipal%20del%20Estado%20de%20Jalisco_9.pdf\" target=\"_blank\">Ley de Hacienda Municipal del Estado de Jalisco<\/a><br><br><img decoding=\"async\" width=\"28px\" src=\"https:\/\/manzanilladelapaz.gob.mx\/v3\/wp-content\/uploads\/2024\/11\/file-and-folder3.png\"> <a href=\"https:\/\/transparencia.info.jalisco.gob.mx\/sites\/default\/files\/\/LEY%20DEL%20GOBIERNO%20Y%20LA%20ADMINISTRACION%20PUBLICA%20MUNICIPAL%20DEL%20ESTADO%20DE%20JALISCO_0.pdf\" target=\"_blank\">LEY DEL GOBIERNO Y LA ADMINISTRACION PUBLICA MUNICIPAL DEL ESTADO DE JALISCO<\/a><br><br><img decoding=\"async\" width=\"28px\" src=\"https:\/\/manzanilladelapaz.gob.mx\/v3\/wp-content\/uploads\/2024\/11\/file-and-folder3.png\"> <a href=\"https:\/\/transparencia.info.jalisco.gob.mx\/sites\/default\/files\/\/Ley%20de%20Planeaci%c3%b3n%20para%20el%20Estado%20de%20Jalisco%20y%20sus%20Municipios_7.pdf\" target=\"_blank\">Ley de Planeaci\u00f3n para el Estado de Jalisco y sus Municipios<\/a><br><br><img decoding=\"async\" width=\"28px\" src=\"https:\/\/manzanilladelapaz.gob.mx\/v3\/wp-content\/uploads\/2024\/11\/file-and-folder3.png\"> <a href=\"https:\/\/transparencia.info.jalisco.gob.mx\/sites\/default\/files\/\/Ley%20de%20Transparencia%20y%20acceso%20a%20la%20informaci%c3%b3n%20p%c3%bablica%20del%20Estado%20de%20Jalisco%20y%20sus%20municipios..pdf\" target=\"_blank\">Ley de Transparencia y acceso a la informaci\u00f3n p\u00fablica del Estado de Jalisco y sus municipios.<\/a><br><br><img decoding=\"async\" width=\"28px\" src=\"https:\/\/manzanilladelapaz.gob.mx\/v3\/wp-content\/uploads\/2024\/11\/file-and-folder3.png\"> <a href=\"https:\/\/transparencia.info.jalisco.gob.mx\/sites\/default\/files\/\/Ley%20para%20los%20Servidores%20Publicos%20del%20Estado%20de%20Jalisco%20y%20sus%20Municipios_17.pdf\" target=\"_blank\">Ley para los Servidores Publicos del Estado de Jalisco y sus Municipios<\/a><br><br><img decoding=\"async\" width=\"28px\" src=\"https:\/\/manzanilladelapaz.gob.mx\/v3\/wp-content\/uploads\/2024\/11\/file-and-folder3.png\"> <a href=\"https:\/\/transparencia.info.jalisco.gob.mx\/sites\/default\/files\/\/Ley%20de%20Deuda%20P%c3%bablica%20del%20Estado%20de%20Jalisco%20y%20sus%20Municipios_5.pdf\" target=\"_blank\">Ley de Deuda P\u00fablica del Estado de Jalisco y sus Municipios<\/a><br><br><img decoding=\"async\" width=\"28px\" src=\"https:\/\/manzanilladelapaz.gob.mx\/v3\/wp-content\/uploads\/2024\/11\/file-and-folder3.png\"> <a href=\"https:\/\/transparencia.info.jalisco.gob.mx\/sites\/default\/files\/\/Ley%20que%20Regula%20la%20Administraci%c3%b3n%20de%20Documentos%20P%c3%bablicos%20e%20Hist%c3%b3ricos%20del%20Estado%20de%20Jalisco_7.pdf\" target=\"_blank\">Ley que Regula la Administraci\u00f3n de Documentos P\u00fablicos e Hist\u00f3ricos del Estado de Jalisco<\/a><br><br><img decoding=\"async\" width=\"28px\" src=\"https:\/\/manzanilladelapaz.gob.mx\/v3\/wp-content\/uploads\/2024\/11\/file-and-folder3.png\"> <a href=\"https:\/\/transparencia.info.jalisco.gob.mx\/sites\/default\/files\/\/Ley%20General%20de%20Protecci%c3%b3n%20de%20Datos%20Personales%20en%20Posesi%c3%b3n%20de%20Sujetos%20Obligados_5.pdf\" target=\"_blank\">Ley General de Protecci\u00f3n de Datos Personales en Posesi\u00f3n de Sujetos Obligados<\/a><br><br><img decoding=\"async\" width=\"28px\" src=\"https:\/\/manzanilladelapaz.gob.mx\/v3\/wp-content\/uploads\/2024\/11\/file-and-folder3.png\"> <a href=\"https:\/\/transparencia.info.jalisco.gob.mx\/sites\/default\/files\/\/LEY%20GENERAL%20DE%20ARCHIVOS_5.pdf\" target=\"_blank\">LEY GENERAL DE ARCHIVOS<\/a><br><br><img decoding=\"async\" width=\"28px\" src=\"https:\/\/manzanilladelapaz.gob.mx\/v3\/wp-content\/uploads\/2024\/11\/file-and-folder3.png\"> <a href=\"https:\/\/transparencia.info.jalisco.gob.mx\/sites\/default\/files\/\/Ley%20del%20Archivos%20del%20Estado%20de%20Jalisco%20y%20sus%20Municipios.pdf\" target=\"_blank\">Ley del Archivos del Estado de Jalisco y sus Municipios<\/a><br><br><img decoding=\"async\" width=\"28px\" src=\"https:\/\/manzanilladelapaz.gob.mx\/v3\/wp-content\/uploads\/2024\/11\/file-and-folder3.png\"> <a href=\"https:\/\/transparencia.info.jalisco.gob.mx\/sites\/default\/files\/\/C%c3%b3digo-Civil-del-Estado-de-Jalisco..pdf\" target=\"_blank\">C\u00f3digo-Civil-del-Estado-de-Jalisco<\/a><br><\/ul><br><br><br><br><br><br><\/pre>\n","protected":false},"excerpt":{"rendered":"<p>c) Las leyes federales y estatales; LEY DE INGRESOS 2024 LEY DE INGRESOS 2023 LEY DE INGRESOS 2022 Ley de ingresos La Manzanilla de la Paz 2019 LEGISLACI\u00d3N ESTATAL LEGISLACI\u00d3N &#8230;<\/p>\n","protected":false},"author":1,"featured_media":0,"parent":0,"menu_order":0,"comment_status":"closed","ping_status":"closed","template":"","meta":{"footnotes":""},"class_list":["post-605","page","type-page","status-publish","hentry"],"_links":{"self":[{"href":"https:\/\/manzanilladelapaz.gob.mx\/v3\/index.php\/wp-json\/wp\/v2\/pages\/605","targetHints":{"allow":["GET"]}}],"collection":[{"href":"https:\/\/manzanilladelapaz.gob.mx\/v3\/index.php\/wp-json\/wp\/v2\/pages"}],"about":[{"href":"https:\/\/manzanilladelapaz.gob.mx\/v3\/index.php\/wp-json\/wp\/v2\/types\/page"}],"author":[{"embeddable":true,"href":"https:\/\/manzanilladelapaz.gob.mx\/v3\/index.php\/wp-json\/wp\/v2\/users\/1"}],"replies":[{"embeddable":true,"href":"https:\/\/manzanilladelapaz.gob.mx\/v3\/index.php\/wp-json\/wp\/v2\/comments?post=605"}],"version-history":[{"count":1,"href":"https:\/\/manzanilladelapaz.gob.mx\/v3\/index.php\/wp-json\/wp\/v2\/pages\/605\/revisions"}],"predecessor-version":[{"id":606,"href":"https:\/\/manzanilladelapaz.gob.mx\/v3\/index.php\/wp-json\/wp\/v2\/pages\/605\/revisions\/606"}],"wp:attachment":[{"href":"https:\/\/manzanilladelapaz.gob.mx\/v3\/index.php\/wp-json\/wp\/v2\/media?parent=605"}],"curies":[{"name":"wp","href":"https:\/\/api.w.org\/{rel}","templated":true}]}}