{"id":624,"date":"2024-12-01T04:31:15","date_gmt":"2024-12-01T03:31:15","guid":{"rendered":"https:\/\/manzanilladelapaz.gob.mx\/v3\/?page_id=624"},"modified":"2024-12-01T04:34:00","modified_gmt":"2024-12-01T03:34:00","slug":"articulo-8-fraccion-iii-d","status":"publish","type":"page","link":"https:\/\/manzanilladelapaz.gob.mx\/v3\/index.php\/articulo-8-fraccion-iii-d\/","title":{"rendered":"Art\u00edculo 8 \/ Fracci\u00f3n III \/ d)"},"content":{"rendered":"\n<pre class=\"wp-block-preformatted interlineado-personalizado\" style=\"text-transform:uppercase\"><strong>d)      Los programas estatales;<\/strong><br><ul><br><img decoding=\"async\" width=\"28px\" src=\"https:\/\/manzanilladelapaz.gob.mx\/v3\/wp-content\/uploads\/2024\/11\/file-and-folder4.png\"> <strong>Secretar\u00edas<\/strong><br><ul><br><img decoding=\"async\" width=\"28px\" src=\"https:\/\/manzanilladelapaz.gob.mx\/v3\/wp-content\/uploads\/2024\/11\/file-and-folder3.png\"> <a href=\"https:\/\/www.jalisco.gob.mx\/gobierno\/programas-apoyo\/dependencia\/Secretar%c3%ada*de*Desarrollo*e*Integraci%c3%b3n*Social\" target=\"_blank\">Programas de Secretar\u00eda de Desarrollo e Integraci\u00f3n Social. N\u00famero de resultados,18<\/a><br><br><img decoding=\"async\" width=\"28px\" src=\"https:\/\/manzanilladelapaz.gob.mx\/v3\/wp-content\/uploads\/2024\/11\/file-and-folder3.png\"> <a href=\"https:\/\/www.jalisco.gob.mx\/gobierno\/programas-apoyo\/dependencia\/Secretar%c3%ada*de*Desarrollo*Rural\" target=\"_blank\">Programas de Secretar\u00eda de Desarrollo Rural. N\u00famero de resultados,16<\/a><br><br><img decoding=\"async\" width=\"28px\" src=\"https:\/\/manzanilladelapaz.gob.mx\/v3\/wp-content\/uploads\/2024\/11\/file-and-folder3.png\"> <a href=\"https:\/\/www.jalisco.gob.mx\/gobierno\/programas-apoyo\/dependencia\/Secretar%c3%ada*de*Educaci%c3%b3n\" target=\"_blank\">Programas de Secretar\u00eda de Educaci\u00f3n. N\u00famero de resultados,16<\/a><br><br><img decoding=\"async\" width=\"28px\" src=\"https:\/\/manzanilladelapaz.gob.mx\/v3\/wp-content\/uploads\/2024\/11\/file-and-folder3.png\"> <a href=\"https:\/\/www.jalisco.gob.mx\/gobierno\/programas-apoyo\/dependencia\/Secretar%c3%ada*de*Cultura\" target=\"_blank\">Programas de Secretar\u00eda de Cultura. N\u00famero de resultados,12<\/a><br><br><img decoding=\"async\" width=\"28px\" src=\"https:\/\/manzanilladelapaz.gob.mx\/v3\/wp-content\/uploads\/2024\/11\/file-and-folder3.png\"> <a href=\"https:\/\/www.jalisco.gob.mx\/gobierno\/programas-apoyo\/dependencia\/Secretar%c3%ada*de*Desarrollo*Econ%c3%b3mico\" target=\"_blank\">Programas de Secretar\u00eda de Desarrollo Econ\u00f3mico. N\u00famero de resultados,8<\/a><br><br><img decoding=\"async\" width=\"28px\" src=\"https:\/\/manzanilladelapaz.gob.mx\/v3\/wp-content\/uploads\/2024\/11\/file-and-folder3.png\"> <a href=\"https:\/\/www.jalisco.gob.mx\/gobierno\/programas-apoyo\/dependencia\/Secretar%c3%ada*de*Salud\" target=\"_blank\">Programas de Secretar\u00eda de Salud. N\u00famero de resultados,6<\/a><br><br><img decoding=\"async\" width=\"28px\" src=\"https:\/\/manzanilladelapaz.gob.mx\/v3\/wp-content\/uploads\/2024\/11\/file-and-folder3.png\"> <a href=\"https:\/\/www.jalisco.gob.mx\/gobierno\/programas-apoyo\/dependencia\/Secretar%c3%ada*de*Infraestructura*y*Obra*P%c3%bablica\" target=\"_blank\">Programas de Secretar\u00eda de Infraestructura y Obra P\u00fablica. N\u00famero de resultados,5<\/a><br><br><img decoding=\"async\" width=\"28px\" src=\"https:\/\/manzanilladelapaz.gob.mx\/v3\/wp-content\/uploads\/2024\/11\/file-and-folder3.png\"> <a href=\"https:\/\/www.jalisco.gob.mx\/gobierno\/programas-apoyo\/dependencia\/Secretar%c3%ada*de*Medio*Ambiente*y*Desarrollo*Territorial\" target=\"_blank\">Programas de Secretar\u00eda de Medio Ambiente y Desarrollo Territorial. N\u00famero de resultados,5<\/a><br><br><img decoding=\"async\" width=\"28px\" src=\"https:\/\/manzanilladelapaz.gob.mx\/v3\/wp-content\/uploads\/2024\/11\/file-and-folder3.png\"> <a href=\"https:\/\/www.jalisco.gob.mx\/gobierno\/programas-apoyo\/dependencia\/Secretar%c3%ada*de*Innovaci%c3%b3n,*Ciencia*y*Tecnolog%c3%ada\" target=\"_blank\">Programas de Secretar\u00eda de Innovaci\u00f3n, Ciencia y Tecnolog\u00eda. N\u00famero de resultados,4<\/a><br><br><img decoding=\"async\" width=\"28px\" src=\"https:\/\/manzanilladelapaz.gob.mx\/v3\/wp-content\/uploads\/2024\/11\/file-and-folder3.png\"> <a href=\"https:\/\/www.jalisco.gob.mx\/gobierno\/programas-apoyo\/dependencia\/Procuradur%c3%ada*Social*del*Estado\" target=\"_blank\">Programas de Procuradur\u00eda Social del Estado. N\u00famero de resultados,3<\/a><br><br><img decoding=\"async\" width=\"28px\" src=\"https:\/\/manzanilladelapaz.gob.mx\/v3\/wp-content\/uploads\/2024\/11\/file-and-folder3.png\"> <a href=\"https:\/\/www.jalisco.gob.mx\/gobierno\/programas-apoyo\/dependencia\/Secretar%c3%ada*del*Trabajo*y*Previsi%c3%b3n*Social\" target=\"_blank\">Programas de Secretar\u00eda del Trabajo y Previsi\u00f3n Social. N\u00famero de resultados,3<\/a><br><br><img decoding=\"async\" width=\"28px\" src=\"https:\/\/manzanilladelapaz.gob.mx\/v3\/wp-content\/uploads\/2024\/11\/file-and-folder3.png\"> <a href=\"https:\/\/www.jalisco.gob.mx\/gobierno\/programas-apoyo\/dependencia\/Secretar%c3%ada*General*de*Gobierno\" target=\"_blank\">Programas de Secretar\u00eda General de Gobierno. N\u00famero de resultados,2<\/a><br><br><img decoding=\"async\" width=\"28px\" src=\"https:\/\/manzanilladelapaz.gob.mx\/v3\/wp-content\/uploads\/2024\/11\/file-and-folder3.png\"> <a href=\"https:\/\/www.jalisco.gob.mx\/gobierno\/programas-apoyo\/dependencia\/Secretar%c3%ada*de*Movilidad\" target=\"_blank\">Programas de Secretar\u00eda de Movilidad. N\u00famero de resultados,2<\/a><br><br><img decoding=\"async\" width=\"28px\" src=\"https:\/\/manzanilladelapaz.gob.mx\/v3\/wp-content\/uploads\/2024\/11\/file-and-folder3.png\"> <a href=\"https:\/\/www.jalisco.gob.mx\/gobierno\/programas-apoyo\/dependencia\/Secretar%c3%ada*de*Planeaci%c3%b3n,*Administraci%c3%b3n*y*Finanzas\" target=\"_blank\">Programas de Secretar\u00eda de Planeaci\u00f3n, Administraci\u00f3n y Finanzas. N\u00famero de resultados,2<\/a><br><br><img decoding=\"async\" width=\"28px\" src=\"https:\/\/manzanilladelapaz.gob.mx\/v3\/wp-content\/uploads\/2024\/11\/file-and-folder3.png\"> <a href=\"https:\/\/www.jalisco.gob.mx\/gobierno\/programas-apoyo\/dependencia\/Secretar%c3%ada*de*Turismo\" target=\"_blank\">Programas de Secretar\u00eda de Turismo. N\u00famero de resultados,2<\/a><br><\/ul><br><br><br><img decoding=\"async\" width=\"28px\" src=\"https:\/\/manzanilladelapaz.gob.mx\/v3\/wp-content\/uploads\/2024\/11\/file-and-folder4.png\"> <strong>Organismos<\/strong><br><ul><br><img decoding=\"async\" width=\"28px\" src=\"https:\/\/manzanilladelapaz.gob.mx\/v3\/wp-content\/uploads\/2024\/11\/file-and-folder3.png\"> <a href=\"https:\/\/www.jalisco.gob.mx\/gobierno\/programas-apoyo\/dependencia\/Sistema*para*el*desarrollo*Integral*de*la*Familia*DIF*Jalisco\" target=\"_blank\">Programas de Sistema para el desarrollo Integral de la Familia DIF Jalisco. N\u00famero de resultados,16<\/a><br><br><img decoding=\"async\" width=\"28px\" src=\"https:\/\/manzanilladelapaz.gob.mx\/v3\/wp-content\/uploads\/2024\/11\/file-and-folder3.png\"> <a href=\"https:\/\/www.jalisco.gob.mx\/gobierno\/programas-apoyo\/dependencia\/Instituto*Jalisciense*del*Emprendedor\" target=\"_blank\">Programas de Instituto Jalisciense del Emprendedor. N\u00famero de resultados,8<\/a><br><br><img decoding=\"async\" width=\"28px\" src=\"https:\/\/manzanilladelapaz.gob.mx\/v3\/wp-content\/uploads\/2024\/11\/file-and-folder3.png\"> <a href=\"https:\/\/www.jalisco.gob.mx\/gobierno\/programas-apoyo\/dependencia\/Consejo*Estatal*de*Ciencia*y*Tecnolog%c3%ada\" target=\"_blank\">Programas de Consejo Estatal de Ciencia y Tecnolog\u00eda. N\u00famero de resultados,6<\/a><br><br><img decoding=\"async\" width=\"28px\" src=\"https:\/\/manzanilladelapaz.gob.mx\/v3\/wp-content\/uploads\/2024\/11\/file-and-folder3.png\"> <a href=\"https:\/\/www.jalisco.gob.mx\/gobierno\/programas-apoyo\/dependencia\/Instituto*de*la*Artesan%c3%ada*Jalisciense\" target=\"_blank\">Programas de Instituto de la Artesan\u00eda Jalisciense. N\u00famero de resultados,6<\/a><br><br><img decoding=\"async\" width=\"28px\" src=\"https:\/\/manzanilladelapaz.gob.mx\/v3\/wp-content\/uploads\/2024\/11\/file-and-folder3.png\"> <a href=\"https:\/\/www.jalisco.gob.mx\/gobierno\/programas-apoyo\/dependencia\/Instituto*Jalisciense*de*la*Juventud\" target=\"_blank\">Programas de Instituto Jalisciense de la Juventud. N\u00famero de resultados,4<\/a><br><br><img decoding=\"async\" width=\"28px\" src=\"https:\/\/manzanilladelapaz.gob.mx\/v3\/wp-content\/uploads\/2024\/11\/file-and-folder3.png\"> <a href=\"https:\/\/www.jalisco.gob.mx\/gobierno\/programas-apoyo\/dependencia\/Consejo*Estatal*de*Promoci%c3%b3n*Econ%c3%b3mica\" target=\"_blank\">Programas de Consejo Estatal de Promoci\u00f3n Econ\u00f3mica. N\u00famero de resultados,3<\/a><br><br><img decoding=\"async\" width=\"28px\" src=\"https:\/\/manzanilladelapaz.gob.mx\/v3\/wp-content\/uploads\/2024\/11\/file-and-folder3.png\"> <a href=\"https:\/\/www.jalisco.gob.mx\/gobierno\/programas-apoyo\/dependencia\/Fondo*Jalisco*de*Fomento*Empresarial\" target=\"_blank\">Programas de Fondo Jalisco de Fomento Empresarial. N\u00famero de resultados,3<\/a><br><br><img decoding=\"async\" width=\"28px\" src=\"https:\/\/manzanilladelapaz.gob.mx\/v3\/wp-content\/uploads\/2024\/11\/file-and-folder3.png\"> <a href=\"https:\/\/www.jalisco.gob.mx\/gobierno\/programas-apoyo\/dependencia\/Instituto*Jalisciense*de*las*Mujeres\" target=\"_blank\">Programas de Instituto Jalisciense de las Mujeres. N\u00famero de resultados,3<\/a><br><br><img decoding=\"async\" width=\"28px\" src=\"https:\/\/manzanilladelapaz.gob.mx\/v3\/wp-content\/uploads\/2024\/11\/file-and-folder3.png\"> <a href=\"https:\/\/www.jalisco.gob.mx\/gobierno\/programas-apoyo\/dependencia\/Instituto*de*la*Infraestructura*F%c3%adsica*Educativa*del*Estado*de*Jalisco\" target=\"_blank\">Programas de Instituto de la Infraestructura F\u00edsica Educativa del Estado de Jalisco. N\u00famero de resultados,3<\/a><br><br><img decoding=\"async\" width=\"28px\" src=\"https:\/\/manzanilladelapaz.gob.mx\/v3\/wp-content\/uploads\/2024\/11\/file-and-folder3.png\"> <a href=\"https:\/\/www.jalisco.gob.mx\/gobierno\/programas-apoyo\/dependencia\/Consejo*Estatal*Contra*las*Adicciones*en*Jalisco\" target=\"_blank\">Programas de Consejo Estatal Contra las Adicciones en Jalisco. N\u00famero de resultados,1<\/a><br><br><img decoding=\"async\" width=\"28px\" src=\"https:\/\/manzanilladelapaz.gob.mx\/v3\/wp-content\/uploads\/2024\/11\/file-and-folder3.png\"> <a href=\"https:\/\/www.jalisco.gob.mx\/gobierno\/programas-apoyo\/dependencia\/Consejo*Estatal*para*el*Fomento*Deportivo*y*el*Apoyo*a*la*Juventud\" target=\"_blank\">Programas de Consejo Estatal para el Fomento Deportivo y el Apoyo a la Juventud. N\u00famero de resultados,1<\/a><br><br><img decoding=\"async\" width=\"28px\" src=\"https:\/\/manzanilladelapaz.gob.mx\/v3\/wp-content\/uploads\/2024\/11\/file-and-folder3.png\"> <a href=\"https:\/\/www.jalisco.gob.mx\/gobierno\/programas-apoyo\/dependencia\/Instituto*Estatal*para*la*Educaci%c3%b3n*de*J%c3%b3venes*y*Adultos\" target=\"_blank\">Programas de Instituto Estatal para la Educaci\u00f3n de J\u00f3venes y Adultos. N\u00famero de resultados,1<\/a><br><br><img decoding=\"async\" width=\"28px\" src=\"https:\/\/manzanilladelapaz.gob.mx\/v3\/wp-content\/uploads\/2024\/11\/file-and-folder3.png\"> <a href=\"https:\/\/www.jalisco.gob.mx\/gobierno\/programas-apoyo\/dependencia\/Instituto*Jalisciense*de*la*Vivienda\" target=\"_blank\">Programas de Instituto Jalisciense de la Vivienda. N\u00famero de resultados,1<\/a><br><br><img decoding=\"async\" width=\"28px\" src=\"https:\/\/manzanilladelapaz.gob.mx\/v3\/wp-content\/uploads\/2024\/11\/file-and-folder3.png\"> <a href=\"https:\/\/www.jalisco.gob.mx\/gobierno\/programas-apoyo\/dependencia\/Instituto*Jalisciense*del*Adulto*Mayor\" target=\"_blank\">Programas de Instituto Jalisciense del Adulto Mayor. N\u00famero de resultados,1<\/a><br><br><img decoding=\"async\" width=\"28px\" src=\"https:\/\/manzanilladelapaz.gob.mx\/v3\/wp-content\/uploads\/2024\/11\/file-and-folder3.png\"> <a href=\"https:\/\/www.jalisco.gob.mx\/gobierno\/programas-apoyo\/dependencia\/Instituto*de*Fomento*al*Comercio*Exterior*del*Estado*de*Jalisco\" target=\"_blank\">Programas de Instituto de Fomento al Comercio Exterior del Estado de Jalisco.<\/a><br><\/ul><\/ul><br><br><br><ul><img decoding=\"async\" width=\"28px\" src=\"https:\/\/manzanilladelapaz.gob.mx\/v3\/wp-content\/uploads\/2024\/11\/file-and-folder3.png\"> <a href=\"https:\/\/programas.app.jalisco.gob.mx\/programas\/sistemaDeProgramasPublicos\" target=\"_blank\">PROGRAMAS PUBLICOS DEL ESTADO DE JALISCO 2021<\/a><br><br><img decoding=\"async\" width=\"28px\" src=\"https:\/\/manzanilladelapaz.gob.mx\/v3\/wp-content\/uploads\/2024\/11\/file-and-folder3.png\"> <a href=\"https:\/\/guadalajara.gob.mx\/tipo-de-noticia\/programas-sociales\" target=\"_blank\">PROGRAMAS SOCIALES DEL ESTADO DE JALISCO 2021<\/a><\/ul><br><br><br><br><br><br><br><br><br><br><\/pre>\n","protected":false},"excerpt":{"rendered":"<p>d) Los programas estatales; Secretar\u00edas Programas de Secretar\u00eda de Desarrollo e Integraci\u00f3n Social. N\u00famero de resultados,18 Programas de Secretar\u00eda de Desarrollo Rural. N\u00famero de resultados,16 Programas de Secretar\u00eda de Educaci\u00f3n. &#8230;<\/p>\n","protected":false},"author":1,"featured_media":0,"parent":0,"menu_order":0,"comment_status":"closed","ping_status":"closed","template":"","meta":{"footnotes":""},"class_list":["post-624","page","type-page","status-publish","hentry"],"_links":{"self":[{"href":"https:\/\/manzanilladelapaz.gob.mx\/v3\/index.php\/wp-json\/wp\/v2\/pages\/624","targetHints":{"allow":["GET"]}}],"collection":[{"href":"https:\/\/manzanilladelapaz.gob.mx\/v3\/index.php\/wp-json\/wp\/v2\/pages"}],"about":[{"href":"https:\/\/manzanilladelapaz.gob.mx\/v3\/index.php\/wp-json\/wp\/v2\/types\/page"}],"author":[{"embeddable":true,"href":"https:\/\/manzanilladelapaz.gob.mx\/v3\/index.php\/wp-json\/wp\/v2\/users\/1"}],"replies":[{"embeddable":true,"href":"https:\/\/manzanilladelapaz.gob.mx\/v3\/index.php\/wp-json\/wp\/v2\/comments?post=624"}],"version-history":[{"count":3,"href":"https:\/\/manzanilladelapaz.gob.mx\/v3\/index.php\/wp-json\/wp\/v2\/pages\/624\/revisions"}],"predecessor-version":[{"id":629,"href":"https:\/\/manzanilladelapaz.gob.mx\/v3\/index.php\/wp-json\/wp\/v2\/pages\/624\/revisions\/629"}],"wp:attachment":[{"href":"https:\/\/manzanilladelapaz.gob.mx\/v3\/index.php\/wp-json\/wp\/v2\/media?parent=624"}],"curies":[{"name":"wp","href":"https:\/\/api.w.org\/{rel}","templated":true}]}}