{"id":651,"date":"2024-12-01T20:15:42","date_gmt":"2024-12-01T19:15:42","guid":{"rendered":"https:\/\/manzanilladelapaz.gob.mx\/v3\/?page_id=651"},"modified":"2025-01-07T19:08:10","modified_gmt":"2025-01-07T18:08:10","slug":"articulo-8-fraccion-iv-b","status":"publish","type":"page","link":"https:\/\/manzanilladelapaz.gob.mx\/v3\/index.php\/articulo-8-fraccion-iv-b\/","title":{"rendered":"Art\u00edculo 8 \/ Fracci\u00f3n IV \/ b)"},"content":{"rendered":"\n<pre class=\"wp-block-preformatted interlineado-personalizado\" style=\"text-transform:uppercase\"><strong>b)      Los programas operativos anuales, de cuando menos los \u00faltimos tres a\u00f1os;<\/strong><br><p><br><\/p><ul><span style=\"font-weight: bold; font-size: 16px;\"><img decoding=\"async\" width=\"28px\" src=\"https:\/\/manzanilladelapaz.gob.mx\/v3\/wp-content\/uploads\/2024\/11\/file-and-folder4.png\"> 2025<\/span><br><ul><br><img decoding=\"async\" width=\"28px\" src=\"https:\/\/manzanilladelapaz.gob.mx\/v3\/wp-content\/uploads\/2024\/11\/file-and-folder3.png\"> <a href=\"https:\/\/manzanilladelapaz.gob.mx\/Transparencia\/Articulo8\/Fraccion_IV\/b\/2025\/Plan_invernal.pdf\" target=\"_blank\">Plan invernal<\/a><br><br><img decoding=\"async\" width=\"28px\" src=\"https:\/\/manzanilladelapaz.gob.mx\/v3\/wp-content\/uploads\/2024\/11\/file-and-folder3.png\"> <a href=\"https:\/\/manzanilladelapaz.gob.mx\/Transparencia\/Articulo8\/Fraccion_IV\/b\/2025\/Plan_de_temporada_de_estiaje.pdf\" target=\"_blank\">Plan de temporada de estiaje<\/a><br><br><img decoding=\"async\" width=\"28px\" src=\"https:\/\/manzanilladelapaz.gob.mx\/v3\/wp-content\/uploads\/2024\/11\/file-and-folder3.png\"> <a href=\"https:\/\/manzanilladelapaz.gob.mx\/Transparencia\/Articulo8\/Fraccion_IV\/b\/2025\/PROGRAMA_OPERATIVO_ANUAL_DE_LA_DIRECCION_DE_CULTURA_Y_EDUCACION_2025.pdf\" target=\"_blank\">PROGRAMA OPERATIVO ANUAL DE LA DIRECCI\u00d3N DE CULTURA Y EDUCACI\u00d3N 2025<\/a><br><br><img decoding=\"async\" width=\"28px\" src=\"https:\/\/manzanilladelapaz.gob.mx\/v3\/wp-content\/uploads\/2024\/11\/file-and-folder3.png\"> <a href=\"https:\/\/manzanilladelapaz.gob.mx\/Transparencia\/Articulo8\/Fraccion_IV\/b\/2025\/PROGRAMA_OPERATIVO_ANUAL_DE_LA_DIRECCION_DE_FOMENTO_AGROPECUARIO_2025.pdf\" target=\"_blank\">PROGRAMA OPERATIVO ANUAL DE LA DIRECCI\u00d3N DE FOMENTO AGROPECUARIO 2025<\/a><br><br><img decoding=\"async\" width=\"28px\" src=\"https:\/\/manzanilladelapaz.gob.mx\/v3\/wp-content\/uploads\/2024\/11\/file-and-folder3.png\"> <a href=\"https:\/\/manzanilladelapaz.gob.mx\/Transparencia\/Articulo8\/Fraccion_IV\/b\/2025\/PROGRAMA_OPERATIVO_ANUAL_DE_LA_DIRECCION_DE_OBRAS_PUBLICAS_2025.pdf\" target=\"_blank\">PROGRAMA OPERATIVO ANUAL DE LA DIRECCI\u00d3N DE OBRAS P\u00daBLICAS 2025<\/a><br><br><img decoding=\"async\" width=\"28px\" src=\"https:\/\/manzanilladelapaz.gob.mx\/v3\/wp-content\/uploads\/2024\/11\/file-and-folder3.png\"> <a href=\"https:\/\/manzanilladelapaz.gob.mx\/Transparencia\/Articulo8\/Fraccion_IV\/b\/2025\/PROGRAMA_OPERATIVO_ANUAL_DE_LA_INSTANCIA_DE_LA_MUJER_2025.pdf\" target=\"_blank\">PROGRAMA OPERATIVO ANUAL DE LA INSTANCIA DE LA MUJER 2025<\/a><br><br><img decoding=\"async\" width=\"28px\" src=\"https:\/\/manzanilladelapaz.gob.mx\/v3\/wp-content\/uploads\/2024\/11\/file-and-folder3.png\"> <a href=\"https:\/\/manzanilladelapaz.gob.mx\/Transparencia\/Articulo8\/Fraccion_IV\/b\/2025\/PROGRAMA_OPERATIVO_ANUAL_DE_LAS_DIRECCIONES_DE_TURISMO,_DESARROLLO_SOCIAL_Y_PROMOCION_ECONOMICA_2025.pdf\" target=\"_blank\">PROGRAMA OPERATIVO ANUAL DE LAS DIRECCIONES DE TURISMO, DESARROLLO SOCIAL Y PROMOCI\u00d3N ECON\u00d3MICA 2025<\/a><br><br><img decoding=\"async\" width=\"28px\" src=\"https:\/\/manzanilladelapaz.gob.mx\/v3\/wp-content\/uploads\/2024\/11\/file-and-folder3.png\"> <a href=\"https:\/\/manzanilladelapaz.gob.mx\/Transparencia\/Articulo8\/Fraccion_IV\/b\/2025\/PROGRAMA_OPERATIVO_ANUAL_DE_OFICIALIA_MAYOR_2025.pdf\" target=\"_blank\">PROGRAMA OPERATIVO ANUAL DE OFICIAL\u00cdA MAYOR 2025<\/a><br><br><img decoding=\"async\" width=\"28px\" src=\"https:\/\/manzanilladelapaz.gob.mx\/v3\/wp-content\/uploads\/2024\/11\/file-and-folder3.png\"> <a href=\"https:\/\/manzanilladelapaz.gob.mx\/Transparencia\/Articulo8\/Fraccion_IV\/b\/2025\/PROGRAMA_OPERATIVO_ANUAL_DE_SECRETARIA_PARTICULAR_2025.pdf\" target=\"_blank\">PROGRAMA OPERATIVO ANUAL DE SECRETARIA PARTICULAR 2025<\/a><br><br><img decoding=\"async\" width=\"28px\" src=\"https:\/\/manzanilladelapaz.gob.mx\/v3\/wp-content\/uploads\/2024\/11\/file-and-folder3.png\"> <a href=\"https:\/\/manzanilladelapaz.gob.mx\/Transparencia\/Articulo8\/Fraccion_IV\/b\/2025\/PROGRAMA_OPERATIVO_ANUAL_DE_SEGURIDAD_PUBLICA_2025.pdf\" target=\"_blank\">PROGRAMA OPERATIVO ANUAL DE SEGURIDAD P\u00daBLICA 2025<\/a><br><br><img decoding=\"async\" width=\"28px\" src=\"https:\/\/manzanilladelapaz.gob.mx\/v3\/wp-content\/uploads\/2024\/11\/file-and-folder3.png\"> <a href=\"https:\/\/manzanilladelapaz.gob.mx\/Transparencia\/Articulo8\/Fraccion_IV\/b\/2025\/PROGRAMA_OPERATIVO_ANUAL_DE_SINDICATURA_2025.pdf\" target=\"_blank\">PROGRAMA OPERATIVO ANUAL DE SINDICATURA 2025<\/a><br><br><img decoding=\"async\" width=\"28px\" src=\"https:\/\/manzanilladelapaz.gob.mx\/v3\/wp-content\/uploads\/2024\/11\/file-and-folder3.png\"> <a href=\"https:\/\/manzanilladelapaz.gob.mx\/Transparencia\/Articulo8\/Fraccion_IV\/b\/2025\/PROGRAMA_OPERATIVO_ANUAL_DIRECCION_DE_AGUA_POTABLE_2025.pdf\" target=\"_blank\">PROGRAMA OPERATIVO ANUAL DIRECCI\u00d3N DE AGUA POTABLE 2025<\/a><br><br><img decoding=\"async\" width=\"28px\" src=\"https:\/\/manzanilladelapaz.gob.mx\/v3\/wp-content\/uploads\/2024\/11\/file-and-folder3.png\"> <a href=\"https:\/\/manzanilladelapaz.gob.mx\/Transparencia\/Articulo8\/Fraccion_IV\/b\/2025\/PROGRAMA_OPERATIVO_ANUAL_REGISTRO_CIVIL_2025.pdf\" target=\"_blank\">PROGRAMA OPERATIVO ANUAL REGISTRO CIVIL 2025<\/a><br><br><br><\/ul><\/ul><br><ul><span style=\"font-weight: bold; font-size: 16px;\"><img decoding=\"async\" width=\"28px\" src=\"https:\/\/manzanilladelapaz.gob.mx\/v3\/wp-content\/uploads\/2024\/11\/file-and-folder4.png\"> 2023<\/span><br><ul><br><img decoding=\"async\" width=\"28px\" src=\"https:\/\/manzanilladelapaz.gob.mx\/v3\/wp-content\/uploads\/2024\/11\/file-and-folder3.png\"> <a href=\"https:\/\/manzanilladelapaz.gob.mx\/Transparencia\/Articulo8\/Fraccion_IV\/b\/2023\/PROGRAMA_OPERATIVO_AGUA_POTABLE_2023.pdf\" target=\"_blank\">PROGRAMA OPERATIVO AGUA POTABLE 2023<\/a><br><br><img decoding=\"async\" width=\"28px\" src=\"https:\/\/manzanilladelapaz.gob.mx\/v3\/wp-content\/uploads\/2024\/11\/file-and-folder3.png\"> <a href=\"https:\/\/manzanilladelapaz.gob.mx\/Transparencia\/Articulo8\/Fraccion_IV\/b\/2023\/PROGRAMA_OPERATIVO_SECRETARIA_GENERAL_2023.pdf\" target=\"_blank\">PROGRAMA OPERATIVO SECRETARIA GENERAL 2023<\/a><br><br><img decoding=\"async\" width=\"28px\" src=\"https:\/\/manzanilladelapaz.gob.mx\/v3\/wp-content\/uploads\/2024\/11\/file-and-folder3.png\"> <a href=\"https:\/\/manzanilladelapaz.gob.mx\/Transparencia\/Articulo8\/Fraccion_IV\/b\/2023\/PROGRAMA_OPERATIVO_UNIDAD_DE_TRANSPARENCIA_2022-2023.pdf\" target=\"_blank\">PROGRAMA OPERATIVO UNIDAD DE TRANSPARENCIA 2023<\/a><br><br><img decoding=\"async\" width=\"28px\" src=\"https:\/\/manzanilladelapaz.gob.mx\/v3\/wp-content\/uploads\/2024\/11\/file-and-folder3.png\"> <a href=\"https:\/\/manzanilladelapaz.gob.mx\/Transparencia\/Articulo8\/Fraccion_IV\/b\/2023\/PROGRAMA_OPERATIVO_SINDICATURA_2023.pdf\" target=\"_blank\">PROGRAMA OPERATIVO SINDICATURA 2023<\/a><br><br><img decoding=\"async\" width=\"28px\" src=\"https:\/\/manzanilladelapaz.gob.mx\/v3\/wp-content\/uploads\/2024\/11\/file-and-folder3.png\"> <a href=\"https:\/\/manzanilladelapaz.gob.mx\/Transparencia\/Articulo8\/Fraccion_IV\/b\/2023\/PROGRAMA_OPERATIVO_REGISTRO_CIVIL_2023.pdf\" target=\"_blank\">PROGRAMA OPERATIVO REGISTRO CIVIL 2023<\/a><br><br><img decoding=\"async\" width=\"28px\" src=\"https:\/\/manzanilladelapaz.gob.mx\/v3\/wp-content\/uploads\/2024\/11\/file-and-folder3.png\"> <a href=\"https:\/\/manzanilladelapaz.gob.mx\/Transparencia\/Articulo8\/Fraccion_IV\/b\/2023\/PROGRAMA_OPERATIVO_INSTANCIA_DE_LA_MUJER_2023.pdf\" target=\"_blank\">PROGRAMA OPERATIVO INSTANCIA DE LA MUJER 2023<\/a><br><br><img decoding=\"async\" width=\"28px\" src=\"https:\/\/manzanilladelapaz.gob.mx\/v3\/wp-content\/uploads\/2024\/11\/file-and-folder3.png\"> <a href=\"https:\/\/manzanilladelapaz.gob.mx\/Transparencia\/Articulo8\/Fraccion_IV\/b\/2023\/PROGRAMA_OPERATIVO_CATASTRO_MUNICIPAL_2023.pdf\" target=\"_blank\">PROGRAMA OPERATIVO CATASTRO MUNICIPAL 2023<\/a><br><br><img decoding=\"async\" width=\"28px\" src=\"https:\/\/manzanilladelapaz.gob.mx\/v3\/wp-content\/uploads\/2024\/11\/file-and-folder3.png\"> <a href=\"https:\/\/manzanilladelapaz.gob.mx\/Transparencia\/Articulo8\/Fraccion_IV\/b\/2023\/PROGRAMA_OPERATIVO_CULTURA_2023.pdf\" target=\"_blank\">PROGRAMA OPERATIVO CULTURA 2023<\/a><br><br><img decoding=\"async\" width=\"28px\" src=\"https:\/\/manzanilladelapaz.gob.mx\/v3\/wp-content\/uploads\/2024\/11\/file-and-folder3.png\"> <a href=\"https:\/\/manzanilladelapaz.gob.mx\/Transparencia\/Articulo8\/Fraccion_IV\/b\/2023\/PROGRAMA_OPERATIVO_DESARROLLO_SOCIAL_Y_PROMOCION_ECONOMICA_2023.pdf\" target=\"_blank\">PROGRAMA OPERATIVO DESARROLLO SOCIAL Y PROMOCION ECON\u00d3MICA 2023<\/a><br><br><img decoding=\"async\" width=\"28px\" src=\"https:\/\/manzanilladelapaz.gob.mx\/v3\/wp-content\/uploads\/2024\/11\/file-and-folder3.png\"> <a href=\"https:\/\/manzanilladelapaz.gob.mx\/Transparencia\/Articulo8\/Fraccion_IV\/b\/2023\/PROGRAMA_OPERATIVO_FOMENTO_AGROPECUARIO_Y_ECOLOGIA_2023.pdf\" target=\"_blank\">PROGRAMA OPERATIVO FOMENTO AGROPECUARIO Y ECOLOGIA 2023<\/a><br><br><img decoding=\"async\" width=\"28px\" src=\"https:\/\/manzanilladelapaz.gob.mx\/v3\/wp-content\/uploads\/2024\/11\/file-and-folder3.png\"> <a href=\"https:\/\/manzanilladelapaz.gob.mx\/Transparencia\/Articulo8\/Fraccion_IV\/b\/2023\/PROGRAMA_OPERATIVO_JUZGADO_MUNICIPAL_2023.pdf\" target=\"_blank\">PROGRAMA OPERATIVO JUZGADO MUNICIPAL 2023<\/a><br><br><img decoding=\"async\" width=\"28px\" src=\"https:\/\/manzanilladelapaz.gob.mx\/v3\/wp-content\/uploads\/2024\/11\/file-and-folder3.png\"> <a href=\"https:\/\/manzanilladelapaz.gob.mx\/Transparencia\/Articulo8\/Fraccion_IV\/b\/2023\/PROGRAMA_OPERATIVO_OFICIALIA_MAYOR_2023.pdf\" target=\"_blank\">PROGRAMA OPERATIVO OFICIALIA MAYOR 2023<\/a><br><br><img decoding=\"async\" width=\"28px\" src=\"https:\/\/manzanilladelapaz.gob.mx\/v3\/wp-content\/uploads\/2024\/11\/file-and-folder3.png\"> <a href=\"https:\/\/manzanilladelapaz.gob.mx\/Transparencia\/Articulo8\/Fraccion_IV\/b\/2023\/PROGRAMA_OPERATIVO_PARTICIPACION_CIUDADANA_2023.pdf\" target=\"_blank\">PROGRAMA OPERATIVO PARTICIPACI\u00d3N CIUDADANA 2023<\/a><br><br><img decoding=\"async\" width=\"28px\" src=\"https:\/\/manzanilladelapaz.gob.mx\/v3\/wp-content\/uploads\/2024\/11\/file-and-folder3.png\"> <a href=\"https:\/\/manzanilladelapaz.gob.mx\/Transparencia\/Articulo8\/Fraccion_IV\/b\/2023\/PROGRAMA_OPERATIVO_TESORERIA_2023.pdf\" target=\"_blank\">PROGRAMA OPERATIVO TESORERIA 2023<\/a><br><br><\/ul><\/ul><br><ul><br><p><span style=\"font-weight: bold; font-size: 16px;\"><img decoding=\"async\" width=\"28px\" src=\"https:\/\/manzanilladelapaz.gob.mx\/v3\/wp-content\/uploads\/2024\/11\/file-and-folder4.png\"> 2022<\/span><\/p><ul><br><img decoding=\"async\" width=\"28px\" src=\"https:\/\/manzanilladelapaz.gob.mx\/v3\/wp-content\/uploads\/2024\/11\/file-and-folder3.png\"> <a href=\"https:\/\/manzanilladelapaz.gob.mx\/Transparencia\/Articulo8\/Fraccion_IV\/b\/PROGRAMA_OPERATIVO_DEPARTAMENTO_SECRETARIA_GENERAL_2022.pdf\" target=\"_blank\">PROGRAMA OPERATIVO DEPARTAMENTO SECRETARIA GENERAL 2022<\/a><br><br><img decoding=\"async\" width=\"28px\" src=\"https:\/\/manzanilladelapaz.gob.mx\/v3\/wp-content\/uploads\/2024\/11\/file-and-folder3.png\"> <a href=\"https:\/\/manzanilladelapaz.gob.mx\/Transparencia\/Articulo8\/Fraccion_IV\/b\/PROGRAMA_OPERATIVO_DEPARTAMENTO_JUZGADO_MUNICIPAL_2022.pdf\" target=\"_blank\">PROGRAMA OPERATIVO DEPARTAMENTO JUZGADO MUNICIPAL 2022<\/a><br><br><img decoding=\"async\" width=\"28px\" src=\"https:\/\/manzanilladelapaz.gob.mx\/v3\/wp-content\/uploads\/2024\/11\/file-and-folder3.png\"> <a href=\"https:\/\/manzanilladelapaz.gob.mx\/Transparencia\/Articulo8\/Fraccion_IV\/b\/PROGRAMA_OPERATIVO_ANUAL_PRESIDENCIA_2022.pdf\" target=\"_blank\">PROGRAMA OPERATIVO ANUAL PRESIDENCIA 2022<\/a><br><br><img decoding=\"async\" width=\"28px\" src=\"https:\/\/manzanilladelapaz.gob.mx\/v3\/wp-content\/uploads\/2024\/11\/file-and-folder3.png\"> <a href=\"https:\/\/manzanilladelapaz.gob.mx\/Transparencia\/Articulo8\/Fraccion_IV\/b\/POA_HACIENDA_MUNICIPAL_2022_LA_MANZANILLA_DE_LA_PAZ.pdf\" target=\"_blank\">PROGRAMA OPERATIVO ANUAL HACIENDA MUNICIPAL 2022<\/a><br><br><img decoding=\"async\" width=\"28px\" src=\"https:\/\/manzanilladelapaz.gob.mx\/v3\/wp-content\/uploads\/2024\/11\/file-and-folder3.png\"> <a href=\"https:\/\/manzanilladelapaz.gob.mx\/Transparencia\/Articulo8\/Fraccion_IV\/b\/PROGRAMA_OPERATIVO_DEPARTAMENTO_AGUA_POTABLE.pdf\" target=\"_blank\">PROGRAMA OPERATIVO DEPARTAMENTO AGUA POTABLE<\/a><br><br><img decoding=\"async\" width=\"28px\" src=\"https:\/\/manzanilladelapaz.gob.mx\/v3\/wp-content\/uploads\/2024\/11\/file-and-folder3.png\"> <a href=\"https:\/\/manzanilladelapaz.gob.mx\/Transparencia\/Articulo8\/Fraccion_IV\/b\/PROGRAMA_OPERATIVO_DEPARTAMENTO_CATASTRO.pdf\" target=\"_blank\">PROGRAMA OPERATIVO DEPARTAMENTO CATASTRO<\/a><br><br><img decoding=\"async\" width=\"28px\" src=\"https:\/\/manzanilladelapaz.gob.mx\/v3\/wp-content\/uploads\/2024\/11\/file-and-folder3.png\"> <a href=\"https:\/\/manzanilladelapaz.gob.mx\/Transparencia\/Articulo8\/Fraccion_IV\/b\/PROGRAMA_OPERATIVO_DEPARTAMENTO_DESARROLLO_SOCIAL.pdf\" target=\"_blank\">PROGRAMA OPERATIVO DEPARTAMENTO DESARROLLO SOCIAL<\/a><br><br><img decoding=\"async\" width=\"28px\" src=\"https:\/\/manzanilladelapaz.gob.mx\/v3\/wp-content\/uploads\/2024\/11\/file-and-folder3.png\"> <a href=\"https:\/\/manzanilladelapaz.gob.mx\/Transparencia\/Articulo8\/Fraccion_IV\/b\/PROGRAMA_OPERATIVO_DEPARTAMENTO_FOMENTO_AGROPECUARIO.pdf\" target=\"_blank\">PROGRAMA OPERATIVO DEPARTAMENTO FOMENTO AGROPECUARIO<\/a><br><br><img decoding=\"async\" width=\"28px\" src=\"https:\/\/manzanilladelapaz.gob.mx\/v3\/wp-content\/uploads\/2024\/11\/file-and-folder3.png\"> <a href=\"https:\/\/manzanilladelapaz.gob.mx\/Transparencia\/Articulo8\/Fraccion_IV\/b\/PROGRAMA_OPERATIVO_DEPARTAMENTO_OBRAS_PUBLICAS.pdf\" target=\"_blank\">PROGRAMA OPERATIVO DEPARTAMENTO OBRAS PUBLICAS<\/a><br><br><img decoding=\"async\" width=\"28px\" src=\"https:\/\/manzanilladelapaz.gob.mx\/v3\/wp-content\/uploads\/2024\/11\/file-and-folder3.png\"> <a href=\"https:\/\/manzanilladelapaz.gob.mx\/Transparencia\/Articulo8\/Fraccion_IV\/b\/PROGRAMA_OPERATIVO_DEPARTAMENTO_OFICIALIA_MAYOR.pdf\" target=\"_blank\">PROGRAMA OPERATIVO DEPARTAMENTO OFICIALIA MAYOR<\/a><br><br><img decoding=\"async\" width=\"28px\" src=\"https:\/\/manzanilladelapaz.gob.mx\/v3\/wp-content\/uploads\/2024\/11\/file-and-folder3.png\"> <a href=\"https:\/\/manzanilladelapaz.gob.mx\/Transparencia\/Articulo8\/Fraccion_IV\/b\/PROGRAMA_OPERATIVO_DEPARTAMENTO_REGISTRO_CIVIL.pdf\" target=\"_blank\">PROGRAMA OPERATIVO DEPARTAMENTO REGISTRO CIVIL<\/a><br><br><img decoding=\"async\" width=\"28px\" src=\"https:\/\/manzanilladelapaz.gob.mx\/v3\/wp-content\/uploads\/2024\/11\/file-and-folder3.png\"> <a href=\"https:\/\/manzanilladelapaz.gob.mx\/Transparencia\/Articulo8\/Fraccion_IV\/b\/PROGRAMA_OPERATIVO_DEPARTAMENTO_SINDICATURA_MUNICIPAL.pdf\" target=\"_blank\">PROGRAMA OPERATIVO DEPARTAMENTO SINDICATURA MUNICIPAL<\/a><br><\/ul><\/ul><br><br><ul><span style=\"font-weight: bold; font-size: 16px;\"><img decoding=\"async\" width=\"28px\" src=\"https:\/\/manzanilladelapaz.gob.mx\/v3\/wp-content\/uploads\/2024\/11\/file-and-folder4.png\"> Otros<\/span><ul><br><img decoding=\"async\" width=\"28px\" src=\"https:\/\/manzanilladelapaz.gob.mx\/v3\/wp-content\/uploads\/2024\/11\/file-and-folder3.png\"> <a href=\"https:\/\/transparencia.info.jalisco.gob.mx\/sites\/default\/files\/\/PROGRAMA%20DE%20IGUALDAD%20ENTRE%20HOMBRES%20Y%20MUJERES%202021.pdf\" target=\"_blank\">PROGRAMA DE IGUALDAD ENTRE HOMBRES Y MUJERES 2021<\/a><br><br><img decoding=\"async\" width=\"28px\" src=\"https:\/\/manzanilladelapaz.gob.mx\/v3\/wp-content\/uploads\/2024\/11\/file-and-folder3.png\"> <a href=\"https:\/\/transparencia.info.jalisco.gob.mx\/sites\/default\/files\/\/PROGRAMA%20DE%20REEDUCACION%20INTEGRAL%202021.pdf\" target=\"_blank\">PROGRAMA DE REEDUCACION INTEGRAL 2021<\/a><br><br><img decoding=\"async\" width=\"28px\" src=\"https:\/\/manzanilladelapaz.gob.mx\/v3\/wp-content\/uploads\/2024\/11\/file-and-folder3.png\"> <a href=\"https:\/\/transparencia.info.jalisco.gob.mx\/sites\/default\/files\/\/PROGRAMAS%20OPERATIVOS%20ANUALES%202021.pdf\" target=\"_blank\">PROGRAMAS OPERATIVOS ANUALES 2021<\/a><br><br><img decoding=\"async\" width=\"28px\" src=\"https:\/\/manzanilladelapaz.gob.mx\/v3\/wp-content\/uploads\/2024\/11\/file-and-folder3.png\"> <a href=\"https:\/\/transparencia.info.jalisco.gob.mx\/sites\/default\/files\/\/PROGRAMAS%20OPERATIVOS%20ANUALES%202020.pdf\" target=\"_blank\">PROGRAMAS OPERATIVOS ANUALES 2020<\/a><br><br><img decoding=\"async\" width=\"28px\" src=\"https:\/\/manzanilladelapaz.gob.mx\/v3\/wp-content\/uploads\/2024\/11\/file-and-folder3.png\"> <a href=\"https:\/\/transparencia.info.jalisco.gob.mx\/sites\/default\/files\/\/PROGRAMAS%20OPERATIVOS%20ANUALES%202019.pdf\" target=\"_blank\">PROGRAMAS OPERATIVOS ANUALES 2019<\/a><br><br><img decoding=\"async\" width=\"28px\" src=\"https:\/\/manzanilladelapaz.gob.mx\/v3\/wp-content\/uploads\/2024\/11\/file-and-folder3.png\"> <a href=\"https:\/\/transparencia.info.jalisco.gob.mx\/sites\/default\/files\/\/PROGRAMA%20OPERATIVO%20DE%20AGUA%20POTABLE%202019.pdf\" target=\"_blank\">PROGRAMA OPERATIVO DE AGUA POTABLE 2019<\/a><br><br><\/ul><\/ul><br><ul><br><p><span style=\"font-weight: bold; font-size: 16px;\"><img decoding=\"async\" width=\"28px\" src=\"https:\/\/manzanilladelapaz.gob.mx\/v3\/wp-content\/uploads\/2024\/11\/file-and-folder4.png\"> 2012-2015<\/span><\/p><br><div align=\"justify\">Para este punto y bajo protesta de decir verdad, se precisa que no se cuenta con informaci\u00f3n de los programas operativos anuales del municipio del periodo 2012 - 2015, toda vez que no se recibi\u00f3 la informaci\u00f3n correspondiente, y por esa raz\u00f3n se present\u00f3 ante la Fiscal\u00eda General del estado de Jalisco, la denuncia penal correspondiente bajo el n\u00famero 2012\/2015, de la cual se adjunta copia del acuse de recibido, adem\u00e1s de lo anterior se precisa que a la fecha dicha averiguaci\u00f3n se encuentra en fase de investigaci\u00f3n y que la misma ya ha sido ratificada por la S\u00edndica Municipal Maestra Teresa D\u00edaz Pantoja.<br><br><ul><img decoding=\"async\" width=\"28px\" src=\"https:\/\/manzanilladelapaz.gob.mx\/v3\/wp-content\/uploads\/2024\/11\/file-and-folder3.png\"> <a href=\"https:\/\/transparencia.info.jalisco.gob.mx\/sites\/default\/files\/\/DENUNCIA%20ACUSE%20DE%20RECIBIDO%20001_2.jpg\" target=\"_blank\">DENUNCIA ACUSE DE RECIBIDO 001<\/a><\/ul><br><\/div><\/ul><br><br><br><br><br><\/pre>\n","protected":false},"excerpt":{"rendered":"<p>b) Los programas operativos anuales, de cuando menos los \u00faltimos tres a\u00f1os; 2025 Plan invernal Plan de temporada de estiaje PROGRAMA OPERATIVO ANUAL DE LA DIRECCI\u00d3N DE CULTURA Y EDUCACI\u00d3N &#8230;<\/p>\n","protected":false},"author":1,"featured_media":0,"parent":0,"menu_order":0,"comment_status":"closed","ping_status":"closed","template":"","meta":{"footnotes":""},"class_list":["post-651","page","type-page","status-publish","hentry"],"_links":{"self":[{"href":"https:\/\/manzanilladelapaz.gob.mx\/v3\/index.php\/wp-json\/wp\/v2\/pages\/651","targetHints":{"allow":["GET"]}}],"collection":[{"href":"https:\/\/manzanilladelapaz.gob.mx\/v3\/index.php\/wp-json\/wp\/v2\/pages"}],"about":[{"href":"https:\/\/manzanilladelapaz.gob.mx\/v3\/index.php\/wp-json\/wp\/v2\/types\/page"}],"author":[{"embeddable":true,"href":"https:\/\/manzanilladelapaz.gob.mx\/v3\/index.php\/wp-json\/wp\/v2\/users\/1"}],"replies":[{"embeddable":true,"href":"https:\/\/manzanilladelapaz.gob.mx\/v3\/index.php\/wp-json\/wp\/v2\/comments?post=651"}],"version-history":[{"count":13,"href":"https:\/\/manzanilladelapaz.gob.mx\/v3\/index.php\/wp-json\/wp\/v2\/pages\/651\/revisions"}],"predecessor-version":[{"id":880,"href":"https:\/\/manzanilladelapaz.gob.mx\/v3\/index.php\/wp-json\/wp\/v2\/pages\/651\/revisions\/880"}],"wp:attachment":[{"href":"https:\/\/manzanilladelapaz.gob.mx\/v3\/index.php\/wp-json\/wp\/v2\/media?parent=651"}],"curies":[{"name":"wp","href":"https:\/\/api.w.org\/{rel}","templated":true}]}}