{"id":692,"date":"2024-12-01T22:21:40","date_gmt":"2024-12-01T21:21:40","guid":{"rendered":"https:\/\/manzanilladelapaz.gob.mx\/v3\/?page_id=692"},"modified":"2024-12-01T22:21:41","modified_gmt":"2024-12-01T21:21:41","slug":"articulo-8-fraccion-v-a","status":"publish","type":"page","link":"https:\/\/manzanilladelapaz.gob.mx\/v3\/index.php\/articulo-8-fraccion-v-a\/","title":{"rendered":"Art\u00edculo 8 \/ Fracci\u00f3n V \/ a)"},"content":{"rendered":"\n<pre class=\"wp-block-preformatted interlineado-personalizado\" style=\"text-transform:uppercase\"><strong>a)    Las partidas del Presupuesto de Egresos de la Federaci\u00f3n y del Presupuesto de Egresos del Estado, as\u00ed como los conceptos del clasificador por objeto del gasto, aplicables al y por el sujeto obligado, de cuando menos los \u00faltimos tres a\u00f1os;<\/strong><br><ul><br><p><span style=\"font-weight: bold; font-size: 16px;\"><img decoding=\"async\" width=\"28px\" src=\"https:\/\/manzanilladelapaz.gob.mx\/v3\/wp-content\/uploads\/2024\/11\/file-and-folder4.png\"> 2024<\/span><\/p><ul><br><img decoding=\"async\" width=\"28px\" src=\"https:\/\/manzanilladelapaz.gob.mx\/v3\/wp-content\/uploads\/2024\/11\/file-and-folder3.png\"> <span style=\"line-height: normal;\"><a href=\"https:\/\/manzanilladelapaz.gob.mx\/Transparencia\/PRESUPUESTO\/Federal\/PRESUPUESTO_DE_EGRESOS_DE_LA_FEDERACION_2024.pdf\" target=\"_blank\">Presupuesto de Egresos de la Federacion 2024<\/a><\/span><br><br><img decoding=\"async\" width=\"28px\" src=\"https:\/\/manzanilladelapaz.gob.mx\/v3\/wp-content\/uploads\/2024\/11\/file-and-folder3.png\"> <span style=\"line-height: normal;\"><a href=\"https:\/\/manzanilladelapaz.gob.mx\/Transparencia\/PRESUPUESTO\/Estatal\/PRESUPUESTO_DE_EGRESOS_ESTATAL_2024.pdf\" target=\"_blank\">Presupuesto de Egresos Estatal 2024<\/a><\/span><\/ul><p><br><\/p><br><p><span style=\"font-weight: bold; font-size: 16px;\"><img decoding=\"async\" width=\"28px\" src=\"https:\/\/manzanilladelapaz.gob.mx\/v3\/wp-content\/uploads\/2024\/11\/file-and-folder4.png\"> 2023<\/span><\/p><ul><br><img decoding=\"async\" width=\"28px\" src=\"https:\/\/manzanilladelapaz.gob.mx\/v3\/wp-content\/uploads\/2024\/11\/file-and-folder3.png\"> <span style=\"line-height: normal;\"><a href=\"https:\/\/manzanilladelapaz.gob.mx\/Transparencia\/PRESUPUESTO\/Federal\/Presupuesto_de_Egresos_de_la_Federacion_2023.pdf\" target=\"_blank\">Presupuesto de Egresos de la Federacion 2023<\/a><\/span><br><br><img decoding=\"async\" width=\"28px\" src=\"https:\/\/manzanilladelapaz.gob.mx\/v3\/wp-content\/uploads\/2024\/11\/file-and-folder3.png\"> <span style=\"line-height: normal;\"><a href=\"https:\/\/manzanilladelapaz.gob.mx\/Transparencia\/PRESUPUESTO\/Estatal\/Presupuesto_de_Egresos_Estatal_2023.pdf\" target=\"_blank\">Presupuesto de Egresos Estatal 2023<\/a><\/span><\/ul><p><br><\/p><br><p><span style=\"font-weight: bold; font-size: 16px;\"><img decoding=\"async\" width=\"28px\" src=\"https:\/\/manzanilladelapaz.gob.mx\/v3\/wp-content\/uploads\/2024\/11\/file-and-folder4.png\"> 2022<\/span><\/p><ul><br><img decoding=\"async\" width=\"28px\" src=\"https:\/\/manzanilladelapaz.gob.mx\/v3\/wp-content\/uploads\/2024\/11\/file-and-folder3.png\"> <span style=\"line-height: normal;\"><a href=\"https:\/\/manzanilladelapaz.gob.mx\/Transparencia\/PRESUPUESTO\/Federal\/PEF_2022.pdf\" target=\"_blank\">PRESUPUESTO DE EGRESOS FEDERAL 2022<\/a><\/span><br><br><img decoding=\"async\" width=\"28px\" src=\"https:\/\/manzanilladelapaz.gob.mx\/v3\/wp-content\/uploads\/2024\/11\/file-and-folder3.png\"> <span style=\"line-height: normal;\"><a href=\"https:\/\/manzanilladelapaz.gob.mx\/Transparencia\/PRESUPUESTO\/Estatal\/12-30-21-iii-vol_vii_0.pdf\" target=\"_blank\">PRESUPUESTO DE EGRESOS ESTATAL 2022<\/a><\/span><\/ul><p><br><\/p><br><p><span style=\"font-weight: bold; font-size: 16px;\"><img decoding=\"async\" width=\"28px\" src=\"https:\/\/manzanilladelapaz.gob.mx\/v3\/wp-content\/uploads\/2024\/11\/file-and-folder4.png\"> 2021<\/span><\/p><ul><br><img decoding=\"async\" width=\"28px\" src=\"https:\/\/manzanilladelapaz.gob.mx\/v3\/wp-content\/uploads\/2024\/11\/file-and-folder3.png\"> <a href=\"https:\/\/transparencia.info.jalisco.gob.mx\/sites\/default\/files\/\/DOF-%20Presupuesto%20de%20Egresos%20FEDERAL%202021.pdf\" target=\"_blank\">DOF- Presupuesto de Egresos FEDERAL 2021<\/a><br><br><img decoding=\"async\" width=\"28px\" src=\"https:\/\/manzanilladelapaz.gob.mx\/v3\/wp-content\/uploads\/2024\/11\/file-and-folder3.png\"> <a href=\"https:\/\/transparencia.info.jalisco.gob.mx\/sites\/default\/files\/\/PRESUPUESTO%20DE%20EGRESOS%20ESTATAL%202021.pdf\" target=\"_blank\">PRESUPUESTO DE EGRESOS ESTATAL 2021<\/a><br><\/ul><p><br><\/p><br><p><span style=\"font-weight: bold; font-size: 16px;\"><img decoding=\"async\" width=\"28px\" src=\"https:\/\/manzanilladelapaz.gob.mx\/v3\/wp-content\/uploads\/2024\/11\/file-and-folder4.png\"> 2020<\/span><\/p><ul><br><img decoding=\"async\" width=\"28px\" src=\"https:\/\/manzanilladelapaz.gob.mx\/v3\/wp-content\/uploads\/2024\/11\/file-and-folder3.png\"> <a href=\"https:\/\/periodicooficial.jalisco.gob.mx\/peri%C3%B3dicos\/presupuesto-de-egresos.pdf\" target=\"_blank\">PRESUPUESTO DE EGRESOS 2020 JALISCO<\/a><br><br><img decoding=\"async\" width=\"28px\" src=\"https:\/\/manzanilladelapaz.gob.mx\/v3\/wp-content\/uploads\/2024\/11\/file-and-folder3.png\"> <a href=\"http:\/\/www.diputados.gob.mx\/LeyesBiblio\/pdf\/PEF_2020_111219.pdf\" target=\"_blank\">PRESUPUESTO DE EGRESOS 2020 FEDERAL<\/a><br><br><img decoding=\"async\" width=\"28px\" src=\"https:\/\/manzanilladelapaz.gob.mx\/v3\/wp-content\/uploads\/2024\/11\/file-and-folder3.png\"> <a href=\"https:\/\/transparencia.info.jalisco.gob.mx\/sites\/default\/files\/\/PRESUPUESTO%20DE%20EGRESOS%202020_4.pdf\" target=\"_blank\">PRESUPUESTO DE EGRESOS 2020<\/a><br><\/ul><p><br><\/p><br><p><span style=\"font-weight: bold; font-size: 16px;\"><img decoding=\"async\" width=\"28px\" src=\"https:\/\/manzanilladelapaz.gob.mx\/v3\/wp-content\/uploads\/2024\/11\/file-and-folder4.png\"> 2019<\/span><\/p><ul><br><img decoding=\"async\" width=\"28px\" src=\"https:\/\/manzanilladelapaz.gob.mx\/v3\/wp-content\/uploads\/2024\/11\/file-and-folder3.png\"> <a href=\"https:\/\/transparencia.info.jalisco.gob.mx\/sites\/default\/files\/\/PRESUPUESTO%20DE%20EGRESOS%20FEDERAL%202019_0.pdf\" target=\"_blank\">PRESUPUESTO DE EGRESOS FEDERAL 2019<\/a><br><br><img decoding=\"async\" width=\"28px\" src=\"https:\/\/manzanilladelapaz.gob.mx\/v3\/wp-content\/uploads\/2024\/11\/file-and-folder3.png\"> <a href=\"https:\/\/transparencia.info.jalisco.gob.mx\/sites\/default\/files\/\/PRESUPUESTO%20DE%20EGRESOS%20ESTATAL%202019.pdf\" target=\"_blank\">PRESUPUESTO DE EGRESOS ESTATAL 2019<\/a><br><\/ul><p><br><\/p><br><p>PRESUPUESTOS DE EGRESOS JALISCO 2015, 2016, 2017 Y 2018 Se encuentran completos en:<a href=\"https:\/\/periodicooficial.jalisco.gob.mx\/periodicos\/presupuesto-de-egresos\" target=\"_blank\">https:\/\/periodicooficial.jalisco.gob.mx\/periodicos\/presupuesto-de-egresos<\/a><\/p><br><br><p><span style=\"font-weight: bold; font-size: 16px;\"><img decoding=\"async\" width=\"28px\" src=\"https:\/\/manzanilladelapaz.gob.mx\/v3\/wp-content\/uploads\/2024\/11\/file-and-folder4.png\"> 2018<\/span><\/p><ul><br><img decoding=\"async\" width=\"28px\" src=\"https:\/\/manzanilladelapaz.gob.mx\/v3\/wp-content\/uploads\/2024\/11\/file-and-folder3.png\"> <a href=\"https:\/\/transparencia.info.jalisco.gob.mx\/sites\/default\/files\/\/ClasificadorObjetoGasto2018.pdf\" target=\"_blank\">ClasificadorObjetoGasto2018<\/a><br><br><img decoding=\"async\" width=\"28px\" src=\"https:\/\/manzanilladelapaz.gob.mx\/v3\/wp-content\/uploads\/2024\/11\/file-and-folder3.png\"> <a href=\"https:\/\/transparencia.info.jalisco.gob.mx\/sites\/default\/files\/\/PRESUPUESTO%20DE%20EGRESOS%20DE%20LA%20FEDERACION%202018_0.pdf\" target=\"_blank\">PRESUPUESTO DE EGRESOS DE LA FEDERACION 2018<\/a><br><\/ul><p><br><\/p><br><p><span style=\"font-weight: bold; font-size: 16px;\"><img decoding=\"async\" width=\"28px\" src=\"https:\/\/manzanilladelapaz.gob.mx\/v3\/wp-content\/uploads\/2024\/11\/file-and-folder4.png\"> 2017<\/span><\/p><ul><br><img decoding=\"async\" width=\"28px\" src=\"https:\/\/manzanilladelapaz.gob.mx\/v3\/wp-content\/uploads\/2024\/11\/file-and-folder3.png\"> <a href=\"https:\/\/transparencia.info.jalisco.gob.mx\/sites\/default\/files\/\/ClasificadorObjetoGasto2017.pdf\" target=\"_blank\">ClasificadorObjetoGasto2017<\/a><br><br><img decoding=\"async\" width=\"28px\" src=\"https:\/\/manzanilladelapaz.gob.mx\/v3\/wp-content\/uploads\/2024\/11\/file-and-folder3.png\"> <a href=\"https:\/\/transparencia.info.jalisco.gob.mx\/sites\/default\/files\/\/PRESPUESTO%20DE%20EGRESOS%20DE%20LA%20FEDERACION%202017.pdf\" target=\"_blank\">PRESPUESTO DE EGRESOS DE LA FEDERACION 2017<\/a><\/ul><p><br><\/p><br><p><span style=\"font-weight: bold; font-size: 16px;\"><img decoding=\"async\" width=\"28px\" src=\"https:\/\/manzanilladelapaz.gob.mx\/v3\/wp-content\/uploads\/2024\/11\/file-and-folder4.png\"> 2016<\/span><\/p><ul><br><img decoding=\"async\" width=\"28px\" src=\"https:\/\/manzanilladelapaz.gob.mx\/v3\/wp-content\/uploads\/2024\/11\/file-and-folder3.png\"> <a href=\"https:\/\/transparencia.info.jalisco.gob.mx\/sites\/default\/files\/\/ClasificadorObjetoGasto2016.pdf\" target=\"_blank\">ClasificadorObjetoGasto2016<\/a><br><br><img decoding=\"async\" width=\"28px\" src=\"https:\/\/manzanilladelapaz.gob.mx\/v3\/wp-content\/uploads\/2024\/11\/file-and-folder3.png\"> <a href=\"https:\/\/transparencia.info.jalisco.gob.mx\/sites\/default\/files\/\/PRESUPUESTOS%20DE%20EGRESOS%20DE%20LA%20FEDERACION%202016.pdf\" target=\"_blank\">PRESUPUESTOS DE EGRESOS DE LA FEDERACION 2016<\/a><br><\/ul><p><br><\/p><br><p><span style=\"font-weight: bold; font-size: 16px;\"><img decoding=\"async\" width=\"28px\" src=\"https:\/\/manzanilladelapaz.gob.mx\/v3\/wp-content\/uploads\/2024\/11\/file-and-folder4.png\"> 2015<\/span><\/p><ul><br><img decoding=\"async\" width=\"28px\" src=\"https:\/\/manzanilladelapaz.gob.mx\/v3\/wp-content\/uploads\/2024\/11\/file-and-folder3.png\"> <a href=\"https:\/\/transparencia.info.jalisco.gob.mx\/sites\/default\/files\/\/ClasificadorObjetoGasto2015_5.pdf\" target=\"_blank\">ClasificadorObjetoGasto2015<\/a><br><br><img decoding=\"async\" width=\"28px\" src=\"https:\/\/manzanilladelapaz.gob.mx\/v3\/wp-content\/uploads\/2024\/11\/file-and-folder3.png\"> <a href=\"https:\/\/transparencia.info.jalisco.gob.mx\/sites\/default\/files\/\/PRESUPUESTOS%20DE%20EGRESOS%20DE%20LA%20FEDERACION%202015.pdf\" target=\"_blank\">PRESUPUESTOS DE EGRESOS DE LA FEDERACION 2015<\/a><br><\/ul><\/ul><br><p><span style=\"line-height: normal;\"><\/span><\/p><br><p><br><\/p><br><br><\/pre>\n\n\n\n<p><\/p>\n","protected":false},"excerpt":{"rendered":"<p>a) Las partidas del Presupuesto de Egresos de la Federaci\u00f3n y del Presupuesto de Egresos del Estado, as\u00ed como los conceptos del clasificador por objeto del gasto, aplicables al y &#8230;<\/p>\n","protected":false},"author":1,"featured_media":0,"parent":0,"menu_order":0,"comment_status":"closed","ping_status":"closed","template":"","meta":{"footnotes":""},"class_list":["post-692","page","type-page","status-publish","hentry"],"_links":{"self":[{"href":"https:\/\/manzanilladelapaz.gob.mx\/v3\/index.php\/wp-json\/wp\/v2\/pages\/692","targetHints":{"allow":["GET"]}}],"collection":[{"href":"https:\/\/manzanilladelapaz.gob.mx\/v3\/index.php\/wp-json\/wp\/v2\/pages"}],"about":[{"href":"https:\/\/manzanilladelapaz.gob.mx\/v3\/index.php\/wp-json\/wp\/v2\/types\/page"}],"author":[{"embeddable":true,"href":"https:\/\/manzanilladelapaz.gob.mx\/v3\/index.php\/wp-json\/wp\/v2\/users\/1"}],"replies":[{"embeddable":true,"href":"https:\/\/manzanilladelapaz.gob.mx\/v3\/index.php\/wp-json\/wp\/v2\/comments?post=692"}],"version-history":[{"count":1,"href":"https:\/\/manzanilladelapaz.gob.mx\/v3\/index.php\/wp-json\/wp\/v2\/pages\/692\/revisions"}],"predecessor-version":[{"id":693,"href":"https:\/\/manzanilladelapaz.gob.mx\/v3\/index.php\/wp-json\/wp\/v2\/pages\/692\/revisions\/693"}],"wp:attachment":[{"href":"https:\/\/manzanilladelapaz.gob.mx\/v3\/index.php\/wp-json\/wp\/v2\/media?parent=692"}],"curies":[{"name":"wp","href":"https:\/\/api.w.org\/{rel}","templated":true}]}}