{"id":730,"date":"2024-12-03T15:34:05","date_gmt":"2024-12-03T14:34:05","guid":{"rendered":"https:\/\/manzanilladelapaz.gob.mx\/v3\/?page_id=730"},"modified":"2024-12-03T15:34:06","modified_gmt":"2024-12-03T14:34:06","slug":"articulo-8-fraccion-v-h","status":"publish","type":"page","link":"https:\/\/manzanilladelapaz.gob.mx\/v3\/index.php\/articulo-8-fraccion-v-h\/","title":{"rendered":"Art\u00edculo 8 \/ Fracci\u00f3n V \/ h)"},"content":{"rendered":"\n<pre class=\"wp-block-preformatted interlineado-personalizado\" style=\"text-transform:uppercase\"><strong>h)    El listado de jubilados y pensionados y el monto que reciben;<\/strong><br><ul><br><p><span style=\"line-height: normal;\"><span style=\"font-weight: bold; font-size: 16px;\"><img decoding=\"async\" width=\"28px\" src=\"https:\/\/manzanilladelapaz.gob.mx\/v3\/wp-content\/uploads\/2024\/11\/file-and-folder4.png\"> 2024<\/span><\/span><\/p><ul><br><img decoding=\"async\" width=\"28px\" src=\"https:\/\/manzanilladelapaz.gob.mx\/v3\/wp-content\/uploads\/2024\/11\/file-and-folder3.png\"> <a href=\"#\">La informaci\u00f3n correspondiente al 2024 esta en proceso de actualizaci\u00f3n, estar\u00e1 disponible en los pr\u00f3ximos d\u00edas.<\/a><\/ul><p><br><\/p><br><p><span style=\"line-height: normal;\"><span style=\"font-weight: bold; font-size: 16px;\"><img decoding=\"async\" width=\"28px\" src=\"https:\/\/manzanilladelapaz.gob.mx\/v3\/wp-content\/uploads\/2024\/11\/file-and-folder4.png\"> 2023<\/span><\/span><\/p><ul><br><img decoding=\"async\" width=\"28px\" src=\"https:\/\/manzanilladelapaz.gob.mx\/v3\/wp-content\/uploads\/2024\/11\/file-and-folder3.png\"> <a href=\"https:\/\/manzanilladelapaz.gob.mx\/Transparencia\/NOMINAS_JUBILADOS\/2023\/NOMINAS_JUBILADOS_ENERO_A_DICIEMBRE_2023.pdf\" target=\"_blank\">NOMINAS_JUBILADOS_ENERO_A_DICIEMBRE_2023<\/a><\/ul><p><br><\/p><br><p><span style=\"line-height: normal;\"><span style=\"font-weight: bold; font-size: 16px;\"><img decoding=\"async\" width=\"28px\" src=\"https:\/\/manzanilladelapaz.gob.mx\/v3\/wp-content\/uploads\/2024\/11\/file-and-folder4.png\"> 2022<\/span><\/span><\/p><ul><br><img decoding=\"async\" width=\"28px\" src=\"https:\/\/manzanilladelapaz.gob.mx\/v3\/wp-content\/uploads\/2024\/11\/file-and-folder3.png\"> <a href=\"https:\/\/manzanilladelapaz.gob.mx\/Transparencia\/NOMINAS_JUBILADOS\/2022\/NOMINAS_JUBILADOS_ABRIL_A_DICIEMBRE_2022.pdf\" target=\"_blank\">NOMINAS_JUBILADOS_ABRIL_A_DICIEMBRE_2022<\/a><br><br><img decoding=\"async\" width=\"28px\" src=\"https:\/\/manzanilladelapaz.gob.mx\/v3\/wp-content\/uploads\/2024\/11\/file-and-folder3.png\"> <a href=\"https:\/\/manzanilladelapaz.gob.mx\/Transparencia\/NOMINAS_JUBILADOS\/2022\/NOMINAS_JUBILADOS_ENERO_FEBRERO_MARZO_2022.pdf\" target=\"_blank\">NOMINAS_JUBILADOS_ENERO_FEBRERO_MARZO_2022<\/a><\/ul><p><br><\/p><br><p><span style=\"font-weight: bold; font-size: 16px;\"><img decoding=\"async\" width=\"28px\" src=\"https:\/\/manzanilladelapaz.gob.mx\/v3\/wp-content\/uploads\/2024\/11\/file-and-folder4.png\"> 2021<\/span><\/p><ul><br><img decoding=\"async\" width=\"28px\" src=\"https:\/\/manzanilladelapaz.gob.mx\/v3\/wp-content\/uploads\/2024\/11\/file-and-folder3.png\"> <span style=\"line-height: normal;\"><a href=\"https:\/\/transparencia.info.jalisco.gob.mx\/sites\/default\/files\/\/NOMINAS%20JUBILADOS%202021.pdf\" target=\"_blank\">NOMINAS JUBILADOS 2021<\/a><\/span><br><br><img decoding=\"async\" width=\"28px\" src=\"https:\/\/manzanilladelapaz.gob.mx\/v3\/wp-content\/uploads\/2024\/11\/file-and-folder3.png\"> <span style=\"line-height: normal;\"><a href=\"https:\/\/manzanilladelapaz.gob.mx\/Transparencia\/NOMINAS_JUBILADOS\/2021\/NOMINAS_JUBILADOS_OCTUBRE_NOVIEMBRE_Y_DICIEMBRE_2021.pdf\" target=\"_blank\">NOMINAS_JUBILADOS_OCTUBRE_NOVIEMBRE_Y_DICIEMBRE_2021<\/a><\/span><\/ul><p><br><\/p><br><p><span style=\"font-weight: bold; font-size: 16px;\"><img decoding=\"async\" width=\"28px\" src=\"https:\/\/manzanilladelapaz.gob.mx\/v3\/wp-content\/uploads\/2024\/11\/file-and-folder4.png\"> 2020<\/span><\/p><ul><br><img decoding=\"async\" width=\"28px\" src=\"https:\/\/manzanilladelapaz.gob.mx\/v3\/wp-content\/uploads\/2024\/11\/file-and-folder3.png\"> <span style=\"line-height: normal;\"><a href=\"https:\/\/transparencia.info.jalisco.gob.mx\/sites\/default\/files\/\/NOMINA%20DE%20JUBILADOS%202020.pdf\" target=\"_blank\">NOMINA DE JUBILADOS 2020<\/a><\/span><br><\/ul><p><span style=\"line-height: normal;\"><\/span><\/p><p><br><\/p><br><p><span style=\"font-weight: bold; font-size: 16px;\"><img decoding=\"async\" width=\"28px\" src=\"https:\/\/manzanilladelapaz.gob.mx\/v3\/wp-content\/uploads\/2024\/11\/file-and-folder4.png\"> 2019<\/span><\/p><ul><br><img decoding=\"async\" width=\"28px\" src=\"https:\/\/manzanilladelapaz.gob.mx\/v3\/wp-content\/uploads\/2024\/11\/file-and-folder3.png\"> <span style=\"line-height: normal;\"><a href=\"https:\/\/transparencia.info.jalisco.gob.mx\/sites\/default\/files\/\/NOMINAS%20JUBILADOS%202019.pdf\" target=\"_blank\">NOMINAS JUBILADOS 2019<\/a><\/span><br><\/ul><p><span style=\"line-height: normal;\"><\/span><\/p><p><br><\/p><br><p><span style=\"font-weight: bold; font-size: 16px;\"><img decoding=\"async\" width=\"28px\" src=\"https:\/\/manzanilladelapaz.gob.mx\/v3\/wp-content\/uploads\/2024\/11\/file-and-folder4.png\"> 2018<\/span><\/p><ul><br><img decoding=\"async\" width=\"28px\" src=\"https:\/\/manzanilladelapaz.gob.mx\/v3\/wp-content\/uploads\/2024\/11\/file-and-folder3.png\"> <span style=\"line-height: normal;\"><a href=\"https:\/\/transparencia.info.jalisco.gob.mx\/sites\/default\/files\/\/ENERO%202018_9.pdf\" target=\"_blank\">ENERO 2018<\/a><\/span><br><br><img decoding=\"async\" width=\"28px\" src=\"https:\/\/manzanilladelapaz.gob.mx\/v3\/wp-content\/uploads\/2024\/11\/file-and-folder3.png\"> <span style=\"line-height: normal;\"><a href=\"https:\/\/transparencia.info.jalisco.gob.mx\/sites\/default\/files\/\/FEBRERO%202018_8.pdf\" target=\"_blank\">FEBRERO 2018<\/a><\/span><br><br><img decoding=\"async\" width=\"28px\" src=\"https:\/\/manzanilladelapaz.gob.mx\/v3\/wp-content\/uploads\/2024\/11\/file-and-folder3.png\"> <span style=\"line-height: normal;\"><a href=\"https:\/\/transparencia.info.jalisco.gob.mx\/sites\/default\/files\/\/MARZO%202018_6.pdf\" target=\"_blank\">MARZO 2018<\/a><\/span><br><br><img decoding=\"async\" width=\"28px\" src=\"https:\/\/manzanilladelapaz.gob.mx\/v3\/wp-content\/uploads\/2024\/11\/file-and-folder3.png\"> <span style=\"line-height: normal;\"><a href=\"https:\/\/transparencia.info.jalisco.gob.mx\/sites\/default\/files\/\/ABRIL%202018_6.pdf\" target=\"_blank\">ABRIL 2018<\/a><\/span><br><br><img decoding=\"async\" width=\"28px\" src=\"https:\/\/manzanilladelapaz.gob.mx\/v3\/wp-content\/uploads\/2024\/11\/file-and-folder3.png\"> <span style=\"line-height: normal;\"><a href=\"https:\/\/transparencia.info.jalisco.gob.mx\/sites\/default\/files\/\/MAYO%202018%20.pdf\" target=\"_blank\">MAYO 2018<\/a><\/span><br><\/ul><p><span style=\"line-height: normal;\"><\/span><\/p><p><br><\/p><br><p><span style=\"font-weight: bold; font-size: 16px;\"><img decoding=\"async\" width=\"28px\" src=\"https:\/\/manzanilladelapaz.gob.mx\/v3\/wp-content\/uploads\/2024\/11\/file-and-folder4.png\"> 2017<\/span><\/p><ul><br><img decoding=\"async\" width=\"28px\" src=\"https:\/\/manzanilladelapaz.gob.mx\/v3\/wp-content\/uploads\/2024\/11\/file-and-folder3.png\"> <span style=\"line-height: normal;\"><a href=\"https:\/\/transparencia.info.jalisco.gob.mx\/sites\/default\/files\/\/ENERO%202017_10.pdf\" target=\"_blank\">ENERO 2017<\/a><\/span><br><br><img decoding=\"async\" width=\"28px\" src=\"https:\/\/manzanilladelapaz.gob.mx\/v3\/wp-content\/uploads\/2024\/11\/file-and-folder3.png\"> <span style=\"line-height: normal;\"><a href=\"https:\/\/transparencia.info.jalisco.gob.mx\/sites\/default\/files\/\/ENERO%202017%202.pdf\" target=\"_blank\">ENERO 2017 2<\/a><\/span><br><br><img decoding=\"async\" width=\"28px\" src=\"https:\/\/manzanilladelapaz.gob.mx\/v3\/wp-content\/uploads\/2024\/11\/file-and-folder3.png\"> <span style=\"line-height: normal;\"><a href=\"https:\/\/transparencia.info.jalisco.gob.mx\/sites\/default\/files\/\/FEBRERO2017%20.pdf\" target=\"_blank\">FEBRERO 2017<\/a><\/span><br><br><img decoding=\"async\" width=\"28px\" src=\"https:\/\/manzanilladelapaz.gob.mx\/v3\/wp-content\/uploads\/2024\/11\/file-and-folder3.png\"> <span style=\"line-height: normal;\"><a href=\"https:\/\/transparencia.info.jalisco.gob.mx\/sites\/default\/files\/\/MARZO%202017%20.pdf\" target=\"_blank\">MARZO 2017<\/a><\/span><br><br><img decoding=\"async\" width=\"28px\" src=\"https:\/\/manzanilladelapaz.gob.mx\/v3\/wp-content\/uploads\/2024\/11\/file-and-folder3.png\"> <span style=\"line-height: normal;\"><a href=\"https:\/\/transparencia.info.jalisco.gob.mx\/sites\/default\/files\/\/ABRIL%202017%20.pdf\" target=\"_blank\">ABRIL 2017<\/a><\/span><br><br><img decoding=\"async\" width=\"28px\" src=\"https:\/\/manzanilladelapaz.gob.mx\/v3\/wp-content\/uploads\/2024\/11\/file-and-folder3.png\"> <span style=\"line-height: normal;\"><a href=\"https:\/\/transparencia.info.jalisco.gob.mx\/sites\/default\/files\/\/MAYO%202017%20.pdf\" target=\"_blank\">MAYO 2017<\/a><\/span><br><br><img decoding=\"async\" width=\"28px\" src=\"https:\/\/manzanilladelapaz.gob.mx\/v3\/wp-content\/uploads\/2024\/11\/file-and-folder3.png\"> <span style=\"line-height: normal;\"><a href=\"https:\/\/transparencia.info.jalisco.gob.mx\/sites\/default\/files\/\/JUNIO%202017%20.pdf\" target=\"_blank\">JUNIO 2017<\/a><\/span><br><br><img decoding=\"async\" width=\"28px\" src=\"https:\/\/manzanilladelapaz.gob.mx\/v3\/wp-content\/uploads\/2024\/11\/file-and-folder3.png\"> <span style=\"line-height: normal;\"><a href=\"https:\/\/transparencia.info.jalisco.gob.mx\/sites\/default\/files\/\/JULIO%202017%20.pdf\" target=\"_blank\">JULIO 2017<\/a><\/span><br><br><img decoding=\"async\" width=\"28px\" src=\"https:\/\/manzanilladelapaz.gob.mx\/v3\/wp-content\/uploads\/2024\/11\/file-and-folder3.png\"> <span style=\"line-height: normal;\"><a href=\"https:\/\/transparencia.info.jalisco.gob.mx\/sites\/default\/files\/\/AGOSTO%202017%20.pdf\" target=\"_blank\">AGOSTO 2017<\/a><\/span><br><br><img decoding=\"async\" width=\"28px\" src=\"https:\/\/manzanilladelapaz.gob.mx\/v3\/wp-content\/uploads\/2024\/11\/file-and-folder3.png\"> <span style=\"line-height: normal;\"><a href=\"https:\/\/transparencia.info.jalisco.gob.mx\/sites\/default\/files\/\/SEPTIEMBRE%202017%20.pdf\" target=\"_blank\">SEPTIEMBRE 2017<\/a><\/span><br><br><img decoding=\"async\" width=\"28px\" src=\"https:\/\/manzanilladelapaz.gob.mx\/v3\/wp-content\/uploads\/2024\/11\/file-and-folder3.png\"> <span style=\"line-height: normal;\"><a href=\"https:\/\/transparencia.info.jalisco.gob.mx\/sites\/default\/files\/\/OCTUBRE%202017%20.pdf\" target=\"_blank\">OCTUBRE 2017<\/a><\/span><br><br><img decoding=\"async\" width=\"28px\" src=\"https:\/\/manzanilladelapaz.gob.mx\/v3\/wp-content\/uploads\/2024\/11\/file-and-folder3.png\"> <span style=\"line-height: normal;\"><a href=\"https:\/\/transparencia.info.jalisco.gob.mx\/sites\/default\/files\/\/NOVIEMBRE%202017_6.pdf\" target=\"_blank\">NOVIEMBRE 2017<\/a><\/span><br><br><img decoding=\"async\" width=\"28px\" src=\"https:\/\/manzanilladelapaz.gob.mx\/v3\/wp-content\/uploads\/2024\/11\/file-and-folder3.png\"> <span style=\"line-height: normal;\"><a href=\"https:\/\/transparencia.info.jalisco.gob.mx\/sites\/default\/files\/\/DICIEMBRE%202017_9.pdf\" target=\"_blank\">DICIEMBRE 2017<\/a><\/span><br><\/ul><p><span style=\"line-height: normal;\"><\/span><\/p><p><br><\/p><br><p><span style=\"font-weight: bold; font-size: 16px;\"><img decoding=\"async\" width=\"28px\" src=\"https:\/\/manzanilladelapaz.gob.mx\/v3\/wp-content\/uploads\/2024\/11\/file-and-folder4.png\"> 2016<\/span><\/p><ul><br><img decoding=\"async\" width=\"28px\" src=\"https:\/\/manzanilladelapaz.gob.mx\/v3\/wp-content\/uploads\/2024\/11\/file-and-folder3.png\"> <span style=\"line-height: normal;\"><a href=\"https:\/\/transparencia.info.jalisco.gob.mx\/sites\/default\/files\/\/enero%202016_0.pdf\" target=\"_blank\">Enero 2016<\/a><\/span><br><br><img decoding=\"async\" width=\"28px\" src=\"https:\/\/manzanilladelapaz.gob.mx\/v3\/wp-content\/uploads\/2024\/11\/file-and-folder3.png\"> <span style=\"line-height: normal;\"><a href=\"https:\/\/transparencia.info.jalisco.gob.mx\/sites\/default\/files\/\/febrero%202016_1.pdf\" target=\"_blank\">Febrero 2016<\/a><\/span><br><br><img decoding=\"async\" width=\"28px\" src=\"https:\/\/manzanilladelapaz.gob.mx\/v3\/wp-content\/uploads\/2024\/11\/file-and-folder3.png\"> <span style=\"line-height: normal;\"><a href=\"https:\/\/transparencia.info.jalisco.gob.mx\/sites\/default\/files\/\/marzo%202016_2.pdf\" target=\"_blank\">Marzo 2016<\/a><\/span><br><br><img decoding=\"async\" width=\"28px\" src=\"https:\/\/manzanilladelapaz.gob.mx\/v3\/wp-content\/uploads\/2024\/11\/file-and-folder3.png\"> <span style=\"line-height: normal;\"><a href=\"https:\/\/transparencia.info.jalisco.gob.mx\/sites\/default\/files\/\/abril%202016_0.pdf\" target=\"_blank\">Abril 2016<\/a><\/span><br><br><img decoding=\"async\" width=\"28px\" src=\"https:\/\/manzanilladelapaz.gob.mx\/v3\/wp-content\/uploads\/2024\/11\/file-and-folder3.png\"> <span style=\"line-height: normal;\"><a href=\"https:\/\/transparencia.info.jalisco.gob.mx\/sites\/default\/files\/\/mayo%202016_1.pdf\" target=\"_blank\">Mayo 2016<\/a><\/span><br><br><img decoding=\"async\" width=\"28px\" src=\"https:\/\/manzanilladelapaz.gob.mx\/v3\/wp-content\/uploads\/2024\/11\/file-and-folder3.png\"> <span style=\"line-height: normal;\"><a href=\"https:\/\/transparencia.info.jalisco.gob.mx\/sites\/default\/files\/\/junio%202016_1.pdf\" target=\"_blank\">Junio 2016<\/a><\/span><br><br><img decoding=\"async\" width=\"28px\" src=\"https:\/\/manzanilladelapaz.gob.mx\/v3\/wp-content\/uploads\/2024\/11\/file-and-folder3.png\"> <span style=\"line-height: normal;\"><a href=\"https:\/\/transparencia.info.jalisco.gob.mx\/sites\/default\/files\/\/julio%202016_3.pdf\" target=\"_blank\">Julio 2016<\/a><\/span><br><br><img decoding=\"async\" width=\"28px\" src=\"https:\/\/manzanilladelapaz.gob.mx\/v3\/wp-content\/uploads\/2024\/11\/file-and-folder3.png\"> <span style=\"line-height: normal;\"><a href=\"https:\/\/transparencia.info.jalisco.gob.mx\/sites\/default\/files\/\/agosto%202016_1.pdf\" target=\"_blank\">Agosto 2016<\/a><\/span><br><br><img decoding=\"async\" width=\"28px\" src=\"https:\/\/manzanilladelapaz.gob.mx\/v3\/wp-content\/uploads\/2024\/11\/file-and-folder3.png\"> <span style=\"line-height: normal;\"><a href=\"https:\/\/transparencia.info.jalisco.gob.mx\/sites\/default\/files\/\/octubre%202016_1.pdf\" target=\"_blank\">Octubre 2016<\/a><\/span><br><br><img decoding=\"async\" width=\"28px\" src=\"https:\/\/manzanilladelapaz.gob.mx\/v3\/wp-content\/uploads\/2024\/11\/file-and-folder3.png\"> <span style=\"line-height: normal;\"><a href=\"https:\/\/transparencia.info.jalisco.gob.mx\/sites\/default\/files\/\/noviembre%202016_0.pdf\" target=\"_blank\">Noviembre 2016<\/a><\/span><br><br><img decoding=\"async\" width=\"28px\" src=\"https:\/\/manzanilladelapaz.gob.mx\/v3\/wp-content\/uploads\/2024\/11\/file-and-folder3.png\"> <span style=\"line-height: normal;\"><a href=\"https:\/\/transparencia.info.jalisco.gob.mx\/sites\/default\/files\/\/dic%202016.pdf\" target=\"_blank\">Diciembre 2016<\/a><\/span><br><\/ul><p><br><\/p><br><p><span style=\"font-weight: bold; font-size: 16px;\"><img decoding=\"async\" width=\"28px\" src=\"https:\/\/manzanilladelapaz.gob.mx\/v3\/wp-content\/uploads\/2024\/11\/file-and-folder4.png\"> 2015<\/span><\/p><ul><br><img decoding=\"async\" width=\"28px\" src=\"https:\/\/manzanilladelapaz.gob.mx\/v3\/wp-content\/uploads\/2024\/11\/file-and-folder3.png\"> <span style=\"line-height: normal;\"><a href=\"https:\/\/transparencia.info.jalisco.gob.mx\/sites\/default\/files\/\/JUBILADOS%202015.pdf\" target=\"_blank\">JUBILADOS 2015<\/a><\/span><br><br><\/ul><\/ul><br><br><\/pre>\n","protected":false},"excerpt":{"rendered":"<p>h) El listado de jubilados y pensionados y el monto que reciben; 2024 La informaci\u00f3n correspondiente al 2024 esta en proceso de actualizaci\u00f3n, estar\u00e1 disponible en los pr\u00f3ximos d\u00edas. 2023 &#8230;<\/p>\n","protected":false},"author":1,"featured_media":0,"parent":0,"menu_order":0,"comment_status":"closed","ping_status":"closed","template":"","meta":{"footnotes":""},"class_list":["post-730","page","type-page","status-publish","hentry"],"_links":{"self":[{"href":"https:\/\/manzanilladelapaz.gob.mx\/v3\/index.php\/wp-json\/wp\/v2\/pages\/730","targetHints":{"allow":["GET"]}}],"collection":[{"href":"https:\/\/manzanilladelapaz.gob.mx\/v3\/index.php\/wp-json\/wp\/v2\/pages"}],"about":[{"href":"https:\/\/manzanilladelapaz.gob.mx\/v3\/index.php\/wp-json\/wp\/v2\/types\/page"}],"author":[{"embeddable":true,"href":"https:\/\/manzanilladelapaz.gob.mx\/v3\/index.php\/wp-json\/wp\/v2\/users\/1"}],"replies":[{"embeddable":true,"href":"https:\/\/manzanilladelapaz.gob.mx\/v3\/index.php\/wp-json\/wp\/v2\/comments?post=730"}],"version-history":[{"count":1,"href":"https:\/\/manzanilladelapaz.gob.mx\/v3\/index.php\/wp-json\/wp\/v2\/pages\/730\/revisions"}],"predecessor-version":[{"id":731,"href":"https:\/\/manzanilladelapaz.gob.mx\/v3\/index.php\/wp-json\/wp\/v2\/pages\/730\/revisions\/731"}],"wp:attachment":[{"href":"https:\/\/manzanilladelapaz.gob.mx\/v3\/index.php\/wp-json\/wp\/v2\/media?parent=730"}],"curies":[{"name":"wp","href":"https:\/\/api.w.org\/{rel}","templated":true}]}}