{"id":736,"date":"2024-12-03T22:30:26","date_gmt":"2024-12-03T21:30:26","guid":{"rendered":"https:\/\/manzanilladelapaz.gob.mx\/v3\/?page_id=736"},"modified":"2024-12-03T22:30:27","modified_gmt":"2024-12-03T21:30:27","slug":"articulo-8-fraccion-v-j","status":"publish","type":"page","link":"https:\/\/manzanilladelapaz.gob.mx\/v3\/index.php\/articulo-8-fraccion-v-j\/","title":{"rendered":"Art\u00edculo 8 \/ Fracci\u00f3n V \/ j)"},"content":{"rendered":"\n<pre class=\"wp-block-preformatted interlineado-personalizado\" style=\"text-transform:uppercase\"><strong>j)      Los gastos de comunicaci\u00f3n social, que se\u00f1ale cuando menos la fecha, monto y partida de la erogaci\u00f3n, responsable directo de la autorizaci\u00f3n, medio de comunicaci\u00f3n contratado, servicio contratado, justificaci\u00f3n y relaci\u00f3n con alguna funci\u00f3n o servicio p\u00fablicos;<\/strong><br><ul><br><img decoding=\"async\" width=\"28px\" src=\"https:\/\/manzanilladelapaz.gob.mx\/v3\/wp-content\/uploads\/2024\/11\/file-and-folder3.png\"> <a href=\"https:\/\/manzanilladelapaz.gob.mx\/Transparencia\/Articulo8\/Fraccion_V\/j\/GASTOS_DE_COMUNICACION_SOCIAL_16-MAR-AL-30-JUN-2024.pdf\" target=\"_blank\">GASTOS DE COMUNICACION SOCIAL - Marzo a Junio 2024<\/a><br><br><img decoding=\"async\" width=\"28px\" src=\"https:\/\/manzanilladelapaz.gob.mx\/v3\/wp-content\/uploads\/2024\/11\/file-and-folder3.png\"> <a href=\"https:\/\/manzanilladelapaz.gob.mx\/Transparencia\/Articulo8\/Fraccion_V\/j\/GASTOS_DE_COMUNICACION_SOCIAL_01-SEP-2023-AL-15-MARZO-2024.pdf\" target=\"_blank\">GASTOS DE COMUNICACION SOCIAL - Septiembre 2023 a Marzo 2024<\/a><br><br><img decoding=\"async\" width=\"28px\" src=\"https:\/\/manzanilladelapaz.gob.mx\/v3\/wp-content\/uploads\/2024\/11\/file-and-folder3.png\"> <a href=\"https:\/\/manzanilladelapaz.gob.mx\/Transparencia\/Articulo8\/Fraccion_V\/j\/GASTOS_DE_COMUNICACION_SOCIAL_ABRIL_2023_A_AGOSTO_2023.pdf\" target=\"_blank\">GASTOS DE COMUNICACION SOCIAL - Abril 2023 a Agosto 2023<\/a><br><br><img decoding=\"async\" width=\"28px\" src=\"https:\/\/manzanilladelapaz.gob.mx\/v3\/wp-content\/uploads\/2024\/11\/file-and-folder3.png\"> <a href=\"https:\/\/manzanilladelapaz.gob.mx\/Transparencia\/Articulo8\/Fraccion_V\/j\/GASTOS_DE_COMUNICACION_SOCIAL_AGOSTO_2022_A_MARZO_2023.pdf\" target=\"_blank\">GASTOS DE COMUNICACION SOCIAL - Agosto 2022 a Marzo 2023<\/a><br><br><img decoding=\"async\" width=\"28px\" src=\"https:\/\/manzanilladelapaz.gob.mx\/v3\/wp-content\/uploads\/2024\/11\/file-and-folder3.png\"> <a href=\"https:\/\/manzanilladelapaz.gob.mx\/Transparencia\/Articulo8\/Fraccion_V\/j\/GASTOS_COMUNICACION_SOCIAL.pdf\" target=\"_blank\">GASTOS DE COMUNICACION SOCIAL - Octubre 2021-Julio 2022<\/a><br><br><img decoding=\"async\" width=\"28px\" src=\"https:\/\/manzanilladelapaz.gob.mx\/v3\/wp-content\/uploads\/2024\/11\/file-and-folder3.png\"> <a href=\"https:\/\/transparencia.info.jalisco.gob.mx\/sites\/default\/files\/\/comunicacion%20social%20octubre%202020-junio%202021.pdf\" target=\"_blank\">GASTOS DE COMUNICACION SOCIAL - Octubre 2020-Junio 2021<\/a><br><br><img decoding=\"async\" width=\"28px\" src=\"https:\/\/manzanilladelapaz.gob.mx\/v3\/wp-content\/uploads\/2024\/11\/file-and-folder3.png\"> <a href=\"https:\/\/transparencia.info.jalisco.gob.mx\/sites\/default\/files\/\/COMUNICACION%20SOCIAL%202020.pdf\" target=\"_blank\">GASTOS DE COMUNICACION SOCIAL 2020<\/a><br><br><img decoding=\"async\" width=\"28px\" src=\"https:\/\/manzanilladelapaz.gob.mx\/v3\/wp-content\/uploads\/2024\/11\/file-and-folder3.png\"> <a href=\"https:\/\/transparencia.info.jalisco.gob.mx\/sites\/default\/files\/\/Gastos%20de%20comunicacion%20social%202019_0.pdf\" target=\"_blank\">GASTOS DE COMUNICACION SOCIAL 2019<\/a><br><br><img decoding=\"async\" width=\"28px\" src=\"https:\/\/manzanilladelapaz.gob.mx\/v3\/wp-content\/uploads\/2024\/11\/file-and-folder3.png\"> <a href=\"https:\/\/transparencia.info.jalisco.gob.mx\/sites\/default\/files\/\/GASTOS%20DE%20COMUNICACION%20SOCIAL%202018.pdf\" target=\"_blank\">GASTOS DE COMUNICACION SOCIAL 2018<\/a><br><br><img decoding=\"async\" width=\"28px\" src=\"https:\/\/manzanilladelapaz.gob.mx\/v3\/wp-content\/uploads\/2024\/11\/file-and-folder3.png\"> <a href=\"https:\/\/transparencia.info.jalisco.gob.mx\/sites\/default\/files\/\/GASTOS%20DE%20COMUNICACION%20SOCIAL%202017_1.pdf\" target=\"_blank\">GASTOS DE COMUNICACION SOCIAL 2017<\/a><br><br><img decoding=\"async\" width=\"28px\" src=\"https:\/\/manzanilladelapaz.gob.mx\/v3\/wp-content\/uploads\/2024\/11\/file-and-folder3.png\"> <a href=\"https:\/\/transparencia.info.jalisco.gob.mx\/sites\/default\/files\/\/GASTOS%20DE%20COMUNICACION%20SOCIAL%202016_1.pdf\" target=\"_blank\">GASTOS DE COMUNICACION SOCIAL 2016<\/a><br><\/ul><br><p><br><\/p><br><br><\/pre>\n","protected":false},"excerpt":{"rendered":"<p>j) Los gastos de comunicaci\u00f3n social, que se\u00f1ale cuando menos la fecha, monto y partida de la erogaci\u00f3n, responsable directo de la autorizaci\u00f3n, medio de comunicaci\u00f3n contratado, servicio contratado, justificaci\u00f3n &#8230;<\/p>\n","protected":false},"author":1,"featured_media":0,"parent":0,"menu_order":0,"comment_status":"closed","ping_status":"closed","template":"","meta":{"footnotes":""},"class_list":["post-736","page","type-page","status-publish","hentry"],"_links":{"self":[{"href":"https:\/\/manzanilladelapaz.gob.mx\/v3\/index.php\/wp-json\/wp\/v2\/pages\/736","targetHints":{"allow":["GET"]}}],"collection":[{"href":"https:\/\/manzanilladelapaz.gob.mx\/v3\/index.php\/wp-json\/wp\/v2\/pages"}],"about":[{"href":"https:\/\/manzanilladelapaz.gob.mx\/v3\/index.php\/wp-json\/wp\/v2\/types\/page"}],"author":[{"embeddable":true,"href":"https:\/\/manzanilladelapaz.gob.mx\/v3\/index.php\/wp-json\/wp\/v2\/users\/1"}],"replies":[{"embeddable":true,"href":"https:\/\/manzanilladelapaz.gob.mx\/v3\/index.php\/wp-json\/wp\/v2\/comments?post=736"}],"version-history":[{"count":1,"href":"https:\/\/manzanilladelapaz.gob.mx\/v3\/index.php\/wp-json\/wp\/v2\/pages\/736\/revisions"}],"predecessor-version":[{"id":737,"href":"https:\/\/manzanilladelapaz.gob.mx\/v3\/index.php\/wp-json\/wp\/v2\/pages\/736\/revisions\/737"}],"wp:attachment":[{"href":"https:\/\/manzanilladelapaz.gob.mx\/v3\/index.php\/wp-json\/wp\/v2\/media?parent=736"}],"curies":[{"name":"wp","href":"https:\/\/api.w.org\/{rel}","templated":true}]}}