{"id":739,"date":"2024-12-03T22:41:49","date_gmt":"2024-12-03T21:41:49","guid":{"rendered":"https:\/\/manzanilladelapaz.gob.mx\/v3\/?page_id=739"},"modified":"2024-12-03T22:41:49","modified_gmt":"2024-12-03T21:41:49","slug":"articulo-8-fraccion-v-k","status":"publish","type":"page","link":"https:\/\/manzanilladelapaz.gob.mx\/v3\/index.php\/articulo-8-fraccion-v-k\/","title":{"rendered":"Art\u00edculo 8 \/ Fracci\u00f3n V \/ k)"},"content":{"rendered":"\n<pre class=\"wp-block-preformatted interlineado-personalizado\" style=\"text-transform:uppercase\"><strong>k)    El contrato de prestaci\u00f3n de servicios o por honorarios, y el gasto realizado por concepto de pago de asesor\u00edas, que se\u00f1ale nombre de la empresa, instituci\u00f3n o individuos, el concepto de cada una de las asesor\u00edas, as\u00ed como el trabajo realizado;<\/strong><br><ul><br><img decoding=\"async\" width=\"28px\" src=\"https:\/\/manzanilladelapaz.gob.mx\/v3\/wp-content\/uploads\/2024\/11\/file-and-folder3.png\"> <a href=\"https:\/\/manzanilladelapaz.gob.mx\/Transparencia\/Articulo8\/Fraccion_V\/k\/CONVOCATORIAS_O_CONTRATOS_ENERO-SEPTIEMBRE_2024.pdf\" target=\"_blank\">CONVOCATORIAS O CONTRATOS ENERO-SEPTIEMBRE 2024<\/a><br><br><img decoding=\"async\" width=\"28px\" src=\"https:\/\/manzanilladelapaz.gob.mx\/v3\/wp-content\/uploads\/2024\/11\/file-and-folder3.png\"> <a href=\"https:\/\/manzanilladelapaz.gob.mx\/Transparencia\/Articulo8\/Fraccion_V\/k\/CONVOCATORIAS_O_CONTRATOS_2023.pdf\" target=\"_blank\">CONVOCATORIAS O CONTRATOS 2023<\/a><br><br><img decoding=\"async\" width=\"28px\" src=\"https:\/\/manzanilladelapaz.gob.mx\/v3\/wp-content\/uploads\/2024\/11\/file-and-folder3.png\"> <a href=\"https:\/\/manzanilladelapaz.gob.mx\/Transparencia\/Articulo8\/Fraccion_V\/k\/CONVOCATORIAS_O_CONTRATOS_PARA_OCUPAR_CARGOS_PUBLICOS_JULIO-DICIEMBRE_2022.pdf\" target=\"_blank\">CONVOCATORIAS O CONTRATOS PARA OCUPAR CARGOS PUBLICOS JULIO-DICIEMBRE 2022<\/a><br><br><img decoding=\"async\" width=\"28px\" src=\"https:\/\/manzanilladelapaz.gob.mx\/v3\/wp-content\/uploads\/2024\/11\/file-and-folder3.png\"> <a href=\"https:\/\/manzanilladelapaz.gob.mx\/Transparencia\/Articulo8\/Fraccion_V\/k\/CONVOCATORIAS_O_CONTRATOS_PARA_OCUPAR_CARGOS_PUBLICOS_ENERO-MAYO_2022.pdf\" target=\"_blank\">CONVOCATORIAS O CONTRATOS PARA OCUPAR CARGOS PUBLICOS ENERO-MAYO 2022<\/a><br><br><img decoding=\"async\" width=\"28px\" src=\"https:\/\/manzanilladelapaz.gob.mx\/v3\/wp-content\/uploads\/2024\/11\/file-and-folder3.png\"> <a href=\"https:\/\/manzanilladelapaz.gob.mx\/Transparencia\/Articulo8\/Fraccion_V\/k\/CONVOCATORIAS_O_CONTRATOS_2021.pdf\" target=\"_blank\">CONVOCATORIAS O CONTRATOS 2021<\/a><br><br><img decoding=\"async\" width=\"28px\" src=\"https:\/\/manzanilladelapaz.gob.mx\/v3\/wp-content\/uploads\/2024\/11\/file-and-folder3.png\"> <a href=\"https:\/\/manzanilladelapaz.gob.mx\/Transparencia\/Articulo8\/Fraccion_V\/k\/CONTRATO_DE_PRESTACION_DE_SERVICIOS.pdf\" target=\"_blank\">CONTRATO NOVIEMBRE 2021<\/a><br><br><img decoding=\"async\" width=\"28px\" src=\"https:\/\/manzanilladelapaz.gob.mx\/v3\/wp-content\/uploads\/2024\/11\/file-and-folder3.png\"> <a href=\"https:\/\/transparencia.info.jalisco.gob.mx\/sites\/default\/files\/\/CONTRATO%20ISONOMIA%202020.pdf\" target=\"_blank\">CONTRATO ISONOMIA 2020<\/a><br><br><img decoding=\"async\" width=\"28px\" src=\"https:\/\/manzanilladelapaz.gob.mx\/v3\/wp-content\/uploads\/2024\/11\/file-and-folder3.png\"> <a href=\"https:\/\/transparencia.info.jalisco.gob.mx\/sites\/default\/files\/\/CONTRATO%20DE%20PRESTACION%20DE%20SERVICIOS%20ISONOMIA%20LEGAL%202019.pdf\" target=\"_blank\">CONTRATO DE PRESTACION DE SERVICIOS ISONOMIA LEGAL 2019<\/a><br><br><img decoding=\"async\" width=\"28px\" src=\"https:\/\/manzanilladelapaz.gob.mx\/v3\/wp-content\/uploads\/2024\/11\/file-and-folder3.png\"> <a href=\"https:\/\/transparencia.info.jalisco.gob.mx\/sites\/default\/files\/\/CONTRATO%20ISONOMIA%202018.pdf\" target=\"_blank\">CONTRATO ISONOMIA 2018<\/a><br><br><img decoding=\"async\" width=\"28px\" src=\"https:\/\/manzanilladelapaz.gob.mx\/v3\/wp-content\/uploads\/2024\/11\/file-and-folder3.png\"> <a href=\"https:\/\/transparencia.info.jalisco.gob.mx\/sites\/default\/files\/\/CONTRATO%20ISONOMIA%202017_0.pdf\" target=\"_blank\">CONTRATO ISONOMIA 2017<\/a><br><br><img decoding=\"async\" width=\"28px\" src=\"https:\/\/manzanilladelapaz.gob.mx\/v3\/wp-content\/uploads\/2024\/11\/file-and-folder3.png\"> <a href=\"https:\/\/transparencia.info.jalisco.gob.mx\/sites\/default\/files\/\/Asesorias%202016-2018.xlsx\" target=\"_blank\">Asesorias 2016-2018<\/a><br><br><img decoding=\"async\" width=\"28px\" src=\"https:\/\/manzanilladelapaz.gob.mx\/v3\/wp-content\/uploads\/2024\/11\/file-and-folder3.png\"> <a href=\"https:\/\/transparencia.info.jalisco.gob.mx\/sites\/default\/files\/\/CONTRATO%20EDGAR%20MORENO%20TRIENIO.pdf\" target=\"_blank\">CONTRATO EDGAR MORENO TRIENIO<\/a><br><\/ul><br><p><br><\/p><br><br><\/pre>\n\n\n\n<p class=\"interlineado-personalizado\"><\/p>\n","protected":false},"excerpt":{"rendered":"<p>k) El contrato de prestaci\u00f3n de servicios o por honorarios, y el gasto realizado por concepto de pago de asesor\u00edas, que se\u00f1ale nombre de la empresa, instituci\u00f3n o individuos, el &#8230;<\/p>\n","protected":false},"author":1,"featured_media":0,"parent":0,"menu_order":0,"comment_status":"closed","ping_status":"closed","template":"","meta":{"footnotes":""},"class_list":["post-739","page","type-page","status-publish","hentry"],"_links":{"self":[{"href":"https:\/\/manzanilladelapaz.gob.mx\/v3\/index.php\/wp-json\/wp\/v2\/pages\/739","targetHints":{"allow":["GET"]}}],"collection":[{"href":"https:\/\/manzanilladelapaz.gob.mx\/v3\/index.php\/wp-json\/wp\/v2\/pages"}],"about":[{"href":"https:\/\/manzanilladelapaz.gob.mx\/v3\/index.php\/wp-json\/wp\/v2\/types\/page"}],"author":[{"embeddable":true,"href":"https:\/\/manzanilladelapaz.gob.mx\/v3\/index.php\/wp-json\/wp\/v2\/users\/1"}],"replies":[{"embeddable":true,"href":"https:\/\/manzanilladelapaz.gob.mx\/v3\/index.php\/wp-json\/wp\/v2\/comments?post=739"}],"version-history":[{"count":1,"href":"https:\/\/manzanilladelapaz.gob.mx\/v3\/index.php\/wp-json\/wp\/v2\/pages\/739\/revisions"}],"predecessor-version":[{"id":740,"href":"https:\/\/manzanilladelapaz.gob.mx\/v3\/index.php\/wp-json\/wp\/v2\/pages\/739\/revisions\/740"}],"wp:attachment":[{"href":"https:\/\/manzanilladelapaz.gob.mx\/v3\/index.php\/wp-json\/wp\/v2\/media?parent=739"}],"curies":[{"name":"wp","href":"https:\/\/api.w.org\/{rel}","templated":true}]}}