{"id":745,"date":"2024-12-03T22:52:31","date_gmt":"2024-12-03T21:52:31","guid":{"rendered":"https:\/\/manzanilladelapaz.gob.mx\/v3\/?page_id=745"},"modified":"2024-12-03T22:52:32","modified_gmt":"2024-12-03T21:52:32","slug":"articulo-8-fraccion-v-m","status":"publish","type":"page","link":"https:\/\/manzanilladelapaz.gob.mx\/v3\/index.php\/articulo-8-fraccion-v-m\/","title":{"rendered":"Art\u00edculo 8 \/ Fracci\u00f3n V \/ m)"},"content":{"rendered":"\n<pre class=\"wp-block-preformatted interlineado-personalizado\" style=\"text-transform:uppercase\"><strong>m)    El listado de personas f\u00edsicas o jur\u00eddicas a quienes se les asigne o permita usar recursos p\u00fablicos o realicen actos de autoridad, as\u00ed como los informes que dichas personas les entreguen sobre el uso y destino de dichos recursos;<\/strong><br><ul><br><img decoding=\"async\" width=\"28px\" src=\"https:\/\/manzanilladelapaz.gob.mx\/v3\/wp-content\/uploads\/2024\/11\/file-and-folder3.png\"> <a href=\"https:\/\/manzanilladelapaz.gob.mx\/Transparencia\/Articulo8\/Fraccion_V\/m\/RECURSOS_PUBLICOS_2024.pdf\" target=\"_blank\">RECURSOS PUBLICOS 2024<\/a><br><br><img decoding=\"async\" width=\"28px\" src=\"https:\/\/manzanilladelapaz.gob.mx\/v3\/wp-content\/uploads\/2024\/11\/file-and-folder3.png\"> <a href=\"https:\/\/manzanilladelapaz.gob.mx\/Transparencia\/Articulo8\/Fraccion_V\/m\/RECURSOS_PUBLICOS_2023.pdf\" target=\"_blank\">RECURSOS PUBLICOS 2023<\/a><br><br><img decoding=\"async\" width=\"28px\" src=\"https:\/\/manzanilladelapaz.gob.mx\/v3\/wp-content\/uploads\/2024\/11\/file-and-folder3.png\"> <a href=\"https:\/\/manzanilladelapaz.gob.mx\/Transparencia\/Articulo8\/Fraccion_V\/m\/RECURSOS_PUBLICOS_2022.pdf\" target=\"_blank\">RECURSOS PUBLICOS 2022<\/a><br><br><img decoding=\"async\" width=\"28px\" src=\"https:\/\/manzanilladelapaz.gob.mx\/v3\/wp-content\/uploads\/2024\/11\/file-and-folder3.png\"> <a href=\"https:\/\/transparencia.info.jalisco.gob.mx\/sites\/default\/files\/\/RECURSOS%20PUBLICOS%202021_0.pdf\" target=\"_blank\">RECURSOS PUBLICOS 2021<\/a><br><br><img decoding=\"async\" width=\"28px\" src=\"https:\/\/manzanilladelapaz.gob.mx\/v3\/wp-content\/uploads\/2024\/11\/file-and-folder3.png\"> <a href=\"https:\/\/transparencia.info.jalisco.gob.mx\/sites\/default\/files\/\/RECURSOS%20PUBLICOS%202020.pdf\" target=\"_blank\">RECURSOS PUBLICOS 2020<\/a><br><br><img decoding=\"async\" width=\"28px\" src=\"https:\/\/manzanilladelapaz.gob.mx\/v3\/wp-content\/uploads\/2024\/11\/file-and-folder3.png\"> <a href=\"https:\/\/transparencia.info.jalisco.gob.mx\/sites\/default\/files\/\/RECURSOS%20PUBLICOS%202019.pdf\" target=\"_blank\">RECURSOS PUBLICOS 2019<\/a><br><br><img decoding=\"async\" width=\"28px\" src=\"https:\/\/manzanilladelapaz.gob.mx\/v3\/wp-content\/uploads\/2024\/11\/file-and-folder3.png\"> <a href=\"https:\/\/transparencia.info.jalisco.gob.mx\/sites\/default\/files\/\/RECURSOS%20PUBLICOS%202018.pdf\" target=\"_blank\">RECURSOS PUBLICOS 2018<\/a><br><br><img decoding=\"async\" width=\"28px\" src=\"https:\/\/manzanilladelapaz.gob.mx\/v3\/wp-content\/uploads\/2024\/11\/file-and-folder3.png\"> <a href=\"https:\/\/transparencia.info.jalisco.gob.mx\/sites\/default\/files\/\/2018_3.pdf\" target=\"_blank\">2018<\/a><br><br><img decoding=\"async\" width=\"28px\" src=\"https:\/\/manzanilladelapaz.gob.mx\/v3\/wp-content\/uploads\/2024\/11\/file-and-folder3.png\"> <a href=\"https:\/\/transparencia.info.jalisco.gob.mx\/sites\/default\/files\/\/2017_4.pdf\" target=\"_blank\">2017<\/a><br><br><img decoding=\"async\" width=\"28px\" src=\"https:\/\/manzanilladelapaz.gob.mx\/v3\/wp-content\/uploads\/2024\/11\/file-and-folder3.png\"> <a href=\"https:\/\/transparencia.info.jalisco.gob.mx\/sites\/default\/files\/\/2016_6.pdf\" target=\"_blank\">2016<\/a><br><br><img decoding=\"async\" width=\"28px\" src=\"https:\/\/manzanilladelapaz.gob.mx\/v3\/wp-content\/uploads\/2024\/11\/file-and-folder3.png\"> <a href=\"https:\/\/transparencia.info.jalisco.gob.mx\/sites\/default\/files\/\/2015_11.pdf\" target=\"_blank\">2015<\/a><br><\/ul><br><p><br><\/p><br><br><\/pre>\n","protected":false},"excerpt":{"rendered":"<p>m) El listado de personas f\u00edsicas o jur\u00eddicas a quienes se les asigne o permita usar recursos p\u00fablicos o realicen actos de autoridad, as\u00ed como los informes que dichas personas &#8230;<\/p>\n","protected":false},"author":1,"featured_media":0,"parent":0,"menu_order":0,"comment_status":"closed","ping_status":"closed","template":"","meta":{"footnotes":""},"class_list":["post-745","page","type-page","status-publish","hentry"],"_links":{"self":[{"href":"https:\/\/manzanilladelapaz.gob.mx\/v3\/index.php\/wp-json\/wp\/v2\/pages\/745","targetHints":{"allow":["GET"]}}],"collection":[{"href":"https:\/\/manzanilladelapaz.gob.mx\/v3\/index.php\/wp-json\/wp\/v2\/pages"}],"about":[{"href":"https:\/\/manzanilladelapaz.gob.mx\/v3\/index.php\/wp-json\/wp\/v2\/types\/page"}],"author":[{"embeddable":true,"href":"https:\/\/manzanilladelapaz.gob.mx\/v3\/index.php\/wp-json\/wp\/v2\/users\/1"}],"replies":[{"embeddable":true,"href":"https:\/\/manzanilladelapaz.gob.mx\/v3\/index.php\/wp-json\/wp\/v2\/comments?post=745"}],"version-history":[{"count":1,"href":"https:\/\/manzanilladelapaz.gob.mx\/v3\/index.php\/wp-json\/wp\/v2\/pages\/745\/revisions"}],"predecessor-version":[{"id":746,"href":"https:\/\/manzanilladelapaz.gob.mx\/v3\/index.php\/wp-json\/wp\/v2\/pages\/745\/revisions\/746"}],"wp:attachment":[{"href":"https:\/\/manzanilladelapaz.gob.mx\/v3\/index.php\/wp-json\/wp\/v2\/media?parent=745"}],"curies":[{"name":"wp","href":"https:\/\/api.w.org\/{rel}","templated":true}]}}