{"id":748,"date":"2024-12-03T22:57:25","date_gmt":"2024-12-03T21:57:25","guid":{"rendered":"https:\/\/manzanilladelapaz.gob.mx\/v3\/?page_id=748"},"modified":"2024-12-03T22:57:26","modified_gmt":"2024-12-03T21:57:26","slug":"articulo-8-fraccion-v-n","status":"publish","type":"page","link":"https:\/\/manzanilladelapaz.gob.mx\/v3\/index.php\/articulo-8-fraccion-v-n\/","title":{"rendered":"Art\u00edculo 8 \/ Fracci\u00f3n V \/ n)"},"content":{"rendered":"\n<pre class=\"wp-block-preformatted interlineado-personalizado\" style=\"text-transform:uppercase\"><strong>n)    Las cuentas p\u00fablicas, las auditor\u00edas internas y externas, as\u00ed como los dem\u00e1s informes de gesti\u00f3n financiera del sujeto obligado, de cuando menos los \u00faltimos tres a\u00f1os;<\/strong><br><ul><br><img decoding=\"async\" width=\"28px\" src=\"https:\/\/manzanilladelapaz.gob.mx\/v3\/wp-content\/uploads\/2024\/11\/file-and-folder3.png\"> <a href=\"https:\/\/manzanilladelapaz.gob.mx\/Transparencia\/Articulo8\/Fraccion_V\/n\/CUENTA_PUBLICA_2023_compressed.pdf\" target=\"_blank\">CUENTA PUBLICA 2023<\/a><br><br><img decoding=\"async\" width=\"28px\" src=\"https:\/\/manzanilladelapaz.gob.mx\/v3\/wp-content\/uploads\/2024\/11\/file-and-folder3.png\"> <a href=\"https:\/\/manzanilladelapaz.gob.mx\/Transparencia\/Articulo8\/Fraccion_V\/n\/CUENTA_PUBLICA_2022_compressed.pdf\" target=\"_blank\">CUENTA PUBLICA 2022<\/a><br><br><img decoding=\"async\" width=\"28px\" src=\"https:\/\/manzanilladelapaz.gob.mx\/v3\/wp-content\/uploads\/2024\/11\/file-and-folder3.png\"> <a href=\"https:\/\/manzanilladelapaz.gob.mx\/Transparencia\/Articulo8\/Fraccion_V\/n\/CUENTA_PUBLICA_2021.pdf\" target=\"_blank\">CUENTA PUBLICA 2021<\/a><br><br><img decoding=\"async\" width=\"28px\" src=\"https:\/\/manzanilladelapaz.gob.mx\/v3\/wp-content\/uploads\/2024\/11\/file-and-folder3.png\"> <a href=\"https:\/\/transparencia.info.jalisco.gob.mx\/transparencia\/informacion-fundamental\/17528\" target=\"_blank\">CUENTA PUBLICA 2020<\/a><br><br><img decoding=\"async\" width=\"28px\" src=\"https:\/\/manzanilladelapaz.gob.mx\/v3\/wp-content\/uploads\/2024\/11\/file-and-folder3.png\"> <a href=\"https:\/\/transparencia.info.jalisco.gob.mx\/sites\/default\/files\/\/AUDITORIAS%202019.pdf\" target=\"_blank\">AUDITORIAS 2019<\/a><br><br><img decoding=\"async\" width=\"28px\" src=\"https:\/\/manzanilladelapaz.gob.mx\/v3\/wp-content\/uploads\/2024\/11\/file-and-folder3.png\"> <a href=\"https:\/\/transparencia.info.jalisco.gob.mx\/transparencia\/informacion-fundamental\/17017\" target=\"_blank\">INFORMES DE GESTI\u00d3N FINANCIERA 2019<\/a><br><br><img decoding=\"async\" width=\"28px\" src=\"https:\/\/manzanilladelapaz.gob.mx\/v3\/wp-content\/uploads\/2024\/11\/file-and-folder3.png\"> <a href=\"https:\/\/transparencia.info.jalisco.gob.mx\/transparencia\/informacion-fundamental\/16252\" target=\"_blank\">CUENTA PUBLICA 2019<\/a><br><br><img decoding=\"async\" width=\"28px\" src=\"https:\/\/manzanilladelapaz.gob.mx\/v3\/wp-content\/uploads\/2024\/11\/file-and-folder3.png\"> <a href=\"https:\/\/transparencia.info.jalisco.gob.mx\/sites\/default\/files\/\/VISITAS%20DE%20AUDITORIA.pdf\" target=\"_blank\">VISITAS DE AUDITORIA 2018<\/a><br><br><img decoding=\"async\" width=\"28px\" src=\"https:\/\/manzanilladelapaz.gob.mx\/v3\/wp-content\/uploads\/2024\/11\/file-and-folder3.png\"> <a href=\"https:\/\/transparencia.info.jalisco.gob.mx\/sites\/default\/files\/\/CORTE%20SEMESTRAL%202018.pdf\" target=\"_blank\">CORTE SEMESTRAL 2018<\/a><br><br><img decoding=\"async\" width=\"28px\" src=\"https:\/\/manzanilladelapaz.gob.mx\/v3\/wp-content\/uploads\/2024\/11\/file-and-folder3.png\"> <a href=\"https:\/\/transparencia.info.jalisco.gob.mx\/transparencia\/informacion-fundamental\/17530\" target=\"_blank\">CUENTA PUBLICA 2018<\/a><br><br><img decoding=\"async\" width=\"28px\" src=\"https:\/\/manzanilladelapaz.gob.mx\/v3\/wp-content\/uploads\/2024\/11\/file-and-folder3.png\"> <a href=\"https:\/\/transparencia.info.jalisco.gob.mx\/transparencia\/informacion-fundamental\/17533\" target=\"_blank\">CUENTA PUBLICA 2017<\/a><br><br><img decoding=\"async\" width=\"28px\" src=\"https:\/\/manzanilladelapaz.gob.mx\/v3\/wp-content\/uploads\/2024\/11\/file-and-folder3.png\"> <a href=\"https:\/\/transparencia.info.jalisco.gob.mx\/sites\/default\/files\/\/AUDITORIAS%20MUNICIPALES%202016.pdf\" target=\"_blank\">AUDITORIAS MUNICIPALES 2016<\/a><br><br><img decoding=\"async\" width=\"28px\" src=\"https:\/\/manzanilladelapaz.gob.mx\/v3\/wp-content\/uploads\/2024\/11\/file-and-folder3.png\"> <a href=\"https:\/\/transparencia.info.jalisco.gob.mx\/transparencia\/informacion-fundamental\/17534\" target=\"_blank\">CUENTA PUBLICA 2016<\/a><br><\/ul><br><p><span style=\"font-size: 14px;\">La administracion 2012 - 2015 en su acto de entrega y recepcion, no realizo la entrega de la informaci\u00f3n contable de su adminsitraci\u00f3n, por lo que se procedio a realizar ante la fiscalia general del Estado de Jalisco la denuncia correspondiente.<\/span><\/p><ul><br><img decoding=\"async\" width=\"28px\" src=\"https:\/\/manzanilladelapaz.gob.mx\/v3\/wp-content\/uploads\/2024\/11\/file-and-folder3.png\"> <a href=\"http:\/\/transparencia.info.jalisco.gob.mx\/sites\/default\/files\/RATIFICACI%C3%93N%20DENUNCIA%20VERSI%C3%93N%20P%C3%9ABLICA%20LA%20MANZANILLA%20DE%20LA%20PAZ.pdf#overlay-context=art%25C3%25ADculo-8-fracci%25C3%25B3n-v\/2666\" target=\"_blank\">RATIFICACI\u00d3N DENUNCIA VERSI\u00d3N P\u00daBLICA LA MANZANILLA DE LA PAZ<\/a><br><\/ul><br><p><br><\/p><br><br><\/pre>\n","protected":false},"excerpt":{"rendered":"<p>n) Las cuentas p\u00fablicas, las auditor\u00edas internas y externas, as\u00ed como los dem\u00e1s informes de gesti\u00f3n financiera del sujeto obligado, de cuando menos los \u00faltimos tres a\u00f1os; CUENTA PUBLICA 2023 &#8230;<\/p>\n","protected":false},"author":1,"featured_media":0,"parent":0,"menu_order":0,"comment_status":"closed","ping_status":"closed","template":"","meta":{"footnotes":""},"class_list":["post-748","page","type-page","status-publish","hentry"],"_links":{"self":[{"href":"https:\/\/manzanilladelapaz.gob.mx\/v3\/index.php\/wp-json\/wp\/v2\/pages\/748","targetHints":{"allow":["GET"]}}],"collection":[{"href":"https:\/\/manzanilladelapaz.gob.mx\/v3\/index.php\/wp-json\/wp\/v2\/pages"}],"about":[{"href":"https:\/\/manzanilladelapaz.gob.mx\/v3\/index.php\/wp-json\/wp\/v2\/types\/page"}],"author":[{"embeddable":true,"href":"https:\/\/manzanilladelapaz.gob.mx\/v3\/index.php\/wp-json\/wp\/v2\/users\/1"}],"replies":[{"embeddable":true,"href":"https:\/\/manzanilladelapaz.gob.mx\/v3\/index.php\/wp-json\/wp\/v2\/comments?post=748"}],"version-history":[{"count":1,"href":"https:\/\/manzanilladelapaz.gob.mx\/v3\/index.php\/wp-json\/wp\/v2\/pages\/748\/revisions"}],"predecessor-version":[{"id":749,"href":"https:\/\/manzanilladelapaz.gob.mx\/v3\/index.php\/wp-json\/wp\/v2\/pages\/748\/revisions\/749"}],"wp:attachment":[{"href":"https:\/\/manzanilladelapaz.gob.mx\/v3\/index.php\/wp-json\/wp\/v2\/media?parent=748"}],"curies":[{"name":"wp","href":"https:\/\/api.w.org\/{rel}","templated":true}]}}