{"id":754,"date":"2024-12-04T04:17:42","date_gmt":"2024-12-04T03:17:42","guid":{"rendered":"https:\/\/manzanilladelapaz.gob.mx\/v3\/?page_id=754"},"modified":"2024-12-04T04:17:42","modified_gmt":"2024-12-04T03:17:42","slug":"articulo-8-fraccion-v-o","status":"publish","type":"page","link":"https:\/\/manzanilladelapaz.gob.mx\/v3\/index.php\/articulo-8-fraccion-v-o\/","title":{"rendered":"Art\u00edculo 8 \/ Fracci\u00f3n V \/ o)"},"content":{"rendered":"\n<pre class=\"wp-block-preformatted interlineado-personalizado\" style=\"text-transform:uppercase\"><strong>o)    La informaci\u00f3n sobre adjudicaciones directas en materia de adquisiciones, obra p\u00fablica, proyectos de inversi\u00f3n y prestaci\u00f3n de servicios, de cuando menos los \u00faltimos tres a\u00f1os, que deber\u00e1 contener, por los menos, lo siguiente;<\/strong><br><ul><br><img decoding=\"async\" width=\"28px\" src=\"https:\/\/manzanilladelapaz.gob.mx\/v3\/wp-content\/uploads\/2024\/11\/file-and-folder3.png\"> <a href=\"https:\/\/transparencia.info.jalisco.gob.mx\/transparencia\/informacion-fundamental\/19341\" target=\"_blank\">Adjudicaciones directas 2018-2021<\/a><br><br><img decoding=\"async\" width=\"28px\" src=\"https:\/\/manzanilladelapaz.gob.mx\/v3\/wp-content\/uploads\/2024\/11\/file-and-folder3.png\"> <a href=\"https:\/\/transparencia.info.jalisco.gob.mx\/sites\/default\/files\/\/ADJUDICACIONES.pdf\" target=\"_blank\">ADJUDICACIONES MAYO 2018<\/a><br><br><img decoding=\"async\" width=\"28px\" src=\"https:\/\/manzanilladelapaz.gob.mx\/v3\/wp-content\/uploads\/2024\/11\/file-and-folder3.png\"> <a href=\"https:\/\/transparencia.info.jalisco.gob.mx\/sites\/default\/files\/\/Arrendamiento%20Maquinaria%202DA%20ETAPA%20CAMINO%20REGIONAL%20A%20LA%20TUNA.PDF\" target=\"_blank\">Arrendamiento Maquinaria 2DA ETAPA CAMINO REGIONAL A LA TUNA<\/a><br><br><img decoding=\"async\" width=\"28px\" src=\"https:\/\/manzanilladelapaz.gob.mx\/v3\/wp-content\/uploads\/2024\/11\/file-and-folder3.png\"> <a href=\"https:\/\/transparencia.info.jalisco.gob.mx\/sites\/default\/files\/\/2.%20Arrendamiento%20de%20maquinaria%201ER%20ETAPA%20CAMINO%20REGIONAL%20A%20LA%20TUNA.PDF\" target=\"_blank\">2. Arrendamiento de maquinaria 1ER ETAPA CAMINO REGIONAL A LA TUNA<\/a><br><br><img decoding=\"async\" width=\"28px\" src=\"https:\/\/manzanilladelapaz.gob.mx\/v3\/wp-content\/uploads\/2024\/11\/file-and-folder3.png\"> <a href=\"https:\/\/transparencia.info.jalisco.gob.mx\/sites\/default\/files\/\/1.%20Arrendamiento%20de%20maquinaria%201ER%20ETAPA%20CAMINIO%20REGIONAL%20A%20LA%20TUNA.PDF\" target=\"_blank\">1. Arrendamiento de maquinaria 1ER ETAPA CAMINIO REGIONAL A LA TUNA<\/a><br><br><img decoding=\"async\" width=\"28px\" src=\"https:\/\/manzanilladelapaz.gob.mx\/v3\/wp-content\/uploads\/2024\/11\/file-and-folder3.png\"> <a href=\"https:\/\/transparencia.info.jalisco.gob.mx\/sites\/default\/files\/\/LMP%20FOCOCI-004-2018%20Portal%20Zaragoza.PDF\" target=\"_blank\">LMP FOCOCI-004-2018 Portal Zaragoza<\/a><br><br><img decoding=\"async\" width=\"28px\" src=\"https:\/\/manzanilladelapaz.gob.mx\/v3\/wp-content\/uploads\/2024\/11\/file-and-folder3.png\"> <a href=\"https:\/\/transparencia.info.jalisco.gob.mx\/sites\/default\/files\/\/LMP%20FOCOCI-003-2018%20Camino%20a%20La%20Soledad.PDF\" target=\"_blank\">LMP FOCOCI-003-2018 Camino a La Soledad<\/a><br><br><img decoding=\"async\" width=\"28px\" src=\"https:\/\/manzanilladelapaz.gob.mx\/v3\/wp-content\/uploads\/2024\/11\/file-and-folder3.png\"> <a href=\"https:\/\/transparencia.info.jalisco.gob.mx\/sites\/default\/files\/\/LMP%20FOCOCI-002-2018%20Calle%20Ramon%20Corona%20en%20Villa%20Morelos.PDF\" target=\"_blank\">LMP FOCOCI-002-2018 Calle Ramon Corona en Villa Morelos<\/a><br><br><img decoding=\"async\" width=\"28px\" src=\"https:\/\/manzanilladelapaz.gob.mx\/v3\/wp-content\/uploads\/2024\/11\/file-and-folder3.png\"> <a href=\"https:\/\/transparencia.info.jalisco.gob.mx\/sites\/default\/files\/\/LMP%20FOCOCI-001-2018%20Calle%20Hidalgo.PDF\" target=\"_blank\">LMP FOCOCI-001-2018 Calle Hidalgo<\/a><br><br><img decoding=\"async\" width=\"28px\" src=\"https:\/\/manzanilladelapaz.gob.mx\/v3\/wp-content\/uploads\/2024\/11\/file-and-folder3.png\"> <a href=\"https:\/\/transparencia.info.jalisco.gob.mx\/sites\/default\/files\/\/LMP%20FOCOCI-005-2018.PDF\" target=\"_blank\">LMP FOCOCI-005-2018<\/a><br><br><img decoding=\"async\" width=\"28px\" src=\"https:\/\/manzanilladelapaz.gob.mx\/v3\/wp-content\/uploads\/2024\/11\/file-and-folder3.png\"> <a href=\"https:\/\/transparencia.info.jalisco.gob.mx\/sites\/default\/files\/\/Balance%20Presupuestario%20Corte%20Anual%202017.pdf\" target=\"_blank\">Balance Presupuestario Corte Anual 2017<\/a><br><br><img decoding=\"async\" width=\"28px\" src=\"https:\/\/manzanilladelapaz.gob.mx\/v3\/wp-content\/uploads\/2024\/11\/file-and-folder3.png\"> <a href=\"https:\/\/transparencia.info.jalisco.gob.mx\/sites\/default\/files\/\/Balanza%20corte%20anual%202017.pdf\" target=\"_blank\">Balanza corte anual 2017<\/a><br><br><img decoding=\"async\" width=\"28px\" src=\"https:\/\/manzanilladelapaz.gob.mx\/v3\/wp-content\/uploads\/2024\/11\/file-and-folder3.png\"> <a href=\"https:\/\/transparencia.info.jalisco.gob.mx\/sites\/default\/files\/\/Oficio%20termino%20PEF-LMP-006-2017.PDF\" target=\"_blank\">Oficio termino PEF-LMP-006-2017<\/a><br><br><img decoding=\"async\" width=\"28px\" src=\"https:\/\/manzanilladelapaz.gob.mx\/v3\/wp-content\/uploads\/2024\/11\/file-and-folder3.png\"> <a href=\"https:\/\/transparencia.info.jalisco.gob.mx\/sites\/default\/files\/\/Oficio%20Termino%20PEF-LMP-005-2017.PDF\" target=\"_blank\">Oficio Termino PEF-LMP-005-2017<\/a><br><br><img decoding=\"async\" width=\"28px\" src=\"https:\/\/manzanilladelapaz.gob.mx\/v3\/wp-content\/uploads\/2024\/11\/file-and-folder3.png\"> <a href=\"https:\/\/transparencia.info.jalisco.gob.mx\/sites\/default\/files\/\/Oficio%20Termino%20PEF-LMP-004-2017.PDF\" target=\"_blank\">Oficio Termino PEF-LMP-004-2017<\/a><br><br><img decoding=\"async\" width=\"28px\" src=\"https:\/\/manzanilladelapaz.gob.mx\/v3\/wp-content\/uploads\/2024\/11\/file-and-folder3.png\"> <a href=\"https:\/\/transparencia.info.jalisco.gob.mx\/sites\/default\/files\/\/Oficio%20Termino%20PEF-LMP-003-2017.PDF\" target=\"_blank\">Oficio Termino PEF-LMP-003-2017<\/a><br><br><img decoding=\"async\" width=\"28px\" src=\"https:\/\/manzanilladelapaz.gob.mx\/v3\/wp-content\/uploads\/2024\/11\/file-and-folder3.png\"> <a href=\"https:\/\/transparencia.info.jalisco.gob.mx\/sites\/default\/files\/\/Oficio%20Termino%20PEF-LMP-002-2017.PDF\" target=\"_blank\">Oficio Termino PEF-LMP-002-2017<\/a><br><br><img decoding=\"async\" width=\"28px\" src=\"https:\/\/manzanilladelapaz.gob.mx\/v3\/wp-content\/uploads\/2024\/11\/file-and-folder3.png\"> <a href=\"https:\/\/transparencia.info.jalisco.gob.mx\/sites\/default\/files\/\/Oficio%20Termino%20PEF-LMP-001-2017.PDF\" target=\"_blank\">Oficio Termino PEF-LMP-001-2017<\/a><br><br><img decoding=\"async\" width=\"28px\" src=\"https:\/\/manzanilladelapaz.gob.mx\/v3\/wp-content\/uploads\/2024\/11\/file-and-folder3.png\"> <a href=\"https:\/\/transparencia.info.jalisco.gob.mx\/sites\/default\/files\/\/Estimaciones%20PEF-LMP-006-2017.PDF\" target=\"_blank\">Estimaciones PEF-LMP-006-2017<\/a><br><br><img decoding=\"async\" width=\"28px\" src=\"https:\/\/manzanilladelapaz.gob.mx\/v3\/wp-content\/uploads\/2024\/11\/file-and-folder3.png\"> <a href=\"https:\/\/transparencia.info.jalisco.gob.mx\/sites\/default\/files\/\/Estimaciones%20PEF-LMP-005-2017.PDF\" target=\"_blank\">Estimaciones PEF-LMP-005-2017<\/a><br><br><img decoding=\"async\" width=\"28px\" src=\"https:\/\/manzanilladelapaz.gob.mx\/v3\/wp-content\/uploads\/2024\/11\/file-and-folder3.png\"> <a href=\"https:\/\/transparencia.info.jalisco.gob.mx\/sites\/default\/files\/\/Estimaciones%20PEF-LMP-004-2017.PDF\" target=\"_blank\">Estimaciones PEF-LMP-004-2017<\/a><br><br><img decoding=\"async\" width=\"28px\" src=\"https:\/\/manzanilladelapaz.gob.mx\/v3\/wp-content\/uploads\/2024\/11\/file-and-folder3.png\"> <a href=\"https:\/\/transparencia.info.jalisco.gob.mx\/sites\/default\/files\/\/Estimaciones%20PEF-LMP-003-2017.PDF\" target=\"_blank\">Estimaciones PEF-LMP-003-2017<\/a><br><br><img decoding=\"async\" width=\"28px\" src=\"https:\/\/manzanilladelapaz.gob.mx\/v3\/wp-content\/uploads\/2024\/11\/file-and-folder3.png\"> <a href=\"https:\/\/transparencia.info.jalisco.gob.mx\/sites\/default\/files\/\/Estimaciones%20PEF-LMP-002-2017.PDF\" target=\"_blank\">Estimaciones PEF-LMP-002-2017<\/a><br><br><img decoding=\"async\" width=\"28px\" src=\"https:\/\/manzanilladelapaz.gob.mx\/v3\/wp-content\/uploads\/2024\/11\/file-and-folder3.png\"> <a href=\"https:\/\/transparencia.info.jalisco.gob.mx\/sites\/default\/files\/\/Estimacione%20PEF-LMP-001-2017.PDF\" target=\"_blank\">Estimacione PEF-LMP-001-2017<\/a><br><br><img decoding=\"async\" width=\"28px\" src=\"https:\/\/manzanilladelapaz.gob.mx\/v3\/wp-content\/uploads\/2024\/11\/file-and-folder3.png\"> <a href=\"https:\/\/transparencia.info.jalisco.gob.mx\/sites\/default\/files\/\/Contrato%20PEF-LMP-006-2017.PDF\" target=\"_blank\">Contrato PEF-LMP-006-2017<\/a><br><br><img decoding=\"async\" width=\"28px\" src=\"https:\/\/manzanilladelapaz.gob.mx\/v3\/wp-content\/uploads\/2024\/11\/file-and-folder3.png\"> <a href=\"https:\/\/transparencia.info.jalisco.gob.mx\/sites\/default\/files\/\/Contrato%20PEF-LMP-005-2017.PDF\" target=\"_blank\">Contrato PEF-LMP-005-2017<\/a><br><br><img decoding=\"async\" width=\"28px\" src=\"https:\/\/manzanilladelapaz.gob.mx\/v3\/wp-content\/uploads\/2024\/11\/file-and-folder3.png\"> <a href=\"https:\/\/transparencia.info.jalisco.gob.mx\/sites\/default\/files\/\/Contrato%20PEF-LMP-004-2017.PDF\" target=\"_blank\">Contrato PEF-LMP-004-2017<\/a><br><br><img decoding=\"async\" width=\"28px\" src=\"https:\/\/manzanilladelapaz.gob.mx\/v3\/wp-content\/uploads\/2024\/11\/file-and-folder3.png\"> <a href=\"https:\/\/transparencia.info.jalisco.gob.mx\/sites\/default\/files\/\/Contrato%20PEF-LMP-003-2017.PDF\" target=\"_blank\">Contrato PEF-LMP-003-2017<\/a><br><br><img decoding=\"async\" width=\"28px\" src=\"https:\/\/manzanilladelapaz.gob.mx\/v3\/wp-content\/uploads\/2024\/11\/file-and-folder3.png\"> <a href=\"https:\/\/transparencia.info.jalisco.gob.mx\/sites\/default\/files\/\/Contarto%20PEF-LMP-002-2017.PDF\" target=\"_blank\">Contarto PEF-LMP-002-2017<\/a><br><br><img decoding=\"async\" width=\"28px\" src=\"https:\/\/manzanilladelapaz.gob.mx\/v3\/wp-content\/uploads\/2024\/11\/file-and-folder3.png\"> <a href=\"https:\/\/transparencia.info.jalisco.gob.mx\/sites\/default\/files\/\/Contrato%20PEF-LMP-001-2017.PDF\" target=\"_blank\">Contrato PEF-LMP-001-2017<\/a><br><br><img decoding=\"async\" width=\"28px\" src=\"https:\/\/manzanilladelapaz.gob.mx\/v3\/wp-content\/uploads\/2024\/11\/file-and-folder3.png\"> <a href=\"https:\/\/transparencia.info.jalisco.gob.mx\/sites\/default\/files\/\/Bases%20del%20Concurso%20PEF-LMP-006-2017.PDF\" target=\"_blank\">Bases del Concurso PEF-LMP-006-2017<\/a><br><br><img decoding=\"async\" width=\"28px\" src=\"https:\/\/manzanilladelapaz.gob.mx\/v3\/wp-content\/uploads\/2024\/11\/file-and-folder3.png\"> <a href=\"https:\/\/transparencia.info.jalisco.gob.mx\/sites\/default\/files\/\/Bases%20del%20Concurso%20PEF-LMP-005-2017.PDF\" target=\"_blank\">Bases del Concurso PEF-LMP-005-2017<\/a><br><br><img decoding=\"async\" width=\"28px\" src=\"https:\/\/manzanilladelapaz.gob.mx\/v3\/wp-content\/uploads\/2024\/11\/file-and-folder3.png\"> <a href=\"https:\/\/transparencia.info.jalisco.gob.mx\/sites\/default\/files\/\/Bses%20del%20Concurso%20PEF-LMP-004-2017.PDF\" target=\"_blank\">Bses del Concurso PEF-LMP-004-2017<\/a><br><br><img decoding=\"async\" width=\"28px\" src=\"https:\/\/manzanilladelapaz.gob.mx\/v3\/wp-content\/uploads\/2024\/11\/file-and-folder3.png\"> <a href=\"https:\/\/transparencia.info.jalisco.gob.mx\/sites\/default\/files\/\/Bases%20del%20Concurso%20PEF-LMP-003-2017.PDF\" target=\"_blank\">Bases del Concurso PEF-LMP-003-2017<\/a><br><br><img decoding=\"async\" width=\"28px\" src=\"https:\/\/manzanilladelapaz.gob.mx\/v3\/wp-content\/uploads\/2024\/11\/file-and-folder3.png\"> <a href=\"https:\/\/transparencia.info.jalisco.gob.mx\/sites\/default\/files\/\/Bases%20del%20Concurso%20PEF-LMP-002-2017.PDF\" target=\"_blank\">Bases del Concurso PEF-LMP-002-2017<\/a><br><br><img decoding=\"async\" width=\"28px\" src=\"https:\/\/manzanilladelapaz.gob.mx\/v3\/wp-content\/uploads\/2024\/11\/file-and-folder3.png\"> <a href=\"https:\/\/transparencia.info.jalisco.gob.mx\/sites\/default\/files\/\/Bases%20del%20concurso%20PEF-LMP-001-2017.PDF\" target=\"_blank\">Bases del concurso PEF-LMP-001-2017<\/a><br><br><img decoding=\"async\" width=\"28px\" src=\"https:\/\/manzanilladelapaz.gob.mx\/v3\/wp-content\/uploads\/2024\/11\/file-and-folder3.png\"> <a href=\"https:\/\/transparencia.info.jalisco.gob.mx\/sites\/default\/files\/\/Acta%20Finiquito%20PEF-LMP-004-2017.PDF\" target=\"_blank\">Acta Finiquito PEF-LMP-004-2017<\/a><br><br><img decoding=\"async\" width=\"28px\" src=\"https:\/\/manzanilladelapaz.gob.mx\/v3\/wp-content\/uploads\/2024\/11\/file-and-folder3.png\"> <a href=\"https:\/\/transparencia.info.jalisco.gob.mx\/sites\/default\/files\/\/Acta%20finiquito%20PEF-LMP-003-2017.PDF\" target=\"_blank\">Acta finiquito PEF-LMP-003-2017<\/a><br><br><img decoding=\"async\" width=\"28px\" src=\"https:\/\/manzanilladelapaz.gob.mx\/v3\/wp-content\/uploads\/2024\/11\/file-and-folder3.png\"> <a href=\"https:\/\/transparencia.info.jalisco.gob.mx\/sites\/default\/files\/\/Acta%20Finiquito%20PEF-LMP-002-2017.PDF\" target=\"_blank\">Acta Finiquito PEF-LMP-002-2017<\/a><br><br><img decoding=\"async\" width=\"28px\" src=\"https:\/\/manzanilladelapaz.gob.mx\/v3\/wp-content\/uploads\/2024\/11\/file-and-folder3.png\"> <a href=\"https:\/\/transparencia.info.jalisco.gob.mx\/sites\/default\/files\/\/Acta%20Finiquito%20PEF-LMP-001-2017.PDF\" target=\"_blank\">Acta Finiquito PEF-LMP-001-2017<\/a><br><br><img decoding=\"async\" width=\"28px\" src=\"https:\/\/manzanilladelapaz.gob.mx\/v3\/wp-content\/uploads\/2024\/11\/file-and-folder3.png\"> <a href=\"https:\/\/transparencia.info.jalisco.gob.mx\/sites\/default\/files\/\/ACTA%20DE%20FALLO%20%283%29.PDF\" target=\"_blank\">ACTA DE FALLO (3)<\/a><br><br><img decoding=\"async\" width=\"28px\" src=\"https:\/\/manzanilladelapaz.gob.mx\/v3\/wp-content\/uploads\/2024\/11\/file-and-folder3.png\"> <a href=\"https:\/\/transparencia.info.jalisco.gob.mx\/sites\/default\/files\/\/ACTA%20DE%20FALLO%20%282%29.PDF\" target=\"_blank\">ACTA DE FALLO (2)<\/a><br><br><img decoding=\"async\" width=\"28px\" src=\"https:\/\/manzanilladelapaz.gob.mx\/v3\/wp-content\/uploads\/2024\/11\/file-and-folder3.png\"> <a href=\"https:\/\/transparencia.info.jalisco.gob.mx\/sites\/default\/files\/\/ACTA%20DE%20FALLO.PDF\" target=\"_blank\">ACTA DE FALLO<\/a><br><br><img decoding=\"async\" width=\"28px\" src=\"https:\/\/manzanilladelapaz.gob.mx\/v3\/wp-content\/uploads\/2024\/11\/file-and-folder3.png\"> <a href=\"https:\/\/transparencia.info.jalisco.gob.mx\/sites\/default\/files\/\/Acta%20de%20Apertura%20PEF-LMP-006-2017.PDF\" target=\"_blank\">Acta de Apertura PEF-LMP-006-2017<\/a><br><br><img decoding=\"async\" width=\"28px\" src=\"https:\/\/manzanilladelapaz.gob.mx\/v3\/wp-content\/uploads\/2024\/11\/file-and-folder3.png\"> <a href=\"https:\/\/transparencia.info.jalisco.gob.mx\/sites\/default\/files\/\/Acta%20de%20Apertura%20PEF-LMP-005-2017.PDF\" target=\"_blank\">Acta de Apertura PEF-LMP-005-2017<\/a><br><br><img decoding=\"async\" width=\"28px\" src=\"https:\/\/manzanilladelapaz.gob.mx\/v3\/wp-content\/uploads\/2024\/11\/file-and-folder3.png\"> <a href=\"https:\/\/transparencia.info.jalisco.gob.mx\/sites\/default\/files\/\/Acta%20de%20Apertura%20PEF-LMP-004-2017.PDF\" target=\"_blank\">Acta de Apertura PEF-LMP-004-2017<\/a><br><br><img decoding=\"async\" width=\"28px\" src=\"https:\/\/manzanilladelapaz.gob.mx\/v3\/wp-content\/uploads\/2024\/11\/file-and-folder3.png\"> <a href=\"https:\/\/transparencia.info.jalisco.gob.mx\/sites\/default\/files\/\/Acta%20de%20Apertura%20PEF-LMP-003-2017.PDF\" target=\"_blank\">Acta de Apertura PEF-LMP-003-2017<\/a><br><br><img decoding=\"async\" width=\"28px\" src=\"https:\/\/manzanilladelapaz.gob.mx\/v3\/wp-content\/uploads\/2024\/11\/file-and-folder3.png\"> <a href=\"https:\/\/transparencia.info.jalisco.gob.mx\/sites\/default\/files\/\/Acta%20de%20Apertura%20PEF-LMP-002-2017.PDF\" target=\"_blank\">Acta de Apertura PEF-LMP-002-2017<\/a><br><br><img decoding=\"async\" width=\"28px\" src=\"https:\/\/manzanilladelapaz.gob.mx\/v3\/wp-content\/uploads\/2024\/11\/file-and-folder3.png\"> <a href=\"https:\/\/transparencia.info.jalisco.gob.mx\/sites\/default\/files\/\/Acta%20de%20Apertura%20PEF-LMP-001-2017.PDF\" target=\"_blank\">Acta de Apertura PEF-LMP-001-2017<\/a><br><br><img decoding=\"async\" width=\"28px\" src=\"https:\/\/manzanilladelapaz.gob.mx\/v3\/wp-content\/uploads\/2024\/11\/file-and-folder3.png\"> <a href=\"https:\/\/transparencia.info.jalisco.gob.mx\/sites\/default\/files\/\/ACTA%20DE%20APROBACION%202016.PDF\" target=\"_blank\">ACTA DE APROBACION 2016<\/a><br><br><img decoding=\"async\" width=\"28px\" src=\"https:\/\/manzanilladelapaz.gob.mx\/v3\/wp-content\/uploads\/2024\/11\/file-and-folder3.png\"> <a href=\"https:\/\/transparencia.info.jalisco.gob.mx\/sites\/default\/files\/\/ESTIMACIONES%20Y%20TERMINO%20DE%20OBRA%20CALLE%20ZARAGOZA.PDF\" target=\"_blank\">ESTIMACIONES Y TERMINO DE OBRA CALLE ZARAGOZA<\/a><br><br><img decoding=\"async\" width=\"28px\" src=\"https:\/\/manzanilladelapaz.gob.mx\/v3\/wp-content\/uploads\/2024\/11\/file-and-folder3.png\"> <a href=\"https:\/\/transparencia.info.jalisco.gob.mx\/sites\/default\/files\/\/CALLE%20ZARAGOZA.PDF\" target=\"_blank\">CALLE ZARAGOZA<\/a><br><br><img decoding=\"async\" width=\"28px\" src=\"https:\/\/manzanilladelapaz.gob.mx\/v3\/wp-content\/uploads\/2024\/11\/file-and-folder3.png\"> <a href=\"https:\/\/transparencia.info.jalisco.gob.mx\/sites\/default\/files\/\/CALLE%20RICARDO%20FLORES%20MAGON.PDF\" target=\"_blank\">CALLE RICARDO FLORES MAGON<\/a><br><br><img decoding=\"async\" width=\"28px\" src=\"https:\/\/manzanilladelapaz.gob.mx\/v3\/wp-content\/uploads\/2024\/11\/file-and-folder3.png\"> <a href=\"https:\/\/transparencia.info.jalisco.gob.mx\/sites\/default\/files\/\/CALLE%20PLUTARCO%20ELIAS%20CALLES%20%282%29.PDF\" target=\"_blank\">CALLE PLUTARCO ELIAS CALLES (2)<\/a><br><br><img decoding=\"async\" width=\"28px\" src=\"https:\/\/manzanilladelapaz.gob.mx\/v3\/wp-content\/uploads\/2024\/11\/file-and-folder3.png\"> <a href=\"https:\/\/transparencia.info.jalisco.gob.mx\/sites\/default\/files\/\/CALLE%20PLUTARCO%20ELIAS%20CALLES.PDF\" target=\"_blank\">CALLE PLUTARCO ELIAS CALLES<\/a><br><br><img decoding=\"async\" width=\"28px\" src=\"https:\/\/manzanilladelapaz.gob.mx\/v3\/wp-content\/uploads\/2024\/11\/file-and-folder3.png\"> <a href=\"https:\/\/transparencia.info.jalisco.gob.mx\/sites\/default\/files\/\/CALLE%20PEDRO%20MORENO.PDF\" target=\"_blank\">CALLE PEDRO MORENO<\/a><br><br><img decoding=\"async\" width=\"28px\" src=\"https:\/\/manzanilladelapaz.gob.mx\/v3\/wp-content\/uploads\/2024\/11\/file-and-folder3.png\"> <a href=\"https:\/\/transparencia.info.jalisco.gob.mx\/sites\/default\/files\/\/CALLE%20PEDRO%20FLORES.PDF\" target=\"_blank\">CALLE PEDRO FLORES<\/a><br><br><img decoding=\"async\" width=\"28px\" src=\"https:\/\/manzanilladelapaz.gob.mx\/v3\/wp-content\/uploads\/2024\/11\/file-and-folder3.png\"> <a href=\"https:\/\/transparencia.info.jalisco.gob.mx\/sites\/default\/files\/\/CALLE%20MOCTEZUMA%20%282%29.PDF\" target=\"_blank\">CALLE MOCTEZUMA (2)<\/a><br><br><img decoding=\"async\" width=\"28px\" src=\"https:\/\/manzanilladelapaz.gob.mx\/v3\/wp-content\/uploads\/2024\/11\/file-and-folder3.png\"> <a href=\"https:\/\/transparencia.info.jalisco.gob.mx\/sites\/default\/files\/\/CALLE%20MOCTEZUMA.PDF\" target=\"_blank\">CALLE MOCTEZUMA<\/a><br><br><img decoding=\"async\" width=\"28px\" src=\"https:\/\/manzanilladelapaz.gob.mx\/v3\/wp-content\/uploads\/2024\/11\/file-and-folder3.png\"> <a href=\"https:\/\/transparencia.info.jalisco.gob.mx\/sites\/default\/files\/\/CALLE%20LAS%20CUEVAS.PDF\" target=\"_blank\">CALLE LAS CUEVAS<\/a><br><br><img decoding=\"async\" width=\"28px\" src=\"https:\/\/manzanilladelapaz.gob.mx\/v3\/wp-content\/uploads\/2024\/11\/file-and-folder3.png\"> <a href=\"https:\/\/transparencia.info.jalisco.gob.mx\/sites\/default\/files\/\/CALLE%20LA%20TUNA.PDF\" target=\"_blank\">CALLE LA TUNA<\/a><br><br><img decoding=\"async\" width=\"28px\" src=\"https:\/\/manzanilladelapaz.gob.mx\/v3\/wp-content\/uploads\/2024\/11\/file-and-folder3.png\"> <a href=\"https:\/\/transparencia.info.jalisco.gob.mx\/sites\/default\/files\/\/CALLE%20INDEPENDENCIA%20E%20HIDALGO.PDF\" target=\"_blank\">CALLE INDEPENDENCIA E HIDALGO<\/a><br><br><img decoding=\"async\" width=\"28px\" src=\"https:\/\/manzanilladelapaz.gob.mx\/v3\/wp-content\/uploads\/2024\/11\/file-and-folder3.png\"> <a href=\"https:\/\/transparencia.info.jalisco.gob.mx\/sites\/default\/files\/\/CALLE%20EMILIANO%20ZAPATA%20%284%29.PDF\" target=\"_blank\">CALLE EMILIANO ZAPATA (4)<\/a><br><br><img decoding=\"async\" width=\"28px\" src=\"https:\/\/manzanilladelapaz.gob.mx\/v3\/wp-content\/uploads\/2024\/11\/file-and-folder3.png\"> <a href=\"https:\/\/transparencia.info.jalisco.gob.mx\/sites\/default\/files\/\/CALLE%20EMILIANO%20ZAPATA%20%283%29.PDF\" target=\"_blank\">CALLE EMILIANO ZAPATA (3)<\/a><br><br><img decoding=\"async\" width=\"28px\" src=\"https:\/\/manzanilladelapaz.gob.mx\/v3\/wp-content\/uploads\/2024\/11\/file-and-folder3.png\"> <a href=\"https:\/\/transparencia.info.jalisco.gob.mx\/sites\/default\/files\/\/CALLE%20EMILIANO%20ZAPATA%20%282%29.PDF\" target=\"_blank\">CALLE EMILIANO ZAPATA (2)<\/a><br><br><img decoding=\"async\" width=\"28px\" src=\"https:\/\/manzanilladelapaz.gob.mx\/v3\/wp-content\/uploads\/2024\/11\/file-and-folder3.png\"> <a href=\"https:\/\/transparencia.info.jalisco.gob.mx\/sites\/default\/files\/\/CALLE%20EMILIANO%20ZAPATA.PDF\" target=\"_blank\">CALLE EMILIANO ZAPATA<\/a><br><br><img decoding=\"async\" width=\"28px\" src=\"https:\/\/manzanilladelapaz.gob.mx\/v3\/wp-content\/uploads\/2024\/11\/file-and-folder3.png\"> <a href=\"https:\/\/transparencia.info.jalisco.gob.mx\/sites\/default\/files\/\/CALLE%20AMADO%20NERVO.PDF\" target=\"_blank\">CALLE AMADO NERVO<\/a><br><br><img decoding=\"async\" width=\"28px\" src=\"https:\/\/manzanilladelapaz.gob.mx\/v3\/wp-content\/uploads\/2024\/11\/file-and-folder3.png\"> <a href=\"https:\/\/transparencia.info.jalisco.gob.mx\/sites\/default\/files\/\/CALLE%20%20MARIANO%20JIMENEZ.PDF\" target=\"_blank\">CALLE MARIANO JIMENEZ<\/a><br><br><img decoding=\"async\" width=\"28px\" src=\"https:\/\/manzanilladelapaz.gob.mx\/v3\/wp-content\/uploads\/2024\/11\/file-and-folder3.png\"> <a href=\"https:\/\/transparencia.info.jalisco.gob.mx\/sites\/default\/files\/\/BITACORA%20DE%20MAQUINARIA%20CALLE%20AMADO%20NERVO.PDF\" target=\"_blank\">BITACORA DE MAQUINARIA CALLE AMADO NERVO<\/a><br><\/ul><br><p><br><\/p><br><br><\/pre>\n","protected":false},"excerpt":{"rendered":"<p>o) La informaci\u00f3n sobre adjudicaciones directas en materia de adquisiciones, obra p\u00fablica, proyectos de inversi\u00f3n y prestaci\u00f3n de servicios, de cuando menos los \u00faltimos tres a\u00f1os, que deber\u00e1 contener, por &#8230;<\/p>\n","protected":false},"author":1,"featured_media":0,"parent":0,"menu_order":0,"comment_status":"closed","ping_status":"closed","template":"","meta":{"footnotes":""},"class_list":["post-754","page","type-page","status-publish","hentry"],"_links":{"self":[{"href":"https:\/\/manzanilladelapaz.gob.mx\/v3\/index.php\/wp-json\/wp\/v2\/pages\/754","targetHints":{"allow":["GET"]}}],"collection":[{"href":"https:\/\/manzanilladelapaz.gob.mx\/v3\/index.php\/wp-json\/wp\/v2\/pages"}],"about":[{"href":"https:\/\/manzanilladelapaz.gob.mx\/v3\/index.php\/wp-json\/wp\/v2\/types\/page"}],"author":[{"embeddable":true,"href":"https:\/\/manzanilladelapaz.gob.mx\/v3\/index.php\/wp-json\/wp\/v2\/users\/1"}],"replies":[{"embeddable":true,"href":"https:\/\/manzanilladelapaz.gob.mx\/v3\/index.php\/wp-json\/wp\/v2\/comments?post=754"}],"version-history":[{"count":1,"href":"https:\/\/manzanilladelapaz.gob.mx\/v3\/index.php\/wp-json\/wp\/v2\/pages\/754\/revisions"}],"predecessor-version":[{"id":755,"href":"https:\/\/manzanilladelapaz.gob.mx\/v3\/index.php\/wp-json\/wp\/v2\/pages\/754\/revisions\/755"}],"wp:attachment":[{"href":"https:\/\/manzanilladelapaz.gob.mx\/v3\/index.php\/wp-json\/wp\/v2\/media?parent=754"}],"curies":[{"name":"wp","href":"https:\/\/api.w.org\/{rel}","templated":true}]}}