{"id":757,"date":"2024-12-04T22:32:09","date_gmt":"2024-12-04T21:32:09","guid":{"rendered":"https:\/\/manzanilladelapaz.gob.mx\/v3\/?page_id=757"},"modified":"2025-01-30T18:47:32","modified_gmt":"2025-01-30T17:47:32","slug":"articulo-8-fraccion-v-p","status":"publish","type":"page","link":"https:\/\/manzanilladelapaz.gob.mx\/v3\/index.php\/articulo-8-fraccion-v-p\/","title":{"rendered":"Art\u00edculo 8 \/ Fracci\u00f3n V \/ p)"},"content":{"rendered":"\n<pre class=\"wp-block-preformatted interlineado-personalizado\" style=\"text-transform:uppercase\"><strong>p)    La informaci\u00f3n sobre concursos por invitaci\u00f3n y licitaciones p\u00fablicas en materia de adquisiciones, obra p\u00fablica, proyectos de inversi\u00f3n y prestaci\u00f3n de servicios, de cuando menos los \u00faltimos tres a\u00f1os, por los menos, lo siguiente;<\/strong><br><ul><br><img decoding=\"async\" width=\"28px\" src=\"https:\/\/manzanilladelapaz.gob.mx\/v3\/wp-content\/uploads\/2024\/11\/file-and-folder3.png\"> <a href=\"https:\/\/manzanilladelapaz.gob.mx\/Transparencia\/Articulo8\/Fraccion_V\/p\/PC_Completo_VF.pdf\" target=\"_blank\">PROCESO COMPETITIVO PARA LA CONTRATACION DE FINANCIAMIENTO<\/a><br><br><img decoding=\"async\" width=\"28px\" src=\"https:\/\/manzanilladelapaz.gob.mx\/v3\/wp-content\/uploads\/2024\/11\/file-and-folder3.png\"> <a href=\"https:\/\/manzanilladelapaz.gob.mx\/Transparencia\/Articulo8\/Fraccion_V\/p\/Acta_No_002_Licitacion_Publica.pdf\" target=\"_blank\">Acta No. 002 Licitaci\u00f3n Publica - Enero 2022<\/a><br><br><img decoding=\"async\" width=\"28px\" src=\"https:\/\/manzanilladelapaz.gob.mx\/v3\/wp-content\/uploads\/2024\/11\/file-and-folder3.png\"> <a href=\"https:\/\/transparencia.info.jalisco.gob.mx\/sites\/default\/files\/\/INVITACIONES%20LICITACIONES%20OBRA%20PUBLICA%202018-2021.pdf\" target=\"_blank\">INVITACIONES LICITACIONES OBRA PUBLICA 2018-2021<\/a><br><br><img decoding=\"async\" width=\"28px\" src=\"https:\/\/manzanilladelapaz.gob.mx\/v3\/wp-content\/uploads\/2024\/11\/file-and-folder3.png\"> <a href=\"https:\/\/transparencia.info.jalisco.gob.mx\/sites\/default\/files\/\/BASES%20DE%20CONCURSO%20LMP-FONDEREG-2020-01%20ANDADOR.pdf\" target=\"_blank\">BASES DE CONCURSO LMP-FONDEREG-2020-01 ANDADOR<\/a><br><br><img decoding=\"async\" width=\"28px\" src=\"https:\/\/manzanilladelapaz.gob.mx\/v3\/wp-content\/uploads\/2024\/11\/file-and-folder3.png\"> <a href=\"https:\/\/transparencia.info.jalisco.gob.mx\/sites\/default\/files\/\/BASES%20DE%20CONCURSO%20LMP-FGAPA-2020-01-CALLEJON.pdf\" target=\"_blank\">BASES DE CONCURSO LMP-FGAPA-2020-01-CALLEJON<\/a><br><br><img decoding=\"async\" width=\"28px\" src=\"https:\/\/manzanilladelapaz.gob.mx\/v3\/wp-content\/uploads\/2024\/11\/file-and-folder3.png\"> <a href=\"https:\/\/transparencia.info.jalisco.gob.mx\/sites\/default\/files\/\/BASES%20DE%20CONCURSO%20LMP-FG-2020-016%20POZO%20AGUACTE.pdf\" target=\"_blank\">BASES DE CONCURSO LMP-FG-2020-016 POZO AGUACTE<\/a><br><br><img decoding=\"async\" width=\"28px\" src=\"https:\/\/manzanilladelapaz.gob.mx\/v3\/wp-content\/uploads\/2024\/11\/file-and-folder3.png\"> <a href=\"https:\/\/transparencia.info.jalisco.gob.mx\/sites\/default\/files\/\/BASES%20DE%20CONCURSO%20LMP-FG-2020-015%20%20FRANCISCO%20I%20MADERO%202DA.pdf\" target=\"_blank\">BASES DE CONCURSO LMP-FG-2020-015 FRANCISCO I MADERO 2DA<\/a><br><br><img decoding=\"async\" width=\"28px\" src=\"https:\/\/manzanilladelapaz.gob.mx\/v3\/wp-content\/uploads\/2024\/11\/file-and-folder3.png\"> <a href=\"https:\/\/transparencia.info.jalisco.gob.mx\/sites\/default\/files\/\/BASES%20DE%20CONCURSO%20LMP-FG-2020-014%20NICOLAS%20BRAVO.pdf\" target=\"_blank\">BASES DE CONCURSO LMP-FG-2020-014 NICOLAS BRAVO<\/a><br><br><img decoding=\"async\" width=\"28px\" src=\"https:\/\/manzanilladelapaz.gob.mx\/v3\/wp-content\/uploads\/2024\/11\/file-and-folder3.png\"> <a href=\"https:\/\/transparencia.info.jalisco.gob.mx\/sites\/default\/files\/\/BASES%20DE%20CONCURSO%20LMP-FG-2020-013%20DIF.pdf\" target=\"_blank\">BASES DE CONCURSO LMP-FG-2020-013 DIF<\/a><br><br><img decoding=\"async\" width=\"28px\" src=\"https:\/\/manzanilladelapaz.gob.mx\/v3\/wp-content\/uploads\/2024\/11\/file-and-folder3.png\"> <a href=\"https:\/\/transparencia.info.jalisco.gob.mx\/sites\/default\/files\/\/BASES%20DE%20CONCURSO%20LMP-FG-2020-012%20CALLEJON%20LA%20MANZANILLA%202DA%20ETAPA.pdf\" target=\"_blank\">BASES DE CONCURSO LMP-FG-2020-012 CALLEJON LA MANZANILLA 2DA ETAPA<\/a><br><br><img decoding=\"async\" width=\"28px\" src=\"https:\/\/manzanilladelapaz.gob.mx\/v3\/wp-content\/uploads\/2024\/11\/file-and-folder3.png\"> <a href=\"https:\/\/transparencia.info.jalisco.gob.mx\/sites\/default\/files\/\/BASES%20DE%20CONCURSO%20LMP-FG-2020-011%20VILLA%20MORELOS.pdf\" target=\"_blank\">BASES DE CONCURSO LMP-FG-2020-011 VILLA MORELOS<\/a><br><br><img decoding=\"async\" width=\"28px\" src=\"https:\/\/manzanilladelapaz.gob.mx\/v3\/wp-content\/uploads\/2024\/11\/file-and-folder3.png\"> <a href=\"https:\/\/transparencia.info.jalisco.gob.mx\/sites\/default\/files\/\/BASES%20DE%20CONCURSO%20LMP-FG-2020-010%201RO%20DE%20DICIEMBRE.pdf\" target=\"_blank\">BASES DE CONCURSO LMP-FG-2020-010 1RO DE DICIEMBRE<\/a><br><br><img decoding=\"async\" width=\"28px\" src=\"https:\/\/manzanilladelapaz.gob.mx\/v3\/wp-content\/uploads\/2024\/11\/file-and-folder3.png\"> <a href=\"https:\/\/transparencia.info.jalisco.gob.mx\/sites\/default\/files\/\/BASES%20DE%20CONCURSO%20LMP-FG-2020-09%20PROL%20JUAREZ.pdf\" target=\"_blank\">BASES DE CONCURSO LMP-FG-2020-09 PROL JUAREZ<\/a><br><br><img decoding=\"async\" width=\"28px\" src=\"https:\/\/manzanilladelapaz.gob.mx\/v3\/wp-content\/uploads\/2024\/11\/file-and-folder3.png\"> <a href=\"https:\/\/transparencia.info.jalisco.gob.mx\/sites\/default\/files\/\/BASES%20DE%20CONCURSO%20LMP-FG-2020-08%20CERRO%20DE%20LA%20GARCIA.pdf\" target=\"_blank\">BASES DE CONCURSO LMP-FG-2020-08 CERRO DE LA GARCIA<\/a><br><br><img decoding=\"async\" width=\"28px\" src=\"https:\/\/manzanilladelapaz.gob.mx\/v3\/wp-content\/uploads\/2024\/11\/file-and-folder3.png\"> <a href=\"https:\/\/transparencia.info.jalisco.gob.mx\/sites\/default\/files\/\/BASES%20DE%20CONCURSO%20LMP-FG-2020-07%20CERRO%20DE%20LA%20ESPA%C3%91OLA.pdf\" target=\"_blank\">BASES DE CONCURSO LMP-FG-2020-07 CERRO DE LA ESPA\u00d1OLA<\/a><br><br><img decoding=\"async\" width=\"28px\" src=\"https:\/\/manzanilladelapaz.gob.mx\/v3\/wp-content\/uploads\/2024\/11\/file-and-folder3.png\"> <a href=\"https:\/\/transparencia.info.jalisco.gob.mx\/sites\/default\/files\/\/BASES%20DE%20CONCURSO%20LMP-FG-2020-06%20GOMEZ%20FARIAS.pdf\" target=\"_blank\">BASES DE CONCURSO LMP-FG-2020-06 GOMEZ FARIAS<\/a><br><br><img decoding=\"async\" width=\"28px\" src=\"https:\/\/manzanilladelapaz.gob.mx\/v3\/wp-content\/uploads\/2024\/11\/file-and-folder3.png\"> <a href=\"https:\/\/transparencia.info.jalisco.gob.mx\/sites\/default\/files\/\/BASES%20DE%20CONCURSO%20LMP-FG-2020-05%20INGRESO%202%20CUEVAS.pdf\" target=\"_blank\">BASES DE CONCURSO LMP-FG-2020-05 INGRESO 2 CUEVAS<\/a><br><br><img decoding=\"async\" width=\"28px\" src=\"https:\/\/manzanilladelapaz.gob.mx\/v3\/wp-content\/uploads\/2024\/11\/file-and-folder3.png\"> <a href=\"https:\/\/transparencia.info.jalisco.gob.mx\/sites\/default\/files\/\/BASES%20DE%20CONCURSO%20LMP-FG-2020-04-BANQUETAS%20CENTENARIO.pdf\" target=\"_blank\">BASES DE CONCURSO LMP-FG-2020-04-BANQUETAS CENTENARIO<\/a><br><br><img decoding=\"async\" width=\"28px\" src=\"https:\/\/manzanilladelapaz.gob.mx\/v3\/wp-content\/uploads\/2024\/11\/file-and-folder3.png\"> <a href=\"https:\/\/transparencia.info.jalisco.gob.mx\/sites\/default\/files\/\/BASES%20DE%20CONCURSO%20LMP-FG-2020-01-CENTROS%20CENTENARIO.pdf\" target=\"_blank\">BASES DE CONCURSO LMP-FG-2020-01-CENTROS CENTENARIO<\/a><br><br><img decoding=\"async\" width=\"28px\" src=\"https:\/\/manzanilladelapaz.gob.mx\/v3\/wp-content\/uploads\/2024\/11\/file-and-folder3.png\"> <a href=\"https:\/\/transparencia.info.jalisco.gob.mx\/sites\/default\/files\/\/BASES%20DE%20CONCURSO%20LMP-FAIS-2020-01%20COLECTOR%20SEGUNDA.pdf\" target=\"_blank\">BASES DE CONCURSO LMP-FAIS-2020-01 COLECTOR SEGUNDA<\/a><br><br><img decoding=\"async\" width=\"28px\" src=\"https:\/\/manzanilladelapaz.gob.mx\/v3\/wp-content\/uploads\/2024\/11\/file-and-folder3.png\"> <a href=\"https:\/\/transparencia.info.jalisco.gob.mx\/sites\/default\/files\/\/2020%20Calle%20Centenario.pdf\" target=\"_blank\">2020 Calle Centenario<\/a><br><br><img decoding=\"async\" width=\"28px\" src=\"https:\/\/manzanilladelapaz.gob.mx\/v3\/wp-content\/uploads\/2024\/11\/file-and-folder3.png\"> <a href=\"https:\/\/transparencia.info.jalisco.gob.mx\/sites\/default\/files\/\/2020%20Calle%20Francisco%20I%20Madero.pdf\" target=\"_blank\">2020 Calle Francisco I Madero<\/a><br><br><img decoding=\"async\" width=\"28px\" src=\"https:\/\/manzanilladelapaz.gob.mx\/v3\/wp-content\/uploads\/2024\/11\/file-and-folder3.png\"> <a href=\"https:\/\/transparencia.info.jalisco.gob.mx\/sites\/default\/files\/\/2020%20Calle%20Lopez%20Cotilla.pdf\" target=\"_blank\">2020 Calle Lopez Cotilla<\/a><br><br><img decoding=\"async\" width=\"28px\" src=\"https:\/\/manzanilladelapaz.gob.mx\/v3\/wp-content\/uploads\/2024\/11\/file-and-folder3.png\"> <a href=\"https:\/\/transparencia.info.jalisco.gob.mx\/sites\/default\/files\/\/2020%20Red%20de%20drenaje%20y%20callejon.pdf\" target=\"_blank\">2020 Red de drenaje y callej\u00f3n<\/a><br><br><img decoding=\"async\" width=\"28px\" src=\"https:\/\/manzanilladelapaz.gob.mx\/v3\/wp-content\/uploads\/2024\/11\/file-and-folder3.png\"> <a href=\"https:\/\/transparencia.info.jalisco.gob.mx\/sites\/default\/files\/\/2019%20Calle%2020%20de%20noviembre%20en%20Las%20Cuevas.pdf\" target=\"_blank\">2019 Calle 20 de noviembre en Las Cuevas<\/a><br><br><img decoding=\"async\" width=\"28px\" src=\"https:\/\/manzanilladelapaz.gob.mx\/v3\/wp-content\/uploads\/2024\/11\/file-and-folder3.png\"> <a href=\"https:\/\/transparencia.info.jalisco.gob.mx\/sites\/default\/files\/\/2019%20Colector%20a%20un%20costado%20de%20la%20calle%20Ramon%20Corona.pdf\" target=\"_blank\">2019 Colector a un costado de la calle Ramon Corona<\/a><br><br><img decoding=\"async\" width=\"28px\" src=\"https:\/\/manzanilladelapaz.gob.mx\/v3\/wp-content\/uploads\/2024\/11\/file-and-folder3.png\"> <a href=\"https:\/\/transparencia.info.jalisco.gob.mx\/sites\/default\/files\/\/2019%20Rehabilitacion%20del%20Mercado.pdf\" target=\"_blank\">2019 Rehabilitaci\u00f3n del Mercado<\/a><br><br><img decoding=\"async\" width=\"28px\" src=\"https:\/\/manzanilladelapaz.gob.mx\/v3\/wp-content\/uploads\/2024\/11\/file-and-folder3.png\"> <a href=\"https:\/\/transparencia.info.jalisco.gob.mx\/sites\/default\/files\/\/Oficio%20termino%20PEF-LMP-006-2017_0.PDF\" target=\"_blank\">Oficio termino PEF-LMP-006-2017<\/a><br><br><img decoding=\"async\" width=\"28px\" src=\"https:\/\/manzanilladelapaz.gob.mx\/v3\/wp-content\/uploads\/2024\/11\/file-and-folder3.png\"> <a href=\"https:\/\/transparencia.info.jalisco.gob.mx\/sites\/default\/files\/\/Oficio%20Termino%20PEF-LMP-005-2017_0.PDF\" target=\"_blank\">Oficio Termino PEF-LMP-005-2017<\/a><br><br><img decoding=\"async\" width=\"28px\" src=\"https:\/\/manzanilladelapaz.gob.mx\/v3\/wp-content\/uploads\/2024\/11\/file-and-folder3.png\"> <a href=\"https:\/\/transparencia.info.jalisco.gob.mx\/sites\/default\/files\/\/Oficio%20Termino%20PEF-LMP-004-2017_0.PDF\" target=\"_blank\">Oficio Termino PEF-LMP-004-2017<\/a><br><br><img decoding=\"async\" width=\"28px\" src=\"https:\/\/manzanilladelapaz.gob.mx\/v3\/wp-content\/uploads\/2024\/11\/file-and-folder3.png\"> <a href=\"https:\/\/transparencia.info.jalisco.gob.mx\/sites\/default\/files\/\/Acta%20finiquito%20PEF-LMP-003-2017_0.PDF\" target=\"_blank\">Acta finiquito PEF-LMP-003-2017<\/a><br><br><img decoding=\"async\" width=\"28px\" src=\"https:\/\/manzanilladelapaz.gob.mx\/v3\/wp-content\/uploads\/2024\/11\/file-and-folder3.png\"> <a href=\"https:\/\/transparencia.info.jalisco.gob.mx\/sites\/default\/files\/\/Acta%20Finiquito%20PEF-LMP-002-2017_0.PDF\" target=\"_blank\">Acta Finiquito PEF-LMP-002-2017<\/a><br><br><img decoding=\"async\" width=\"28px\" src=\"https:\/\/manzanilladelapaz.gob.mx\/v3\/wp-content\/uploads\/2024\/11\/file-and-folder3.png\"> <a href=\"https:\/\/transparencia.info.jalisco.gob.mx\/sites\/default\/files\/\/Oficio%20Termino%20PEF-LMP-001-2017_0.PDF\" target=\"_blank\">Oficio Termino PEF-LMP-001-2017<\/a><br><br><img decoding=\"async\" width=\"28px\" src=\"https:\/\/manzanilladelapaz.gob.mx\/v3\/wp-content\/uploads\/2024\/11\/file-and-folder3.png\"> <a href=\"https:\/\/transparencia.info.jalisco.gob.mx\/sites\/default\/files\/\/Bases%20del%20Concurso%20PEF-LMP-006-2017_0.PDF\" target=\"_blank\">Bases del Concurso PEF-LMP-006-2017<\/a><br><br><img decoding=\"async\" width=\"28px\" src=\"https:\/\/manzanilladelapaz.gob.mx\/v3\/wp-content\/uploads\/2024\/11\/file-and-folder3.png\"> <a href=\"https:\/\/transparencia.info.jalisco.gob.mx\/sites\/default\/files\/\/Bases%20del%20Concurso%20PEF-LMP-005-2017_0.PDF\" target=\"_blank\">Bases del Concurso PEF-LMP-005-2017<\/a><br><br><img decoding=\"async\" width=\"28px\" src=\"https:\/\/manzanilladelapaz.gob.mx\/v3\/wp-content\/uploads\/2024\/11\/file-and-folder3.png\"> <a href=\"https:\/\/transparencia.info.jalisco.gob.mx\/sites\/default\/files\/\/Bses%20del%20Concurso%20PEF-LMP-004-2017_0.PDF\" target=\"_blank\">Bses del Concurso PEF-LMP-004-2017<\/a><br><br><img decoding=\"async\" width=\"28px\" src=\"https:\/\/manzanilladelapaz.gob.mx\/v3\/wp-content\/uploads\/2024\/11\/file-and-folder3.png\"> <a href=\"https:\/\/transparencia.info.jalisco.gob.mx\/sites\/default\/files\/\/Bases%20del%20Concurso%20PEF-LMP-003-2017_0.PDF\" target=\"_blank\">Bases del Concurso PEF-LMP-003-2017<\/a><br><br><img decoding=\"async\" width=\"28px\" src=\"https:\/\/manzanilladelapaz.gob.mx\/v3\/wp-content\/uploads\/2024\/11\/file-and-folder3.png\"> <a href=\"https:\/\/transparencia.info.jalisco.gob.mx\/sites\/default\/files\/\/Bases%20del%20Concurso%20PEF-LMP-002-2017_0.PDF\" target=\"_blank\">Bases del Concurso PEF-LMP-002-2017<\/a><br><br><img decoding=\"async\" width=\"28px\" src=\"https:\/\/manzanilladelapaz.gob.mx\/v3\/wp-content\/uploads\/2024\/11\/file-and-folder3.png\"> <a href=\"https:\/\/transparencia.info.jalisco.gob.mx\/sites\/default\/files\/\/Bases%20del%20concurso%20PEF-LMP-001-2017_0.PDF\" target=\"_blank\">Bases del concurso PEF-LMP-001-2017<\/a><br><br><img decoding=\"async\" width=\"28px\" src=\"https:\/\/manzanilladelapaz.gob.mx\/v3\/wp-content\/uploads\/2024\/11\/file-and-folder3.png\"> <a href=\"https:\/\/transparencia.info.jalisco.gob.mx\/sites\/default\/files\/\/ACTA%20DE%20APROBACION%202016_0.PDF\" target=\"_blank\">ACTA DE APROBACION 2016<\/a><br><br><img decoding=\"async\" width=\"28px\" src=\"https:\/\/manzanilladelapaz.gob.mx\/v3\/wp-content\/uploads\/2024\/11\/file-and-folder3.png\"> <a href=\"https:\/\/transparencia.info.jalisco.gob.mx\/sites\/default\/files\/\/fotografica%20LMP-PEF-004-2017%20%28Plaza%29.PDF\" target=\"_blank\">Fotogr\u00e1fica LMP-PEF-004-2017 (Plaza)<\/a><br><br><img decoding=\"async\" width=\"28px\" src=\"https:\/\/manzanilladelapaz.gob.mx\/v3\/wp-content\/uploads\/2024\/11\/file-and-folder3.png\"> <a href=\"https:\/\/transparencia.info.jalisco.gob.mx\/sites\/default\/files\/\/Fallo%20LMP-PEF-004-2017%20%28Plaza%29.PDF\" target=\"_blank\">Fallo LMP-PEF-004-2017 (Plaza)<\/a><br><br><img decoding=\"async\" width=\"28px\" src=\"https:\/\/manzanilladelapaz.gob.mx\/v3\/wp-content\/uploads\/2024\/11\/file-and-folder3.png\"> <a href=\"https:\/\/transparencia.info.jalisco.gob.mx\/sites\/default\/files\/\/fotografica%20LMP-PEF-003-2017%20%28Venustiano%20Carranza%29.PDF\" target=\"_blank\">Fotogr\u00e1fica LMP-PEF-003-2017 (Venustiano Carranza)<\/a><br><br><img decoding=\"async\" width=\"28px\" src=\"https:\/\/manzanilladelapaz.gob.mx\/v3\/wp-content\/uploads\/2024\/11\/file-and-folder3.png\"> <a href=\"https:\/\/transparencia.info.jalisco.gob.mx\/sites\/default\/files\/\/Fallo%20LMP-PEF-003-2017%20%28Venustiano%20Carranza%29.PDF\" target=\"_blank\">Fallo LMP-PEF-003-2017 (Venustiano Carranza)<\/a><br><br><img decoding=\"async\" width=\"28px\" src=\"https:\/\/manzanilladelapaz.gob.mx\/v3\/wp-content\/uploads\/2024\/11\/file-and-folder3.png\"> <a href=\"https:\/\/transparencia.info.jalisco.gob.mx\/sites\/default\/files\/\/fotografica%20LMP-PEF-002-2017%20%28Primavera%29.PDF\" target=\"_blank\">Fotogr\u00e1fica LMP-PEF-002-2017 (Primavera)<\/a><br><br><img decoding=\"async\" width=\"28px\" src=\"https:\/\/manzanilladelapaz.gob.mx\/v3\/wp-content\/uploads\/2024\/11\/file-and-folder3.png\"> <a href=\"https:\/\/transparencia.info.jalisco.gob.mx\/sites\/default\/files\/\/Fallo%20LMP-PEF-002-2017%20%28Primavera%29.PDF\" target=\"_blank\">Fallo LMP-PEF-002-2017 (Primavera)<\/a><br><br><img decoding=\"async\" width=\"28px\" src=\"https:\/\/manzanilladelapaz.gob.mx\/v3\/wp-content\/uploads\/2024\/11\/file-and-folder3.png\"> <a href=\"https:\/\/transparencia.info.jalisco.gob.mx\/sites\/default\/files\/\/fotografica%20LMP-PEF-001-2017%20%28Morelos%29.PDF\" target=\"_blank\">Fotogr\u00e1fica LMP-PEF-001-2017 (Morelos)<\/a><br><br><img decoding=\"async\" width=\"28px\" src=\"https:\/\/manzanilladelapaz.gob.mx\/v3\/wp-content\/uploads\/2024\/11\/file-and-folder3.png\"> <a href=\"https:\/\/transparencia.info.jalisco.gob.mx\/sites\/default\/files\/\/Fallo%20lmp-pef-001-2017%20%28Morelos%29.PDF\" target=\"_blank\">Fallo lmp-pef-001-2017 (Morelos)<\/a><br><br><img decoding=\"async\" width=\"28px\" src=\"https:\/\/manzanilladelapaz.gob.mx\/v3\/wp-content\/uploads\/2024\/11\/file-and-folder3.png\"> <a href=\"https:\/\/transparencia.info.jalisco.gob.mx\/sites\/default\/files\/\/INVITACIONES%20DE%20LICITACIONES.pdf\" target=\"_blank\">INVITACIONES DE LICITACIONES<\/a><br><br><img decoding=\"async\" width=\"28px\" src=\"https:\/\/manzanilladelapaz.gob.mx\/v3\/wp-content\/uploads\/2024\/11\/file-and-folder3.png\"> <a href=\"https:\/\/transparencia.info.jalisco.gob.mx\/sites\/default\/files\/\/Licitaciones%20obra%20.pdf\" target=\"_blank\">Licitaciones obra<\/a><br><\/ul><br><p><br><\/p><br><br><\/pre>\n","protected":false},"excerpt":{"rendered":"<p>p) La informaci\u00f3n sobre concursos por invitaci\u00f3n y licitaciones p\u00fablicas en materia de adquisiciones, obra p\u00fablica, proyectos de inversi\u00f3n y prestaci\u00f3n de servicios, de cuando menos los \u00faltimos tres a\u00f1os, &#8230;<\/p>\n","protected":false},"author":1,"featured_media":0,"parent":0,"menu_order":0,"comment_status":"closed","ping_status":"closed","template":"","meta":{"footnotes":""},"class_list":["post-757","page","type-page","status-publish","hentry"],"_links":{"self":[{"href":"https:\/\/manzanilladelapaz.gob.mx\/v3\/index.php\/wp-json\/wp\/v2\/pages\/757","targetHints":{"allow":["GET"]}}],"collection":[{"href":"https:\/\/manzanilladelapaz.gob.mx\/v3\/index.php\/wp-json\/wp\/v2\/pages"}],"about":[{"href":"https:\/\/manzanilladelapaz.gob.mx\/v3\/index.php\/wp-json\/wp\/v2\/types\/page"}],"author":[{"embeddable":true,"href":"https:\/\/manzanilladelapaz.gob.mx\/v3\/index.php\/wp-json\/wp\/v2\/users\/1"}],"replies":[{"embeddable":true,"href":"https:\/\/manzanilladelapaz.gob.mx\/v3\/index.php\/wp-json\/wp\/v2\/comments?post=757"}],"version-history":[{"count":7,"href":"https:\/\/manzanilladelapaz.gob.mx\/v3\/index.php\/wp-json\/wp\/v2\/pages\/757\/revisions"}],"predecessor-version":[{"id":1355,"href":"https:\/\/manzanilladelapaz.gob.mx\/v3\/index.php\/wp-json\/wp\/v2\/pages\/757\/revisions\/1355"}],"wp:attachment":[{"href":"https:\/\/manzanilladelapaz.gob.mx\/v3\/index.php\/wp-json\/wp\/v2\/media?parent=757"}],"curies":[{"name":"wp","href":"https:\/\/api.w.org\/{rel}","templated":true}]}}