{"id":770,"date":"2024-12-04T22:55:12","date_gmt":"2024-12-04T21:55:12","guid":{"rendered":"https:\/\/manzanilladelapaz.gob.mx\/v3\/?page_id=770"},"modified":"2024-12-04T22:55:12","modified_gmt":"2024-12-04T21:55:12","slug":"articulo-8-fraccion-v-t","status":"publish","type":"page","link":"https:\/\/manzanilladelapaz.gob.mx\/v3\/index.php\/articulo-8-fraccion-v-t\/","title":{"rendered":"Art\u00edculo 8 \/ Fracci\u00f3n V \/ t)"},"content":{"rendered":"\n<pre class=\"wp-block-preformatted interlineado-personalizado\" style=\"text-transform:uppercase\"><strong>t)    Las concesiones, licencias, permisos o autorizaciones otorgadas de los \u00faltimos tres a\u00f1os;<\/strong><br><ul><br><img decoding=\"async\" width=\"28px\" src=\"https:\/\/manzanilladelapaz.gob.mx\/v3\/wp-content\/uploads\/2024\/11\/file-and-folder3.png\"> <a href=\"https:\/\/manzanilladelapaz.gob.mx\/Transparencia\/Articulo8\/Fraccion_V\/t\/PADRON_DE_LICENCIAS_2024.pdf\" target=\"_blank\">PADRON DE LICENCIAS 2024<\/a><br><br><img decoding=\"async\" width=\"28px\" src=\"https:\/\/manzanilladelapaz.gob.mx\/v3\/wp-content\/uploads\/2024\/11\/file-and-folder3.png\"> <a href=\"https:\/\/manzanilladelapaz.gob.mx\/Transparencia\/Articulo8\/Fraccion_V\/t\/PADRON_DE_LICENCIAS_2023.pdf\" target=\"_blank\">PADRON DE LICENCIAS 2023<\/a><br><br><img decoding=\"async\" width=\"28px\" src=\"https:\/\/manzanilladelapaz.gob.mx\/v3\/wp-content\/uploads\/2024\/11\/file-and-folder3.png\"> <a href=\"https:\/\/manzanilladelapaz.gob.mx\/Transparencia\/Articulo8\/Fraccion_V\/t\/PADRON_DE_LICENCIAS_2022.pdf\" target=\"_blank\">PADRON DE LICENCIAS 2022<\/a><br><br><img decoding=\"async\" width=\"28px\" src=\"https:\/\/manzanilladelapaz.gob.mx\/v3\/wp-content\/uploads\/2024\/11\/file-and-folder3.png\"> <a href=\"https:\/\/transparencia.info.jalisco.gob.mx\/sites\/default\/files\/\/LICENCIAS%20A%C3%91O%202021.pdf\" target=\"_blank\">LICENCIAS A\u00d1O 2021<\/a><br><br><img decoding=\"async\" width=\"28px\" src=\"https:\/\/manzanilladelapaz.gob.mx\/v3\/wp-content\/uploads\/2024\/11\/file-and-folder3.png\"> <a href=\"https:\/\/transparencia.info.jalisco.gob.mx\/sites\/default\/files\/\/LICENCIAS%20A%C3%91O%202020.pdf\" target=\"_blank\">LICENCIAS A\u00d1O 2020<\/a><br><br><img decoding=\"async\" width=\"28px\" src=\"https:\/\/manzanilladelapaz.gob.mx\/v3\/wp-content\/uploads\/2024\/11\/file-and-folder3.png\"> <a href=\"https:\/\/transparencia.info.jalisco.gob.mx\/sites\/default\/files\/\/licencias%202020.pdf\" target=\"_blank\">Licencias 2020<\/a><br><br><img decoding=\"async\" width=\"28px\" src=\"https:\/\/manzanilladelapaz.gob.mx\/v3\/wp-content\/uploads\/2024\/11\/file-and-folder3.png\"> <a href=\"https:\/\/transparencia.info.jalisco.gob.mx\/sites\/default\/files\/\/licencias%202019.pdf\" target=\"_blank\">Licencias 2019<\/a><br><br><img decoding=\"async\" width=\"28px\" src=\"https:\/\/manzanilladelapaz.gob.mx\/v3\/wp-content\/uploads\/2024\/11\/file-and-folder3.png\"> <a href=\"https:\/\/transparencia.info.jalisco.gob.mx\/sites\/default\/files\/\/PADRON%20DE%20LICENCIAS%202019.pdf\" target=\"_blank\">PADRON DE LICENCIAS 2019<\/a><br><br><img decoding=\"async\" width=\"28px\" src=\"https:\/\/manzanilladelapaz.gob.mx\/v3\/wp-content\/uploads\/2024\/11\/file-and-folder3.png\"> <a href=\"https:\/\/transparencia.info.jalisco.gob.mx\/sites\/default\/files\/\/licencias%202018.pdf\" target=\"_blank\">Licencias 2018<\/a><br><br><img decoding=\"async\" width=\"28px\" src=\"https:\/\/manzanilladelapaz.gob.mx\/v3\/wp-content\/uploads\/2024\/11\/file-and-folder3.png\"> <a href=\"https:\/\/transparencia.info.jalisco.gob.mx\/sites\/default\/files\/\/FORMATO%20DE%20LICENCIAS%20DE%20CONSTRUCCION.xlsx\" target=\"_blank\">FORMATO DE LICENCIAS DE CONSTRUCCION 2016-2018<\/a><br><br><img decoding=\"async\" width=\"28px\" src=\"https:\/\/manzanilladelapaz.gob.mx\/v3\/wp-content\/uploads\/2024\/11\/file-and-folder3.png\"> <a href=\"https:\/\/transparencia.info.jalisco.gob.mx\/sites\/default\/files\/\/PADRONES%20DE%20LICENCIA%202015-2018.xlsx\" target=\"_blank\">PADRONES DE LICENCIA 2015-2018<\/a><br><\/ul><br><p><br><\/p><br><br><\/pre>\n","protected":false},"excerpt":{"rendered":"<p>t) Las concesiones, licencias, permisos o autorizaciones otorgadas de los \u00faltimos tres a\u00f1os; PADRON DE LICENCIAS 2024 PADRON DE LICENCIAS 2023 PADRON DE LICENCIAS 2022 LICENCIAS A\u00d1O 2021 LICENCIAS A\u00d1O &#8230;<\/p>\n","protected":false},"author":1,"featured_media":0,"parent":0,"menu_order":0,"comment_status":"closed","ping_status":"closed","template":"","meta":{"footnotes":""},"class_list":["post-770","page","type-page","status-publish","hentry"],"_links":{"self":[{"href":"https:\/\/manzanilladelapaz.gob.mx\/v3\/index.php\/wp-json\/wp\/v2\/pages\/770","targetHints":{"allow":["GET"]}}],"collection":[{"href":"https:\/\/manzanilladelapaz.gob.mx\/v3\/index.php\/wp-json\/wp\/v2\/pages"}],"about":[{"href":"https:\/\/manzanilladelapaz.gob.mx\/v3\/index.php\/wp-json\/wp\/v2\/types\/page"}],"author":[{"embeddable":true,"href":"https:\/\/manzanilladelapaz.gob.mx\/v3\/index.php\/wp-json\/wp\/v2\/users\/1"}],"replies":[{"embeddable":true,"href":"https:\/\/manzanilladelapaz.gob.mx\/v3\/index.php\/wp-json\/wp\/v2\/comments?post=770"}],"version-history":[{"count":1,"href":"https:\/\/manzanilladelapaz.gob.mx\/v3\/index.php\/wp-json\/wp\/v2\/pages\/770\/revisions"}],"predecessor-version":[{"id":771,"href":"https:\/\/manzanilladelapaz.gob.mx\/v3\/index.php\/wp-json\/wp\/v2\/pages\/770\/revisions\/771"}],"wp:attachment":[{"href":"https:\/\/manzanilladelapaz.gob.mx\/v3\/index.php\/wp-json\/wp\/v2\/media?parent=770"}],"curies":[{"name":"wp","href":"https:\/\/api.w.org\/{rel}","templated":true}]}}