{"id":792,"date":"2025-01-05T16:47:45","date_gmt":"2025-01-05T15:47:45","guid":{"rendered":"https:\/\/manzanilladelapaz.gob.mx\/v3\/?page_id=792"},"modified":"2025-01-05T17:02:44","modified_gmt":"2025-01-05T16:02:44","slug":"articulo-8-fraccion-vi-a","status":"publish","type":"page","link":"https:\/\/manzanilladelapaz.gob.mx\/v3\/index.php\/articulo-8-fraccion-vi-a\/","title":{"rendered":"Art\u00edculo 8 \/ Fracci\u00f3n VI \/ a)"},"content":{"rendered":"\n<pre class=\"wp-block-preformatted interlineado-personalizado\"><strong>a)    Las funciones p\u00fablicas que realiza el sujeto obligado, donde se se\u00f1ale cuando menos el fundamento legal, la descripci\u00f3n de la funci\u00f3n p\u00fablica, as\u00ed como los recursos materiales, humanos y financieros asignados para la realizaci\u00f3n de la funci\u00f3n p\u00fablica;<\/strong><br><br><br><p><span style=\"font-size: 14px;\">Constituci\u00f3n Pol\u00edtica de los Estados Unidos Mexicanos, Articulo 115 III.&nbsp;<\/span><\/p><p><span style=\"font-size: 14px;\">Los Municipios tendr\u00e1n a su cargo las funciones y servicios p\u00fablicos siguientes:&nbsp;<\/span><\/p><ul><li><span style=\"font-size: 14px; line-height: normal;\">a) Agua potable, drenaje, alcantarillado, tratamiento y disposici\u00f3n de sus aguas residuales;&nbsp;<\/span><br><\/li><li><span style=\"font-size: 14px; line-height: normal;\">b) Alumbrado p\u00fablico.&nbsp;<\/span><br><\/li><li><span style=\"font-size: 14px; line-height: normal;\">c) Limpia, recolecci\u00f3n, traslado, tratamiento y disposici\u00f3n final de residuos;&nbsp;<\/span><br><\/li><li><span style=\"font-size: 14px; line-height: normal;\">d) Mercados y centrales de abasto.&nbsp;<\/span><br><\/li><li><span style=\"font-size: 14px; line-height: normal;\">e) Panteones.&nbsp;<\/span><br><\/li><li><span style=\"font-size: 14px; line-height: normal;\">f) Rastro.&nbsp;<\/span><br><\/li><li><span style=\"font-size: 14px; line-height: normal;\">g) Calles, parques y jardines y su equipamiento;&nbsp;<\/span><br><\/li><li><span style=\"font-size: 14px; line-height: normal;\">h) Seguridad p\u00fablica, en los t\u00e9rminos del art\u00edculo 21 de esta Constituci\u00f3n, polic\u00eda preventiva municipal y tr\u00e1nsito; e&nbsp;<\/span><br><\/li><li><span style=\"font-size: 14px; line-height: normal;\">i) Los dem\u00e1s que las Legislaturas locales determinen seg\u00fan las condiciones territoriales y socioecon\u00f3micas de los Municipios, as\u00ed como su capacidad administrativa y financiera.&nbsp;<\/span><br><\/li><br><\/ul><p><span style=\"font-size: 14px;\">Sin perjuicio de su competencia constitucional, en el desempe\u00f1o de las funciones o la prestaci\u00f3n de los servicios a su cargo, los municipios observar\u00e1n lo dispuesto por las leyes federales y estatales. Los Municipios, previo acuerdo entre sus ayuntamientos, podr\u00e1n coordinarse y asociarse para la m\u00e1s eficaz prestaci\u00f3n de los servicios p\u00fablicos o el mejor ejercicio de las funciones que les correspondan.&nbsp;<\/span><\/p><br><p><span style=\"font-size: 14px;\">En este caso y trat\u00e1ndose de la asociaci\u00f3n de municipios de dos o m\u00e1s Estados, deber\u00e1n contar con la aprobaci\u00f3n de las legislaturas de los Estados respectivas. As\u00ed mismo cuando a juicio del ayuntamiento respectivo sea necesario, podr\u00e1n celebrar convenios con el Estado para que \u00e9ste, de manera directa o a trav\u00e9s del organismo correspondiente, se haga cargo en forma temporal de algunos de ellos, o bien se presten o ejerzan coordinadamente por el Estado y el propio municipio.<\/span><\/p><ul><br><img decoding=\"async\" width=\"28px\" src=\"https:\/\/manzanilladelapaz.gob.mx\/v3\/wp-content\/uploads\/2024\/11\/file-and-folder3.png\"> <a href=\"https:\/\/manzanilladelapaz.gob.mx\/Transparencia\/Articulo8\/Fraccion_VI\/a\/FUNCIONES_PUBLICAS_ADMINISTRACION_PUBLICA_2021-2024.pdf\" target=\"_blank\">FUNCIONES P\u00daBLICAS ADMINISTRACI\u00d3N P\u00daBLICA 2021-2024<\/a><br><\/ul><br><p><span style=\"line-height: normal;\"><\/span><\/p><br><\/pre>\n","protected":false},"excerpt":{"rendered":"<p>a) Las funciones p\u00fablicas que realiza el sujeto obligado, donde se se\u00f1ale cuando menos el fundamento legal, la descripci\u00f3n de la funci\u00f3n p\u00fablica, as\u00ed como los recursos materiales, humanos y &#8230;<\/p>\n","protected":false},"author":1,"featured_media":0,"parent":0,"menu_order":0,"comment_status":"closed","ping_status":"closed","template":"","meta":{"footnotes":""},"class_list":["post-792","page","type-page","status-publish","hentry"],"_links":{"self":[{"href":"https:\/\/manzanilladelapaz.gob.mx\/v3\/index.php\/wp-json\/wp\/v2\/pages\/792","targetHints":{"allow":["GET"]}}],"collection":[{"href":"https:\/\/manzanilladelapaz.gob.mx\/v3\/index.php\/wp-json\/wp\/v2\/pages"}],"about":[{"href":"https:\/\/manzanilladelapaz.gob.mx\/v3\/index.php\/wp-json\/wp\/v2\/types\/page"}],"author":[{"embeddable":true,"href":"https:\/\/manzanilladelapaz.gob.mx\/v3\/index.php\/wp-json\/wp\/v2\/users\/1"}],"replies":[{"embeddable":true,"href":"https:\/\/manzanilladelapaz.gob.mx\/v3\/index.php\/wp-json\/wp\/v2\/comments?post=792"}],"version-history":[{"count":2,"href":"https:\/\/manzanilladelapaz.gob.mx\/v3\/index.php\/wp-json\/wp\/v2\/pages\/792\/revisions"}],"predecessor-version":[{"id":804,"href":"https:\/\/manzanilladelapaz.gob.mx\/v3\/index.php\/wp-json\/wp\/v2\/pages\/792\/revisions\/804"}],"wp:attachment":[{"href":"https:\/\/manzanilladelapaz.gob.mx\/v3\/index.php\/wp-json\/wp\/v2\/media?parent=792"}],"curies":[{"name":"wp","href":"https:\/\/api.w.org\/{rel}","templated":true}]}}