{"id":801,"date":"2025-01-05T17:01:52","date_gmt":"2025-01-05T16:01:52","guid":{"rendered":"https:\/\/manzanilladelapaz.gob.mx\/v3\/?page_id=801"},"modified":"2025-01-05T17:01:52","modified_gmt":"2025-01-05T16:01:52","slug":"articulo-8-fraccion-vi-b","status":"publish","type":"page","link":"https:\/\/manzanilladelapaz.gob.mx\/v3\/index.php\/articulo-8-fraccion-vi-b\/","title":{"rendered":"Art\u00edculo 8 \/ Fracci\u00f3n VI \/ b)"},"content":{"rendered":"\n<pre class=\"wp-block-preformatted interlineado-personalizado\"><strong>b)    Los servicios p\u00fablicos que presta el sujeto obligado, donde se se\u00f1ale cuando menos la descripci\u00f3n y cobertura del servicio p\u00fablico; los recursos materiales, humanos y financieros asignados para la prestaci\u00f3n del servicio p\u00fablico, y el n\u00famero y tipo de beneficiarios directos e indirectos del servicio p\u00fablico;<\/strong><br><br><br><p><span style=\"font-size: 14px;\">LEY DEL GOBIERNO Y LA ADMINISTRACI\u00d3N P\u00daBLICA MUNICIPAL DEL ESTADO DE JALISCO<\/span><\/p><p><span style=\"font-size: 14px;\">Art\u00edculo 94. Se consideran servicios p\u00fablicos municipales los siguientes:<\/span><\/p><ul><li><span style=\"font-size: 14px; line-height: normal;\">I. Agua potable, drenaje, alcantarillado, tratamiento y disposici\u00f3n de sus aguas residuales;<\/span><br><\/li><li><span style=\"font-size: 14px; line-height: normal;\">II. Alumbrado p\u00fablico;<\/span><br><\/li><li><span style=\"font-size: 14px; line-height: normal;\">III. Limpia, recolecci\u00f3n, traslado, tratamiento y disposici\u00f3n final de residuos;<\/span><br><\/li><li><span style=\"font-size: 14px; line-height: normal;\">IV. Mercados y centrales de abastos;<\/span><br><\/li><li><span style=\"font-size: 14px; line-height: normal;\">V. Rastros y servicios complementarios;<\/span><br><\/li><li><span style=\"font-size: 14px; line-height: normal;\">VI. Estacionamientos municipales;<\/span><br><\/li><li><span style=\"font-size: 14px; line-height: normal;\">VII. Panteones;<\/span><br><\/li><li><span style=\"font-size: 14px; line-height: normal;\">VIII. Calles, parques y jardines y su equipamiento;<\/span><br><\/li><li><span style=\"font-size: 14px; line-height: normal;\">IX. Seguridad p\u00fablica, polic\u00eda preventiva municipal y tr\u00e1nsito;<\/span><br><\/li><li><span style=\"font-size: 14px; line-height: normal;\">X. Centros deportivos municipales;<\/span><br><\/li><li><span style=\"font-size: 14px; line-height: normal;\">XI. Centros culturales municipales;<\/span><br><\/li><li><span style=\"font-size: 14px; line-height: normal;\">XII. Protecci\u00f3n civil y bomberos; y<\/span><br><\/li><li><span style=\"font-size: 14px; line-height: normal;\">XIII. Los dem\u00e1s que el Congreso del Estado determine en atenci\u00f3n a las condiciones territoriales y socioecon\u00f3micas de los Municipios, as\u00ed como a su capacidad administrativa y financiera.<\/span><br><\/li><\/ul><br><p><span style=\"font-size: 14px;\">Los Municipios deben expedir los ordenamientos municipales que regulen la prestaci\u00f3n de estos servicios.<\/span><\/p><p><span style=\"font-size: 14px;\">Cobertura: Todo el municipio\u00a0<\/span><\/p><p><span style=\"font-size: 14px;\">Los servicios p\u00fablicos han sido definidos como: \u201ctoda prestaci\u00f3n concreta que tienda a satisfacer necesidades p\u00fablicas y que es realizada directamente por la administraci\u00f3n p\u00fablica municipal o por los particulares mediante concesi\u00f3n, arrendamiento o una simple reglamentaci\u00f3n legal, en la que se determinen las condiciones t\u00e9cnicas y econ\u00f3micas en que deba prestarse, a fin de asegurar su menor costo, eficiencia, continuidad y eficacia.\u201d\u00a0<\/span><\/p><p><span style=\"font-size: 14px;\">De las diferentes aproximaciones y definiciones de los servicios p\u00fablicos, existe consenso en las siguientes afirmaciones, los servicios p\u00fablicos:\u00a0<\/span><\/p><ul><li><span style=\"font-size: 14px; line-height: normal;\">Se describen como una actividad t\u00e9cnica.\u00a0<\/span><br><\/li><li><span style=\"font-size: 14px; line-height: normal;\">Su finalidad propia es la satisfacci\u00f3n de una necesidad colectiva y el beneficio indiscriminado del usuario.\u00a0<\/span><br><\/li><li><span style=\"font-size: 14px; line-height: normal;\">Su cumplimiento debe ser uniforme, continuo, permanente, asegurado y regulado.\u00a0<\/span><br><\/li><li><span style=\"font-size: 14px; line-height: normal;\">Puede ser realizado directa o indirectamente, es decir mediante la administraci\u00f3n p\u00fablica municipal o mediante particulares facultados y autorizados.\u00a0<\/span><br><\/li><li><span style=\"font-size: 14px; line-height: normal;\">El servicio p\u00fablico debe estar sujeto a un r\u00e9gimen que le impone adecuaci\u00f3n, permanencia, continuidad, uniformidad, econom\u00eda e igualdad en el acceso de los usuarios.\u00a0<\/span><br><\/li><\/ul><br><p><span style=\"font-size: 14px;\">Entre sus caracteres destacan la:\u00a0<\/span><\/p><ul><li><span style=\"font-size: 14px; line-height: normal;\">Generalidad- su universalidad, de conformidad con los derechos humanos, toda persona tiene derecho al acceso de los servicios p\u00fablicos.<\/span><br><\/li><li><span style=\"font-size: 14px; line-height: normal;\">Igualdad-la uniformidad en el trato al usuario.\u00a0<\/span><br><\/li><li><span style=\"font-size: 14px; line-height: normal;\">Regularidad-prestar el servicio conforme a la normativa jur\u00eddica que lo regula.\u00a0<\/span><br><\/li><li><span style=\"font-size: 14px; line-height: normal;\">Continuidad-dependiendo del servicio, debe ofrecerse sin interrumpirse.\u00a0<\/span><br><\/li><li><span style=\"font-size: 14px; line-height: normal;\">Obligatoriedad- es deber del Estado o del responsable, asegurar su prestaci\u00f3n mientras subsista la necesidad.\u00a0<\/span><br><\/li><li><span style=\"font-size: 14px; line-height: normal;\">Adaptabilidad- puede modificarse su regulaci\u00f3n para mejorar las condiciones y aprovechar los adelantos tecnol\u00f3gicos.\u00a0<\/span><br><\/li><li><span style=\"font-size: 14px; line-height: normal;\">Permanencia- parte de la obligatoriedad y continuidad del servicio mientras exista la necesidad.\u00a0<\/span><br><\/li><br><\/ul><p><span style=\"font-size: 14px;\">De acuerdo al marco jur\u00eddico vigente, la satisfacci\u00f3n de las necesidades de servicios p\u00fablicos es una competencia exclusiva de los Municipios. Su cumplimiento refleja la buena marcha del Municipio basada en la capacidad de respuesta del gobierno local a las demandas planteadas por la sociedad civil.\u00a0<\/span><\/p><p><span style=\"font-size: 14px;\">Esto significa que en la medida que se incrementen los servicios se mejorar\u00edan las condiciones de desarrollo de las comunidades.\u00a0<\/span><\/p><p><span style=\"font-size: 14px;\">Los requisitos, la cobertura, procedimientos y\/o formatos para acceder a los servicios p\u00fablicos a si como el \u00e1rea responsable y los datos de contacto para cada tramite podr\u00e1 consultarlos dentro de los documentos. Los servicios son dirigidos a la ciudadan\u00eda en general, por lo tanto el numero de beneficiarios es indeterminable pues depende de los usuarios que utilicen cada uno de los servicios p\u00fablicos.\u00a0<\/span><\/p><p><span style=\"font-size: 14px;\">Se le informa que algunos de los servicios p\u00fablicos no generan costo.\u00a0<\/span><\/p><br><p><span style=\"font-size: 14px;\"><span style=\"font-weight: bold;\">SERVICIOS AYUNTAMIENTO DE LA MANZANILLA DE LA PAZ, JALISCO<\/span>\u00a0<\/span><\/p><br><p><span style=\"font-size: 14px;\"><span style=\"text-decoration: underline; font-weight: bold;\">Sindicatura<\/span>\u00a0<\/span><\/p><ul><li><span style=\"font-size: 14px; line-height: normal;\">Asesor\u00edas Legales a la Ciudadan\u00eda\u00a0<\/span><br><\/li><li><span style=\"font-size: 14px; line-height: normal;\">Seguimiento Legal de los Da\u00f1os Ocasionados al Municipio, por Accidentes Viales de Terceros.\u00a0<\/span><br><\/li><li><span style=\"font-size: 14px; line-height: normal;\">Regularizaci\u00f3n de Predios\u00a0<\/span><br><\/li><\/ul><br><p><span style=\"font-size: 14px; text-decoration: underline; font-weight: bold;\">Secretar\u00eda General\u00a0<\/span><\/p><ul><li><span style=\"font-size: 14px; line-height: normal;\">Direcci\u00f3n de Mercados, Tianguis y Espacios Abiertos.\u00a0<\/span><br><\/li><li><span style=\"font-size: 14px; line-height: normal;\">Direcci\u00f3n de Archivo General Municipal.\u00a0<\/span><br><\/li><\/ul><br><p><span style=\"font-size: 14px; text-decoration: underline; font-weight: bold;\">Registro Civil\u00a0<\/span><\/p><ul><li><span style=\"font-size: 14px; line-height: normal;\">Reclutamiento Militar.\u00a0<\/span><br><\/li><li><span style=\"font-size: 14px; line-height: normal;\">Carta De Residencia, identidad, no antecedentes penales, etc.\u00a0<\/span><\/li><\/ul><br><p><span style=\"font-size: 14px;\"><span style=\"text-decoration: underline; font-weight: bold;\">Tesorer\u00eda<\/span>\u00a0<\/span><\/p><ul><li><span style=\"font-size: 14px; line-height: normal;\">Pago de Licencia Municipal.\u00a0<\/span><br><\/li><li><span style=\"font-size: 14px; line-height: normal;\">Facturaci\u00f3n.\u00a0<\/span><br><\/li><li><span style=\"font-size: 14px; line-height: normal;\">Recepci\u00f3n de Pagos.\u00a0<\/span><br><\/li><li><span style=\"font-size: 14px; line-height: normal;\">Servicios P\u00fablicos Municipales\u00a0<\/span><\/li><\/ul><br><p><span style=\"font-size: 14px; text-decoration: underline; font-weight: bold;\">Parques y Jardines\u00a0<\/span><\/p><ul><li><span style=\"font-size: 14px; line-height: normal;\">Alumbrado P\u00fablico\u00a0<\/span><br><\/li><li><span style=\"font-size: 14px; line-height: normal;\">Aseo P\u00fablico\u00a0<\/span><\/li><\/ul><br><p><span style=\"font-size: 14px; text-decoration: underline; font-weight: bold;\">Agua Potable y Alcantarillado\u00a0<\/span><\/p><ul><li><span style=\"font-size: 14px; line-height: normal;\">01 Mantenimiento en redes de agua potable, alcantarillado sanitario y pluvial\u00a0<\/span><br><\/li><li><span style=\"font-size: 14px; line-height: normal;\">02 Distribuci\u00f3n de agua potable en redes al usuario\u00a0<\/span><br><\/li><li><span style=\"font-size: 14px; line-height: normal;\">03 Cambio de propietario\u00a0<\/span><br><\/li><li><span style=\"font-size: 14px; line-height: normal;\">04 Cancelaci\u00f3n de contratos\u00a0<\/span><br><\/li><li><span style=\"font-size: 14px; line-height: normal;\">05 Conexi\u00f3n y reconexi\u00f3n de los servicios de agua potable y alcantarillado (tomas y descargas)\u00a0<\/span><br><\/li><\/ul><br><p><span style=\"font-size: 14px;\"><span style=\"text-decoration: underline; font-weight: bold;\">Cementerios<\/span>\u00a0<\/span><\/p><br><p><span style=\"font-size: 14px; text-decoration: underline; font-weight: bold;\">Rastro Municipal\u00a0<\/span><\/p><br><p><span style=\"font-size: 14px;\"><span style=\"text-decoration: underline; font-weight: bold;\">Direcci\u00f3n de Medio Ambiente<\/span>\u00a0<\/span><\/p><br><p><span style=\"font-size: 14px; text-decoration: underline; font-weight: bold;\">Obra P\u00fablica\u00a0<\/span><\/p><br><p><span style=\"font-size: 14px; font-weight: bold;\"><span style=\"text-decoration: underline;\">Direcci\u00f3n de Participaci\u00f3n Ciudadana.<\/span>\u00a0<\/span><\/p><br><p><span style=\"font-size: 14px; text-decoration: underline; font-weight: bold;\">Protecci\u00f3n Civil y Bomberos<\/span><\/p><br><ul><br><img decoding=\"async\" width=\"28px\" src=\"https:\/\/manzanilladelapaz.gob.mx\/v3\/wp-content\/uploads\/2024\/11\/file-and-folder3.png\"> <a href=\"https:\/\/manzanilladelapaz.gob.mx\/Servicios\/\" target=\"_blank\">SERVICIOS 2018-2021<\/a><br><img decoding=\"async\" width=\"28px\" src=\"https:\/\/manzanilladelapaz.gob.mx\/v3\/wp-content\/uploads\/2024\/11\/file-and-folder3.png\"> <a href=\"https:\/\/transparencia.info.jalisco.gob.mx\/sites\/default\/files\/\/Ley%20del%20Gobierno%20y%20la%20Administraci%C3%B3n%20P%C3%BAblica%20Municipal%20del%20Estado%20de%20Jalisco_1_0.pdf\" target=\"_blank\">Ley del Gobierno y la Administraci\u00f3n P\u00fablica Municipal del Estado de Jalisco_1<\/a><br><img decoding=\"async\" width=\"28px\" src=\"https:\/\/manzanilladelapaz.gob.mx\/v3\/wp-content\/uploads\/2024\/11\/file-and-folder3.png\"> <a href=\"https:\/\/transparencia.info.jalisco.gob.mx\/sites\/default\/files\/\/SERVICIOS%20PUBLICOS%202018-2021.pdf\" target=\"_blank\">SERVICIOS PUBLICOS 2018-2021<\/a><br><\/ul><br><p><span style=\"line-height: normal;\"><\/span><\/p><br><p><br><\/p><br><br><\/pre>\n\n\n\n<p><\/p>\n","protected":false},"excerpt":{"rendered":"<p>b) Los servicios p\u00fablicos que presta el sujeto obligado, donde se se\u00f1ale cuando menos la descripci\u00f3n y cobertura del servicio p\u00fablico; los recursos materiales, humanos y financieros asignados para la &#8230;<\/p>\n","protected":false},"author":1,"featured_media":0,"parent":0,"menu_order":0,"comment_status":"closed","ping_status":"closed","template":"","meta":{"footnotes":""},"class_list":["post-801","page","type-page","status-publish","hentry"],"_links":{"self":[{"href":"https:\/\/manzanilladelapaz.gob.mx\/v3\/index.php\/wp-json\/wp\/v2\/pages\/801","targetHints":{"allow":["GET"]}}],"collection":[{"href":"https:\/\/manzanilladelapaz.gob.mx\/v3\/index.php\/wp-json\/wp\/v2\/pages"}],"about":[{"href":"https:\/\/manzanilladelapaz.gob.mx\/v3\/index.php\/wp-json\/wp\/v2\/types\/page"}],"author":[{"embeddable":true,"href":"https:\/\/manzanilladelapaz.gob.mx\/v3\/index.php\/wp-json\/wp\/v2\/users\/1"}],"replies":[{"embeddable":true,"href":"https:\/\/manzanilladelapaz.gob.mx\/v3\/index.php\/wp-json\/wp\/v2\/comments?post=801"}],"version-history":[{"count":1,"href":"https:\/\/manzanilladelapaz.gob.mx\/v3\/index.php\/wp-json\/wp\/v2\/pages\/801\/revisions"}],"predecessor-version":[{"id":802,"href":"https:\/\/manzanilladelapaz.gob.mx\/v3\/index.php\/wp-json\/wp\/v2\/pages\/801\/revisions\/802"}],"wp:attachment":[{"href":"https:\/\/manzanilladelapaz.gob.mx\/v3\/index.php\/wp-json\/wp\/v2\/media?parent=801"}],"curies":[{"name":"wp","href":"https:\/\/api.w.org\/{rel}","templated":true}]}}