{"id":811,"date":"2025-01-05T17:30:13","date_gmt":"2025-01-05T16:30:13","guid":{"rendered":"https:\/\/manzanilladelapaz.gob.mx\/v3\/?page_id=811"},"modified":"2025-01-05T17:30:13","modified_gmt":"2025-01-05T16:30:13","slug":"articulo-8-fraccion-vi-e","status":"publish","type":"page","link":"https:\/\/manzanilladelapaz.gob.mx\/v3\/index.php\/articulo-8-fraccion-vi-e\/","title":{"rendered":"Art\u00edculo 8 \/ Fracci\u00f3n VI \/ e)"},"content":{"rendered":"\n<pre class=\"wp-block-preformatted interlineado-personalizado\"><strong>e)    Las pol\u00edticas p\u00fablicas que elabora y aplica el sujeto obligado, de cuando menos los \u00faltimos tres a\u00f1os;<\/strong><br><br><br><p style=\"text-align: center;\"><span style=\"font-size: 14px; font-weight: bold;\">Pol\u00edticas P\u00fablicas 2018 \u2013 2021<\/span><\/p><ul><li><span style=\"text-decoration: underline; font-weight: bold;\">Pol\u00edticas P\u00fablicas para las Finanzas Sanas<\/span><br><ul><br><li style=\"text-align: justify;\"><span style=\"font-style: italic; font-weight: bold;\">Tesorer\u00eda Municipal:<\/span>\u00a0Dirigida a lograr una eficiencia y efectividad en la administraci\u00f3n de los recursos financieros en el municipio bajo los principios de austeridad y transparencia y as\u00ed lograr una mayor inversi\u00f3n en el municipio.<br><\/li><\/ul><br><\/li><li><span style=\"text-decoration: underline; font-weight: bold;\">Pol\u00edticas P\u00fablicas para la Modernizaci\u00f3n de los Servicios<\/span><br><ul><br><li style=\"text-align: justify;\"><span style=\"font-weight: bold; font-style: italic;\">Servicios Generales:<\/span>\u00a0Su objetivo es incorporar en el desempe\u00f1o y prestaci\u00f3n de los servicios la mejora constante en los elementos operativos, tecnol\u00f3gicos y organizacionales que responda a la participaci\u00f3n activa de los ciudadanos.<br><\/li><\/ul><br><\/li><li><span style=\"text-decoration: underline; font-weight: bold;\">Pol\u00edticas P\u00fablicas de Seguridad Ciudadana<\/span><br><ul><br><li style=\"text-align: justify;\"><span style=\"font-style: italic; font-weight: bold;\">Seguridad P\u00fablica Municipal:<\/span>\u00a0Contribuir a la seguridad de las personas y sus bienes, aumentando la percepci\u00f3n de seguridad a trav\u00e9s del fortalecimiento de los factores de protecci\u00f3n que inciden en los \u00e1mbitos de prevenci\u00f3n social, situacional, comunitario, psicosocial y la atenci\u00f3n a v\u00edctimas; reforzando la participaci\u00f3n y cohesi\u00f3n social para la prevenci\u00f3n de las violencias y delincuencia.<br><\/li><\/ul><\/li><br><li><span style=\"text-decoration: underline; font-weight: bold;\">Pol\u00edticas P\u00fablicas de Atenci\u00f3n a Desastres<\/span><br><ul><br><li style=\"text-align: justify;\"><span style=\"font-weight: bold; font-style: italic;\">Protecci\u00f3n Civil y Bomberos:<\/span>\u00a0Reducir la vulnerabilidad de la poblaci\u00f3n afectada por los eventos estacionales y extremos y los graves peligros de inundaci\u00f3n que afectan a las colonias en el municipio. A trav\u00e9s de la dotaci\u00f3n de infraestructura, mantenimiento de drenes y canales, labores de desazolve, as\u00ed como de acciones preventivas de protecci\u00f3n civil para la gesti\u00f3n de riegos.<br><\/li><\/ul><\/li><br><li><span style=\"text-decoration: underline; font-weight: bold;\">Pol\u00edticas P\u00fablicas contra la Contaminaci\u00f3n Ambiental<\/span><br><ul><br><li style=\"text-align: justify;\"><span style=\"font-style: italic; font-weight: bold;\">\u00c1rea Ecolog\u00eda:<\/span>\u00a0El Objetivo de la pol\u00edtica es el de reducir la contaminaci\u00f3n del suelo y agua causada por descargas de aguas residuales sin tratamiento y por la falta de un manejo integral de residuos s\u00f3lidos, los cu\u00e1les causan problemas de salud a la poblaci\u00f3n y vulneran su derecho a acceder o gozar de un medio ambiente sano.<br><\/li><\/ul><\/li><br><li><span style=\"text-decoration: underline; font-weight: bold;\">Pol\u00edtica P\u00fablica para la Salud<\/span><br><ul><br><li style=\"text-align: justify;\"><span style=\"font-style: italic; font-weight: bold;\">Servicios M\u00e9dicos Municipales:<\/span>\u00a0Esta pol\u00edtica tiene como objetivo la vinculaci\u00f3n y gesti\u00f3n interinstitucional con las instancias federales y estatales para fortalecer los servicios de urgencias m\u00e9dicas; ampliar prestaci\u00f3n de los servicios de salud, con especial prioridad en la atenci\u00f3n, cuidado y prevenci\u00f3n de enfermedades de ni\u00f1as, ni\u00f1os, adolescentes, mujeres embarazaras y adultos mayores.<br><\/li><\/ul><\/li><br><li><span style=\"font-weight: bold; text-decoration: underline;\">Pol\u00edtica P\u00fablica para el Rescate del Espacio P\u00fablico<\/span><br><ul><br><li style=\"text-align: justify;\"><span style=\"font-weight: bold; font-style: italic;\">Participaci\u00f3n Ciudadana:<\/span>\u00a0Dise\u00f1ar medidas tendentes a modificar el entorno que propicien la convivencia y la cohesi\u00f3n social, a trav\u00e9s del incremento, rescate y apropiaci\u00f3n del espacio p\u00fablico y \u00e1reas verdes con participaci\u00f3n ciudadana.<br><\/li><\/ul><\/li><br><li><span style=\"font-weight: bold; text-decoration: underline;\">Pol\u00edtica P\u00fablica Desarrollo Econ\u00f3mico Local<\/span><br><ul><br><li style=\"text-align: justify;\"><span style=\"font-weight: bold; font-style: italic;\">Promoci\u00f3n Econ\u00f3mica:<\/span>\u00a0Mejorar la productividad, favoreciendo la formalidad y capacidades empresariales, as\u00ed como de las actividades de vocaci\u00f3n artesanal y tur\u00edstica que incremente el empleo y el valor de las cadenas productivas municipales.<br><\/li><\/ul><\/li><br><li><span style=\"font-weight: bold; text-decoration: underline;\">Pol\u00edtica P\u00fablica Municipio por la Educaci\u00f3n<\/span><br><ul><br><li style=\"text-align: justify;\"><span style=\"font-weight: bold; font-style: italic;\">Educaci\u00f3n:<\/span>\u00a0A trav\u00e9s de esta pol\u00edtica el municipio busca la efectiva vinculaci\u00f3n y gesti\u00f3n interinstitucional con instancias federales y estatales para: erradicar el analfabetismo en la municipalidad, combatir y prevenir la deserci\u00f3n escolar en las ni\u00f1as, ni\u00f1os y adolescentes, incrementar la infraestructura escolar y la prevenci\u00f3n y atenci\u00f3n psicoeducativa de ni\u00f1as, ni\u00f1os y adolescentes.<\/li><br><\/ul><br><\/li><br><\/ul><br><p><span style=\"line-height: normal;\"><\/span><\/p><br><p><br><\/p><br><br><\/pre>\n","protected":false},"excerpt":{"rendered":"<p>e) Las pol\u00edticas p\u00fablicas que elabora y aplica el sujeto obligado, de cuando menos los \u00faltimos tres a\u00f1os;Pol\u00edticas P\u00fablicas 2018 \u2013 2021Pol\u00edticas P\u00fablicas para las Finanzas SanasTesorer\u00eda Municipal:\u00a0Dirigida a lograr &#8230;<\/p>\n","protected":false},"author":1,"featured_media":0,"parent":0,"menu_order":0,"comment_status":"closed","ping_status":"closed","template":"","meta":{"footnotes":""},"class_list":["post-811","page","type-page","status-publish","hentry"],"_links":{"self":[{"href":"https:\/\/manzanilladelapaz.gob.mx\/v3\/index.php\/wp-json\/wp\/v2\/pages\/811","targetHints":{"allow":["GET"]}}],"collection":[{"href":"https:\/\/manzanilladelapaz.gob.mx\/v3\/index.php\/wp-json\/wp\/v2\/pages"}],"about":[{"href":"https:\/\/manzanilladelapaz.gob.mx\/v3\/index.php\/wp-json\/wp\/v2\/types\/page"}],"author":[{"embeddable":true,"href":"https:\/\/manzanilladelapaz.gob.mx\/v3\/index.php\/wp-json\/wp\/v2\/users\/1"}],"replies":[{"embeddable":true,"href":"https:\/\/manzanilladelapaz.gob.mx\/v3\/index.php\/wp-json\/wp\/v2\/comments?post=811"}],"version-history":[{"count":1,"href":"https:\/\/manzanilladelapaz.gob.mx\/v3\/index.php\/wp-json\/wp\/v2\/pages\/811\/revisions"}],"predecessor-version":[{"id":812,"href":"https:\/\/manzanilladelapaz.gob.mx\/v3\/index.php\/wp-json\/wp\/v2\/pages\/811\/revisions\/812"}],"wp:attachment":[{"href":"https:\/\/manzanilladelapaz.gob.mx\/v3\/index.php\/wp-json\/wp\/v2\/media?parent=811"}],"curies":[{"name":"wp","href":"https:\/\/api.w.org\/{rel}","templated":true}]}}