{"id":814,"date":"2025-01-05T17:38:25","date_gmt":"2025-01-05T16:38:25","guid":{"rendered":"https:\/\/manzanilladelapaz.gob.mx\/v3\/?page_id=814"},"modified":"2025-01-05T17:38:26","modified_gmt":"2025-01-05T16:38:26","slug":"articulo-8-fraccion-vi-f","status":"publish","type":"page","link":"https:\/\/manzanilladelapaz.gob.mx\/v3\/index.php\/articulo-8-fraccion-vi-f\/","title":{"rendered":"Art\u00edculo 8 \/ Fracci\u00f3n VI \/ f)"},"content":{"rendered":"\n<pre class=\"wp-block-preformatted interlineado-personalizado\" style=\"text-transform:uppercase\"><strong>f)     Los convenios, contratos y dem\u00e1s instrumentos jur\u00eddicos suscritos por el sujeto obligado, de cuando menos los \u00faltimos tres a\u00f1os;<\/strong>\n<!--<p><span style=\"font-weight: bold; font-size: 16px;\">2021<\/span><\/p>-->\n<ul>\n<img decoding=\"async\" width=\"28px\" src=\"https:\/\/manzanilladelapaz.gob.mx\/v3\/wp-content\/uploads\/2024\/11\/file-and-folder3.png\"> <a href=\"https:\/\/transparencia.info.jalisco.gob.mx\/sites\/default\/files\/\/conser%20rec%20nat%202020.pdf\" target=\"_blank\">conser rec nat 2020<\/a>\n\n<img decoding=\"async\" width=\"28px\" src=\"https:\/\/manzanilladelapaz.gob.mx\/v3\/wp-content\/uploads\/2024\/11\/file-and-folder3.png\"> <a href=\"https:\/\/transparencia.info.jalisco.gob.mx\/sites\/default\/files\/\/talleres%20cultura%202020.pdf\" target=\"_blank\">talleres cultura 2020<\/a>\n\n<img decoding=\"async\" width=\"28px\" src=\"https:\/\/manzanilladelapaz.gob.mx\/v3\/wp-content\/uploads\/2024\/11\/file-and-folder3.png\"> <a href=\"https:\/\/transparencia.info.jalisco.gob.mx\/sites\/default\/files\/\/IDEFT%202019.pdf\" target=\"_blank\">IDEFT 2019<\/a>\n\n<img decoding=\"async\" width=\"28px\" src=\"https:\/\/manzanilladelapaz.gob.mx\/v3\/wp-content\/uploads\/2024\/11\/file-and-folder3.png\"> <a href=\"https:\/\/transparencia.info.jalisco.gob.mx\/sites\/default\/files\/\/prevencion%20social%202019.pdf\" target=\"_blank\">prevencion social 2019<\/a>\n\n<img decoding=\"async\" width=\"28px\" src=\"https:\/\/manzanilladelapaz.gob.mx\/v3\/wp-content\/uploads\/2024\/11\/file-and-folder3.png\"> <a href=\"https:\/\/transparencia.info.jalisco.gob.mx\/sites\/default\/files\/\/dig%20mercado%202019.pdf\" target=\"_blank\">dig mercado 2019<\/a>\n\n<img decoding=\"async\" width=\"28px\" src=\"https:\/\/manzanilladelapaz.gob.mx\/v3\/wp-content\/uploads\/2024\/11\/file-and-folder3.png\"> <a href=\"https:\/\/transparencia.info.jalisco.gob.mx\/sites\/default\/files\/\/recrea%20%202019.pdf\" target=\"_blank\">recrea 2019<\/a>\n\n<img decoding=\"async\" width=\"28px\" src=\"https:\/\/manzanilladelapaz.gob.mx\/v3\/wp-content\/uploads\/2024\/11\/file-and-folder3.png\"> <a href=\"https:\/\/transparencia.info.jalisco.gob.mx\/sites\/default\/files\/\/maquinaria%202019.pdf\" target=\"_blank\">maquinaria 2019<\/a>\n\n<img decoding=\"async\" width=\"28px\" src=\"https:\/\/manzanilladelapaz.gob.mx\/v3\/wp-content\/uploads\/2024\/11\/file-and-folder3.png\"> <a href=\"https:\/\/transparencia.info.jalisco.gob.mx\/sites\/default\/files\/\/concurrencia%202019.pdf\" target=\"_blank\">concurrencia 2019<\/a>\n\n<img decoding=\"async\" width=\"28px\" src=\"https:\/\/manzanilladelapaz.gob.mx\/v3\/wp-content\/uploads\/2024\/11\/file-and-folder3.png\"> <a href=\"https:\/\/transparencia.info.jalisco.gob.mx\/sites\/default\/files\/\/INMUJERES%202017.pdf\" target=\"_blank\">INMUJERES 2017<\/a>\n\n<img decoding=\"async\" width=\"28px\" src=\"https:\/\/manzanilladelapaz.gob.mx\/v3\/wp-content\/uploads\/2024\/11\/file-and-folder3.png\"> <a href=\"https:\/\/transparencia.info.jalisco.gob.mx\/sites\/default\/files\/\/convenio%20fococi%202018_0.PDF\" target=\"_blank\">convenio fococi 2018<\/a>\n\n<img decoding=\"async\" width=\"28px\" src=\"https:\/\/manzanilladelapaz.gob.mx\/v3\/wp-content\/uploads\/2024\/11\/file-and-folder3.png\"> <a href=\"https:\/\/transparencia.info.jalisco.gob.mx\/sites\/default\/files\/\/convenio%20fococi%202018.PDF\" target=\"_blank\">convenio fococi 2018<\/a>\n\n<img decoding=\"async\" width=\"28px\" src=\"https:\/\/manzanilladelapaz.gob.mx\/v3\/wp-content\/uploads\/2024\/11\/file-and-folder3.png\"> <a href=\"https:\/\/transparencia.info.jalisco.gob.mx\/sites\/default\/files\/\/convenio%20fococi%202017.PDF\" target=\"_blank\">convenio fococi 2017<\/a>\n\n<img decoding=\"async\" width=\"28px\" src=\"https:\/\/manzanilladelapaz.gob.mx\/v3\/wp-content\/uploads\/2024\/11\/file-and-folder3.png\"> <a href=\"https:\/\/transparencia.info.jalisco.gob.mx\/sites\/default\/files\/\/convenio%20fococi%202016.PDF\" target=\"_blank\">convenio fococi 2016<\/a>\n\n<img decoding=\"async\" width=\"28px\" src=\"https:\/\/manzanilladelapaz.gob.mx\/v3\/wp-content\/uploads\/2024\/11\/file-and-folder3.png\"> <a href=\"https:\/\/transparencia.info.jalisco.gob.mx\/sites\/default\/files\/\/Convenio%20trailer%20ciencia%20y%20tecnologia%202017.pdf\" target=\"_blank\">Convenio trailer ciencia y tecnologia 2017<\/a>\n\n<img decoding=\"async\" width=\"28px\" src=\"https:\/\/manzanilladelapaz.gob.mx\/v3\/wp-content\/uploads\/2024\/11\/file-and-folder3.png\"> <a href=\"https:\/\/transparencia.info.jalisco.gob.mx\/sites\/default\/files\/\/Convenio%20fondo%20calentadores%20sedis.pdf\" target=\"_blank\">Convenio fondo calentadores sedis<\/a>\n\n<img decoding=\"async\" width=\"28px\" src=\"https:\/\/manzanilladelapaz.gob.mx\/v3\/wp-content\/uploads\/2024\/11\/file-and-folder3.png\"> <a href=\"https:\/\/transparencia.info.jalisco.gob.mx\/sites\/default\/files\/\/Comodato%20camion%20intermodal.pdf\" target=\"_blank\">Comodato camion intermodal<\/a>\n\n<img decoding=\"async\" width=\"28px\" src=\"https:\/\/manzanilladelapaz.gob.mx\/v3\/wp-content\/uploads\/2024\/11\/file-and-folder3.png\"> <a href=\"https:\/\/transparencia.info.jalisco.gob.mx\/sites\/default\/files\/\/Convenio%20mochilas%20con%20utiles%202017.pdf\" target=\"_blank\">Convenio mochilas con utiles 2017<\/a>\n\n<img decoding=\"async\" width=\"28px\" src=\"https:\/\/manzanilladelapaz.gob.mx\/v3\/wp-content\/uploads\/2024\/11\/file-and-folder3.png\"> <a href=\"https:\/\/transparencia.info.jalisco.gob.mx\/sites\/default\/files\/\/Contrato%20calle%20Zaragoza.PDF\" target=\"_blank\">Contrato calle Zaragoza<\/a>\n\n<img decoding=\"async\" width=\"28px\" src=\"https:\/\/manzanilladelapaz.gob.mx\/v3\/wp-content\/uploads\/2024\/11\/file-and-folder3.png\"> <a href=\"https:\/\/transparencia.info.jalisco.gob.mx\/sites\/default\/files\/\/Contrato%20calle%20Plutarco%20Elias%20Calles.PDF\" target=\"_blank\">Contrato calle Plutarco Elias Calles<\/a>\n\n<img decoding=\"async\" width=\"28px\" src=\"https:\/\/manzanilladelapaz.gob.mx\/v3\/wp-content\/uploads\/2024\/11\/file-and-folder3.png\"> <a href=\"https:\/\/transparencia.info.jalisco.gob.mx\/sites\/default\/files\/\/Contrato%20calle%20Ni%C3%B1os%20Heroes%20Cuevas.PDF\" target=\"_blank\">Contrato calle Ni\u00f1os Heroes Cuevas<\/a>\n\n<img decoding=\"async\" width=\"28px\" src=\"https:\/\/manzanilladelapaz.gob.mx\/v3\/wp-content\/uploads\/2024\/11\/file-and-folder3.png\"> <a href=\"https:\/\/transparencia.info.jalisco.gob.mx\/sites\/default\/files\/\/Contrato%20calle%20Emiliano%20Zapata.PDF\" target=\"_blank\">Contrato calle Emiliano Zapata<\/a>\n\n<img decoding=\"async\" width=\"28px\" src=\"https:\/\/manzanilladelapaz.gob.mx\/v3\/wp-content\/uploads\/2024\/11\/file-and-folder3.png\"> <a href=\"https:\/\/transparencia.info.jalisco.gob.mx\/sites\/default\/files\/\/Cultura%202016%20%282%29.pdf\" target=\"_blank\">Cultura 2016 (2)<\/a>\n\n<img decoding=\"async\" width=\"28px\" src=\"https:\/\/manzanilladelapaz.gob.mx\/v3\/wp-content\/uploads\/2024\/11\/file-and-folder3.png\"> <a href=\"https:\/\/transparencia.info.jalisco.gob.mx\/sites\/default\/files\/\/CULTURA%202016.pdf\" target=\"_blank\">CULTURA 2016<\/a>\n\n<img decoding=\"async\" width=\"28px\" src=\"https:\/\/manzanilladelapaz.gob.mx\/v3\/wp-content\/uploads\/2024\/11\/file-and-folder3.png\"> <a href=\"https:\/\/transparencia.info.jalisco.gob.mx\/sites\/default\/files\/\/convenio%20fondereg%202016%20%281%29.PDF\" target=\"_blank\">convenio fondereg 2016 (1)<\/a>\n\n<img decoding=\"async\" width=\"28px\" src=\"https:\/\/manzanilladelapaz.gob.mx\/v3\/wp-content\/uploads\/2024\/11\/file-and-folder3.png\"> <a href=\"https:\/\/transparencia.info.jalisco.gob.mx\/sites\/default\/files\/\/CONVENIO%20MODULO%20DE%20MAQUINARIA%2016_077.pdf\" target=\"_blank\">CONVENIO MODULO DE MAQUINARIA 16_077<\/a>\n\n<img decoding=\"async\" width=\"28px\" src=\"https:\/\/manzanilladelapaz.gob.mx\/v3\/wp-content\/uploads\/2024\/11\/file-and-folder3.png\"> <a href=\"https:\/\/transparencia.info.jalisco.gob.mx\/sites\/default\/files\/\/CONVENIO%20CONACULTA%202015%2001206.pdf\" target=\"_blank\">CONVENIO CONACULTA 2015 01206<\/a>\n\n<img decoding=\"async\" width=\"28px\" src=\"https:\/\/manzanilladelapaz.gob.mx\/v3\/wp-content\/uploads\/2024\/11\/file-and-folder3.png\"> <a href=\"https:\/\/transparencia.info.jalisco.gob.mx\/sites\/default\/files\/\/CONVENIO%202016-161-LA%20MANZANILLA%20DE%20LA%20PAZ%20%281%29.pdf\" target=\"_blank\">CONVENIO MODULO DE MAQUINARIA 2016-161-LA MANZANILLA DE LA PAZ<\/a>\n\n<img decoding=\"async\" width=\"28px\" src=\"https:\/\/manzanilladelapaz.gob.mx\/v3\/wp-content\/uploads\/2024\/11\/file-and-folder3.png\"> <a href=\"https:\/\/transparencia.info.jalisco.gob.mx\/sites\/default\/files\/\/CONVENIO%20AIPROMADES%20ROP%20ANP-SEMADET-DJ-DGFYS-12-2016%2C%2013-05-2016_0.pdf\" target=\"_blank\">CONVENIO AIPROMADES ROP ANP-SEMADET-DJ-DGFYS-12-2016, 13-05-2016<\/a>\n\n<img decoding=\"async\" width=\"28px\" src=\"https:\/\/manzanilladelapaz.gob.mx\/v3\/wp-content\/uploads\/2024\/11\/file-and-folder3.png\"> <a href=\"https:\/\/transparencia.info.jalisco.gob.mx\/sites\/default\/files\/\/PRODUCTORES%202015.pdf\" target=\"_blank\">PRODUCTORES 2015<\/a>\n\n<img decoding=\"async\" width=\"28px\" src=\"https:\/\/manzanilladelapaz.gob.mx\/v3\/wp-content\/uploads\/2024\/11\/file-and-folder3.png\"> <a href=\"https:\/\/transparencia.info.jalisco.gob.mx\/sites\/default\/files\/\/CONVENIO%20DE%20COLABORACI%C3%93N%20Y%20PARTICIPACI%C3%93N%20PARA%20LA%20EJECUCI%C3%93N%20DEL%20PROGRAMA%20MOCHILAS%20CON%20UTILES%202015_0.pdf\" target=\"_blank\">CONVENIO DE COLABORACI\u00d3N Y PARTICIPACI\u00d3N PARA LA EJECUCI\u00d3N DEL PROGRAMA MOCHILAS CON UTILES 2015<\/a>\n\n<img decoding=\"async\" width=\"28px\" src=\"https:\/\/manzanilladelapaz.gob.mx\/v3\/wp-content\/uploads\/2024\/11\/file-and-folder3.png\"> <a href=\"https:\/\/transparencia.info.jalisco.gob.mx\/sites\/default\/files\/\/CONVENIO%20DE%20COLABORACI%C3%93N%20Y%20PARTICIPACI%C3%93N%20PARA%20LA%20EJECUCI%C3%93N%20DEL%20PROGRAMA%20MOCHILAS%20CON%20%C3%9ATILES%202014_0.pdf\" target=\"_blank\">CONVENIO DE COLABORACI\u00d3N Y PARTICIPACI\u00d3N PARA LA EJECUCI\u00d3N DEL PROGRAMA MOCHILAS CON \u00daTILES 2014<\/a>\n\n<img decoding=\"async\" width=\"28px\" src=\"https:\/\/manzanilladelapaz.gob.mx\/v3\/wp-content\/uploads\/2024\/11\/file-and-folder3.png\"> <a href=\"https:\/\/transparencia.info.jalisco.gob.mx\/sites\/default\/files\/\/CONVENIO%20DE%20COLABORACI%C3%93N%20Y%20PARTICIPACI%C3%93N%20PARA%20LA%20EJECUCI%C3%93N%20DEL%20PROGRAMA%20MOCHILAS%20CON%20%C3%9ATILES%202013_0.pdf\" target=\"_blank\">CONVENIO DE COLABORACI\u00d3N Y PARTICIPACI\u00d3N PARA LA EJECUCI\u00d3N DEL PROGRAMA MOCHILAS CON \u00daTILES 2013<\/a>\n\n<img decoding=\"async\" width=\"28px\" src=\"https:\/\/manzanilladelapaz.gob.mx\/v3\/wp-content\/uploads\/2024\/11\/file-and-folder3.png\"> <a href=\"https:\/\/transparencia.info.jalisco.gob.mx\/sites\/default\/files\/\/CONVENIO%20DE%20ASOCIACI%C3%93N%202008.pdf\" target=\"_blank\">Convenio de creaci\u00f3n SIMAR SURESTE<\/a>\n\n<img decoding=\"async\" width=\"28px\" src=\"https:\/\/manzanilladelapaz.gob.mx\/v3\/wp-content\/uploads\/2024\/11\/file-and-folder3.png\"> <a href=\"https:\/\/transparencia.info.jalisco.gob.mx\/sites\/default\/files\/\/ACUERDO%20MODIFICATORIO%202009.pdf\" target=\"_blank\">Acuerdo Modificatorio 2009 convenio SIMAR SURESTE<\/a>\n\n<img decoding=\"async\" width=\"28px\" src=\"https:\/\/manzanilladelapaz.gob.mx\/v3\/wp-content\/uploads\/2024\/11\/file-and-folder3.png\"> <a href=\"https:\/\/transparencia.info.jalisco.gob.mx\/sites\/default\/files\/\/convenio_itei-manzanilla_de_la_paz0001.pdf\" target=\"_blank\">Convenio de colaboraci\u00f3n entre el ITEI Jalisco y el Mpio de la Manzanilla de la PAZ<\/a>\n<\/ul>\n<p><br><\/p>\n\n<\/pre>\n","protected":false},"excerpt":{"rendered":"<p>f) Los convenios, contratos y dem\u00e1s instrumentos jur\u00eddicos suscritos por el sujeto obligado, de cuando menos los \u00faltimos tres a\u00f1os; conser rec nat 2020 talleres cultura 2020 IDEFT 2019 prevencion &#8230;<\/p>\n","protected":false},"author":1,"featured_media":0,"parent":0,"menu_order":0,"comment_status":"closed","ping_status":"closed","template":"","meta":{"footnotes":""},"class_list":["post-814","page","type-page","status-publish","hentry"],"_links":{"self":[{"href":"https:\/\/manzanilladelapaz.gob.mx\/v3\/index.php\/wp-json\/wp\/v2\/pages\/814","targetHints":{"allow":["GET"]}}],"collection":[{"href":"https:\/\/manzanilladelapaz.gob.mx\/v3\/index.php\/wp-json\/wp\/v2\/pages"}],"about":[{"href":"https:\/\/manzanilladelapaz.gob.mx\/v3\/index.php\/wp-json\/wp\/v2\/types\/page"}],"author":[{"embeddable":true,"href":"https:\/\/manzanilladelapaz.gob.mx\/v3\/index.php\/wp-json\/wp\/v2\/users\/1"}],"replies":[{"embeddable":true,"href":"https:\/\/manzanilladelapaz.gob.mx\/v3\/index.php\/wp-json\/wp\/v2\/comments?post=814"}],"version-history":[{"count":1,"href":"https:\/\/manzanilladelapaz.gob.mx\/v3\/index.php\/wp-json\/wp\/v2\/pages\/814\/revisions"}],"predecessor-version":[{"id":815,"href":"https:\/\/manzanilladelapaz.gob.mx\/v3\/index.php\/wp-json\/wp\/v2\/pages\/814\/revisions\/815"}],"wp:attachment":[{"href":"https:\/\/manzanilladelapaz.gob.mx\/v3\/index.php\/wp-json\/wp\/v2\/media?parent=814"}],"curies":[{"name":"wp","href":"https:\/\/api.w.org\/{rel}","templated":true}]}}