{"id":817,"date":"2025-01-05T17:43:50","date_gmt":"2025-01-05T16:43:50","guid":{"rendered":"https:\/\/manzanilladelapaz.gob.mx\/v3\/?page_id=817"},"modified":"2025-01-05T17:43:50","modified_gmt":"2025-01-05T16:43:50","slug":"articulo-8-fraccion-vi-g","status":"publish","type":"page","link":"https:\/\/manzanilladelapaz.gob.mx\/v3\/index.php\/articulo-8-fraccion-vi-g\/","title":{"rendered":"Art\u00edculo 8 \/ Fracci\u00f3n VI \/ g)"},"content":{"rendered":"\n<pre class=\"wp-block-preformatted interlineado-personalizado\" style=\"text-transform:uppercase\"><strong>g)    Las concesiones, licencias, permisos, autorizaciones y dem\u00e1s actos administrativos otorgados por el sujeto obligado, de cuando menos los \u00faltimos tres a\u00f1os, en el que se incluyan los requisitos para acceder a ellos y, en su caso, los formatos correspondientes;<\/strong><br><br><ul><br><img decoding=\"async\" width=\"28px\" src=\"https:\/\/manzanilladelapaz.gob.mx\/v3\/wp-content\/uploads\/2024\/11\/file-and-folder3.png\"> <a href=\"https:\/\/manzanilladelapaz.gob.mx\/Transparencia\/Articulo8\/Fraccion_VI\/g\/PADRON_DE_LICENCIAS_2022.pdf\" target=\"_blank\">PADRON DE LICENCIAS 2022<\/a><br><br><img decoding=\"async\" width=\"28px\" src=\"https:\/\/manzanilladelapaz.gob.mx\/v3\/wp-content\/uploads\/2024\/11\/file-and-folder3.png\"> <a href=\"https:\/\/transparencia.info.jalisco.gob.mx\/sites\/default\/files\/\/LICENCIAS%20A%C3%91O%202021_0.pdf\" target=\"_blank\">LICENCIAS A\u00d1O 2021<\/a><br><br><img decoding=\"async\" width=\"28px\" src=\"https:\/\/manzanilladelapaz.gob.mx\/v3\/wp-content\/uploads\/2024\/11\/file-and-folder3.png\"> <a href=\"https:\/\/transparencia.info.jalisco.gob.mx\/sites\/default\/files\/\/LICENCIAS%20A%C3%91O%202020_0.pdf\" target=\"_blank\">LICENCIAS A\u00d1O 2020<\/a><br><br><img decoding=\"async\" width=\"28px\" src=\"https:\/\/manzanilladelapaz.gob.mx\/v3\/wp-content\/uploads\/2024\/11\/file-and-folder3.png\"> <a href=\"https:\/\/transparencia.info.jalisco.gob.mx\/sites\/default\/files\/\/licencias%202020_0.pdf\" target=\"_blank\">Licencias 2020<\/a><br><br><img decoding=\"async\" width=\"28px\" src=\"https:\/\/manzanilladelapaz.gob.mx\/v3\/wp-content\/uploads\/2024\/11\/file-and-folder3.png\"> <a href=\"https:\/\/transparencia.info.jalisco.gob.mx\/sites\/default\/files\/\/licencias%202019_0.pdf\" target=\"_blank\">Licencias 2019<\/a><br><br><img decoding=\"async\" width=\"28px\" src=\"https:\/\/manzanilladelapaz.gob.mx\/v3\/wp-content\/uploads\/2024\/11\/file-and-folder3.png\"> <a href=\"https:\/\/transparencia.info.jalisco.gob.mx\/sites\/default\/files\/\/licencias%202018_0.pdf\" target=\"_blank\">Licencias 2018<\/a><br><br><img decoding=\"async\" width=\"28px\" src=\"https:\/\/manzanilladelapaz.gob.mx\/v3\/wp-content\/uploads\/2024\/11\/file-and-folder3.png\"> <a href=\"https:\/\/transparencia.info.jalisco.gob.mx\/sites\/default\/files\/\/subdivison%202020.pdf\" target=\"_blank\">Subdivison 2020<\/a><br><br><img decoding=\"async\" width=\"28px\" src=\"https:\/\/manzanilladelapaz.gob.mx\/v3\/wp-content\/uploads\/2024\/11\/file-and-folder3.png\"> <a href=\"https:\/\/transparencia.info.jalisco.gob.mx\/sites\/default\/files\/\/subdivison%202019.pdf\" target=\"_blank\">Subdivison 2019<\/a><br><br><img decoding=\"async\" width=\"28px\" src=\"https:\/\/manzanilladelapaz.gob.mx\/v3\/wp-content\/uploads\/2024\/11\/file-and-folder3.png\"> <a href=\"https:\/\/transparencia.info.jalisco.gob.mx\/sites\/default\/files\/\/subdivison%202018.pdf\" target=\"_blank\">Subdivison 2018<\/a><br><br><img decoding=\"async\" width=\"28px\" src=\"https:\/\/manzanilladelapaz.gob.mx\/v3\/wp-content\/uploads\/2024\/11\/file-and-folder3.png\"> <a href=\"https:\/\/transparencia.info.jalisco.gob.mx\/sites\/default\/files\/\/Subdiviciones%202018.PDF\" target=\"_blank\">Subdiviciones 2018<\/a><br><br><img decoding=\"async\" width=\"28px\" src=\"https:\/\/manzanilladelapaz.gob.mx\/v3\/wp-content\/uploads\/2024\/11\/file-and-folder3.png\"> <a href=\"https:\/\/transparencia.info.jalisco.gob.mx\/sites\/default\/files\/\/Numeros%20oficiales%20septiembre-diciembre%202018.PDF\" target=\"_blank\">N\u00fameros oficiales septiembre-diciembre 2018<\/a><br><br><img decoding=\"async\" width=\"28px\" src=\"https:\/\/manzanilladelapaz.gob.mx\/v3\/wp-content\/uploads\/2024\/11\/file-and-folder3.png\"> <a href=\"https:\/\/transparencia.info.jalisco.gob.mx\/sites\/default\/files\/\/Numeros%20Oficiales%20julio-agosto%202018.PDF\" target=\"_blank\">N\u00fameros Oficiales julio-agosto 2018<\/a><br><br><img decoding=\"async\" width=\"28px\" src=\"https:\/\/manzanilladelapaz.gob.mx\/v3\/wp-content\/uploads\/2024\/11\/file-and-folder3.png\"> <a href=\"https:\/\/transparencia.info.jalisco.gob.mx\/sites\/default\/files\/\/Numeros%20Oficiales%20abril-junio%202018.PDF\" target=\"_blank\">N\u00fameros Oficiales abril-junio 2018<\/a><br><br><img decoding=\"async\" width=\"28px\" src=\"https:\/\/manzanilladelapaz.gob.mx\/v3\/wp-content\/uploads\/2024\/11\/file-and-folder3.png\"> <a href=\"https:\/\/transparencia.info.jalisco.gob.mx\/sites\/default\/files\/\/Numeros%20Oficiales%20%20enero-marzo%202018.PDF\" target=\"_blank\">N\u00fameros Oficiales enero-marzo 2018<\/a><br><br><img decoding=\"async\" width=\"28px\" src=\"https:\/\/manzanilladelapaz.gob.mx\/v3\/wp-content\/uploads\/2024\/11\/file-and-folder3.png\"> <a href=\"https:\/\/transparencia.info.jalisco.gob.mx\/sites\/default\/files\/\/PADRONES%20DE%20LICENCIA%202015-2018_0.xlsx\" target=\"_blank\">PADRONES DE LICENCIA 2015-2018<\/a><br><br><img decoding=\"async\" width=\"28px\" src=\"https:\/\/manzanilladelapaz.gob.mx\/v3\/wp-content\/uploads\/2024\/11\/file-and-folder3.png\"> <a href=\"https:\/\/transparencia.info.jalisco.gob.mx\/sites\/default\/files\/\/FORMATO%20DE%20LICENCIAS%20DE%20CONSTRUCCION_0.xlsx\" target=\"_blank\">FORMATO DE LICENCIAS DE CONSTRUCCION<\/a><br><br><img decoding=\"async\" width=\"28px\" src=\"https:\/\/manzanilladelapaz.gob.mx\/v3\/wp-content\/uploads\/2024\/11\/file-and-folder3.png\"> <a href=\"https:\/\/transparencia.info.jalisco.gob.mx\/sites\/default\/files\/\/PADRON%20DE%20LICENCIAS2016_0.pdf\" target=\"_blank\">Padr\u00f3n de Licencias Comerciales 2016<\/a><br><\/ul><br><p><br><\/p><br><br><\/pre>\n","protected":false},"excerpt":{"rendered":"<p>g) Las concesiones, licencias, permisos, autorizaciones y dem\u00e1s actos administrativos otorgados por el sujeto obligado, de cuando menos los \u00faltimos tres a\u00f1os, en el que se incluyan los requisitos para &#8230;<\/p>\n","protected":false},"author":1,"featured_media":0,"parent":0,"menu_order":0,"comment_status":"closed","ping_status":"closed","template":"","meta":{"footnotes":""},"class_list":["post-817","page","type-page","status-publish","hentry"],"_links":{"self":[{"href":"https:\/\/manzanilladelapaz.gob.mx\/v3\/index.php\/wp-json\/wp\/v2\/pages\/817","targetHints":{"allow":["GET"]}}],"collection":[{"href":"https:\/\/manzanilladelapaz.gob.mx\/v3\/index.php\/wp-json\/wp\/v2\/pages"}],"about":[{"href":"https:\/\/manzanilladelapaz.gob.mx\/v3\/index.php\/wp-json\/wp\/v2\/types\/page"}],"author":[{"embeddable":true,"href":"https:\/\/manzanilladelapaz.gob.mx\/v3\/index.php\/wp-json\/wp\/v2\/users\/1"}],"replies":[{"embeddable":true,"href":"https:\/\/manzanilladelapaz.gob.mx\/v3\/index.php\/wp-json\/wp\/v2\/comments?post=817"}],"version-history":[{"count":1,"href":"https:\/\/manzanilladelapaz.gob.mx\/v3\/index.php\/wp-json\/wp\/v2\/pages\/817\/revisions"}],"predecessor-version":[{"id":818,"href":"https:\/\/manzanilladelapaz.gob.mx\/v3\/index.php\/wp-json\/wp\/v2\/pages\/817\/revisions\/818"}],"wp:attachment":[{"href":"https:\/\/manzanilladelapaz.gob.mx\/v3\/index.php\/wp-json\/wp\/v2\/media?parent=817"}],"curies":[{"name":"wp","href":"https:\/\/api.w.org\/{rel}","templated":true}]}}