{"id":831,"date":"2025-01-05T18:27:35","date_gmt":"2025-01-05T17:27:35","guid":{"rendered":"https:\/\/manzanilladelapaz.gob.mx\/v3\/?page_id=831"},"modified":"2025-01-05T18:27:36","modified_gmt":"2025-01-05T17:27:36","slug":"articulo-8-fraccion-vi-m","status":"publish","type":"page","link":"https:\/\/manzanilladelapaz.gob.mx\/v3\/index.php\/articulo-8-fraccion-vi-m\/","title":{"rendered":"Art\u00edculo 8 \/ Fracci\u00f3n VI \/ m)"},"content":{"rendered":"\n<pre class=\"wp-block-preformatted interlineado-personalizado\" style=\"text-transform:uppercase\"><strong>m)    Las recomendaciones emitidas por los \u00f3rganos p\u00fablicos del Estado mexicano u organismos internacionales garantes de los derechos humanos, as\u00ed como las acciones que han llevado a cabo para su atenci\u00f3n;<\/strong>\n\n<!--<p><span style=\"font-weight: bold; font-size: 16px;\">2022<\/span><\/p>-->\n<ul>\n<img decoding=\"async\" width=\"28px\" src=\"https:\/\/manzanilladelapaz.gob.mx\/v3\/wp-content\/uploads\/2024\/11\/file-and-folder3.png\"> <a href=\"https:\/\/transparencia.info.jalisco.gob.mx\/sites\/default\/files\/\/RECOMENDACIONES%202021.pdf\" target=\"_blank\">RECOMENDACIONES 2021<\/a>\n\n<img decoding=\"async\" width=\"28px\" src=\"https:\/\/manzanilladelapaz.gob.mx\/v3\/wp-content\/uploads\/2024\/11\/file-and-folder3.png\"> <a href=\"https:\/\/transparencia.info.jalisco.gob.mx\/sites\/default\/files\/\/RECOMENDACIONES%202020.pdf\" target=\"_blank\">RECOMENDACIONES 2020<\/a>\n\n<img decoding=\"async\" width=\"28px\" src=\"https:\/\/manzanilladelapaz.gob.mx\/v3\/wp-content\/uploads\/2024\/11\/file-and-folder3.png\"> <a href=\"https:\/\/transparencia.info.jalisco.gob.mx\/sites\/default\/files\/\/RECOMENDACIONES%202019.pdf\" target=\"_blank\">RECOMENDACIONES 2019<\/a>\n\n<img decoding=\"async\" width=\"28px\" src=\"https:\/\/manzanilladelapaz.gob.mx\/v3\/wp-content\/uploads\/2024\/11\/file-and-folder3.png\"> <a href=\"https:\/\/transparencia.info.jalisco.gob.mx\/sites\/default\/files\/\/Rec.%2015-16%2C%20Of.%20352-16%20Presidente%20de%20La%20Manzanilla..pdf\" target=\"_blank\">Recomendaci\u00f3n CEDHJ 15\/2016 presidentes municipales de Jalisco<\/a>\n<\/ul>\n<p><br><\/p>\n\n<\/pre>\n","protected":false},"excerpt":{"rendered":"<p>m) Las recomendaciones emitidas por los \u00f3rganos p\u00fablicos del Estado mexicano u organismos internacionales garantes de los derechos humanos, as\u00ed como las acciones que han llevado a cabo para su &#8230;<\/p>\n","protected":false},"author":1,"featured_media":0,"parent":0,"menu_order":0,"comment_status":"closed","ping_status":"closed","template":"","meta":{"footnotes":""},"class_list":["post-831","page","type-page","status-publish","hentry"],"_links":{"self":[{"href":"https:\/\/manzanilladelapaz.gob.mx\/v3\/index.php\/wp-json\/wp\/v2\/pages\/831","targetHints":{"allow":["GET"]}}],"collection":[{"href":"https:\/\/manzanilladelapaz.gob.mx\/v3\/index.php\/wp-json\/wp\/v2\/pages"}],"about":[{"href":"https:\/\/manzanilladelapaz.gob.mx\/v3\/index.php\/wp-json\/wp\/v2\/types\/page"}],"author":[{"embeddable":true,"href":"https:\/\/manzanilladelapaz.gob.mx\/v3\/index.php\/wp-json\/wp\/v2\/users\/1"}],"replies":[{"embeddable":true,"href":"https:\/\/manzanilladelapaz.gob.mx\/v3\/index.php\/wp-json\/wp\/v2\/comments?post=831"}],"version-history":[{"count":1,"href":"https:\/\/manzanilladelapaz.gob.mx\/v3\/index.php\/wp-json\/wp\/v2\/pages\/831\/revisions"}],"predecessor-version":[{"id":832,"href":"https:\/\/manzanilladelapaz.gob.mx\/v3\/index.php\/wp-json\/wp\/v2\/pages\/831\/revisions\/832"}],"wp:attachment":[{"href":"https:\/\/manzanilladelapaz.gob.mx\/v3\/index.php\/wp-json\/wp\/v2\/media?parent=831"}],"curies":[{"name":"wp","href":"https:\/\/api.w.org\/{rel}","templated":true}]}}